{"id":85371,"date":"2025-02-11T13:52:31","date_gmt":"2025-02-11T12:52:31","guid":{"rendered":"https:\/\/gojuteinternational.com\/canvas-a-classic-choice\/"},"modified":"2025-06-24T09:15:30","modified_gmt":"2025-06-24T08:15:30","slug":"sacs-cabas-en-toile","status":"publish","type":"page","link":"https:\/\/gojuteinternational.com\/fr\/sacs-cabas-en-toile\/","title":{"rendered":"La toile : Un choix classique"},"content":{"rendered":"\t\t<div data-elementor-type=\"wp-page\" data-elementor-id=\"85371\" class=\"elementor elementor-85371 elementor-85363\" data-elementor-post-type=\"page\">\n\t\t\t\t\t\t\t\t\t<section class=\"elementor-section elementor-top-section elementor-element elementor-element-48b569c elementor-section-boxed elementor-section-height-default elementor-section-height-default\" data-id=\"48b569c\" data-element_type=\"section\">\n\t\t\t\t\t\t<div class=\"elementor-container elementor-column-gap-default\">\n\t\t\t\t\t<div class=\"elementor-column elementor-col-100 elementor-top-column elementor-element elementor-element-868652d\" data-id=\"868652d\" data-element_type=\"column\">\n\t\t\t<div class=\"elementor-widget-wrap elementor-element-populated\">\n\t\t\t\t\t\t\t\t<div class=\"elementor-element elementor-element-350c71f elementor-widget elementor-widget-spacer\" data-id=\"350c71f\" data-element_type=\"widget\" data-widget_type=\"spacer.default\">\n\t\t\t\t<div class=\"elementor-widget-container\">\n\t\t\t<style>\/*! elementor - v3.18.0 - 20-12-2023 *\/\n.elementor-column .elementor-spacer-inner{height:var(--spacer-size)}.e-con{--container-widget-width:100%}.e-con-inner>.elementor-widget-spacer,.e-con>.elementor-widget-spacer{width:var(--container-widget-width,var(--spacer-size));--align-self:var(--container-widget-align-self,initial);--flex-shrink:0}.e-con-inner>.elementor-widget-spacer>.elementor-widget-container,.e-con>.elementor-widget-spacer>.elementor-widget-container{height:100%;width:100%}.e-con-inner>.elementor-widget-spacer>.elementor-widget-container>.elementor-spacer,.e-con>.elementor-widget-spacer>.elementor-widget-container>.elementor-spacer{height:100%}.e-con-inner>.elementor-widget-spacer>.elementor-widget-container>.elementor-spacer>.elementor-spacer-inner,.e-con>.elementor-widget-spacer>.elementor-widget-container>.elementor-spacer>.elementor-spacer-inner{height:var(--container-widget-height,var(--spacer-size))}.e-con-inner>.elementor-widget-spacer.elementor-widget-empty,.e-con>.elementor-widget-spacer.elementor-widget-empty{position:relative;min-height:22px;min-width:22px}.e-con-inner>.elementor-widget-spacer.elementor-widget-empty .elementor-widget-empty-icon,.e-con>.elementor-widget-spacer.elementor-widget-empty .elementor-widget-empty-icon{position:absolute;top:0;bottom:0;left:0;right:0;margin:auto;padding:0;width:22px;height:22px}<\/style>\t\t<div class=\"elementor-spacer\">\n\t\t\t<div class=\"elementor-spacer-inner\"><\/div>\n\t\t<\/div>\n\t\t\t\t<\/div>\n\t\t\t\t<\/div>\n\t\t\t\t\t<\/div>\n\t\t<\/div>\n\t\t\t\t\t\t\t<\/div>\n\t\t<\/section>\n\t\t\t\t<section class=\"elementor-section elementor-top-section elementor-element elementor-element-1c09624 elementor-section-boxed elementor-section-height-default elementor-section-height-default\" data-id=\"1c09624\" data-element_type=\"section\">\n\t\t\t\t\t\t<div class=\"elementor-container elementor-column-gap-default\">\n\t\t\t\t\t<div class=\"elementor-column elementor-col-100 elementor-top-column elementor-element elementor-element-4b5e519\" data-id=\"4b5e519\" data-element_type=\"column\">\n\t\t\t<div class=\"elementor-widget-wrap elementor-element-populated\">\n\t\t\t\t\t\t\t\t<div class=\"elementor-element elementor-element-f96629a elementor-widget elementor-widget-heading\" data-id=\"f96629a\" data-element_type=\"widget\" data-widget_type=\"heading.default\">\n\t\t\t\t<div class=\"elementor-widget-container\">\n\t\t\t<style>\/*! elementor - v3.18.0 - 20-12-2023 *\/\n.elementor-heading-title{padding:0;margin:0;line-height:1}.elementor-widget-heading .elementor-heading-title[class*=elementor-size-]>a{color:inherit;font-size:inherit;line-height:inherit}.elementor-widget-heading .elementor-heading-title.elementor-size-small{font-size:15px}.elementor-widget-heading .elementor-heading-title.elementor-size-medium{font-size:19px}.elementor-widget-heading .elementor-heading-title.elementor-size-large{font-size:29px}.elementor-widget-heading .elementor-heading-title.elementor-size-xl{font-size:39px}.elementor-widget-heading .elementor-heading-title.elementor-size-xxl{font-size:59px}<\/style><h1 class=\"elementor-heading-title elementor-size-default\">Sacs cabas en toile : \u00e0 la fois robustes, \u00e9l\u00e9gants et \u00e9coresponsables\n\n<\/h1>\t\t<\/div>\n\t\t\t\t<\/div>\n\t\t\t\t\t<\/div>\n\t\t<\/div>\n\t\t\t\t\t\t\t<\/div>\n\t\t<\/section>\n\t\t\t\t<section class=\"elementor-section elementor-top-section elementor-element elementor-element-265d8d7 elementor-section-boxed elementor-section-height-default elementor-section-height-default\" data-id=\"265d8d7\" data-element_type=\"section\">\n\t\t\t\t\t\t<div class=\"elementor-container elementor-column-gap-default\">\n\t\t\t\t\t<div class=\"elementor-column elementor-col-100 elementor-top-column elementor-element elementor-element-dd08573\" data-id=\"dd08573\" data-element_type=\"column\">\n\t\t\t<div class=\"elementor-widget-wrap elementor-element-populated\">\n\t\t\t\t\t\t\t\t<div class=\"elementor-element elementor-element-5b468da elementor-widget elementor-widget-text-editor\" data-id=\"5b468da\" data-element_type=\"widget\" data-widget_type=\"text-editor.default\">\n\t\t\t\t<div class=\"elementor-widget-container\">\n\t\t\t<style>\/*! elementor - v3.18.0 - 20-12-2023 *\/\n.elementor-widget-text-editor.elementor-drop-cap-view-stacked .elementor-drop-cap{background-color:#69727d;color:#fff}.elementor-widget-text-editor.elementor-drop-cap-view-framed .elementor-drop-cap{color:#69727d;border:3px solid;background-color:transparent}.elementor-widget-text-editor:not(.elementor-drop-cap-view-default) .elementor-drop-cap{margin-top:8px}.elementor-widget-text-editor:not(.elementor-drop-cap-view-default) .elementor-drop-cap-letter{width:1em;height:1em}.elementor-widget-text-editor .elementor-drop-cap{float:left;text-align:center;line-height:1;font-size:50px}.elementor-widget-text-editor .elementor-drop-cap-letter{display:inline-block}<\/style>\t\t\t\t<p>En mati\u00e8re de sacs cabas, peu de mat\u00e9riaux offrent une long\u00e9vit\u00e9 aussi remarquable que la toile. Appr\u00e9ci\u00e9e pour sa durabilit\u00e9 et son \u00e9l\u00e9gance intemporelle, la toile s\u2019est impos\u00e9e aussi bien dans l\u2019\u00e9quipement militaire que dans les collections de haute couture. Dans cet article, d\u00e9couvrez pourquoi les sacs cabas en toile continuent de s\u00e9duire aussi bien les consommateurs que les d\u00e9taillants. <\/p>\n<h2> <\/h2>\n<h2>Qu&rsquo;est-ce qui fait la sp\u00e9cificit\u00e9 du cabas en toile ?<\/h2>\n<p>La toile est g\u00e9n\u00e9ralement con\u00e7ue \u00e0 partir de coton tiss\u00e9 de mani\u00e8re serr\u00e9e &#8211; parfois associ\u00e9 \u00e0 du lin &#8211; ce qui lui conf\u00e8re une texture dense et robuste. Ce type de tissage offre une r\u00e9sistance bien sup\u00e9rieure \u00e0 celle des cotons plus l\u00e9gers, permettant aux sacs en toile de supporter des charges importantes sans risque de d\u00e9chirure. <\/p>\n<\/p>\n<h3>Avantages principaux<\/h3>\n<ul>\n<li>Robuste : id\u00e9al pour transporter des courses, des manuels scolaires ou plusieurs objets \u00e0 la fois.<\/li>\n<li>Longue dur\u00e9e de vie : Une r\u00e9sistance \u00e9lev\u00e9e \u00e0 la d\u00e9chirure se traduit par un sac qui peut r\u00e9sister \u00e0 l&rsquo;usure quotidienne.<\/li>\n<li>Style polyvalent : La toile peut \u00eatre teint\u00e9e, imprim\u00e9e ou embellie facilement.<\/li>\n<\/ul>\n<\/p>\n<h2>Options de conception et personnalisation<\/h2>\n<ul>\n<li>Sobre et naturelle : misez sur la texture brute et la teinte organique de la toile pour un style minimaliste et authentique.<\/li>\n<li>Impressions color\u00e9es : s\u00e9rigraphies et transferts apportent des motifs audacieux qui contrastent avec sobri\u00e9t\u00e9 sur la toile naturelle.<\/li>\n<li>Broderies et \u00e9cussons : id\u00e9als pour un marquage distinctif ou une touche de personnalisation.<\/li>\n<\/ul>\n<\/p>\n<h2>Facteurs \u00e9cologiques<\/h2>\n<ul>\n<li>R\u00e9utilisable : un sac en toile robuste peut remplacer des centaines de sacs plastiques \u00e0 usage unique, tout en r\u00e9duisant votre impact environnemental.<\/li>\n<li>Biod\u00e9gradable (si 100% coton) : Avec le temps, la toile en pur coton se d\u00e9compose dans l&rsquo;environnement, mais cela peut prendre un certain temps.<\/li>\n<li>Potentiel pour les sources biologiques : Les toiles fabriqu\u00e9es \u00e0 partir de coton biologique sont encore plus respectueuses de la plan\u00e8te.<\/li>\n<\/ul>\n<\/p>\n<h2>Entretien de votre cabas en toile<\/h2>\n<ul>\n<li>Lavage : Lavage en machine avec des couleurs similaires \u00e0 l&rsquo;eau froide ou ti\u00e8de.<\/li>\n<li>S\u00e9chage : privil\u00e9giez le s\u00e9chage \u00e0 l&rsquo;air libre pour pr\u00e9server la forme du sac ; en cas de besoin, utilisez un s\u00e8che-linge \u00e0 basse temp\u00e9rature.<\/li>\n<li>Traitement des taches : appliquez un d\u00e9tergent doux directement sur la tache, laissez agir quelques minutes, puis proc\u00e9dez au lavage.<\/li>\n<\/ul>\n<\/p>\n<h2>Conclusion<\/h2>\n<p>Un sac cabas en toile est bien plus qu\u2019un simple accessoire : c\u2019est un choix durable, fiable et \u00e9coresponsable, con\u00e7u pour vous accompagner pendant des ann\u00e9es. Que vous le personnalisiez \u00e0 l\u2019image de votre marque ou que vous l\u2019utilisiez au quotidien, la toile offre un \u00e9quilibre rare entre esth\u00e9tisme, fonctionnalit\u00e9 et long\u00e9vit\u00e9. <\/p><\/p>\n\t\t\t\t\t\t<\/div>\n\t\t\t\t<\/div>\n\t\t\t\t\t<\/div>\n\t\t<\/div>\n\t\t\t\t\t\t\t<\/div>\n\t\t<\/section>\n\t\t\t\t\t\t\t<\/div>\n\t\t","protected":false},"excerpt":{"rendered":"<p>Sacs cabas en toile : \u00e0 la fois robustes, \u00e9l\u00e9gants et \u00e9coresponsables En mati\u00e8re de sacs cabas, peu de mat\u00e9riaux offrent une long\u00e9vit\u00e9 aussi remarquable que la toile. Appr\u00e9ci\u00e9e pour sa durabilit\u00e9 et son \u00e9l\u00e9gance intemporelle, la toile s\u2019est impos\u00e9e aussi bien dans l\u2019\u00e9quipement militaire que dans les collections de haute couture. Dans cet article, [&hellip;]<\/p>\n","protected":false},"author":6996,"featured_media":0,"parent":0,"menu_order":0,"comment_status":"closed","ping_status":"closed","template":"elementor_header_footer","meta":{"content-type":"","_monsterinsights_skip_tracking":false,"_monsterinsights_sitenote_active":false,"_monsterinsights_sitenote_note":"","_monsterinsights_sitenote_category":0,"footnotes":""},"class_list":["post-85371","page","type-page","status-publish","hentry"],"yoast_head":"<!-- This site is optimized with the Yoast SEO plugin v21.7 - https:\/\/yoast.com\/wordpress\/plugins\/seo\/ -->\n<title>Sacs cabas en toile : \u00e0 la fois robustes, \u00e9l\u00e9gants et \u00e9coresponsables<\/title>\n<meta name=\"description\" content=\"Explorez le charme intemporel des sacs cabas en toile : conseils de design, astuces d\u2019entretien, et leur r\u00f4le dans la r\u00e9duction des plastiques \u00e0 usage unique.\" \/>\n<meta name=\"robots\" content=\"index, follow, max-snippet:-1, max-image-preview:large, max-video-preview:-1\" \/>\n<link rel=\"canonical\" href=\"https:\/\/gojuteinternational.com\/fr\/sacs-cabas-en-toile\/\" \/>\n<meta property=\"og:locale\" content=\"fr_FR\" \/>\n<meta property=\"og:type\" content=\"article\" \/>\n<meta property=\"og:title\" content=\"Sacs cabas en toile : \u00e0 la fois robustes, \u00e9l\u00e9gants et \u00e9coresponsables\" \/>\n<meta property=\"og:description\" content=\"Explorez le charme intemporel des sacs cabas en toile : conseils de design, astuces d\u2019entretien, et leur r\u00f4le dans la r\u00e9duction des plastiques \u00e0 usage unique.\" \/>\n<meta property=\"og:url\" content=\"https:\/\/gojuteinternational.com\/fr\/sacs-cabas-en-toile\/\" \/>\n<meta property=\"og:site_name\" content=\"GoJute International\" \/>\n<meta property=\"article:publisher\" content=\"https:\/\/www.facebook.com\/gojute\" \/>\n<meta property=\"article:modified_time\" content=\"2025-06-24T08:15:30+00:00\" \/>\n<meta name=\"twitter:card\" content=\"summary_large_image\" \/>\n<meta name=\"twitter:label1\" content=\"Dur\u00e9e de lecture estim\u00e9e\" \/>\n\t<meta name=\"twitter:data1\" content=\"2 minutes\" \/>\n<script type=\"application\/ld+json\" class=\"yoast-schema-graph\">{\"@context\":\"https:\/\/schema.org\",\"@graph\":[{\"@type\":\"WebPage\",\"@id\":\"https:\/\/gojuteinternational.com\/fr\/sacs-cabas-en-toile\/\",\"url\":\"https:\/\/gojuteinternational.com\/fr\/sacs-cabas-en-toile\/\",\"name\":\"Sacs cabas en toile : \u00e0 la fois robustes, \u00e9l\u00e9gants et \u00e9coresponsables\",\"isPartOf\":{\"@id\":\"https:\/\/gojuteinternational.com\/fr\/#website\"},\"datePublished\":\"2025-02-11T12:52:31+00:00\",\"dateModified\":\"2025-06-24T08:15:30+00:00\",\"description\":\"Explorez le charme intemporel des sacs cabas en toile : conseils de design, astuces d\u2019entretien, et leur r\u00f4le dans la r\u00e9duction des plastiques \u00e0 usage unique.\",\"breadcrumb\":{\"@id\":\"https:\/\/gojuteinternational.com\/fr\/sacs-cabas-en-toile\/#breadcrumb\"},\"inLanguage\":\"fr-FR\",\"potentialAction\":[{\"@type\":\"ReadAction\",\"target\":[\"https:\/\/gojuteinternational.com\/fr\/sacs-cabas-en-toile\/\"]}]},{\"@type\":\"BreadcrumbList\",\"@id\":\"https:\/\/gojuteinternational.com\/fr\/sacs-cabas-en-toile\/#breadcrumb\",\"itemListElement\":[{\"@type\":\"ListItem\",\"position\":1,\"name\":\"Home\",\"item\":\"https:\/\/gojuteinternational.com\/fr\/\"},{\"@type\":\"ListItem\",\"position\":2,\"name\":\"La toile : Un choix classique\"}]},{\"@type\":\"WebSite\",\"@id\":\"https:\/\/gojuteinternational.com\/fr\/#website\",\"url\":\"https:\/\/gojuteinternational.com\/fr\/\",\"name\":\"GoJute International\",\"description\":\"Printed bags for business\",\"publisher\":{\"@id\":\"https:\/\/gojuteinternational.com\/fr\/#organization\"},\"alternateName\":\"GoJute\",\"potentialAction\":[{\"@type\":\"SearchAction\",\"target\":{\"@type\":\"EntryPoint\",\"urlTemplate\":\"https:\/\/gojuteinternational.com\/fr\/?s={search_term_string}\"},\"query-input\":\"required name=search_term_string\"}],\"inLanguage\":\"fr-FR\"},{\"@type\":\"Organization\",\"@id\":\"https:\/\/gojuteinternational.com\/fr\/#organization\",\"name\":\"GoJute International\",\"alternateName\":\"GoJute\",\"url\":\"https:\/\/gojuteinternational.com\/fr\/\",\"logo\":{\"@type\":\"ImageObject\",\"inLanguage\":\"fr-FR\",\"@id\":\"https:\/\/gojuteinternational.com\/fr\/#\/schema\/logo\/image\/\",\"url\":\"https:\/\/gojuteinternational.com\/wp-content\/uploads\/2022\/06\/GoJute-Logo-RGB.png\",\"contentUrl\":\"https:\/\/gojuteinternational.com\/wp-content\/uploads\/2022\/06\/GoJute-Logo-RGB.png\",\"width\":2000,\"height\":1809,\"caption\":\"GoJute International\"},\"image\":{\"@id\":\"https:\/\/gojuteinternational.com\/fr\/#\/schema\/logo\/image\/\"},\"sameAs\":[\"https:\/\/www.facebook.com\/gojute\",\"https:\/\/www.instagram.com\/gojute\/\"]}]}<\/script>\n<!-- \/ Yoast SEO plugin. -->","yoast_head_json":{"title":"Sacs cabas en toile : \u00e0 la fois robustes, \u00e9l\u00e9gants et \u00e9coresponsables","description":"Explorez le charme intemporel des sacs cabas en toile : conseils de design, astuces d\u2019entretien, et leur r\u00f4le dans la r\u00e9duction des plastiques \u00e0 usage unique.","robots":{"index":"index","follow":"follow","max-snippet":"max-snippet:-1","max-image-preview":"max-image-preview:large","max-video-preview":"max-video-preview:-1"},"canonical":"https:\/\/gojuteinternational.com\/fr\/sacs-cabas-en-toile\/","og_locale":"fr_FR","og_type":"article","og_title":"Sacs cabas en toile : \u00e0 la fois robustes, \u00e9l\u00e9gants et \u00e9coresponsables","og_description":"Explorez le charme intemporel des sacs cabas en toile : conseils de design, astuces d\u2019entretien, et leur r\u00f4le dans la r\u00e9duction des plastiques \u00e0 usage unique.","og_url":"https:\/\/gojuteinternational.com\/fr\/sacs-cabas-en-toile\/","og_site_name":"GoJute International","article_publisher":"https:\/\/www.facebook.com\/gojute","article_modified_time":"2025-06-24T08:15:30+00:00","twitter_card":"summary_large_image","twitter_misc":{"Dur\u00e9e de lecture estim\u00e9e":"2 minutes"},"schema":{"@context":"https:\/\/schema.org","@graph":[{"@type":"WebPage","@id":"https:\/\/gojuteinternational.com\/fr\/sacs-cabas-en-toile\/","url":"https:\/\/gojuteinternational.com\/fr\/sacs-cabas-en-toile\/","name":"Sacs cabas en toile : \u00e0 la fois robustes, \u00e9l\u00e9gants et \u00e9coresponsables","isPartOf":{"@id":"https:\/\/gojuteinternational.com\/fr\/#website"},"datePublished":"2025-02-11T12:52:31+00:00","dateModified":"2025-06-24T08:15:30+00:00","description":"Explorez le charme intemporel des sacs cabas en toile : conseils de design, astuces d\u2019entretien, et leur r\u00f4le dans la r\u00e9duction des plastiques \u00e0 usage unique.","breadcrumb":{"@id":"https:\/\/gojuteinternational.com\/fr\/sacs-cabas-en-toile\/#breadcrumb"},"inLanguage":"fr-FR","potentialAction":[{"@type":"ReadAction","target":["https:\/\/gojuteinternational.com\/fr\/sacs-cabas-en-toile\/"]}]},{"@type":"BreadcrumbList","@id":"https:\/\/gojuteinternational.com\/fr\/sacs-cabas-en-toile\/#breadcrumb","itemListElement":[{"@type":"ListItem","position":1,"name":"Home","item":"https:\/\/gojuteinternational.com\/fr\/"},{"@type":"ListItem","position":2,"name":"La toile : Un choix classique"}]},{"@type":"WebSite","@id":"https:\/\/gojuteinternational.com\/fr\/#website","url":"https:\/\/gojuteinternational.com\/fr\/","name":"GoJute International","description":"Printed bags for business","publisher":{"@id":"https:\/\/gojuteinternational.com\/fr\/#organization"},"alternateName":"GoJute","potentialAction":[{"@type":"SearchAction","target":{"@type":"EntryPoint","urlTemplate":"https:\/\/gojuteinternational.com\/fr\/?s={search_term_string}"},"query-input":"required name=search_term_string"}],"inLanguage":"fr-FR"},{"@type":"Organization","@id":"https:\/\/gojuteinternational.com\/fr\/#organization","name":"GoJute International","alternateName":"GoJute","url":"https:\/\/gojuteinternational.com\/fr\/","logo":{"@type":"ImageObject","inLanguage":"fr-FR","@id":"https:\/\/gojuteinternational.com\/fr\/#\/schema\/logo\/image\/","url":"https:\/\/gojuteinternational.com\/wp-content\/uploads\/2022\/06\/GoJute-Logo-RGB.png","contentUrl":"https:\/\/gojuteinternational.com\/wp-content\/uploads\/2022\/06\/GoJute-Logo-RGB.png","width":2000,"height":1809,"caption":"GoJute International"},"image":{"@id":"https:\/\/gojuteinternational.com\/fr\/#\/schema\/logo\/image\/"},"sameAs":["https:\/\/www.facebook.com\/gojute","https:\/\/www.instagram.com\/gojute\/"]}]}},"_links":{"self":[{"href":"https:\/\/gojuteinternational.com\/fr\/wp-json\/wp\/v2\/pages\/85371","targetHints":{"allow":["GET"]}}],"collection":[{"href":"https:\/\/gojuteinternational.com\/fr\/wp-json\/wp\/v2\/pages"}],"about":[{"href":"https:\/\/gojuteinternational.com\/fr\/wp-json\/wp\/v2\/types\/page"}],"author":[{"embeddable":true,"href":"https:\/\/gojuteinternational.com\/fr\/wp-json\/wp\/v2\/users\/6996"}],"replies":[{"embeddable":true,"href":"https:\/\/gojuteinternational.com\/fr\/wp-json\/wp\/v2\/comments?post=85371"}],"version-history":[{"count":6,"href":"https:\/\/gojuteinternational.com\/fr\/wp-json\/wp\/v2\/pages\/85371\/revisions"}],"predecessor-version":[{"id":89090,"href":"https:\/\/gojuteinternational.com\/fr\/wp-json\/wp\/v2\/pages\/85371\/revisions\/89090"}],"wp:attachment":[{"href":"https:\/\/gojuteinternational.com\/fr\/wp-json\/wp\/v2\/media?parent=85371"}],"curies":[{"name":"wp","href":"https:\/\/api.w.org\/{rel}","templated":true}]}}