{"id":85471,"date":"2025-02-13T08:25:13","date_gmt":"2025-02-13T07:25:13","guid":{"rendered":"https:\/\/gojuteinternational.com\/cotton-totes-101\/"},"modified":"2025-05-05T18:44:23","modified_gmt":"2025-05-05T17:44:23","slug":"sacs-en-coton-et-tote-bags","status":"publish","type":"page","link":"https:\/\/gojuteinternational.com\/fr\/sacs-en-coton-et-tote-bags\/","title":{"rendered":"Tote Bag en Coton : Guide du Sac en Coton R\u00e9utilisable"},"content":{"rendered":"\t\t<div data-elementor-type=\"wp-page\" data-elementor-id=\"85471\" class=\"elementor elementor-85471 elementor-85469\" data-elementor-post-type=\"page\">\n\t\t\t\t\t\t\t\t\t<section class=\"elementor-section elementor-top-section elementor-element elementor-element-9cef1c5 elementor-section-boxed elementor-section-height-default elementor-section-height-default\" data-id=\"9cef1c5\" data-element_type=\"section\">\n\t\t\t\t\t\t<div class=\"elementor-container elementor-column-gap-default\">\n\t\t\t\t\t<div class=\"elementor-column elementor-col-100 elementor-top-column elementor-element elementor-element-aa69da4\" data-id=\"aa69da4\" data-element_type=\"column\">\n\t\t\t<div class=\"elementor-widget-wrap elementor-element-populated\">\n\t\t\t\t\t\t\t\t<div class=\"elementor-element elementor-element-fe32493 elementor-widget elementor-widget-spacer\" data-id=\"fe32493\" data-element_type=\"widget\" data-widget_type=\"spacer.default\">\n\t\t\t\t<div class=\"elementor-widget-container\">\n\t\t\t<style>\/*! elementor - v3.18.0 - 20-12-2023 *\/\n.elementor-column .elementor-spacer-inner{height:var(--spacer-size)}.e-con{--container-widget-width:100%}.e-con-inner>.elementor-widget-spacer,.e-con>.elementor-widget-spacer{width:var(--container-widget-width,var(--spacer-size));--align-self:var(--container-widget-align-self,initial);--flex-shrink:0}.e-con-inner>.elementor-widget-spacer>.elementor-widget-container,.e-con>.elementor-widget-spacer>.elementor-widget-container{height:100%;width:100%}.e-con-inner>.elementor-widget-spacer>.elementor-widget-container>.elementor-spacer,.e-con>.elementor-widget-spacer>.elementor-widget-container>.elementor-spacer{height:100%}.e-con-inner>.elementor-widget-spacer>.elementor-widget-container>.elementor-spacer>.elementor-spacer-inner,.e-con>.elementor-widget-spacer>.elementor-widget-container>.elementor-spacer>.elementor-spacer-inner{height:var(--container-widget-height,var(--spacer-size))}.e-con-inner>.elementor-widget-spacer.elementor-widget-empty,.e-con>.elementor-widget-spacer.elementor-widget-empty{position:relative;min-height:22px;min-width:22px}.e-con-inner>.elementor-widget-spacer.elementor-widget-empty .elementor-widget-empty-icon,.e-con>.elementor-widget-spacer.elementor-widget-empty .elementor-widget-empty-icon{position:absolute;top:0;bottom:0;left:0;right:0;margin:auto;padding:0;width:22px;height:22px}<\/style>\t\t<div class=\"elementor-spacer\">\n\t\t\t<div class=\"elementor-spacer-inner\"><\/div>\n\t\t<\/div>\n\t\t\t\t<\/div>\n\t\t\t\t<\/div>\n\t\t\t\t\t<\/div>\n\t\t<\/div>\n\t\t\t\t\t\t\t<\/div>\n\t\t<\/section>\n\t\t\t\t<section class=\"elementor-section elementor-top-section elementor-element elementor-element-87e204a elementor-section-boxed elementor-section-height-default elementor-section-height-default\" data-id=\"87e204a\" data-element_type=\"section\">\n\t\t\t\t\t\t<div class=\"elementor-container elementor-column-gap-default\">\n\t\t\t\t\t<div class=\"elementor-column elementor-col-100 elementor-top-column elementor-element elementor-element-8119dcc\" data-id=\"8119dcc\" data-element_type=\"column\">\n\t\t\t<div class=\"elementor-widget-wrap elementor-element-populated\">\n\t\t\t\t\t\t\t\t<div class=\"elementor-element elementor-element-93599eb elementor-widget elementor-widget-heading\" data-id=\"93599eb\" data-element_type=\"widget\" data-widget_type=\"heading.default\">\n\t\t\t\t<div class=\"elementor-widget-container\">\n\t\t\t<style>\/*! elementor - v3.18.0 - 20-12-2023 *\/\n.elementor-heading-title{padding:0;margin:0;line-height:1}.elementor-widget-heading .elementor-heading-title[class*=elementor-size-]>a{color:inherit;font-size:inherit;line-height:inherit}.elementor-widget-heading .elementor-heading-title.elementor-size-small{font-size:15px}.elementor-widget-heading .elementor-heading-title.elementor-size-medium{font-size:19px}.elementor-widget-heading .elementor-heading-title.elementor-size-large{font-size:29px}.elementor-widget-heading .elementor-heading-title.elementor-size-xl{font-size:39px}.elementor-widget-heading .elementor-heading-title.elementor-size-xxl{font-size:59px}<\/style><h1 class=\"elementor-heading-title elementor-size-default\">Tote bag en coton : le guide ultime du sac \u00e9colo au quotidien\n<\/h1>\t\t<\/div>\n\t\t\t\t<\/div>\n\t\t\t\t\t<\/div>\n\t\t<\/div>\n\t\t\t\t\t\t\t<\/div>\n\t\t<\/section>\n\t\t\t\t<section class=\"elementor-section elementor-top-section elementor-element elementor-element-6637319 elementor-section-boxed elementor-section-height-default elementor-section-height-default\" data-id=\"6637319\" data-element_type=\"section\">\n\t\t\t\t\t\t<div class=\"elementor-container elementor-column-gap-default\">\n\t\t\t\t\t<div class=\"elementor-column elementor-col-100 elementor-top-column elementor-element elementor-element-7359eef\" data-id=\"7359eef\" data-element_type=\"column\">\n\t\t\t<div class=\"elementor-widget-wrap elementor-element-populated\">\n\t\t\t\t\t\t\t\t<div class=\"elementor-element elementor-element-0ca5eef elementor-widget elementor-widget-text-editor\" data-id=\"0ca5eef\" data-element_type=\"widget\" data-widget_type=\"text-editor.default\">\n\t\t\t\t<div class=\"elementor-widget-container\">\n\t\t\t<style>\/*! elementor - v3.18.0 - 20-12-2023 *\/\n.elementor-widget-text-editor.elementor-drop-cap-view-stacked .elementor-drop-cap{background-color:#69727d;color:#fff}.elementor-widget-text-editor.elementor-drop-cap-view-framed .elementor-drop-cap{color:#69727d;border:3px solid;background-color:transparent}.elementor-widget-text-editor:not(.elementor-drop-cap-view-default) .elementor-drop-cap{margin-top:8px}.elementor-widget-text-editor:not(.elementor-drop-cap-view-default) .elementor-drop-cap-letter{width:1em;height:1em}.elementor-widget-text-editor .elementor-drop-cap{float:left;text-align:center;line-height:1;font-size:50px}.elementor-widget-text-editor .elementor-drop-cap-letter{display:inline-block}<\/style>\t\t\t\t<p>Les sacs tote bag en coton sont devenus un incontournable pour ceux qui recherchent une solution r\u00e9utilisable et \u00e9cologique. Que vous alliez au march\u00e9 ou \u00e0 la salle de sport, le sac en coton est un accessoire l\u00e9ger, pratique et styl\u00e9 pour transporter vos essentiels. Dans cet article, nous explorons les fondamentaux du sac en toile de coton, son impact environnemental, ses options de personnalisation et les conseils pour en prendre soin. <\/p>\n<h2> <\/h2>\n<h2>Pourquoi Choisir Le Coton ?<\/h2>\n<p>Le coton est une fibre naturelle issue du cotonnier. Appr\u00e9ci\u00e9 pour sa douceur et sa respirabilit\u00e9, il est couramment utilis\u00e9 dans l&rsquo;industrie textile. En version tote bag, le sac en coton offre un confort optimal lors du portage et constitue une surface id\u00e9ale pour l&rsquo;impression de logos ou de motifs personnalis\u00e9s, un avantage majeur pour tout fabricant ou grossiste de sacs en coton.  <\/p>\n<h3> <\/h3>\n<h3>Avantages Cl\u00e9s<\/h3>\n<ul>\n<li>Respirabilit\u00e9 : Parfait pour les fruits et l\u00e9gumes, il limite l\u2019humidit\u00e9, les moisissures et les mauvaises odeurs.<\/li>\n<li>Polyvalence : Compatible avec de nombreuses techniques d\u2019impression, il est id\u00e9al pour les marques et les cr\u00e9ateurs.<\/li>\n<li>Accessibilit\u00e9 : Le coton est une mati\u00e8re largement disponible, ce qui rend ces sacs abordables, m\u00eame en achat en gros.<\/li>\n<\/ul>\n<h2> <\/h2>\n<h2>Coton Biologique VS. Coton Conventionnel<\/h2>\n<ul>\n<li>Coton biologique : Cultiv\u00e9 sans pesticides ni engrais chimiques, il est plus respectueux de l\u2019environnement. Il est souvent certifi\u00e9 GOTS (Global Organic Textile Standard). <\/li>\n<li>Coton conventionnel : Plus r\u00e9pandu et g\u00e9n\u00e9ralement plus \u00e9conomique, mais avec un impact \u00e9cologique plus \u00e9lev\u00e9 (eau, intrants chimiques).<\/li>\n<\/ul>\n<h2> <\/h2>\n<h2>Types De Tissage Du Coton<\/h2>\n<ul>\n<li>Coton l\u00e9ger : Id\u00e9al pour les courses rapides, il se plie facilement dans un sac \u00e0 main ou une poche.<\/li>\n<li>Toile de coton (canvas) : Tissu plus \u00e9pais et r\u00e9sistant, parfait pour les charges plus lourdes.<\/li>\n<\/ul>\n<h2> <\/h2>\n<h2>Personnalisation &amp; Image De Marque<\/h2>\n<ul>\n<li>S\u00e9rigraphie : La m\u00e9thode la plus utilis\u00e9e pour des impressions color\u00e9es et impactantes.<\/li>\n<li>Broderie : Apporte une touche haut de gamme, mais \u00e0 un co\u00fbt plus \u00e9lev\u00e9.<\/li>\n<li>Transfert thermique \/ impression directe (DTG) : Parfait pour les visuels complexes ou multicolores.<\/li>\n<\/ul>\n<h2> <\/h2>\n<h2>Entretien Du Sac En Coton<\/h2>\n<ul>\n<li>Lavage : la plupart des tote bags en coton peuvent \u00eatre lav\u00e9s en machine. Pour pr\u00e9server les impressions, pr\u00e9f\u00e9rez un cycle \u00e0 l\u2019eau froide ou ti\u00e8de. <\/li>\n<li>S\u00e9chage : de pr\u00e9f\u00e9rence \u00e0 l\u2019air libre, ou en machine \u00e0 basse temp\u00e9rature.<\/li>\n<li>Repassage : utilisez un fer r\u00e9gl\u00e9 sur le mode \u00ab coton \u00bb. Si le sac est imprim\u00e9, repassez-le \u00e0 l\u2019envers. <\/li>\n<\/ul>\n<h2> <\/h2>\n<h2>Conclusion<\/h2>\n<p>Les sacs tote bag en coton sont une solution pratique, \u00e9l\u00e9gante et respectueuse de l\u2019environnement pour r\u00e9duire l\u2019usage du plastique \u00e0 usage unique. Du sac en toile de coton r\u00e9sistant au tote bag en coton biologique, chaque mod\u00e8le r\u00e9pond \u00e0 des besoins vari\u00e9s. Pour les marques, les boutiques ou les grossistes de sacs en coton, ces sacs repr\u00e9sentent \u00e9galement une excellente opportunit\u00e9 de communication durable. Avec un bon entretien, votre sac en coton vous accompagnera des ann\u00e9es durant.  <\/p>\n\t\t\t\t\t\t<\/div>\n\t\t\t\t<\/div>\n\t\t\t\t\t<\/div>\n\t\t<\/div>\n\t\t\t\t\t\t\t<\/div>\n\t\t<\/section>\n\t\t\t\t\t\t\t<\/div>\n\t\t","protected":false},"excerpt":{"rendered":"<p>Tote bag en coton : le guide ultime du sac \u00e9colo au quotidien Les sacs tote bag en coton sont devenus un incontournable pour ceux qui recherchent une solution r\u00e9utilisable et \u00e9cologique. Que vous alliez au march\u00e9 ou \u00e0 la salle de sport, le sac en coton est un accessoire l\u00e9ger, pratique et styl\u00e9 pour [&hellip;]<\/p>\n","protected":false},"author":6996,"featured_media":0,"parent":0,"menu_order":0,"comment_status":"closed","ping_status":"closed","template":"elementor_header_footer","meta":{"content-type":"","_monsterinsights_skip_tracking":false,"_monsterinsights_sitenote_active":false,"_monsterinsights_sitenote_note":"","_monsterinsights_sitenote_category":0,"footnotes":""},"class_list":["post-85471","page","type-page","status-publish","hentry"],"yoast_head":"<!-- This site is optimized with the Yoast SEO plugin v21.7 - https:\/\/yoast.com\/wordpress\/plugins\/seo\/ -->\n<title>Tote Bag en Coton : Guide du Sac en Coton R\u00e9utilisable<\/title>\n<meta name=\"description\" content=\"Diff\u00e9rences coton bio\/conventionnel, id\u00e9es design, entretien : tout sur le sac en coton, une alternative \u00e9colo et polyvalente au plastique.\" \/>\n<meta name=\"robots\" content=\"index, follow, max-snippet:-1, max-image-preview:large, max-video-preview:-1\" \/>\n<link rel=\"canonical\" href=\"https:\/\/gojuteinternational.com\/fr\/sacs-en-coton-et-tote-bags\/\" \/>\n<meta property=\"og:locale\" content=\"fr_FR\" \/>\n<meta property=\"og:type\" content=\"article\" \/>\n<meta property=\"og:title\" content=\"Tote Bag en Coton : Guide du Sac en Coton R\u00e9utilisable\" \/>\n<meta property=\"og:description\" content=\"Diff\u00e9rences coton bio\/conventionnel, id\u00e9es design, entretien : tout sur le sac en coton, une alternative \u00e9colo et polyvalente au plastique.\" \/>\n<meta property=\"og:url\" content=\"https:\/\/gojuteinternational.com\/fr\/sacs-en-coton-et-tote-bags\/\" \/>\n<meta property=\"og:site_name\" content=\"GoJute International\" \/>\n<meta property=\"article:publisher\" content=\"https:\/\/www.facebook.com\/gojute\" \/>\n<meta property=\"article:modified_time\" content=\"2025-05-05T17:44:23+00:00\" \/>\n<meta name=\"twitter:card\" content=\"summary_large_image\" \/>\n<meta name=\"twitter:label1\" content=\"Dur\u00e9e de lecture estim\u00e9e\" \/>\n\t<meta name=\"twitter:data1\" content=\"3 minutes\" \/>\n<script type=\"application\/ld+json\" class=\"yoast-schema-graph\">{\"@context\":\"https:\/\/schema.org\",\"@graph\":[{\"@type\":\"WebPage\",\"@id\":\"https:\/\/gojuteinternational.com\/fr\/sacs-en-coton-et-tote-bags\/\",\"url\":\"https:\/\/gojuteinternational.com\/fr\/sacs-en-coton-et-tote-bags\/\",\"name\":\"Tote Bag en Coton : Guide du Sac en Coton R\u00e9utilisable\",\"isPartOf\":{\"@id\":\"https:\/\/gojuteinternational.com\/fr\/#website\"},\"datePublished\":\"2025-02-13T07:25:13+00:00\",\"dateModified\":\"2025-05-05T17:44:23+00:00\",\"description\":\"Diff\u00e9rences coton bio\/conventionnel, id\u00e9es design, entretien : tout sur le sac en coton, une alternative \u00e9colo et polyvalente au plastique.\",\"breadcrumb\":{\"@id\":\"https:\/\/gojuteinternational.com\/fr\/sacs-en-coton-et-tote-bags\/#breadcrumb\"},\"inLanguage\":\"fr-FR\",\"potentialAction\":[{\"@type\":\"ReadAction\",\"target\":[\"https:\/\/gojuteinternational.com\/fr\/sacs-en-coton-et-tote-bags\/\"]}]},{\"@type\":\"BreadcrumbList\",\"@id\":\"https:\/\/gojuteinternational.com\/fr\/sacs-en-coton-et-tote-bags\/#breadcrumb\",\"itemListElement\":[{\"@type\":\"ListItem\",\"position\":1,\"name\":\"Home\",\"item\":\"https:\/\/gojuteinternational.com\/fr\/\"},{\"@type\":\"ListItem\",\"position\":2,\"name\":\"Tote Bag en Coton : Guide du Sac en Coton R\u00e9utilisable\"}]},{\"@type\":\"WebSite\",\"@id\":\"https:\/\/gojuteinternational.com\/fr\/#website\",\"url\":\"https:\/\/gojuteinternational.com\/fr\/\",\"name\":\"GoJute International\",\"description\":\"Printed bags for business\",\"publisher\":{\"@id\":\"https:\/\/gojuteinternational.com\/fr\/#organization\"},\"alternateName\":\"GoJute\",\"potentialAction\":[{\"@type\":\"SearchAction\",\"target\":{\"@type\":\"EntryPoint\",\"urlTemplate\":\"https:\/\/gojuteinternational.com\/fr\/?s={search_term_string}\"},\"query-input\":\"required name=search_term_string\"}],\"inLanguage\":\"fr-FR\"},{\"@type\":\"Organization\",\"@id\":\"https:\/\/gojuteinternational.com\/fr\/#organization\",\"name\":\"GoJute International\",\"alternateName\":\"GoJute\",\"url\":\"https:\/\/gojuteinternational.com\/fr\/\",\"logo\":{\"@type\":\"ImageObject\",\"inLanguage\":\"fr-FR\",\"@id\":\"https:\/\/gojuteinternational.com\/fr\/#\/schema\/logo\/image\/\",\"url\":\"https:\/\/gojuteinternational.com\/wp-content\/uploads\/2022\/06\/GoJute-Logo-RGB.png\",\"contentUrl\":\"https:\/\/gojuteinternational.com\/wp-content\/uploads\/2022\/06\/GoJute-Logo-RGB.png\",\"width\":2000,\"height\":1809,\"caption\":\"GoJute International\"},\"image\":{\"@id\":\"https:\/\/gojuteinternational.com\/fr\/#\/schema\/logo\/image\/\"},\"sameAs\":[\"https:\/\/www.facebook.com\/gojute\",\"https:\/\/www.instagram.com\/gojute\/\"]}]}<\/script>\n<!-- \/ Yoast SEO plugin. -->","yoast_head_json":{"title":"Tote Bag en Coton : Guide du Sac en Coton R\u00e9utilisable","description":"Diff\u00e9rences coton bio\/conventionnel, id\u00e9es design, entretien : tout sur le sac en coton, une alternative \u00e9colo et polyvalente au plastique.","robots":{"index":"index","follow":"follow","max-snippet":"max-snippet:-1","max-image-preview":"max-image-preview:large","max-video-preview":"max-video-preview:-1"},"canonical":"https:\/\/gojuteinternational.com\/fr\/sacs-en-coton-et-tote-bags\/","og_locale":"fr_FR","og_type":"article","og_title":"Tote Bag en Coton : Guide du Sac en Coton R\u00e9utilisable","og_description":"Diff\u00e9rences coton bio\/conventionnel, id\u00e9es design, entretien : tout sur le sac en coton, une alternative \u00e9colo et polyvalente au plastique.","og_url":"https:\/\/gojuteinternational.com\/fr\/sacs-en-coton-et-tote-bags\/","og_site_name":"GoJute International","article_publisher":"https:\/\/www.facebook.com\/gojute","article_modified_time":"2025-05-05T17:44:23+00:00","twitter_card":"summary_large_image","twitter_misc":{"Dur\u00e9e de lecture estim\u00e9e":"3 minutes"},"schema":{"@context":"https:\/\/schema.org","@graph":[{"@type":"WebPage","@id":"https:\/\/gojuteinternational.com\/fr\/sacs-en-coton-et-tote-bags\/","url":"https:\/\/gojuteinternational.com\/fr\/sacs-en-coton-et-tote-bags\/","name":"Tote Bag en Coton : Guide du Sac en Coton R\u00e9utilisable","isPartOf":{"@id":"https:\/\/gojuteinternational.com\/fr\/#website"},"datePublished":"2025-02-13T07:25:13+00:00","dateModified":"2025-05-05T17:44:23+00:00","description":"Diff\u00e9rences coton bio\/conventionnel, id\u00e9es design, entretien : tout sur le sac en coton, une alternative \u00e9colo et polyvalente au plastique.","breadcrumb":{"@id":"https:\/\/gojuteinternational.com\/fr\/sacs-en-coton-et-tote-bags\/#breadcrumb"},"inLanguage":"fr-FR","potentialAction":[{"@type":"ReadAction","target":["https:\/\/gojuteinternational.com\/fr\/sacs-en-coton-et-tote-bags\/"]}]},{"@type":"BreadcrumbList","@id":"https:\/\/gojuteinternational.com\/fr\/sacs-en-coton-et-tote-bags\/#breadcrumb","itemListElement":[{"@type":"ListItem","position":1,"name":"Home","item":"https:\/\/gojuteinternational.com\/fr\/"},{"@type":"ListItem","position":2,"name":"Tote Bag en Coton : Guide du Sac en Coton R\u00e9utilisable"}]},{"@type":"WebSite","@id":"https:\/\/gojuteinternational.com\/fr\/#website","url":"https:\/\/gojuteinternational.com\/fr\/","name":"GoJute International","description":"Printed bags for business","publisher":{"@id":"https:\/\/gojuteinternational.com\/fr\/#organization"},"alternateName":"GoJute","potentialAction":[{"@type":"SearchAction","target":{"@type":"EntryPoint","urlTemplate":"https:\/\/gojuteinternational.com\/fr\/?s={search_term_string}"},"query-input":"required name=search_term_string"}],"inLanguage":"fr-FR"},{"@type":"Organization","@id":"https:\/\/gojuteinternational.com\/fr\/#organization","name":"GoJute International","alternateName":"GoJute","url":"https:\/\/gojuteinternational.com\/fr\/","logo":{"@type":"ImageObject","inLanguage":"fr-FR","@id":"https:\/\/gojuteinternational.com\/fr\/#\/schema\/logo\/image\/","url":"https:\/\/gojuteinternational.com\/wp-content\/uploads\/2022\/06\/GoJute-Logo-RGB.png","contentUrl":"https:\/\/gojuteinternational.com\/wp-content\/uploads\/2022\/06\/GoJute-Logo-RGB.png","width":2000,"height":1809,"caption":"GoJute International"},"image":{"@id":"https:\/\/gojuteinternational.com\/fr\/#\/schema\/logo\/image\/"},"sameAs":["https:\/\/www.facebook.com\/gojute","https:\/\/www.instagram.com\/gojute\/"]}]}},"_links":{"self":[{"href":"https:\/\/gojuteinternational.com\/fr\/wp-json\/wp\/v2\/pages\/85471","targetHints":{"allow":["GET"]}}],"collection":[{"href":"https:\/\/gojuteinternational.com\/fr\/wp-json\/wp\/v2\/pages"}],"about":[{"href":"https:\/\/gojuteinternational.com\/fr\/wp-json\/wp\/v2\/types\/page"}],"author":[{"embeddable":true,"href":"https:\/\/gojuteinternational.com\/fr\/wp-json\/wp\/v2\/users\/6996"}],"replies":[{"embeddable":true,"href":"https:\/\/gojuteinternational.com\/fr\/wp-json\/wp\/v2\/comments?post=85471"}],"version-history":[{"count":7,"href":"https:\/\/gojuteinternational.com\/fr\/wp-json\/wp\/v2\/pages\/85471\/revisions"}],"predecessor-version":[{"id":87658,"href":"https:\/\/gojuteinternational.com\/fr\/wp-json\/wp\/v2\/pages\/85471\/revisions\/87658"}],"wp:attachment":[{"href":"https:\/\/gojuteinternational.com\/fr\/wp-json\/wp\/v2\/media?parent=85471"}],"curies":[{"name":"wp","href":"https:\/\/api.w.org\/{rel}","templated":true}]}}