{"id":85485,"date":"2025-02-13T08:33:23","date_gmt":"2025-02-13T07:33:23","guid":{"rendered":"https:\/\/gojuteinternational.com\/juco-the-best-of-both-worlds\/"},"modified":"2025-02-25T07:14:54","modified_gmt":"2025-02-25T06:14:54","slug":"juco-the-best-of-both-worlds","status":"publish","type":"page","link":"https:\/\/gojuteinternational.com\/fr\/juco-the-best-of-both-worlds\/","title":{"rendered":"Juco : Le meilleur des deux mondes"},"content":{"rendered":"\t\t<div data-elementor-type=\"wp-page\" data-elementor-id=\"85485\" class=\"elementor elementor-85485 elementor-85482\" data-elementor-post-type=\"page\">\n\t\t\t\t\t\t\t\t\t<section class=\"elementor-section elementor-top-section elementor-element elementor-element-e0a7900 elementor-section-boxed elementor-section-height-default elementor-section-height-default\" data-id=\"e0a7900\" data-element_type=\"section\">\n\t\t\t\t\t\t<div class=\"elementor-container elementor-column-gap-default\">\n\t\t\t\t\t<div class=\"elementor-column elementor-col-100 elementor-top-column elementor-element elementor-element-7dc632e\" data-id=\"7dc632e\" data-element_type=\"column\">\n\t\t\t<div class=\"elementor-widget-wrap elementor-element-populated\">\n\t\t\t\t\t\t\t\t<div class=\"elementor-element elementor-element-4323967 elementor-widget elementor-widget-spacer\" data-id=\"4323967\" data-element_type=\"widget\" data-widget_type=\"spacer.default\">\n\t\t\t\t<div class=\"elementor-widget-container\">\n\t\t\t<style>\/*! elementor - v3.18.0 - 20-12-2023 *\/\n.elementor-column .elementor-spacer-inner{height:var(--spacer-size)}.e-con{--container-widget-width:100%}.e-con-inner>.elementor-widget-spacer,.e-con>.elementor-widget-spacer{width:var(--container-widget-width,var(--spacer-size));--align-self:var(--container-widget-align-self,initial);--flex-shrink:0}.e-con-inner>.elementor-widget-spacer>.elementor-widget-container,.e-con>.elementor-widget-spacer>.elementor-widget-container{height:100%;width:100%}.e-con-inner>.elementor-widget-spacer>.elementor-widget-container>.elementor-spacer,.e-con>.elementor-widget-spacer>.elementor-widget-container>.elementor-spacer{height:100%}.e-con-inner>.elementor-widget-spacer>.elementor-widget-container>.elementor-spacer>.elementor-spacer-inner,.e-con>.elementor-widget-spacer>.elementor-widget-container>.elementor-spacer>.elementor-spacer-inner{height:var(--container-widget-height,var(--spacer-size))}.e-con-inner>.elementor-widget-spacer.elementor-widget-empty,.e-con>.elementor-widget-spacer.elementor-widget-empty{position:relative;min-height:22px;min-width:22px}.e-con-inner>.elementor-widget-spacer.elementor-widget-empty .elementor-widget-empty-icon,.e-con>.elementor-widget-spacer.elementor-widget-empty .elementor-widget-empty-icon{position:absolute;top:0;bottom:0;left:0;right:0;margin:auto;padding:0;width:22px;height:22px}<\/style>\t\t<div class=\"elementor-spacer\">\n\t\t\t<div class=\"elementor-spacer-inner\"><\/div>\n\t\t<\/div>\n\t\t\t\t<\/div>\n\t\t\t\t<\/div>\n\t\t\t\t\t<\/div>\n\t\t<\/div>\n\t\t\t\t\t\t\t<\/div>\n\t\t<\/section>\n\t\t\t\t<section class=\"elementor-section elementor-top-section elementor-element elementor-element-9d303ab elementor-section-boxed elementor-section-height-default elementor-section-height-default\" data-id=\"9d303ab\" data-element_type=\"section\">\n\t\t\t\t\t\t<div class=\"elementor-container elementor-column-gap-default\">\n\t\t\t\t\t<div class=\"elementor-column elementor-col-100 elementor-top-column elementor-element elementor-element-3f6fea8\" data-id=\"3f6fea8\" data-element_type=\"column\">\n\t\t\t<div class=\"elementor-widget-wrap elementor-element-populated\">\n\t\t\t\t\t\t\t\t<div class=\"elementor-element elementor-element-95f03ac elementor-widget elementor-widget-heading\" data-id=\"95f03ac\" data-element_type=\"widget\" data-widget_type=\"heading.default\">\n\t\t\t\t<div class=\"elementor-widget-container\">\n\t\t\t<style>\/*! elementor - v3.18.0 - 20-12-2023 *\/\n.elementor-heading-title{padding:0;margin:0;line-height:1}.elementor-widget-heading .elementor-heading-title[class*=elementor-size-]>a{color:inherit;font-size:inherit;line-height:inherit}.elementor-widget-heading .elementor-heading-title.elementor-size-small{font-size:15px}.elementor-widget-heading .elementor-heading-title.elementor-size-medium{font-size:19px}.elementor-widget-heading .elementor-heading-title.elementor-size-large{font-size:29px}.elementor-widget-heading .elementor-heading-title.elementor-size-xl{font-size:39px}.elementor-widget-heading .elementor-heading-title.elementor-size-xxl{font-size:59px}<\/style><h1 class=\"elementor-heading-title elementor-size-default\">Sacs Juco : Combler le foss\u00e9 entre\nle jute et le coton\n\n<\/h1>\t\t<\/div>\n\t\t\t\t<\/div>\n\t\t\t\t\t<\/div>\n\t\t<\/div>\n\t\t\t\t\t\t\t<\/div>\n\t\t<\/section>\n\t\t\t\t<section class=\"elementor-section elementor-top-section elementor-element elementor-element-eb2c130 elementor-section-boxed elementor-section-height-default elementor-section-height-default\" data-id=\"eb2c130\" data-element_type=\"section\">\n\t\t\t\t\t\t<div class=\"elementor-container elementor-column-gap-default\">\n\t\t\t\t\t<div class=\"elementor-column elementor-col-100 elementor-top-column elementor-element elementor-element-97d1d4e\" data-id=\"97d1d4e\" data-element_type=\"column\">\n\t\t\t<div class=\"elementor-widget-wrap elementor-element-populated\">\n\t\t\t\t\t\t\t\t<div class=\"elementor-element elementor-element-7749df0 elementor-widget elementor-widget-text-editor\" data-id=\"7749df0\" data-element_type=\"widget\" data-widget_type=\"text-editor.default\">\n\t\t\t\t<div class=\"elementor-widget-container\">\n\t\t\t<style>\/*! elementor - v3.18.0 - 20-12-2023 *\/\n.elementor-widget-text-editor.elementor-drop-cap-view-stacked .elementor-drop-cap{background-color:#69727d;color:#fff}.elementor-widget-text-editor.elementor-drop-cap-view-framed .elementor-drop-cap{color:#69727d;border:3px solid;background-color:transparent}.elementor-widget-text-editor:not(.elementor-drop-cap-view-default) .elementor-drop-cap{margin-top:8px}.elementor-widget-text-editor:not(.elementor-drop-cap-view-default) .elementor-drop-cap-letter{width:1em;height:1em}.elementor-widget-text-editor .elementor-drop-cap{float:left;text-align:center;line-height:1;font-size:50px}.elementor-widget-text-editor .elementor-drop-cap-letter{display:inline-block}<\/style>\t\t\t\t<p>Lorsqu&rsquo;il s&rsquo;agit de trouver le mat\u00e9riau id\u00e9al pour les sacs fourre-tout, le jute et le coton arrivent souvent en t\u00eate de liste. Et s&rsquo;il existait un tissu combinant les meilleures qualit\u00e9s de ces deux mati\u00e8res ?  C&rsquo;est l\u00e0 qu&rsquo;intervient le juco, un m\u00e9lange qui offre la r\u00e9sistance du jute et la douceur du coton. Dans cet article, nous verrons pourquoi le juco gagne du terrain aupr\u00e8s des marques et des consommateurs soucieux de l&rsquo;environnement. <\/p>\n<h2> <\/h2>\n<h2>Qu&rsquo;est-ce que Juco ?<\/h2>\n<p>Le juco est un tissu m\u00e9lang\u00e9 compos\u00e9 de jute et de coton. Bien que le rapport puisse varier, un m\u00e9lange courant est de 70 % de jute et 30 % de coton. Le r\u00e9sultat est un mat\u00e9riau dont la texture est plus raffin\u00e9e que celle du jute pur, mais qui conserve sa durabilit\u00e9 et sa p\u00e9rennit\u00e9. Les sacs Juco trouvent un \u00e9quilibre entre une r\u00e9sistance robuste et une finition soign\u00e9e, ce qui en fait une option int\u00e9ressante pour ceux qui trouvent le jute un peu trop grossier et le coton un peu trop doux.   <\/p>\n<\/p>\n<h2>R\u00e9f\u00e9rences \u00e9cologiques<\/h2>\n<ul>\n<li>M\u00e9lange de fibres naturelles : Le jute et le coton proviennent tous deux de sources renouvelables, ce qui r\u00e9duit la d\u00e9pendance \u00e0 l&rsquo;\u00e9gard des mati\u00e8res synth\u00e9tiques.<\/li>\n<li>Empreinte carbone r\u00e9duite : Tout comme le jute, les plantes utilis\u00e9es dans la production du juco contribuent \u00e0 absorber le dioxyde de carbone.<\/li>\n<li>Composants biod\u00e9gradables : Bien que le m\u00e9lange ralentisse la d\u00e9composition par rapport au jute pur, les mat\u00e9riaux juco se d\u00e9composent toujours en grande partie avec le temps.<\/li>\n<\/ul>\n<\/p>\n<h2>Pourquoi choisir Juco ?<\/h2>\n<ul>\n<li>Durabilit\u00e9 accrue : Les fibres robustes du jute sont renforc\u00e9es par la r\u00e9sistance \u00e0 la traction du coton.<\/li>\n<li>Surface plus lisse : Le m\u00e9lange de coton cr\u00e9e une texture qui se pr\u00eate mieux aux impressions d\u00e9taill\u00e9es.<\/li>\n<li>Une polyvalence \u00e9l\u00e9gante : Juco peut \u00eatre teint ou dessin\u00e9 de diff\u00e9rentes mani\u00e8res &#8211; parfait pour le merchandising des marques ou pour les acheteurs \u00e0 la pointe de la mode.<\/li>\n<\/ul>\n<\/p>\n<h2>Utilisations et applications populaires<\/h2>\n<ul>\n<li>Sacs promotionnels : Les entreprises qui cherchent \u00e0 faire une \u00ab\u00a0d\u00e9claration verte\u00a0\u00bb optent souvent pour le juco afin d&rsquo;impressionner leurs clients.<\/li>\n<li>Sacs d&rsquo;\u00e9picerie : Suffisamment solides pour contenir des conserves et des produits frais.<\/li>\n<li>Sacs de plage ou de tous les jours : Ajoutez une touche tendance et naturelle \u00e0 vos tenues quotidiennes.<\/li>\n<\/ul>\n<\/p>\n<h2>Entretien et maintenance<\/h2>\n<ul>\n<li>Nettoyage ponctuel : Il est recommand\u00e9 de proc\u00e9der en douceur. Un lavage excessif peut endommager les fibres de jute. <\/li>\n<li>\u00c9vitez le trempage : Une exposition prolong\u00e9e \u00e0 l&rsquo;eau peut entra\u00eener un r\u00e9tr\u00e9cissement ou une d\u00e9formation.<\/li>\n<li>S\u00e9chage \u00e0 l&rsquo;air libre : suspendez le sac dans un endroit chaud et ventil\u00e9 pour \u00e9viter la formation de moisissures et d&rsquo;odeurs.<\/li>\n<\/ul>\n<\/p>\n<h2>Conclusion<\/h2>\n<p>Juco offre une solution interm\u00e9diaire parfaite pour ceux qui appr\u00e9cient la durabilit\u00e9 du jute mais souhaitent une sensation plus douce au toucher. Que vous soyez un d\u00e9taillant \u00e0 la recherche d&rsquo;un produit promotionnel remarquable ou un particulier \u00e0 la recherche d&rsquo;un fourre-tout de tous les jours respectueux de l&rsquo;environnement, Juco est un choix intelligent qui allie fonctionnalit\u00e9 et style. <\/p><\/p>\n\t\t\t\t\t\t<\/div>\n\t\t\t\t<\/div>\n\t\t\t\t\t<\/div>\n\t\t<\/div>\n\t\t\t\t\t\t\t<\/div>\n\t\t<\/section>\n\t\t\t\t\t\t\t<\/div>\n\t\t","protected":false},"excerpt":{"rendered":"<p>Sacs Juco : Combler le foss\u00e9 entre le jute et le coton Lorsqu&rsquo;il s&rsquo;agit de trouver le mat\u00e9riau id\u00e9al pour les sacs fourre-tout, le jute et le coton arrivent souvent en t\u00eate de liste. Et s&rsquo;il existait un tissu combinant les meilleures qualit\u00e9s de ces deux mati\u00e8res ? C&rsquo;est l\u00e0 qu&rsquo;intervient le juco, un m\u00e9lange [&hellip;]<\/p>\n","protected":false},"author":6996,"featured_media":0,"parent":0,"menu_order":0,"comment_status":"closed","ping_status":"closed","template":"elementor_header_footer","meta":{"content-type":"","_monsterinsights_skip_tracking":false,"_monsterinsights_sitenote_active":false,"_monsterinsights_sitenote_note":"","_monsterinsights_sitenote_category":0,"footnotes":""},"class_list":["post-85485","page","type-page","status-publish","hentry"],"yoast_head":"<!-- This site is optimized with the Yoast SEO plugin v21.7 - https:\/\/yoast.com\/wordpress\/plugins\/seo\/ -->\n<title>Sacs Juco : Combler le foss\u00e9 entre le jute et le coton<\/title>\n<meta name=\"description\" content=\"D\u00e9couvrez comment le juco allie la r\u00e9sistance du jute \u00e0 la douceur du coton. D\u00e9couvrez ses avantages \u00e9cologiques, son style et ses meilleures pratiques d&#039;entretien.\" \/>\n<meta name=\"robots\" content=\"index, follow, max-snippet:-1, max-image-preview:large, max-video-preview:-1\" \/>\n<link rel=\"canonical\" href=\"https:\/\/gojuteinternational.com\/fr\/juco-the-best-of-both-worlds\/\" \/>\n<meta property=\"og:locale\" content=\"fr_FR\" \/>\n<meta property=\"og:type\" content=\"article\" \/>\n<meta property=\"og:title\" content=\"Sacs Juco : Combler le foss\u00e9 entre le jute et le coton\" \/>\n<meta property=\"og:description\" content=\"D\u00e9couvrez comment le juco allie la r\u00e9sistance du jute \u00e0 la douceur du coton. D\u00e9couvrez ses avantages \u00e9cologiques, son style et ses meilleures pratiques d&#039;entretien.\" \/>\n<meta property=\"og:url\" content=\"https:\/\/gojuteinternational.com\/fr\/juco-the-best-of-both-worlds\/\" \/>\n<meta property=\"og:site_name\" content=\"GoJute International\" \/>\n<meta property=\"article:publisher\" content=\"https:\/\/www.facebook.com\/gojute\" \/>\n<meta property=\"article:modified_time\" content=\"2025-02-25T06:14:54+00:00\" \/>\n<meta name=\"twitter:card\" content=\"summary_large_image\" \/>\n<meta name=\"twitter:label1\" content=\"Dur\u00e9e de lecture estim\u00e9e\" \/>\n\t<meta name=\"twitter:data1\" content=\"3 minutes\" \/>\n<script type=\"application\/ld+json\" class=\"yoast-schema-graph\">{\"@context\":\"https:\/\/schema.org\",\"@graph\":[{\"@type\":\"WebPage\",\"@id\":\"https:\/\/gojuteinternational.com\/fr\/juco-the-best-of-both-worlds\/\",\"url\":\"https:\/\/gojuteinternational.com\/fr\/juco-the-best-of-both-worlds\/\",\"name\":\"Sacs Juco : Combler le foss\u00e9 entre le jute et le coton\",\"isPartOf\":{\"@id\":\"https:\/\/gojuteinternational.com\/fr\/#website\"},\"datePublished\":\"2025-02-13T07:33:23+00:00\",\"dateModified\":\"2025-02-25T06:14:54+00:00\",\"description\":\"D\u00e9couvrez comment le juco allie la r\u00e9sistance du jute \u00e0 la douceur du coton. D\u00e9couvrez ses avantages \u00e9cologiques, son style et ses meilleures pratiques d'entretien.\",\"breadcrumb\":{\"@id\":\"https:\/\/gojuteinternational.com\/fr\/juco-the-best-of-both-worlds\/#breadcrumb\"},\"inLanguage\":\"fr-FR\",\"potentialAction\":[{\"@type\":\"ReadAction\",\"target\":[\"https:\/\/gojuteinternational.com\/fr\/juco-the-best-of-both-worlds\/\"]}]},{\"@type\":\"BreadcrumbList\",\"@id\":\"https:\/\/gojuteinternational.com\/fr\/juco-the-best-of-both-worlds\/#breadcrumb\",\"itemListElement\":[{\"@type\":\"ListItem\",\"position\":1,\"name\":\"Home\",\"item\":\"https:\/\/gojuteinternational.com\/fr\/\"},{\"@type\":\"ListItem\",\"position\":2,\"name\":\"Juco : Le meilleur des deux mondes\"}]},{\"@type\":\"WebSite\",\"@id\":\"https:\/\/gojuteinternational.com\/fr\/#website\",\"url\":\"https:\/\/gojuteinternational.com\/fr\/\",\"name\":\"GoJute International\",\"description\":\"Printed bags for business\",\"publisher\":{\"@id\":\"https:\/\/gojuteinternational.com\/fr\/#organization\"},\"alternateName\":\"GoJute\",\"potentialAction\":[{\"@type\":\"SearchAction\",\"target\":{\"@type\":\"EntryPoint\",\"urlTemplate\":\"https:\/\/gojuteinternational.com\/fr\/?s={search_term_string}\"},\"query-input\":\"required name=search_term_string\"}],\"inLanguage\":\"fr-FR\"},{\"@type\":\"Organization\",\"@id\":\"https:\/\/gojuteinternational.com\/fr\/#organization\",\"name\":\"GoJute International\",\"alternateName\":\"GoJute\",\"url\":\"https:\/\/gojuteinternational.com\/fr\/\",\"logo\":{\"@type\":\"ImageObject\",\"inLanguage\":\"fr-FR\",\"@id\":\"https:\/\/gojuteinternational.com\/fr\/#\/schema\/logo\/image\/\",\"url\":\"https:\/\/gojuteinternational.com\/wp-content\/uploads\/2022\/06\/GoJute-Logo-RGB.png\",\"contentUrl\":\"https:\/\/gojuteinternational.com\/wp-content\/uploads\/2022\/06\/GoJute-Logo-RGB.png\",\"width\":2000,\"height\":1809,\"caption\":\"GoJute International\"},\"image\":{\"@id\":\"https:\/\/gojuteinternational.com\/fr\/#\/schema\/logo\/image\/\"},\"sameAs\":[\"https:\/\/www.facebook.com\/gojute\",\"https:\/\/www.instagram.com\/gojute\/\"]}]}<\/script>\n<!-- \/ Yoast SEO plugin. -->","yoast_head_json":{"title":"Sacs Juco : Combler le foss\u00e9 entre le jute et le coton","description":"D\u00e9couvrez comment le juco allie la r\u00e9sistance du jute \u00e0 la douceur du coton. D\u00e9couvrez ses avantages \u00e9cologiques, son style et ses meilleures pratiques d'entretien.","robots":{"index":"index","follow":"follow","max-snippet":"max-snippet:-1","max-image-preview":"max-image-preview:large","max-video-preview":"max-video-preview:-1"},"canonical":"https:\/\/gojuteinternational.com\/fr\/juco-the-best-of-both-worlds\/","og_locale":"fr_FR","og_type":"article","og_title":"Sacs Juco : Combler le foss\u00e9 entre le jute et le coton","og_description":"D\u00e9couvrez comment le juco allie la r\u00e9sistance du jute \u00e0 la douceur du coton. D\u00e9couvrez ses avantages \u00e9cologiques, son style et ses meilleures pratiques d'entretien.","og_url":"https:\/\/gojuteinternational.com\/fr\/juco-the-best-of-both-worlds\/","og_site_name":"GoJute International","article_publisher":"https:\/\/www.facebook.com\/gojute","article_modified_time":"2025-02-25T06:14:54+00:00","twitter_card":"summary_large_image","twitter_misc":{"Dur\u00e9e de lecture estim\u00e9e":"3 minutes"},"schema":{"@context":"https:\/\/schema.org","@graph":[{"@type":"WebPage","@id":"https:\/\/gojuteinternational.com\/fr\/juco-the-best-of-both-worlds\/","url":"https:\/\/gojuteinternational.com\/fr\/juco-the-best-of-both-worlds\/","name":"Sacs Juco : Combler le foss\u00e9 entre le jute et le coton","isPartOf":{"@id":"https:\/\/gojuteinternational.com\/fr\/#website"},"datePublished":"2025-02-13T07:33:23+00:00","dateModified":"2025-02-25T06:14:54+00:00","description":"D\u00e9couvrez comment le juco allie la r\u00e9sistance du jute \u00e0 la douceur du coton. D\u00e9couvrez ses avantages \u00e9cologiques, son style et ses meilleures pratiques d'entretien.","breadcrumb":{"@id":"https:\/\/gojuteinternational.com\/fr\/juco-the-best-of-both-worlds\/#breadcrumb"},"inLanguage":"fr-FR","potentialAction":[{"@type":"ReadAction","target":["https:\/\/gojuteinternational.com\/fr\/juco-the-best-of-both-worlds\/"]}]},{"@type":"BreadcrumbList","@id":"https:\/\/gojuteinternational.com\/fr\/juco-the-best-of-both-worlds\/#breadcrumb","itemListElement":[{"@type":"ListItem","position":1,"name":"Home","item":"https:\/\/gojuteinternational.com\/fr\/"},{"@type":"ListItem","position":2,"name":"Juco : Le meilleur des deux mondes"}]},{"@type":"WebSite","@id":"https:\/\/gojuteinternational.com\/fr\/#website","url":"https:\/\/gojuteinternational.com\/fr\/","name":"GoJute International","description":"Printed bags for business","publisher":{"@id":"https:\/\/gojuteinternational.com\/fr\/#organization"},"alternateName":"GoJute","potentialAction":[{"@type":"SearchAction","target":{"@type":"EntryPoint","urlTemplate":"https:\/\/gojuteinternational.com\/fr\/?s={search_term_string}"},"query-input":"required name=search_term_string"}],"inLanguage":"fr-FR"},{"@type":"Organization","@id":"https:\/\/gojuteinternational.com\/fr\/#organization","name":"GoJute International","alternateName":"GoJute","url":"https:\/\/gojuteinternational.com\/fr\/","logo":{"@type":"ImageObject","inLanguage":"fr-FR","@id":"https:\/\/gojuteinternational.com\/fr\/#\/schema\/logo\/image\/","url":"https:\/\/gojuteinternational.com\/wp-content\/uploads\/2022\/06\/GoJute-Logo-RGB.png","contentUrl":"https:\/\/gojuteinternational.com\/wp-content\/uploads\/2022\/06\/GoJute-Logo-RGB.png","width":2000,"height":1809,"caption":"GoJute International"},"image":{"@id":"https:\/\/gojuteinternational.com\/fr\/#\/schema\/logo\/image\/"},"sameAs":["https:\/\/www.facebook.com\/gojute","https:\/\/www.instagram.com\/gojute\/"]}]}},"_links":{"self":[{"href":"https:\/\/gojuteinternational.com\/fr\/wp-json\/wp\/v2\/pages\/85485","targetHints":{"allow":["GET"]}}],"collection":[{"href":"https:\/\/gojuteinternational.com\/fr\/wp-json\/wp\/v2\/pages"}],"about":[{"href":"https:\/\/gojuteinternational.com\/fr\/wp-json\/wp\/v2\/types\/page"}],"author":[{"embeddable":true,"href":"https:\/\/gojuteinternational.com\/fr\/wp-json\/wp\/v2\/users\/6996"}],"replies":[{"embeddable":true,"href":"https:\/\/gojuteinternational.com\/fr\/wp-json\/wp\/v2\/comments?post=85485"}],"version-history":[{"count":4,"href":"https:\/\/gojuteinternational.com\/fr\/wp-json\/wp\/v2\/pages\/85485\/revisions"}],"predecessor-version":[{"id":86085,"href":"https:\/\/gojuteinternational.com\/fr\/wp-json\/wp\/v2\/pages\/85485\/revisions\/86085"}],"wp:attachment":[{"href":"https:\/\/gojuteinternational.com\/fr\/wp-json\/wp\/v2\/media?parent=85485"}],"curies":[{"name":"wp","href":"https:\/\/api.w.org\/{rel}","templated":true}]}}