{"id":85655,"date":"2025-02-19T09:55:11","date_gmt":"2025-02-19T08:55:11","guid":{"rendered":"https:\/\/gojuteinternational.com\/juco-vs-cotton-vs-jute-pros-cons\/"},"modified":"2025-02-25T07:14:54","modified_gmt":"2025-02-25T06:14:54","slug":"juco-vs-cotton-vs-jute-pros-cons","status":"publish","type":"page","link":"https:\/\/gojuteinternational.com\/fr\/juco-vs-cotton-vs-jute-pros-cons\/","title":{"rendered":"Juco vs. coton vs. jute : Avantages et inconv\u00e9nients"},"content":{"rendered":"\t\t<div data-elementor-type=\"wp-page\" data-elementor-id=\"85655\" class=\"elementor elementor-85655 elementor-85653\" data-elementor-post-type=\"page\">\n\t\t\t\t\t\t\t\t\t<section class=\"elementor-section elementor-top-section elementor-element elementor-element-5777848 elementor-section-boxed elementor-section-height-default elementor-section-height-default\" data-id=\"5777848\" data-element_type=\"section\">\n\t\t\t\t\t\t<div class=\"elementor-container elementor-column-gap-default\">\n\t\t\t\t\t<div class=\"elementor-column elementor-col-100 elementor-top-column elementor-element elementor-element-020fe84\" data-id=\"020fe84\" data-element_type=\"column\">\n\t\t\t<div class=\"elementor-widget-wrap elementor-element-populated\">\n\t\t\t\t\t\t\t\t<div class=\"elementor-element elementor-element-a04175d elementor-widget elementor-widget-spacer\" data-id=\"a04175d\" data-element_type=\"widget\" data-widget_type=\"spacer.default\">\n\t\t\t\t<div class=\"elementor-widget-container\">\n\t\t\t<style>\/*! elementor - v3.18.0 - 20-12-2023 *\/\n.elementor-column .elementor-spacer-inner{height:var(--spacer-size)}.e-con{--container-widget-width:100%}.e-con-inner>.elementor-widget-spacer,.e-con>.elementor-widget-spacer{width:var(--container-widget-width,var(--spacer-size));--align-self:var(--container-widget-align-self,initial);--flex-shrink:0}.e-con-inner>.elementor-widget-spacer>.elementor-widget-container,.e-con>.elementor-widget-spacer>.elementor-widget-container{height:100%;width:100%}.e-con-inner>.elementor-widget-spacer>.elementor-widget-container>.elementor-spacer,.e-con>.elementor-widget-spacer>.elementor-widget-container>.elementor-spacer{height:100%}.e-con-inner>.elementor-widget-spacer>.elementor-widget-container>.elementor-spacer>.elementor-spacer-inner,.e-con>.elementor-widget-spacer>.elementor-widget-container>.elementor-spacer>.elementor-spacer-inner{height:var(--container-widget-height,var(--spacer-size))}.e-con-inner>.elementor-widget-spacer.elementor-widget-empty,.e-con>.elementor-widget-spacer.elementor-widget-empty{position:relative;min-height:22px;min-width:22px}.e-con-inner>.elementor-widget-spacer.elementor-widget-empty .elementor-widget-empty-icon,.e-con>.elementor-widget-spacer.elementor-widget-empty .elementor-widget-empty-icon{position:absolute;top:0;bottom:0;left:0;right:0;margin:auto;padding:0;width:22px;height:22px}<\/style>\t\t<div class=\"elementor-spacer\">\n\t\t\t<div class=\"elementor-spacer-inner\"><\/div>\n\t\t<\/div>\n\t\t\t\t<\/div>\n\t\t\t\t<\/div>\n\t\t\t\t<div class=\"elementor-element elementor-element-015c37e elementor-widget elementor-widget-heading\" data-id=\"015c37e\" data-element_type=\"widget\" data-widget_type=\"heading.default\">\n\t\t\t\t<div class=\"elementor-widget-container\">\n\t\t\t<style>\/*! elementor - v3.18.0 - 20-12-2023 *\/\n.elementor-heading-title{padding:0;margin:0;line-height:1}.elementor-widget-heading .elementor-heading-title[class*=elementor-size-]>a{color:inherit;font-size:inherit;line-height:inherit}.elementor-widget-heading .elementor-heading-title.elementor-size-small{font-size:15px}.elementor-widget-heading .elementor-heading-title.elementor-size-medium{font-size:19px}.elementor-widget-heading .elementor-heading-title.elementor-size-large{font-size:29px}.elementor-widget-heading .elementor-heading-title.elementor-size-xl{font-size:39px}.elementor-widget-heading .elementor-heading-title.elementor-size-xxl{font-size:59px}<\/style><h1 class=\"elementor-heading-title elementor-size-default\">Juco vs. coton vs. jute : Quel mat\u00e9riau de sac \u00e9cologique choisir ?<\/h1>\t\t<\/div>\n\t\t\t\t<\/div>\n\t\t\t\t<div class=\"elementor-element elementor-element-3bcf7aa elementor-widget elementor-widget-text-editor\" data-id=\"3bcf7aa\" data-element_type=\"widget\" data-widget_type=\"text-editor.default\">\n\t\t\t\t<div class=\"elementor-widget-container\">\n\t\t\t<style>\/*! elementor - v3.18.0 - 20-12-2023 *\/\n.elementor-widget-text-editor.elementor-drop-cap-view-stacked .elementor-drop-cap{background-color:#69727d;color:#fff}.elementor-widget-text-editor.elementor-drop-cap-view-framed .elementor-drop-cap{color:#69727d;border:3px solid;background-color:transparent}.elementor-widget-text-editor:not(.elementor-drop-cap-view-default) .elementor-drop-cap{margin-top:8px}.elementor-widget-text-editor:not(.elementor-drop-cap-view-default) .elementor-drop-cap-letter{width:1em;height:1em}.elementor-widget-text-editor .elementor-drop-cap{float:left;text-align:center;line-height:1;font-size:50px}.elementor-widget-text-editor .elementor-drop-cap-letter{display:inline-block}<\/style>\t\t\t\t<p>Lorsque vous \u00eates \u00e0 la recherche d&rsquo;un fourre-tout ou d&rsquo;un sac promotionnel respectueux de l&rsquo;environnement, trois noms reviennent souvent : jute, coton et juco. Chaque fibre poss\u00e8de ses propres atouts en termes de durabilit\u00e9, de co\u00fbt et d&rsquo;esth\u00e9tique. Dans ce guide comparatif, nous examinerons les avantages et les inconv\u00e9nients du juco, du coton et du jute pour vous aider \u00e0 d\u00e9terminer celui qui r\u00e9pond le mieux \u00e0 vos besoins.  <\/p>\n<h3> <\/h3>\n<h3>1. Le jute : Le classique robuste<\/h3>\n<p><strong>Avantages<\/strong><br \/>\u25cf Tr\u00e8s durable : Le tissage \u00e9pais r\u00e9siste bien aux charges lourdes.<br \/>\u25cf Respectueux de l&rsquo;environnement : Culture \u00e0 croissance rapide avec des besoins en eau moindres.<br \/>\u25cf Texture distinctive : Aspect naturel et rustique qui s\u00e9duit de nombreuses marques.<\/p>\n<p><strong>Inconv\u00e9nients<\/strong><br \/>\u25cf Surface rugueuse : Ne prend pas toujours les impressions d\u00e9taill\u00e9es aussi proprement que les tissus plus lisses.<br \/>\u25cf Limites d&rsquo;entretien : Un lavage complet en machine peut affaiblir ou r\u00e9tr\u00e9cir les fibres.<br \/>\u25cf Vari\u00e9t\u00e9 de couleurs limit\u00e9e : Le jute pur peut \u00eatre plus difficile \u00e0 teindre que le coton.<\/p>\n<h3> <\/h3>\n<h3>2. Juco : Le meilleur des deux mondes<\/h3>\n<p><strong>Pour<\/strong><br \/>\u25cf Texture \u00e9quilibr\u00e9e : Combine la robustesse du jute et la douceur du coton.<br \/>\u25cf Finition raffin\u00e9e : Plus facile d&rsquo;imprimer des logos ou des dessins d\u00e9taill\u00e9s que le jute rugueux.<br \/>\u25cf M\u00e9lange durable : Le jute et le coton sont tous deux biod\u00e9gradables et renouvelables.<\/p>\n<p><strong>Inconv\u00e9nients<\/strong><br \/>\u25cf Co\u00fbt l\u00e9g\u00e8rement plus \u00e9lev\u00e9 : G\u00e9n\u00e9ralement plus cher que le jute standard.<br \/>\u25cf Moins courant : Moins r\u00e9pandu que le coton ou le jute pur, le choix des couleurs peut \u00eatre limit\u00e9.<br \/>\u25cf N\u00e9cessite tout de m\u00eame un lavage soigneux : Un trempage prolong\u00e9 peut endommager les fibres de jute.<\/p>\n<h3> <\/h3>\n<h3>3. Le coton : Le polyvalent au quotidien<\/h3>\n<p><strong>Avantages<\/strong><br \/>\u25cf Doux et respirant : Confortable \u00e0 porter et doux pour les produits.<br \/>\u25cf Id\u00e9al pour l&rsquo;impression : La s\u00e9rigraphie, la broderie ou la dorure \u00e0 chaud fonctionnent bien sur le coton.<br \/>\u25cf Facile \u00e0 laver : La plupart des sacs fourre-tout en coton sont lavables en machine.<\/p>\n<p><strong>Inconv\u00e9nients<\/strong><br \/>\u25cf Empreinte \u00e9cologique variable : Le coton conventionnel peut \u00eatre gourmand en ressources (eau, pesticides).<br \/>\u25cf Moins rigide : Peut ne pas tenir debout tout seul.<br \/>\u25cf Peut n\u00e9cessiter des lavages plus fr\u00e9quents : Les couleurs claires, en particulier, peuvent laisser appara\u00eetre la salet\u00e9 facilement.<\/p>\n<h3> <\/h3>\n<h3>Lequel vous convient le mieux ?<\/h3>\n<p>\u25cf L&rsquo;esth\u00e9tique de la marque : Si vous souhaitez un aspect naturel et rustique, le jute pourrait \u00eatre votre meilleur choix. Pour une ambiance plus propre et plus raffin\u00e9e, le juco ou le coton pourraient mieux convenir. <br \/>\u25cf Qualit\u00e9 d&rsquo;impression : Le coton et le juco g\u00e8rent g\u00e9n\u00e9ralement les impressions d\u00e9taill\u00e9es de mani\u00e8re plus fluide que le jute.<br \/>\u25cf Budget et disponibilit\u00e9 : Si vous avez besoin d&rsquo;un budget raisonnable et d&rsquo;une grande accessibilit\u00e9, le coton l&#8217;emporte souvent. Le juco, \u00e9tant un m\u00e9lange, peut \u00eatre plus on\u00e9reux. <br \/>\u25cf Exigences en mati\u00e8re de durabilit\u00e9 : Les trois sont biod\u00e9gradables, mais le jute et le juco ont g\u00e9n\u00e9ralement des empreintes hydriques plus faibles que le coton conventionnel. Recherchez du coton biologique si la durabilit\u00e9 est une priorit\u00e9 absolue. <\/p>\n<h3> <\/h3>\n<h3>Conclusion<\/h3>\n<p>Le juco, le coton et le jute pr\u00e9sentent chacun des avantages distincts. Le jute offre une robustesse in\u00e9gal\u00e9e avec un c\u00f4t\u00e9 rustique, le juco pr\u00e9sente un m\u00e9lange \u00e9quilibr\u00e9 de durabilit\u00e9 et de douceur, et le coton offre une polyvalence quotidienne et une facilit\u00e9 d&rsquo;entretien. Votre d\u00e9cision finale d\u00e9pendra de votre public cible, de vos objectifs de marque et de votre budget. Quel que soit le mat\u00e9riau que vous choisissez, GoJuteInternational peut vous aider \u00e0 personnaliser un fourre-tout qui refl\u00e8te votre engagement en faveur d&rsquo;un mode de vie respectueux de l&rsquo;environnement.   <\/p>\n\t\t\t\t\t\t<\/div>\n\t\t\t\t<\/div>\n\t\t\t\t\t<\/div>\n\t\t<\/div>\n\t\t\t\t\t\t\t<\/div>\n\t\t<\/section>\n\t\t\t\t<section class=\"elementor-section elementor-top-section elementor-element elementor-element-b3da03c elementor-section-boxed elementor-section-height-default elementor-section-height-default\" data-id=\"b3da03c\" data-element_type=\"section\">\n\t\t\t\t\t\t<div class=\"elementor-container elementor-column-gap-default\">\n\t\t\t\t\t<div class=\"elementor-column elementor-col-100 elementor-top-column elementor-element elementor-element-ebf0aa8\" data-id=\"ebf0aa8\" data-element_type=\"column\">\n\t\t\t<div class=\"elementor-widget-wrap\">\n\t\t\t\t\t\t\t\t\t<\/div>\n\t\t<\/div>\n\t\t\t\t\t\t\t<\/div>\n\t\t<\/section>\n\t\t\t\t\t\t\t<\/div>\n\t\t","protected":false},"excerpt":{"rendered":"<p>Juco vs. coton vs. jute : Quel mat\u00e9riau de sac \u00e9cologique choisir ? Lorsque vous \u00eates \u00e0 la recherche d&rsquo;un fourre-tout ou d&rsquo;un sac promotionnel respectueux de l&rsquo;environnement, trois noms reviennent souvent : jute, coton et juco. Chaque fibre poss\u00e8de ses propres atouts en termes de durabilit\u00e9, de co\u00fbt et d&rsquo;esth\u00e9tique. Dans ce guide comparatif, [&hellip;]<\/p>\n","protected":false},"author":6996,"featured_media":0,"parent":0,"menu_order":0,"comment_status":"closed","ping_status":"closed","template":"elementor_header_footer","meta":{"content-type":"","_monsterinsights_skip_tracking":false,"_monsterinsights_sitenote_active":false,"_monsterinsights_sitenote_note":"","_monsterinsights_sitenote_category":0,"footnotes":""},"class_list":["post-85655","page","type-page","status-publish","hentry"],"yoast_head":"<!-- This site is optimized with the Yoast SEO plugin v21.7 - https:\/\/yoast.com\/wordpress\/plugins\/seo\/ -->\n<title>Juco vs. coton vs. jute : Avantages et inconv\u00e9nients des sacs \u00e9cologiques<\/title>\n<meta name=\"description\" content=\"Vous vous demandez quel mat\u00e9riau de sac correspond \u00e0 vos besoins ? Comparez le charme rustique du jute, le m\u00e9lange \u00e9quilibr\u00e9 du juco et la polyvalence du coton pour faire un choix \u00e9clair\u00e9.\" \/>\n<meta name=\"robots\" content=\"index, follow, max-snippet:-1, max-image-preview:large, max-video-preview:-1\" \/>\n<link rel=\"canonical\" href=\"https:\/\/gojuteinternational.com\/fr\/juco-vs-cotton-vs-jute-pros-cons\/\" \/>\n<meta property=\"og:locale\" content=\"fr_FR\" \/>\n<meta property=\"og:type\" content=\"article\" \/>\n<meta property=\"og:title\" content=\"Juco vs. coton vs. jute : Avantages et inconv\u00e9nients des sacs \u00e9cologiques\" \/>\n<meta property=\"og:description\" content=\"Vous vous demandez quel mat\u00e9riau de sac correspond \u00e0 vos besoins ? Comparez le charme rustique du jute, le m\u00e9lange \u00e9quilibr\u00e9 du juco et la polyvalence du coton pour faire un choix \u00e9clair\u00e9.\" \/>\n<meta property=\"og:url\" content=\"https:\/\/gojuteinternational.com\/fr\/juco-vs-cotton-vs-jute-pros-cons\/\" \/>\n<meta property=\"og:site_name\" content=\"GoJute International\" \/>\n<meta property=\"article:publisher\" content=\"https:\/\/www.facebook.com\/gojute\" \/>\n<meta property=\"article:modified_time\" content=\"2025-02-25T06:14:54+00:00\" \/>\n<meta name=\"twitter:card\" content=\"summary_large_image\" \/>\n<meta name=\"twitter:label1\" content=\"Dur\u00e9e de lecture estim\u00e9e\" \/>\n\t<meta name=\"twitter:data1\" content=\"3 minutes\" \/>\n<script type=\"application\/ld+json\" class=\"yoast-schema-graph\">{\"@context\":\"https:\/\/schema.org\",\"@graph\":[{\"@type\":\"WebPage\",\"@id\":\"https:\/\/gojuteinternational.com\/fr\/juco-vs-cotton-vs-jute-pros-cons\/\",\"url\":\"https:\/\/gojuteinternational.com\/fr\/juco-vs-cotton-vs-jute-pros-cons\/\",\"name\":\"Juco vs. coton vs. jute : Avantages et inconv\u00e9nients des sacs \u00e9cologiques\",\"isPartOf\":{\"@id\":\"https:\/\/gojuteinternational.com\/fr\/#website\"},\"datePublished\":\"2025-02-19T08:55:11+00:00\",\"dateModified\":\"2025-02-25T06:14:54+00:00\",\"description\":\"Vous vous demandez quel mat\u00e9riau de sac correspond \u00e0 vos besoins ? Comparez le charme rustique du jute, le m\u00e9lange \u00e9quilibr\u00e9 du juco et la polyvalence du coton pour faire un choix \u00e9clair\u00e9.\",\"breadcrumb\":{\"@id\":\"https:\/\/gojuteinternational.com\/fr\/juco-vs-cotton-vs-jute-pros-cons\/#breadcrumb\"},\"inLanguage\":\"fr-FR\",\"potentialAction\":[{\"@type\":\"ReadAction\",\"target\":[\"https:\/\/gojuteinternational.com\/fr\/juco-vs-cotton-vs-jute-pros-cons\/\"]}]},{\"@type\":\"BreadcrumbList\",\"@id\":\"https:\/\/gojuteinternational.com\/fr\/juco-vs-cotton-vs-jute-pros-cons\/#breadcrumb\",\"itemListElement\":[{\"@type\":\"ListItem\",\"position\":1,\"name\":\"Home\",\"item\":\"https:\/\/gojuteinternational.com\/fr\/\"},{\"@type\":\"ListItem\",\"position\":2,\"name\":\"Juco vs. coton vs. jute : Avantages et inconv\u00e9nients\"}]},{\"@type\":\"WebSite\",\"@id\":\"https:\/\/gojuteinternational.com\/fr\/#website\",\"url\":\"https:\/\/gojuteinternational.com\/fr\/\",\"name\":\"GoJute International\",\"description\":\"Printed bags for business\",\"publisher\":{\"@id\":\"https:\/\/gojuteinternational.com\/fr\/#organization\"},\"alternateName\":\"GoJute\",\"potentialAction\":[{\"@type\":\"SearchAction\",\"target\":{\"@type\":\"EntryPoint\",\"urlTemplate\":\"https:\/\/gojuteinternational.com\/fr\/?s={search_term_string}\"},\"query-input\":\"required name=search_term_string\"}],\"inLanguage\":\"fr-FR\"},{\"@type\":\"Organization\",\"@id\":\"https:\/\/gojuteinternational.com\/fr\/#organization\",\"name\":\"GoJute International\",\"alternateName\":\"GoJute\",\"url\":\"https:\/\/gojuteinternational.com\/fr\/\",\"logo\":{\"@type\":\"ImageObject\",\"inLanguage\":\"fr-FR\",\"@id\":\"https:\/\/gojuteinternational.com\/fr\/#\/schema\/logo\/image\/\",\"url\":\"https:\/\/gojuteinternational.com\/wp-content\/uploads\/2022\/06\/GoJute-Logo-RGB.png\",\"contentUrl\":\"https:\/\/gojuteinternational.com\/wp-content\/uploads\/2022\/06\/GoJute-Logo-RGB.png\",\"width\":2000,\"height\":1809,\"caption\":\"GoJute International\"},\"image\":{\"@id\":\"https:\/\/gojuteinternational.com\/fr\/#\/schema\/logo\/image\/\"},\"sameAs\":[\"https:\/\/www.facebook.com\/gojute\",\"https:\/\/www.instagram.com\/gojute\/\"]}]}<\/script>\n<!-- \/ Yoast SEO plugin. -->","yoast_head_json":{"title":"Juco vs. coton vs. jute : Avantages et inconv\u00e9nients des sacs \u00e9cologiques","description":"Vous vous demandez quel mat\u00e9riau de sac correspond \u00e0 vos besoins ? Comparez le charme rustique du jute, le m\u00e9lange \u00e9quilibr\u00e9 du juco et la polyvalence du coton pour faire un choix \u00e9clair\u00e9.","robots":{"index":"index","follow":"follow","max-snippet":"max-snippet:-1","max-image-preview":"max-image-preview:large","max-video-preview":"max-video-preview:-1"},"canonical":"https:\/\/gojuteinternational.com\/fr\/juco-vs-cotton-vs-jute-pros-cons\/","og_locale":"fr_FR","og_type":"article","og_title":"Juco vs. coton vs. jute : Avantages et inconv\u00e9nients des sacs \u00e9cologiques","og_description":"Vous vous demandez quel mat\u00e9riau de sac correspond \u00e0 vos besoins ? Comparez le charme rustique du jute, le m\u00e9lange \u00e9quilibr\u00e9 du juco et la polyvalence du coton pour faire un choix \u00e9clair\u00e9.","og_url":"https:\/\/gojuteinternational.com\/fr\/juco-vs-cotton-vs-jute-pros-cons\/","og_site_name":"GoJute International","article_publisher":"https:\/\/www.facebook.com\/gojute","article_modified_time":"2025-02-25T06:14:54+00:00","twitter_card":"summary_large_image","twitter_misc":{"Dur\u00e9e de lecture estim\u00e9e":"3 minutes"},"schema":{"@context":"https:\/\/schema.org","@graph":[{"@type":"WebPage","@id":"https:\/\/gojuteinternational.com\/fr\/juco-vs-cotton-vs-jute-pros-cons\/","url":"https:\/\/gojuteinternational.com\/fr\/juco-vs-cotton-vs-jute-pros-cons\/","name":"Juco vs. coton vs. jute : Avantages et inconv\u00e9nients des sacs \u00e9cologiques","isPartOf":{"@id":"https:\/\/gojuteinternational.com\/fr\/#website"},"datePublished":"2025-02-19T08:55:11+00:00","dateModified":"2025-02-25T06:14:54+00:00","description":"Vous vous demandez quel mat\u00e9riau de sac correspond \u00e0 vos besoins ? Comparez le charme rustique du jute, le m\u00e9lange \u00e9quilibr\u00e9 du juco et la polyvalence du coton pour faire un choix \u00e9clair\u00e9.","breadcrumb":{"@id":"https:\/\/gojuteinternational.com\/fr\/juco-vs-cotton-vs-jute-pros-cons\/#breadcrumb"},"inLanguage":"fr-FR","potentialAction":[{"@type":"ReadAction","target":["https:\/\/gojuteinternational.com\/fr\/juco-vs-cotton-vs-jute-pros-cons\/"]}]},{"@type":"BreadcrumbList","@id":"https:\/\/gojuteinternational.com\/fr\/juco-vs-cotton-vs-jute-pros-cons\/#breadcrumb","itemListElement":[{"@type":"ListItem","position":1,"name":"Home","item":"https:\/\/gojuteinternational.com\/fr\/"},{"@type":"ListItem","position":2,"name":"Juco vs. coton vs. jute : Avantages et inconv\u00e9nients"}]},{"@type":"WebSite","@id":"https:\/\/gojuteinternational.com\/fr\/#website","url":"https:\/\/gojuteinternational.com\/fr\/","name":"GoJute International","description":"Printed bags for business","publisher":{"@id":"https:\/\/gojuteinternational.com\/fr\/#organization"},"alternateName":"GoJute","potentialAction":[{"@type":"SearchAction","target":{"@type":"EntryPoint","urlTemplate":"https:\/\/gojuteinternational.com\/fr\/?s={search_term_string}"},"query-input":"required name=search_term_string"}],"inLanguage":"fr-FR"},{"@type":"Organization","@id":"https:\/\/gojuteinternational.com\/fr\/#organization","name":"GoJute International","alternateName":"GoJute","url":"https:\/\/gojuteinternational.com\/fr\/","logo":{"@type":"ImageObject","inLanguage":"fr-FR","@id":"https:\/\/gojuteinternational.com\/fr\/#\/schema\/logo\/image\/","url":"https:\/\/gojuteinternational.com\/wp-content\/uploads\/2022\/06\/GoJute-Logo-RGB.png","contentUrl":"https:\/\/gojuteinternational.com\/wp-content\/uploads\/2022\/06\/GoJute-Logo-RGB.png","width":2000,"height":1809,"caption":"GoJute International"},"image":{"@id":"https:\/\/gojuteinternational.com\/fr\/#\/schema\/logo\/image\/"},"sameAs":["https:\/\/www.facebook.com\/gojute","https:\/\/www.instagram.com\/gojute\/"]}]}},"_links":{"self":[{"href":"https:\/\/gojuteinternational.com\/fr\/wp-json\/wp\/v2\/pages\/85655","targetHints":{"allow":["GET"]}}],"collection":[{"href":"https:\/\/gojuteinternational.com\/fr\/wp-json\/wp\/v2\/pages"}],"about":[{"href":"https:\/\/gojuteinternational.com\/fr\/wp-json\/wp\/v2\/types\/page"}],"author":[{"embeddable":true,"href":"https:\/\/gojuteinternational.com\/fr\/wp-json\/wp\/v2\/users\/6996"}],"replies":[{"embeddable":true,"href":"https:\/\/gojuteinternational.com\/fr\/wp-json\/wp\/v2\/comments?post=85655"}],"version-history":[{"count":4,"href":"https:\/\/gojuteinternational.com\/fr\/wp-json\/wp\/v2\/pages\/85655\/revisions"}],"predecessor-version":[{"id":86089,"href":"https:\/\/gojuteinternational.com\/fr\/wp-json\/wp\/v2\/pages\/85655\/revisions\/86089"}],"wp:attachment":[{"href":"https:\/\/gojuteinternational.com\/fr\/wp-json\/wp\/v2\/media?parent=85655"}],"curies":[{"name":"wp","href":"https:\/\/api.w.org\/{rel}","templated":true}]}}