{"id":85691,"date":"2025-02-19T11:17:13","date_gmt":"2025-02-19T10:17:13","guid":{"rendered":"https:\/\/gojuteinternational.com\/are-your-bags-fair-trade-or-b-corp-certified-why-it-matters\/"},"modified":"2025-02-25T06:51:43","modified_gmt":"2025-02-25T05:51:43","slug":"are-your-bags-fair-trade-or-b-corp-certified-why-it-matters","status":"publish","type":"page","link":"https:\/\/gojuteinternational.com\/fr\/are-your-bags-fair-trade-or-b-corp-certified-why-it-matters\/","title":{"rendered":"Vos sacs sont-ils certifi\u00e9s commerce \u00e9quitable ou B-Corp ? Pourquoi c&rsquo;est important"},"content":{"rendered":"\t\t<div data-elementor-type=\"wp-page\" data-elementor-id=\"85691\" class=\"elementor elementor-85691 elementor-85688\" data-elementor-post-type=\"page\">\n\t\t\t\t\t\t\t\t\t<section class=\"elementor-section elementor-top-section elementor-element elementor-element-9005138 elementor-section-boxed elementor-section-height-default elementor-section-height-default\" data-id=\"9005138\" data-element_type=\"section\">\n\t\t\t\t\t\t<div class=\"elementor-container elementor-column-gap-default\">\n\t\t\t\t\t<div class=\"elementor-column elementor-col-100 elementor-top-column elementor-element elementor-element-cc3a2ae\" data-id=\"cc3a2ae\" data-element_type=\"column\">\n\t\t\t<div class=\"elementor-widget-wrap elementor-element-populated\">\n\t\t\t\t\t\t\t\t<div class=\"elementor-element elementor-element-5d45742 elementor-widget elementor-widget-spacer\" data-id=\"5d45742\" data-element_type=\"widget\" data-widget_type=\"spacer.default\">\n\t\t\t\t<div class=\"elementor-widget-container\">\n\t\t\t<style>\/*! elementor - v3.18.0 - 20-12-2023 *\/\n.elementor-column .elementor-spacer-inner{height:var(--spacer-size)}.e-con{--container-widget-width:100%}.e-con-inner>.elementor-widget-spacer,.e-con>.elementor-widget-spacer{width:var(--container-widget-width,var(--spacer-size));--align-self:var(--container-widget-align-self,initial);--flex-shrink:0}.e-con-inner>.elementor-widget-spacer>.elementor-widget-container,.e-con>.elementor-widget-spacer>.elementor-widget-container{height:100%;width:100%}.e-con-inner>.elementor-widget-spacer>.elementor-widget-container>.elementor-spacer,.e-con>.elementor-widget-spacer>.elementor-widget-container>.elementor-spacer{height:100%}.e-con-inner>.elementor-widget-spacer>.elementor-widget-container>.elementor-spacer>.elementor-spacer-inner,.e-con>.elementor-widget-spacer>.elementor-widget-container>.elementor-spacer>.elementor-spacer-inner{height:var(--container-widget-height,var(--spacer-size))}.e-con-inner>.elementor-widget-spacer.elementor-widget-empty,.e-con>.elementor-widget-spacer.elementor-widget-empty{position:relative;min-height:22px;min-width:22px}.e-con-inner>.elementor-widget-spacer.elementor-widget-empty .elementor-widget-empty-icon,.e-con>.elementor-widget-spacer.elementor-widget-empty .elementor-widget-empty-icon{position:absolute;top:0;bottom:0;left:0;right:0;margin:auto;padding:0;width:22px;height:22px}<\/style>\t\t<div class=\"elementor-spacer\">\n\t\t\t<div class=\"elementor-spacer-inner\"><\/div>\n\t\t<\/div>\n\t\t\t\t<\/div>\n\t\t\t\t<\/div>\n\t\t\t\t\t<\/div>\n\t\t<\/div>\n\t\t\t\t\t\t\t<\/div>\n\t\t<\/section>\n\t\t\t\t<section class=\"elementor-section elementor-top-section elementor-element elementor-element-5ba1836 elementor-section-boxed elementor-section-height-default elementor-section-height-default\" data-id=\"5ba1836\" data-element_type=\"section\">\n\t\t\t\t\t\t<div class=\"elementor-container elementor-column-gap-default\">\n\t\t\t\t\t<div class=\"elementor-column elementor-col-100 elementor-top-column elementor-element elementor-element-1776e12\" data-id=\"1776e12\" data-element_type=\"column\">\n\t\t\t<div class=\"elementor-widget-wrap elementor-element-populated\">\n\t\t\t\t\t\t\t\t<div class=\"elementor-element elementor-element-3cafc31 elementor-widget elementor-widget-heading\" data-id=\"3cafc31\" data-element_type=\"widget\" data-widget_type=\"heading.default\">\n\t\t\t\t<div class=\"elementor-widget-container\">\n\t\t\t<style>\/*! elementor - v3.18.0 - 20-12-2023 *\/\n.elementor-heading-title{padding:0;margin:0;line-height:1}.elementor-widget-heading .elementor-heading-title[class*=elementor-size-]>a{color:inherit;font-size:inherit;line-height:inherit}.elementor-widget-heading .elementor-heading-title.elementor-size-small{font-size:15px}.elementor-widget-heading .elementor-heading-title.elementor-size-medium{font-size:19px}.elementor-widget-heading .elementor-heading-title.elementor-size-large{font-size:29px}.elementor-widget-heading .elementor-heading-title.elementor-size-xl{font-size:39px}.elementor-widget-heading .elementor-heading-title.elementor-size-xxl{font-size:59px}<\/style><h1 class=\"elementor-heading-title elementor-size-default\">Vos sacs sont-ils certifi\u00e9s commerce \u00e9quitable ou B-Corp ? Voici pourquoi c'est important <\/h1>\t\t<\/div>\n\t\t\t\t<\/div>\n\t\t\t\t\t<\/div>\n\t\t<\/div>\n\t\t\t\t\t\t\t<\/div>\n\t\t<\/section>\n\t\t\t\t<section class=\"elementor-section elementor-top-section elementor-element elementor-element-c50800b elementor-section-boxed elementor-section-height-default elementor-section-height-default\" data-id=\"c50800b\" data-element_type=\"section\">\n\t\t\t\t\t\t<div class=\"elementor-container elementor-column-gap-default\">\n\t\t\t\t\t<div class=\"elementor-column elementor-col-100 elementor-top-column elementor-element elementor-element-1d38a51\" data-id=\"1d38a51\" data-element_type=\"column\">\n\t\t\t<div class=\"elementor-widget-wrap\">\n\t\t\t\t\t\t\t\t\t<\/div>\n\t\t<\/div>\n\t\t\t\t\t\t\t<\/div>\n\t\t<\/section>\n\t\t\t\t<section class=\"elementor-section elementor-top-section elementor-element elementor-element-bc764b1 elementor-section-boxed elementor-section-height-default elementor-section-height-default\" data-id=\"bc764b1\" data-element_type=\"section\">\n\t\t\t\t\t\t<div class=\"elementor-container elementor-column-gap-default\">\n\t\t\t\t\t<div class=\"elementor-column elementor-col-100 elementor-top-column elementor-element elementor-element-0c175e7\" data-id=\"0c175e7\" data-element_type=\"column\">\n\t\t\t<div class=\"elementor-widget-wrap elementor-element-populated\">\n\t\t\t\t\t\t\t\t<div class=\"elementor-element elementor-element-6e2c774 elementor-widget elementor-widget-text-editor\" data-id=\"6e2c774\" data-element_type=\"widget\" data-widget_type=\"text-editor.default\">\n\t\t\t\t<div class=\"elementor-widget-container\">\n\t\t\t<style>\/*! elementor - v3.18.0 - 20-12-2023 *\/\n.elementor-widget-text-editor.elementor-drop-cap-view-stacked .elementor-drop-cap{background-color:#69727d;color:#fff}.elementor-widget-text-editor.elementor-drop-cap-view-framed .elementor-drop-cap{color:#69727d;border:3px solid;background-color:transparent}.elementor-widget-text-editor:not(.elementor-drop-cap-view-default) .elementor-drop-cap{margin-top:8px}.elementor-widget-text-editor:not(.elementor-drop-cap-view-default) .elementor-drop-cap-letter{width:1em;height:1em}.elementor-widget-text-editor .elementor-drop-cap{float:left;text-align:center;line-height:1;font-size:50px}.elementor-widget-text-editor .elementor-drop-cap-letter{display:inline-block}<\/style>\t\t\t\t<p>La durabilit\u00e9 ne concerne pas seulement les mat\u00e9riaux que nous utilisons, mais aussi les normes sociales et \u00e9thiques qui sous-tendent la production. Des certifications telles que Fair Trade et B-Corp mettent en lumi\u00e8re la mani\u00e8re dont les travailleurs sont trait\u00e9s et dont les entreprises mesurent leur impact sur la soci\u00e9t\u00e9 et l&rsquo;environnement. Dans cet article, nous examinerons ces certifications, la mani\u00e8re dont elles s&rsquo;appliquent aux sacs r\u00e9utilisables et les raisons pour lesquelles elles sont importantes pour les acheteurs consciencieux.  <\/p>\n<h2> <\/h2>\n<h2>Certification du commerce \u00e9quitable<\/h2>\n<p>\u25cf Des pratiques de travail \u00e9thiques : Le commerce \u00e9quitable fixe des normes en mati\u00e8re de salaires d\u00e9cents, de conditions de travail s\u00fbres et de d\u00e9veloppement communautaire.<br \/>\u25cf Des cha\u00eenes d&rsquo;approvisionnement transparentes : Les produits peuvent \u00eatre retrac\u00e9s jusqu&rsquo;aux exploitations agricoles ou aux coop\u00e9ratives o\u00f9 ils ont \u00e9t\u00e9 produits.<br \/>\u25cf Investissement communautaire : Une partie des primes du commerce \u00e9quitable est souvent affect\u00e9e \u00e0 des projets communautaires tels que des \u00e9coles, des soins de sant\u00e9 ou des infrastructures.<\/p>\n<\/p>\n<h2>Certification B-Corp<\/h2>\n<p>\u25cf Approche holistique : Les B-Corps sont des entreprises qui r\u00e9pondent \u00e0 des normes \u00e9lev\u00e9es en mati\u00e8re de performances sociales et environnementales, de responsabilit\u00e9 et de transparence.<br \/>\u25cf \u00c9valuation de l&rsquo;impact : Les entreprises sont soumises \u00e0 un examen rigoureux de leurs activit\u00e9s &#8211; des avantages pour les travailleurs \u00e0 l&#8217;empreinte carbone.<br \/>\u25cf Am\u00e9lioration continue : Le statut de B-Corp exige un engagement continu, avec une recertification tous les quelques ann\u00e9es.<\/p>\n<\/p>\n<h2>Pourquoi ces certifications sont-elles importantes pour les sacs r\u00e9utilisables ?<\/h2>\n<p>\u25cf Approvisionnement \u00e9thique : Garantit que les mati\u00e8res premi\u00e8res (jute, coton, etc.) proviennent d&rsquo;exploitations agricoles ou d&rsquo;usines qui traitent les travailleurs de mani\u00e8re \u00e9quitable.<br \/>\u25cf Confiance des consommateurs : Les certifications sont v\u00e9rifi\u00e9es par des organisations tierces, ce qui ajoute de la cr\u00e9dibilit\u00e9 \u00e0 vos affirmations en mati\u00e8re de d\u00e9veloppement durable.<br \/>\u25cf Image de marque positive : S&rsquo;aligner sur les normes du commerce \u00e9quitable ou de B-Corp peut am\u00e9liorer votre r\u00e9putation aupr\u00e8s de<br \/>consommateurs soucieux de l&rsquo;environnement.<\/p>\n<\/p>\n<h2>Comment v\u00e9rifier les certifications<\/h2>\n<p>\u25cf V\u00e9rifiez l&rsquo;\u00e9tiquette : Les produits certifi\u00e9s commerce \u00e9quitable affichent souvent le logo du commerce \u00e9quitable ; les entreprises B-Corp affichent la marque B \u00ab\u00a0Certified B Corporation\u00a0\u00bb.<br \/>\u25cf R\u00e9pertoires en ligne : Fair Trade USA\/International et B Lab tiennent tous deux \u00e0 jour des bases de donn\u00e9es publiques d&rsquo;entreprises certifi\u00e9es.<\/p>\n<h2>Conclusion<\/h2>\n<p>Les certifications du commerce \u00e9quitable et de B-Corp vont au-del\u00e0 du caract\u00e8re \u00e9cologique des mat\u00e9riaux, en se concentrant sur les personnes et les pratiques qui fa\u00e7onnent l&rsquo;ensemble du processus de production. En choisissant des produits certifi\u00e9s, vous ne vous contentez pas de r\u00e9duire votre impact sur l&rsquo;environnement : vous soutenez \u00e9galement le travail \u00e9quitable et les mod\u00e8les d&rsquo;entreprise responsables qui soutiennent les communaut\u00e9s du monde entier. <\/p>\n\t\t\t\t\t\t<\/div>\n\t\t\t\t<\/div>\n\t\t\t\t\t<\/div>\n\t\t<\/div>\n\t\t\t\t\t\t\t<\/div>\n\t\t<\/section>\n\t\t\t\t\t\t\t<\/div>\n\t\t","protected":false},"excerpt":{"rendered":"<p>Vos sacs sont-ils certifi\u00e9s commerce \u00e9quitable ou B-Corp ? Voici pourquoi c&rsquo;est important La durabilit\u00e9 ne concerne pas seulement les mat\u00e9riaux que nous utilisons, mais aussi les normes sociales et \u00e9thiques qui sous-tendent la production. Des certifications telles que Fair Trade et B-Corp mettent en lumi\u00e8re la mani\u00e8re dont les travailleurs sont trait\u00e9s et dont [&hellip;]<\/p>\n","protected":false},"author":6996,"featured_media":0,"parent":0,"menu_order":0,"comment_status":"closed","ping_status":"closed","template":"elementor_header_footer","meta":{"content-type":"","_monsterinsights_skip_tracking":false,"_monsterinsights_sitenote_active":false,"_monsterinsights_sitenote_note":"","_monsterinsights_sitenote_category":0,"footnotes":""},"class_list":["post-85691","page","type-page","status-publish","hentry"],"yoast_head":"<!-- This site is optimized with the Yoast SEO plugin v21.7 - https:\/\/yoast.com\/wordpress\/plugins\/seo\/ -->\n<title>Commerce \u00e9quitable et sacs B-Corp : Comprendre les certifications \u00e9thiques<\/title>\n<meta name=\"description\" content=\"Apprenez comment les certifications Fair Trade et B-Corp garantissent un travail \u00e9thique et des pratiques durables. D\u00e9couvrez pourquoi ces labels sont importants pour les sacs r\u00e9utilisables.\" \/>\n<meta name=\"robots\" content=\"index, follow, max-snippet:-1, max-image-preview:large, max-video-preview:-1\" \/>\n<link rel=\"canonical\" href=\"https:\/\/gojuteinternational.com\/fr\/are-your-bags-fair-trade-or-b-corp-certified-why-it-matters\/\" \/>\n<meta property=\"og:locale\" content=\"fr_FR\" \/>\n<meta property=\"og:type\" content=\"article\" \/>\n<meta property=\"og:title\" content=\"Commerce \u00e9quitable et sacs B-Corp : Comprendre les certifications \u00e9thiques\" \/>\n<meta property=\"og:description\" content=\"Apprenez comment les certifications Fair Trade et B-Corp garantissent un travail \u00e9thique et des pratiques durables. D\u00e9couvrez pourquoi ces labels sont importants pour les sacs r\u00e9utilisables.\" \/>\n<meta property=\"og:url\" content=\"https:\/\/gojuteinternational.com\/fr\/are-your-bags-fair-trade-or-b-corp-certified-why-it-matters\/\" \/>\n<meta property=\"og:site_name\" content=\"GoJute International\" \/>\n<meta property=\"article:publisher\" content=\"https:\/\/www.facebook.com\/gojute\" \/>\n<meta property=\"article:modified_time\" content=\"2025-02-25T05:51:43+00:00\" \/>\n<meta name=\"twitter:card\" content=\"summary_large_image\" \/>\n<meta name=\"twitter:label1\" content=\"Dur\u00e9e de lecture estim\u00e9e\" \/>\n\t<meta name=\"twitter:data1\" content=\"2 minutes\" \/>\n<script type=\"application\/ld+json\" class=\"yoast-schema-graph\">{\"@context\":\"https:\/\/schema.org\",\"@graph\":[{\"@type\":\"WebPage\",\"@id\":\"https:\/\/gojuteinternational.com\/fr\/are-your-bags-fair-trade-or-b-corp-certified-why-it-matters\/\",\"url\":\"https:\/\/gojuteinternational.com\/fr\/are-your-bags-fair-trade-or-b-corp-certified-why-it-matters\/\",\"name\":\"Commerce \u00e9quitable et sacs B-Corp : Comprendre les certifications \u00e9thiques\",\"isPartOf\":{\"@id\":\"https:\/\/gojuteinternational.com\/fr\/#website\"},\"datePublished\":\"2025-02-19T10:17:13+00:00\",\"dateModified\":\"2025-02-25T05:51:43+00:00\",\"description\":\"Apprenez comment les certifications Fair Trade et B-Corp garantissent un travail \u00e9thique et des pratiques durables. D\u00e9couvrez pourquoi ces labels sont importants pour les sacs r\u00e9utilisables.\",\"breadcrumb\":{\"@id\":\"https:\/\/gojuteinternational.com\/fr\/are-your-bags-fair-trade-or-b-corp-certified-why-it-matters\/#breadcrumb\"},\"inLanguage\":\"fr-FR\",\"potentialAction\":[{\"@type\":\"ReadAction\",\"target\":[\"https:\/\/gojuteinternational.com\/fr\/are-your-bags-fair-trade-or-b-corp-certified-why-it-matters\/\"]}]},{\"@type\":\"BreadcrumbList\",\"@id\":\"https:\/\/gojuteinternational.com\/fr\/are-your-bags-fair-trade-or-b-corp-certified-why-it-matters\/#breadcrumb\",\"itemListElement\":[{\"@type\":\"ListItem\",\"position\":1,\"name\":\"Home\",\"item\":\"https:\/\/gojuteinternational.com\/fr\/\"},{\"@type\":\"ListItem\",\"position\":2,\"name\":\"Vos sacs sont-ils certifi\u00e9s commerce \u00e9quitable ou B-Corp ? Pourquoi c&#8217;est important\"}]},{\"@type\":\"WebSite\",\"@id\":\"https:\/\/gojuteinternational.com\/fr\/#website\",\"url\":\"https:\/\/gojuteinternational.com\/fr\/\",\"name\":\"GoJute International\",\"description\":\"Printed bags for business\",\"publisher\":{\"@id\":\"https:\/\/gojuteinternational.com\/fr\/#organization\"},\"alternateName\":\"GoJute\",\"potentialAction\":[{\"@type\":\"SearchAction\",\"target\":{\"@type\":\"EntryPoint\",\"urlTemplate\":\"https:\/\/gojuteinternational.com\/fr\/?s={search_term_string}\"},\"query-input\":\"required name=search_term_string\"}],\"inLanguage\":\"fr-FR\"},{\"@type\":\"Organization\",\"@id\":\"https:\/\/gojuteinternational.com\/fr\/#organization\",\"name\":\"GoJute International\",\"alternateName\":\"GoJute\",\"url\":\"https:\/\/gojuteinternational.com\/fr\/\",\"logo\":{\"@type\":\"ImageObject\",\"inLanguage\":\"fr-FR\",\"@id\":\"https:\/\/gojuteinternational.com\/fr\/#\/schema\/logo\/image\/\",\"url\":\"https:\/\/gojuteinternational.com\/wp-content\/uploads\/2022\/06\/GoJute-Logo-RGB.png\",\"contentUrl\":\"https:\/\/gojuteinternational.com\/wp-content\/uploads\/2022\/06\/GoJute-Logo-RGB.png\",\"width\":2000,\"height\":1809,\"caption\":\"GoJute International\"},\"image\":{\"@id\":\"https:\/\/gojuteinternational.com\/fr\/#\/schema\/logo\/image\/\"},\"sameAs\":[\"https:\/\/www.facebook.com\/gojute\",\"https:\/\/www.instagram.com\/gojute\/\"]}]}<\/script>\n<!-- \/ Yoast SEO plugin. -->","yoast_head_json":{"title":"Commerce \u00e9quitable et sacs B-Corp : Comprendre les certifications \u00e9thiques","description":"Apprenez comment les certifications Fair Trade et B-Corp garantissent un travail \u00e9thique et des pratiques durables. D\u00e9couvrez pourquoi ces labels sont importants pour les sacs r\u00e9utilisables.","robots":{"index":"index","follow":"follow","max-snippet":"max-snippet:-1","max-image-preview":"max-image-preview:large","max-video-preview":"max-video-preview:-1"},"canonical":"https:\/\/gojuteinternational.com\/fr\/are-your-bags-fair-trade-or-b-corp-certified-why-it-matters\/","og_locale":"fr_FR","og_type":"article","og_title":"Commerce \u00e9quitable et sacs B-Corp : Comprendre les certifications \u00e9thiques","og_description":"Apprenez comment les certifications Fair Trade et B-Corp garantissent un travail \u00e9thique et des pratiques durables. D\u00e9couvrez pourquoi ces labels sont importants pour les sacs r\u00e9utilisables.","og_url":"https:\/\/gojuteinternational.com\/fr\/are-your-bags-fair-trade-or-b-corp-certified-why-it-matters\/","og_site_name":"GoJute International","article_publisher":"https:\/\/www.facebook.com\/gojute","article_modified_time":"2025-02-25T05:51:43+00:00","twitter_card":"summary_large_image","twitter_misc":{"Dur\u00e9e de lecture estim\u00e9e":"2 minutes"},"schema":{"@context":"https:\/\/schema.org","@graph":[{"@type":"WebPage","@id":"https:\/\/gojuteinternational.com\/fr\/are-your-bags-fair-trade-or-b-corp-certified-why-it-matters\/","url":"https:\/\/gojuteinternational.com\/fr\/are-your-bags-fair-trade-or-b-corp-certified-why-it-matters\/","name":"Commerce \u00e9quitable et sacs B-Corp : Comprendre les certifications \u00e9thiques","isPartOf":{"@id":"https:\/\/gojuteinternational.com\/fr\/#website"},"datePublished":"2025-02-19T10:17:13+00:00","dateModified":"2025-02-25T05:51:43+00:00","description":"Apprenez comment les certifications Fair Trade et B-Corp garantissent un travail \u00e9thique et des pratiques durables. D\u00e9couvrez pourquoi ces labels sont importants pour les sacs r\u00e9utilisables.","breadcrumb":{"@id":"https:\/\/gojuteinternational.com\/fr\/are-your-bags-fair-trade-or-b-corp-certified-why-it-matters\/#breadcrumb"},"inLanguage":"fr-FR","potentialAction":[{"@type":"ReadAction","target":["https:\/\/gojuteinternational.com\/fr\/are-your-bags-fair-trade-or-b-corp-certified-why-it-matters\/"]}]},{"@type":"BreadcrumbList","@id":"https:\/\/gojuteinternational.com\/fr\/are-your-bags-fair-trade-or-b-corp-certified-why-it-matters\/#breadcrumb","itemListElement":[{"@type":"ListItem","position":1,"name":"Home","item":"https:\/\/gojuteinternational.com\/fr\/"},{"@type":"ListItem","position":2,"name":"Vos sacs sont-ils certifi\u00e9s commerce \u00e9quitable ou B-Corp ? Pourquoi c&#8217;est important"}]},{"@type":"WebSite","@id":"https:\/\/gojuteinternational.com\/fr\/#website","url":"https:\/\/gojuteinternational.com\/fr\/","name":"GoJute International","description":"Printed bags for business","publisher":{"@id":"https:\/\/gojuteinternational.com\/fr\/#organization"},"alternateName":"GoJute","potentialAction":[{"@type":"SearchAction","target":{"@type":"EntryPoint","urlTemplate":"https:\/\/gojuteinternational.com\/fr\/?s={search_term_string}"},"query-input":"required name=search_term_string"}],"inLanguage":"fr-FR"},{"@type":"Organization","@id":"https:\/\/gojuteinternational.com\/fr\/#organization","name":"GoJute International","alternateName":"GoJute","url":"https:\/\/gojuteinternational.com\/fr\/","logo":{"@type":"ImageObject","inLanguage":"fr-FR","@id":"https:\/\/gojuteinternational.com\/fr\/#\/schema\/logo\/image\/","url":"https:\/\/gojuteinternational.com\/wp-content\/uploads\/2022\/06\/GoJute-Logo-RGB.png","contentUrl":"https:\/\/gojuteinternational.com\/wp-content\/uploads\/2022\/06\/GoJute-Logo-RGB.png","width":2000,"height":1809,"caption":"GoJute International"},"image":{"@id":"https:\/\/gojuteinternational.com\/fr\/#\/schema\/logo\/image\/"},"sameAs":["https:\/\/www.facebook.com\/gojute","https:\/\/www.instagram.com\/gojute\/"]}]}},"_links":{"self":[{"href":"https:\/\/gojuteinternational.com\/fr\/wp-json\/wp\/v2\/pages\/85691","targetHints":{"allow":["GET"]}}],"collection":[{"href":"https:\/\/gojuteinternational.com\/fr\/wp-json\/wp\/v2\/pages"}],"about":[{"href":"https:\/\/gojuteinternational.com\/fr\/wp-json\/wp\/v2\/types\/page"}],"author":[{"embeddable":true,"href":"https:\/\/gojuteinternational.com\/fr\/wp-json\/wp\/v2\/users\/6996"}],"replies":[{"embeddable":true,"href":"https:\/\/gojuteinternational.com\/fr\/wp-json\/wp\/v2\/comments?post=85691"}],"version-history":[{"count":5,"href":"https:\/\/gojuteinternational.com\/fr\/wp-json\/wp\/v2\/pages\/85691\/revisions"}],"predecessor-version":[{"id":86031,"href":"https:\/\/gojuteinternational.com\/fr\/wp-json\/wp\/v2\/pages\/85691\/revisions\/86031"}],"wp:attachment":[{"href":"https:\/\/gojuteinternational.com\/fr\/wp-json\/wp\/v2\/media?parent=85691"}],"curies":[{"name":"wp","href":"https:\/\/api.w.org\/{rel}","templated":true}]}}