{"id":85711,"date":"2025-02-19T12:35:57","date_gmt":"2025-02-19T11:35:57","guid":{"rendered":"https:\/\/gojuteinternational.com\/why-jute-is-considered-an-eco-champion\/"},"modified":"2025-02-19T12:51:01","modified_gmt":"2025-02-19T11:51:01","slug":"why-jute-is-considered-an-eco-champion","status":"publish","type":"page","link":"https:\/\/gojuteinternational.com\/fr\/why-jute-is-considered-an-eco-champion\/","title":{"rendered":"Pourquoi le jute est-il consid\u00e9r\u00e9 comme un champion \u00e9cologique ?"},"content":{"rendered":"\t\t<div data-elementor-type=\"wp-page\" data-elementor-id=\"85711\" class=\"elementor elementor-85711 elementor-85708\" data-elementor-post-type=\"page\">\n\t\t\t\t\t\t\t\t\t<section class=\"elementor-section elementor-top-section elementor-element elementor-element-6bd7b17 elementor-section-boxed elementor-section-height-default elementor-section-height-default\" data-id=\"6bd7b17\" data-element_type=\"section\">\n\t\t\t\t\t\t<div class=\"elementor-container elementor-column-gap-default\">\n\t\t\t\t\t<div class=\"elementor-column elementor-col-100 elementor-top-column elementor-element elementor-element-98b4daa\" data-id=\"98b4daa\" data-element_type=\"column\">\n\t\t\t<div class=\"elementor-widget-wrap elementor-element-populated\">\n\t\t\t\t\t\t\t\t<div class=\"elementor-element elementor-element-04d48e6 elementor-widget elementor-widget-spacer\" data-id=\"04d48e6\" data-element_type=\"widget\" data-widget_type=\"spacer.default\">\n\t\t\t\t<div class=\"elementor-widget-container\">\n\t\t\t<style>\/*! elementor - v3.18.0 - 20-12-2023 *\/\n.elementor-column .elementor-spacer-inner{height:var(--spacer-size)}.e-con{--container-widget-width:100%}.e-con-inner>.elementor-widget-spacer,.e-con>.elementor-widget-spacer{width:var(--container-widget-width,var(--spacer-size));--align-self:var(--container-widget-align-self,initial);--flex-shrink:0}.e-con-inner>.elementor-widget-spacer>.elementor-widget-container,.e-con>.elementor-widget-spacer>.elementor-widget-container{height:100%;width:100%}.e-con-inner>.elementor-widget-spacer>.elementor-widget-container>.elementor-spacer,.e-con>.elementor-widget-spacer>.elementor-widget-container>.elementor-spacer{height:100%}.e-con-inner>.elementor-widget-spacer>.elementor-widget-container>.elementor-spacer>.elementor-spacer-inner,.e-con>.elementor-widget-spacer>.elementor-widget-container>.elementor-spacer>.elementor-spacer-inner{height:var(--container-widget-height,var(--spacer-size))}.e-con-inner>.elementor-widget-spacer.elementor-widget-empty,.e-con>.elementor-widget-spacer.elementor-widget-empty{position:relative;min-height:22px;min-width:22px}.e-con-inner>.elementor-widget-spacer.elementor-widget-empty .elementor-widget-empty-icon,.e-con>.elementor-widget-spacer.elementor-widget-empty .elementor-widget-empty-icon{position:absolute;top:0;bottom:0;left:0;right:0;margin:auto;padding:0;width:22px;height:22px}<\/style>\t\t<div class=\"elementor-spacer\">\n\t\t\t<div class=\"elementor-spacer-inner\"><\/div>\n\t\t<\/div>\n\t\t\t\t<\/div>\n\t\t\t\t<\/div>\n\t\t\t\t\t<\/div>\n\t\t<\/div>\n\t\t\t\t\t\t\t<\/div>\n\t\t<\/section>\n\t\t\t\t<section class=\"elementor-section elementor-top-section elementor-element elementor-element-d6208ba elementor-section-boxed elementor-section-height-default elementor-section-height-default\" data-id=\"d6208ba\" data-element_type=\"section\">\n\t\t\t\t\t\t<div class=\"elementor-container elementor-column-gap-default\">\n\t\t\t\t\t<div class=\"elementor-column elementor-col-100 elementor-top-column elementor-element elementor-element-a71a71b\" data-id=\"a71a71b\" data-element_type=\"column\">\n\t\t\t<div class=\"elementor-widget-wrap elementor-element-populated\">\n\t\t\t\t\t\t\t\t<div class=\"elementor-element elementor-element-6e51773 elementor-widget elementor-widget-heading\" data-id=\"6e51773\" data-element_type=\"widget\" data-widget_type=\"heading.default\">\n\t\t\t\t<div class=\"elementor-widget-container\">\n\t\t\t<style>\/*! elementor - v3.18.0 - 20-12-2023 *\/\n.elementor-heading-title{padding:0;margin:0;line-height:1}.elementor-widget-heading .elementor-heading-title[class*=elementor-size-]>a{color:inherit;font-size:inherit;line-height:inherit}.elementor-widget-heading .elementor-heading-title.elementor-size-small{font-size:15px}.elementor-widget-heading .elementor-heading-title.elementor-size-medium{font-size:19px}.elementor-widget-heading .elementor-heading-title.elementor-size-large{font-size:29px}.elementor-widget-heading .elementor-heading-title.elementor-size-xl{font-size:39px}.elementor-widget-heading .elementor-heading-title.elementor-size-xxl{font-size:59px}<\/style><h2 class=\"elementor-heading-title elementor-size-default\">Pourquoi le jute est consid\u00e9r\u00e9 comme un champion \u00e9cologique : Le d\u00e9veloppement durable \u00e0 l'\u00e9tat pur<\/h2>\t\t<\/div>\n\t\t\t\t<\/div>\n\t\t\t\t\t<\/div>\n\t\t<\/div>\n\t\t\t\t\t\t\t<\/div>\n\t\t<\/section>\n\t\t\t\t<section class=\"elementor-section elementor-top-section elementor-element elementor-element-9ed151a elementor-section-boxed elementor-section-height-default elementor-section-height-default\" data-id=\"9ed151a\" data-element_type=\"section\">\n\t\t\t\t\t\t<div class=\"elementor-container elementor-column-gap-default\">\n\t\t\t\t\t<div class=\"elementor-column elementor-col-100 elementor-top-column elementor-element elementor-element-fd5231c\" data-id=\"fd5231c\" data-element_type=\"column\">\n\t\t\t<div class=\"elementor-widget-wrap elementor-element-populated\">\n\t\t\t\t\t\t\t\t<div class=\"elementor-element elementor-element-2a75add elementor-widget elementor-widget-text-editor\" data-id=\"2a75add\" data-element_type=\"widget\" data-widget_type=\"text-editor.default\">\n\t\t\t\t<div class=\"elementor-widget-container\">\n\t\t\t<style>\/*! elementor - v3.18.0 - 20-12-2023 *\/\n.elementor-widget-text-editor.elementor-drop-cap-view-stacked .elementor-drop-cap{background-color:#69727d;color:#fff}.elementor-widget-text-editor.elementor-drop-cap-view-framed .elementor-drop-cap{color:#69727d;border:3px solid;background-color:transparent}.elementor-widget-text-editor:not(.elementor-drop-cap-view-default) .elementor-drop-cap{margin-top:8px}.elementor-widget-text-editor:not(.elementor-drop-cap-view-default) .elementor-drop-cap-letter{width:1em;height:1em}.elementor-widget-text-editor .elementor-drop-cap{float:left;text-align:center;line-height:1;font-size:50px}.elementor-widget-text-editor .elementor-drop-cap-letter{display:inline-block}<\/style>\t\t\t\t<p>Le jute est depuis longtemps consid\u00e9r\u00e9 comme l&rsquo;une des fibres les plus \u00e9cologiques du march\u00e9. Souvent appel\u00e9 \u00ab\u00a0fibre d&rsquo;or\u00a0\u00bb, le jute n&rsquo;est pas seulement durable et polyvalent, il pr\u00e9sente \u00e9galement un profil environnemental impressionnant. Cet article explique pourquoi le jute est une superstar du d\u00e9veloppement durable et comment l&rsquo;utilisation de sacs en jute peut contribuer \u00e0 r\u00e9duire les d\u00e9chets plastiques et l&#8217;empreinte carbone.  <\/p>\n<p>Le Panorama, Block A\/B, 57 Rue Grimaldi, Monaco 98000, Principaut\u00e9 de Monaco<br \/>Parkgate house, 33a Pratt Street, London NW1 0BG, United Kingdom<br \/>1688 Meridian Avenue, Miami Beach Florida, 33139, United States of America<br \/>relevance.digital<\/p>\n<\/p>\n<h2>Croissance rapide et faible utilisation des ressources<\/h2>\n<p>\u25cf Maturation rapide : Les plants de jute peuvent \u00eatre r\u00e9colt\u00e9s en seulement quatre \u00e0 six<br \/>mois, ce qui permet plusieurs cycles de croissance par an.<br \/>\u25cf Un minimum de pesticides et d&rsquo;engrais : Le jute prosp\u00e8re g\u00e9n\u00e9ralement sans interventions chimiques lourdes<br \/>, ce qui r\u00e9duit la contamination des sols et de l&rsquo;eau.<br \/>\u25cf Faible consommation d&rsquo;eau : Contrairement \u00e0 de nombreuses cultures, le jute ne n\u00e9cessite pas<br \/>d&rsquo;irrigation importante, ce qui le rend adapt\u00e9 aux r\u00e9gions \u00e0 pluviom\u00e9trie mod\u00e9r\u00e9e<br \/>.<\/p>\n<\/p>\n<h2>Biod\u00e9gradable et compostable<\/h2>\n<p>\u25cf Fibre naturelle : 100 % v\u00e9g\u00e9tale, ce qui signifie qu&rsquo;elle se d\u00e9compose au fil du temps<br \/>sans laisser de microplastiques nocifs derri\u00e8re elle.<br \/>\u25cf R\u00e9duction des d\u00e9charges : Lorsqu&rsquo;elles sont \u00e9limin\u00e9es correctement, les fibres de jute se d\u00e9composent,<br \/>en restituant des nutriments au sol.<\/p>\n<\/p>\n<h2>S\u00e9questration du carbone<\/h2>\n<p>\u25cf Forte absorption de CO2 : Pendant leur croissance, les plantes de jute absorbent le dioxyde de carbone<br \/>et rejettent de l&rsquo;oxyg\u00e8ne \u00e0 un taux sup\u00e9rieur \u00e0 celui de nombreuses autres fibres.<br \/>\u25cf Att\u00e9nuation du changement climatique : La culture du jute \u00e0 grande \u00e9chelle peut jouer un r\u00f4le<br \/>dans la compensation des \u00e9missions de gaz \u00e0 effet de serre.<\/p>\n<\/p>\n<h2>Avantages pour les communaut\u00e9s agricoles<\/h2>\n<p>\u25cf Possibilit\u00e9s d&#8217;emploi : La culture du jute fournit des emplois aux communaut\u00e9s rurales<br \/>, en particulier dans des pays comme le Bangladesh et l&rsquo;Inde.<br \/>\u25cf Revenu durable : Parce qu&rsquo;il pousse rapidement, le jute offre une source de revenus fiable<br \/>pour les agriculteurs.<\/p>\n<\/p>\n<h2>Conclusion<\/h2>\n<p>De la faible utilisation d&rsquo;eau \u00e0 la s\u00e9questration du carbone, le jute se distingue comme l&rsquo;une des<br \/>fibres les plus respectueuses de l&rsquo;environnement. Que vous soyez un d\u00e9taillant<br \/>\u00e0 la recherche d&#8217;emballages durables ou un consommateur essayant de r\u00e9duire le plastique<br \/>, l&rsquo;incorporation du jute dans vos habitudes est un moyen tangible d&rsquo;avoir un impact positif<br \/>. <\/p>\n\t\t\t\t\t\t<\/div>\n\t\t\t\t<\/div>\n\t\t\t\t\t<\/div>\n\t\t<\/div>\n\t\t\t\t\t\t\t<\/div>\n\t\t<\/section>\n\t\t\t\t\t\t\t<\/div>\n\t\t","protected":false},"excerpt":{"rendered":"<p>Pourquoi le jute est consid\u00e9r\u00e9 comme un champion \u00e9cologique : Le d\u00e9veloppement durable \u00e0 l&rsquo;\u00e9tat pur Le jute est depuis longtemps consid\u00e9r\u00e9 comme l&rsquo;une des fibres les plus \u00e9cologiques du march\u00e9. Souvent appel\u00e9 \u00ab\u00a0fibre d&rsquo;or\u00a0\u00bb, le jute n&rsquo;est pas seulement durable et polyvalent, il pr\u00e9sente \u00e9galement un profil environnemental impressionnant. Cet article explique pourquoi le [&hellip;]<\/p>\n","protected":false},"author":6996,"featured_media":0,"parent":0,"menu_order":0,"comment_status":"closed","ping_status":"closed","template":"elementor_header_footer","meta":{"content-type":"","_monsterinsights_skip_tracking":false,"_monsterinsights_sitenote_active":false,"_monsterinsights_sitenote_note":"","_monsterinsights_sitenote_category":0,"footnotes":""},"class_list":["post-85711","page","type-page","status-publish","hentry"],"yoast_head":"<!-- This site is optimized with the Yoast SEO plugin v21.7 - https:\/\/yoast.com\/wordpress\/plugins\/seo\/ -->\n<title>Pourquoi le jute est un champion \u00e9cologique : Principaux avantages en mati\u00e8re de d\u00e9veloppement durable<\/title>\n<meta name=\"description\" content=\"D\u00e9couvrez comment la croissance rapide du jute, sa biod\u00e9gradabilit\u00e9 et sa faible utilisation de ressources en font le choix id\u00e9al pour les sacs et emballages \u00e9cologiques.\" \/>\n<meta name=\"robots\" content=\"index, follow, max-snippet:-1, max-image-preview:large, max-video-preview:-1\" \/>\n<link rel=\"canonical\" href=\"https:\/\/gojuteinternational.com\/fr\/why-jute-is-considered-an-eco-champion\/\" \/>\n<meta property=\"og:locale\" content=\"fr_FR\" \/>\n<meta property=\"og:type\" content=\"article\" \/>\n<meta property=\"og:title\" content=\"Pourquoi le jute est un champion \u00e9cologique : Principaux avantages en mati\u00e8re de d\u00e9veloppement durable\" \/>\n<meta property=\"og:description\" content=\"D\u00e9couvrez comment la croissance rapide du jute, sa biod\u00e9gradabilit\u00e9 et sa faible utilisation de ressources en font le choix id\u00e9al pour les sacs et emballages \u00e9cologiques.\" \/>\n<meta property=\"og:url\" content=\"https:\/\/gojuteinternational.com\/fr\/why-jute-is-considered-an-eco-champion\/\" \/>\n<meta property=\"og:site_name\" content=\"GoJute International\" \/>\n<meta property=\"article:publisher\" content=\"https:\/\/www.facebook.com\/gojute\" \/>\n<meta property=\"article:modified_time\" content=\"2025-02-19T11:51:01+00:00\" \/>\n<meta name=\"twitter:card\" content=\"summary_large_image\" \/>\n<meta name=\"twitter:label1\" content=\"Dur\u00e9e de lecture estim\u00e9e\" \/>\n\t<meta name=\"twitter:data1\" content=\"2 minutes\" \/>\n<script type=\"application\/ld+json\" class=\"yoast-schema-graph\">{\"@context\":\"https:\/\/schema.org\",\"@graph\":[{\"@type\":\"WebPage\",\"@id\":\"https:\/\/gojuteinternational.com\/fr\/why-jute-is-considered-an-eco-champion\/\",\"url\":\"https:\/\/gojuteinternational.com\/fr\/why-jute-is-considered-an-eco-champion\/\",\"name\":\"Pourquoi le jute est un champion \u00e9cologique : Principaux avantages en mati\u00e8re de d\u00e9veloppement durable\",\"isPartOf\":{\"@id\":\"https:\/\/gojuteinternational.com\/fr\/#website\"},\"datePublished\":\"2025-02-19T11:35:57+00:00\",\"dateModified\":\"2025-02-19T11:51:01+00:00\",\"description\":\"D\u00e9couvrez comment la croissance rapide du jute, sa biod\u00e9gradabilit\u00e9 et sa faible utilisation de ressources en font le choix id\u00e9al pour les sacs et emballages \u00e9cologiques.\",\"breadcrumb\":{\"@id\":\"https:\/\/gojuteinternational.com\/fr\/why-jute-is-considered-an-eco-champion\/#breadcrumb\"},\"inLanguage\":\"fr-FR\",\"potentialAction\":[{\"@type\":\"ReadAction\",\"target\":[\"https:\/\/gojuteinternational.com\/fr\/why-jute-is-considered-an-eco-champion\/\"]}]},{\"@type\":\"BreadcrumbList\",\"@id\":\"https:\/\/gojuteinternational.com\/fr\/why-jute-is-considered-an-eco-champion\/#breadcrumb\",\"itemListElement\":[{\"@type\":\"ListItem\",\"position\":1,\"name\":\"Home\",\"item\":\"https:\/\/gojuteinternational.com\/fr\/\"},{\"@type\":\"ListItem\",\"position\":2,\"name\":\"Pourquoi le jute est-il consid\u00e9r\u00e9 comme un champion \u00e9cologique ?\"}]},{\"@type\":\"WebSite\",\"@id\":\"https:\/\/gojuteinternational.com\/fr\/#website\",\"url\":\"https:\/\/gojuteinternational.com\/fr\/\",\"name\":\"GoJute International\",\"description\":\"Printed bags for business\",\"publisher\":{\"@id\":\"https:\/\/gojuteinternational.com\/fr\/#organization\"},\"alternateName\":\"GoJute\",\"potentialAction\":[{\"@type\":\"SearchAction\",\"target\":{\"@type\":\"EntryPoint\",\"urlTemplate\":\"https:\/\/gojuteinternational.com\/fr\/?s={search_term_string}\"},\"query-input\":\"required name=search_term_string\"}],\"inLanguage\":\"fr-FR\"},{\"@type\":\"Organization\",\"@id\":\"https:\/\/gojuteinternational.com\/fr\/#organization\",\"name\":\"GoJute International\",\"alternateName\":\"GoJute\",\"url\":\"https:\/\/gojuteinternational.com\/fr\/\",\"logo\":{\"@type\":\"ImageObject\",\"inLanguage\":\"fr-FR\",\"@id\":\"https:\/\/gojuteinternational.com\/fr\/#\/schema\/logo\/image\/\",\"url\":\"https:\/\/gojuteinternational.com\/wp-content\/uploads\/2022\/06\/GoJute-Logo-RGB.png\",\"contentUrl\":\"https:\/\/gojuteinternational.com\/wp-content\/uploads\/2022\/06\/GoJute-Logo-RGB.png\",\"width\":2000,\"height\":1809,\"caption\":\"GoJute International\"},\"image\":{\"@id\":\"https:\/\/gojuteinternational.com\/fr\/#\/schema\/logo\/image\/\"},\"sameAs\":[\"https:\/\/www.facebook.com\/gojute\",\"https:\/\/www.instagram.com\/gojute\/\"]}]}<\/script>\n<!-- \/ Yoast SEO plugin. -->","yoast_head_json":{"title":"Pourquoi le jute est un champion \u00e9cologique : Principaux avantages en mati\u00e8re de d\u00e9veloppement durable","description":"D\u00e9couvrez comment la croissance rapide du jute, sa biod\u00e9gradabilit\u00e9 et sa faible utilisation de ressources en font le choix id\u00e9al pour les sacs et emballages \u00e9cologiques.","robots":{"index":"index","follow":"follow","max-snippet":"max-snippet:-1","max-image-preview":"max-image-preview:large","max-video-preview":"max-video-preview:-1"},"canonical":"https:\/\/gojuteinternational.com\/fr\/why-jute-is-considered-an-eco-champion\/","og_locale":"fr_FR","og_type":"article","og_title":"Pourquoi le jute est un champion \u00e9cologique : Principaux avantages en mati\u00e8re de d\u00e9veloppement durable","og_description":"D\u00e9couvrez comment la croissance rapide du jute, sa biod\u00e9gradabilit\u00e9 et sa faible utilisation de ressources en font le choix id\u00e9al pour les sacs et emballages \u00e9cologiques.","og_url":"https:\/\/gojuteinternational.com\/fr\/why-jute-is-considered-an-eco-champion\/","og_site_name":"GoJute International","article_publisher":"https:\/\/www.facebook.com\/gojute","article_modified_time":"2025-02-19T11:51:01+00:00","twitter_card":"summary_large_image","twitter_misc":{"Dur\u00e9e de lecture estim\u00e9e":"2 minutes"},"schema":{"@context":"https:\/\/schema.org","@graph":[{"@type":"WebPage","@id":"https:\/\/gojuteinternational.com\/fr\/why-jute-is-considered-an-eco-champion\/","url":"https:\/\/gojuteinternational.com\/fr\/why-jute-is-considered-an-eco-champion\/","name":"Pourquoi le jute est un champion \u00e9cologique : Principaux avantages en mati\u00e8re de d\u00e9veloppement durable","isPartOf":{"@id":"https:\/\/gojuteinternational.com\/fr\/#website"},"datePublished":"2025-02-19T11:35:57+00:00","dateModified":"2025-02-19T11:51:01+00:00","description":"D\u00e9couvrez comment la croissance rapide du jute, sa biod\u00e9gradabilit\u00e9 et sa faible utilisation de ressources en font le choix id\u00e9al pour les sacs et emballages \u00e9cologiques.","breadcrumb":{"@id":"https:\/\/gojuteinternational.com\/fr\/why-jute-is-considered-an-eco-champion\/#breadcrumb"},"inLanguage":"fr-FR","potentialAction":[{"@type":"ReadAction","target":["https:\/\/gojuteinternational.com\/fr\/why-jute-is-considered-an-eco-champion\/"]}]},{"@type":"BreadcrumbList","@id":"https:\/\/gojuteinternational.com\/fr\/why-jute-is-considered-an-eco-champion\/#breadcrumb","itemListElement":[{"@type":"ListItem","position":1,"name":"Home","item":"https:\/\/gojuteinternational.com\/fr\/"},{"@type":"ListItem","position":2,"name":"Pourquoi le jute est-il consid\u00e9r\u00e9 comme un champion \u00e9cologique ?"}]},{"@type":"WebSite","@id":"https:\/\/gojuteinternational.com\/fr\/#website","url":"https:\/\/gojuteinternational.com\/fr\/","name":"GoJute International","description":"Printed bags for business","publisher":{"@id":"https:\/\/gojuteinternational.com\/fr\/#organization"},"alternateName":"GoJute","potentialAction":[{"@type":"SearchAction","target":{"@type":"EntryPoint","urlTemplate":"https:\/\/gojuteinternational.com\/fr\/?s={search_term_string}"},"query-input":"required name=search_term_string"}],"inLanguage":"fr-FR"},{"@type":"Organization","@id":"https:\/\/gojuteinternational.com\/fr\/#organization","name":"GoJute International","alternateName":"GoJute","url":"https:\/\/gojuteinternational.com\/fr\/","logo":{"@type":"ImageObject","inLanguage":"fr-FR","@id":"https:\/\/gojuteinternational.com\/fr\/#\/schema\/logo\/image\/","url":"https:\/\/gojuteinternational.com\/wp-content\/uploads\/2022\/06\/GoJute-Logo-RGB.png","contentUrl":"https:\/\/gojuteinternational.com\/wp-content\/uploads\/2022\/06\/GoJute-Logo-RGB.png","width":2000,"height":1809,"caption":"GoJute International"},"image":{"@id":"https:\/\/gojuteinternational.com\/fr\/#\/schema\/logo\/image\/"},"sameAs":["https:\/\/www.facebook.com\/gojute","https:\/\/www.instagram.com\/gojute\/"]}]}},"_links":{"self":[{"href":"https:\/\/gojuteinternational.com\/fr\/wp-json\/wp\/v2\/pages\/85711","targetHints":{"allow":["GET"]}}],"collection":[{"href":"https:\/\/gojuteinternational.com\/fr\/wp-json\/wp\/v2\/pages"}],"about":[{"href":"https:\/\/gojuteinternational.com\/fr\/wp-json\/wp\/v2\/types\/page"}],"author":[{"embeddable":true,"href":"https:\/\/gojuteinternational.com\/fr\/wp-json\/wp\/v2\/users\/6996"}],"replies":[{"embeddable":true,"href":"https:\/\/gojuteinternational.com\/fr\/wp-json\/wp\/v2\/comments?post=85711"}],"version-history":[{"count":3,"href":"https:\/\/gojuteinternational.com\/fr\/wp-json\/wp\/v2\/pages\/85711\/revisions"}],"predecessor-version":[{"id":85740,"href":"https:\/\/gojuteinternational.com\/fr\/wp-json\/wp\/v2\/pages\/85711\/revisions\/85740"}],"wp:attachment":[{"href":"https:\/\/gojuteinternational.com\/fr\/wp-json\/wp\/v2\/media?parent=85711"}],"curies":[{"name":"wp","href":"https:\/\/api.w.org\/{rel}","templated":true}]}}