{"id":85727,"date":"2025-02-19T12:43:16","date_gmt":"2025-02-19T11:43:16","guid":{"rendered":"https:\/\/gojuteinternational.com\/organic-cotton-vs-conventional-cotton-footprints\/"},"modified":"2025-02-25T07:25:19","modified_gmt":"2025-02-25T06:25:19","slug":"organic-cotton-vs-conventional-cotton-footprints","status":"publish","type":"page","link":"https:\/\/gojuteinternational.com\/fr\/organic-cotton-vs-conventional-cotton-footprints\/","title":{"rendered":"Empreintes du coton biologique et du coton conventionnel"},"content":{"rendered":"\t\t<div data-elementor-type=\"wp-page\" data-elementor-id=\"85727\" class=\"elementor elementor-85727 elementor-85723\" data-elementor-post-type=\"page\">\n\t\t\t\t\t\t\t\t\t<section class=\"elementor-section elementor-top-section elementor-element elementor-element-b214c64 elementor-section-boxed elementor-section-height-default elementor-section-height-default\" data-id=\"b214c64\" data-element_type=\"section\">\n\t\t\t\t\t\t<div class=\"elementor-container elementor-column-gap-default\">\n\t\t\t\t\t<div class=\"elementor-column elementor-col-100 elementor-top-column elementor-element elementor-element-47ed090\" data-id=\"47ed090\" data-element_type=\"column\">\n\t\t\t<div class=\"elementor-widget-wrap elementor-element-populated\">\n\t\t\t\t\t\t\t\t<div class=\"elementor-element elementor-element-2887e83 elementor-widget elementor-widget-spacer\" data-id=\"2887e83\" data-element_type=\"widget\" data-widget_type=\"spacer.default\">\n\t\t\t\t<div class=\"elementor-widget-container\">\n\t\t\t<style>\/*! elementor - v3.18.0 - 20-12-2023 *\/\n.elementor-column .elementor-spacer-inner{height:var(--spacer-size)}.e-con{--container-widget-width:100%}.e-con-inner>.elementor-widget-spacer,.e-con>.elementor-widget-spacer{width:var(--container-widget-width,var(--spacer-size));--align-self:var(--container-widget-align-self,initial);--flex-shrink:0}.e-con-inner>.elementor-widget-spacer>.elementor-widget-container,.e-con>.elementor-widget-spacer>.elementor-widget-container{height:100%;width:100%}.e-con-inner>.elementor-widget-spacer>.elementor-widget-container>.elementor-spacer,.e-con>.elementor-widget-spacer>.elementor-widget-container>.elementor-spacer{height:100%}.e-con-inner>.elementor-widget-spacer>.elementor-widget-container>.elementor-spacer>.elementor-spacer-inner,.e-con>.elementor-widget-spacer>.elementor-widget-container>.elementor-spacer>.elementor-spacer-inner{height:var(--container-widget-height,var(--spacer-size))}.e-con-inner>.elementor-widget-spacer.elementor-widget-empty,.e-con>.elementor-widget-spacer.elementor-widget-empty{position:relative;min-height:22px;min-width:22px}.e-con-inner>.elementor-widget-spacer.elementor-widget-empty .elementor-widget-empty-icon,.e-con>.elementor-widget-spacer.elementor-widget-empty .elementor-widget-empty-icon{position:absolute;top:0;bottom:0;left:0;right:0;margin:auto;padding:0;width:22px;height:22px}<\/style>\t\t<div class=\"elementor-spacer\">\n\t\t\t<div class=\"elementor-spacer-inner\"><\/div>\n\t\t<\/div>\n\t\t\t\t<\/div>\n\t\t\t\t<\/div>\n\t\t\t\t\t<\/div>\n\t\t<\/div>\n\t\t\t\t\t\t\t<\/div>\n\t\t<\/section>\n\t\t\t\t<section class=\"elementor-section elementor-top-section elementor-element elementor-element-1a9ef36 elementor-section-boxed elementor-section-height-default elementor-section-height-default\" data-id=\"1a9ef36\" data-element_type=\"section\">\n\t\t\t\t\t\t<div class=\"elementor-container elementor-column-gap-default\">\n\t\t\t\t\t<div class=\"elementor-column elementor-col-100 elementor-top-column elementor-element elementor-element-b3bf3a3\" data-id=\"b3bf3a3\" data-element_type=\"column\">\n\t\t\t<div class=\"elementor-widget-wrap elementor-element-populated\">\n\t\t\t\t\t\t\t\t<div class=\"elementor-element elementor-element-568740a elementor-widget elementor-widget-heading\" data-id=\"568740a\" data-element_type=\"widget\" data-widget_type=\"heading.default\">\n\t\t\t\t<div class=\"elementor-widget-container\">\n\t\t\t<style>\/*! elementor - v3.18.0 - 20-12-2023 *\/\n.elementor-heading-title{padding:0;margin:0;line-height:1}.elementor-widget-heading .elementor-heading-title[class*=elementor-size-]>a{color:inherit;font-size:inherit;line-height:inherit}.elementor-widget-heading .elementor-heading-title.elementor-size-small{font-size:15px}.elementor-widget-heading .elementor-heading-title.elementor-size-medium{font-size:19px}.elementor-widget-heading .elementor-heading-title.elementor-size-large{font-size:29px}.elementor-widget-heading .elementor-heading-title.elementor-size-xl{font-size:39px}.elementor-widget-heading .elementor-heading-title.elementor-size-xxl{font-size:59px}<\/style><h1 class=\"elementor-heading-title elementor-size-default\">Coton biologique vs. coton conventionnel : Comprendre l'empreinte \u00e9cologique<\/h1>\t\t<\/div>\n\t\t\t\t<\/div>\n\t\t\t\t\t<\/div>\n\t\t<\/div>\n\t\t\t\t\t\t\t<\/div>\n\t\t<\/section>\n\t\t\t\t<section class=\"elementor-section elementor-top-section elementor-element elementor-element-3848372 elementor-section-boxed elementor-section-height-default elementor-section-height-default\" data-id=\"3848372\" data-element_type=\"section\">\n\t\t\t\t\t\t<div class=\"elementor-container elementor-column-gap-default\">\n\t\t\t\t\t<div class=\"elementor-column elementor-col-100 elementor-top-column elementor-element elementor-element-b515304\" data-id=\"b515304\" data-element_type=\"column\">\n\t\t\t<div class=\"elementor-widget-wrap elementor-element-populated\">\n\t\t\t\t\t\t\t\t<div class=\"elementor-element elementor-element-eda50ac elementor-widget elementor-widget-text-editor\" data-id=\"eda50ac\" data-element_type=\"widget\" data-widget_type=\"text-editor.default\">\n\t\t\t\t<div class=\"elementor-widget-container\">\n\t\t\t<style>\/*! elementor - v3.18.0 - 20-12-2023 *\/\n.elementor-widget-text-editor.elementor-drop-cap-view-stacked .elementor-drop-cap{background-color:#69727d;color:#fff}.elementor-widget-text-editor.elementor-drop-cap-view-framed .elementor-drop-cap{color:#69727d;border:3px solid;background-color:transparent}.elementor-widget-text-editor:not(.elementor-drop-cap-view-default) .elementor-drop-cap{margin-top:8px}.elementor-widget-text-editor:not(.elementor-drop-cap-view-default) .elementor-drop-cap-letter{width:1em;height:1em}.elementor-widget-text-editor .elementor-drop-cap{float:left;text-align:center;line-height:1;font-size:50px}.elementor-widget-text-editor .elementor-drop-cap-letter{display:inline-block}<\/style>\t\t\t\t<p>Le coton est l&rsquo;une des fibres les plus utilis\u00e9es au monde, mais tous les cotons ne se valent pas. Alors que le coton conventionnel a un impact environnemental \u00e9lev\u00e9 en raison de l&rsquo;utilisation d&rsquo;eau et de pesticides, le coton biologique offre une alternative plus durable. Analysons les diff\u00e9rences entre les pratiques agricoles, les intrants chimiques et l&#8217;empreinte \u00e9cologique globale pour vous aider \u00e0 faire un choix \u00e9clair\u00e9.  <\/p>\n<h2> <\/h2>\n<h2>Utilisation de l&rsquo;eau et sant\u00e9 des sols<\/h2>\n<p>\u25cf Le coton conventionnel : Souvent cultiv\u00e9 dans des r\u00e9gions pauvres en eau, d\u00e9pendant fortement de l&rsquo;irrigation. L&rsquo;utilisation r\u00e9p\u00e9t\u00e9e de pesticides peut \u00e9puiser la fertilit\u00e9 des sols au fil du temps. <br \/>\u25cf Coton biologique : Cultiv\u00e9 selon des m\u00e9thodes d&rsquo;agriculture durable telles que la rotation des cultures, qui peuvent am\u00e9liorer la sant\u00e9 des sols et n\u00e9cessitent moins d&rsquo;irrigation.<\/p>\n<h2> <\/h2>\n<h2>Pesticides et produits chimiques<\/h2>\n<p>\u25cf Le coton conventionnel : Responsable d&rsquo;une part importante de l&rsquo;utilisation mondiale d&rsquo;insecticides, qui peuvent nuire aux \u00e9cosyst\u00e8mes environnants et \u00e0 la faune.<br \/>\u25cf Coton biologique : Cultiv\u00e9 sans pesticides ni engrais synth\u00e9tiques, ce qui r\u00e9duit le ruissellement de produits chimiques dans les rivi\u00e8res et les nappes phr\u00e9atiques.<\/p>\n<h2> <\/h2>\n<h2>Impacts sociaux et \u00e9conomiques<\/h2>\n<p>\u25cf Le bien-\u00eatre des agriculteurs : Les cultivateurs de coton biologique peuvent \u00e9viter d&rsquo;\u00eatre expos\u00e9s \u00e0 des produits chimiques nocifs, ce qui se traduit par de meilleurs r\u00e9sultats pour la sant\u00e9 de la communaut\u00e9.<br \/>\u25cf La demande du march\u00e9 : Le coton biologique atteint souvent un prix plus \u00e9lev\u00e9, ce qui incite les agriculteurs \u00e0 adopter des pratiques plus durables.<\/p>\n<h2> <\/h2>\n<h2>Les certifications \u00e0 rechercher<\/h2>\n<p>\u25cf GOTS (Global Organic Textile Standard) : Garantit des crit\u00e8res environnementaux et sociaux rigoureux de la ferme au produit textile final.<br \/>\u25cf Le coton \u00e9quitable : Se concentre sur des salaires \u00e9quitables et des conditions de travail s\u00fbres pour les agriculteurs et les ouvriers.<\/p>\n<h2> <\/h2>\n<h2>Conclusion<\/h2>\n<p>Si le coton biologique peut \u00eatre l\u00e9g\u00e8rement plus cher, ses avantages &#8211; en termes de r\u00e9duction de l&rsquo;impact sur l&rsquo;environnement, d&rsquo;am\u00e9lioration de la sant\u00e9 des sols et du bien-\u00eatre des agriculteurs &#8211; justifient souvent le surco\u00fbt. Si vous souhaitez faire un choix vraiment durable, optez pour des produits en coton biologique et recherchez des certifications r\u00e9put\u00e9es pour garantir un approvisionnement \u00e9thique. <\/p>\n\t\t\t\t\t\t<\/div>\n\t\t\t\t<\/div>\n\t\t\t\t\t<\/div>\n\t\t<\/div>\n\t\t\t\t\t\t\t<\/div>\n\t\t<\/section>\n\t\t\t\t\t\t\t<\/div>\n\t\t","protected":false},"excerpt":{"rendered":"<p>Coton biologique vs. coton conventionnel : Comprendre l&#8217;empreinte \u00e9cologique Le coton est l&rsquo;une des fibres les plus utilis\u00e9es au monde, mais tous les cotons ne se valent pas. Alors que le coton conventionnel a un impact environnemental \u00e9lev\u00e9 en raison de l&rsquo;utilisation d&rsquo;eau et de pesticides, le coton biologique offre une alternative plus durable. Analysons [&hellip;]<\/p>\n","protected":false},"author":6996,"featured_media":0,"parent":0,"menu_order":0,"comment_status":"closed","ping_status":"closed","template":"elementor_header_footer","meta":{"content-type":"","_monsterinsights_skip_tracking":false,"_monsterinsights_sitenote_active":false,"_monsterinsights_sitenote_note":"","_monsterinsights_sitenote_category":0,"footnotes":""},"class_list":["post-85727","page","type-page","status-publish","hentry"],"yoast_head":"<!-- This site is optimized with the Yoast SEO plugin v21.7 - https:\/\/yoast.com\/wordpress\/plugins\/seo\/ -->\n<title>Coton biologique ou conventionnel : L&#039;empreinte \u00e9cologique expliqu\u00e9e<\/title>\n<meta name=\"description\" content=\"Comparez l&#039;utilisation de l&#039;eau, l&#039;impact des pesticides et les avantages sociaux du coton biologique par rapport au coton conventionnel. Faites un choix plus durable pour vos produits en coton.\" \/>\n<meta name=\"robots\" content=\"index, follow, max-snippet:-1, max-image-preview:large, max-video-preview:-1\" \/>\n<link rel=\"canonical\" href=\"https:\/\/gojuteinternational.com\/fr\/organic-cotton-vs-conventional-cotton-footprints\/\" \/>\n<meta property=\"og:locale\" content=\"fr_FR\" \/>\n<meta property=\"og:type\" content=\"article\" \/>\n<meta property=\"og:title\" content=\"Coton biologique ou conventionnel : L&#039;empreinte \u00e9cologique expliqu\u00e9e\" \/>\n<meta property=\"og:description\" content=\"Comparez l&#039;utilisation de l&#039;eau, l&#039;impact des pesticides et les avantages sociaux du coton biologique par rapport au coton conventionnel. Faites un choix plus durable pour vos produits en coton.\" \/>\n<meta property=\"og:url\" content=\"https:\/\/gojuteinternational.com\/fr\/organic-cotton-vs-conventional-cotton-footprints\/\" \/>\n<meta property=\"og:site_name\" content=\"GoJute International\" \/>\n<meta property=\"article:publisher\" content=\"https:\/\/www.facebook.com\/gojute\" \/>\n<meta property=\"article:modified_time\" content=\"2025-02-25T06:25:19+00:00\" \/>\n<meta name=\"twitter:card\" content=\"summary_large_image\" \/>\n<meta name=\"twitter:label1\" content=\"Dur\u00e9e de lecture estim\u00e9e\" \/>\n\t<meta name=\"twitter:data1\" content=\"2 minutes\" \/>\n<script type=\"application\/ld+json\" class=\"yoast-schema-graph\">{\"@context\":\"https:\/\/schema.org\",\"@graph\":[{\"@type\":\"WebPage\",\"@id\":\"https:\/\/gojuteinternational.com\/fr\/organic-cotton-vs-conventional-cotton-footprints\/\",\"url\":\"https:\/\/gojuteinternational.com\/fr\/organic-cotton-vs-conventional-cotton-footprints\/\",\"name\":\"Coton biologique ou conventionnel : L'empreinte \u00e9cologique expliqu\u00e9e\",\"isPartOf\":{\"@id\":\"https:\/\/gojuteinternational.com\/fr\/#website\"},\"datePublished\":\"2025-02-19T11:43:16+00:00\",\"dateModified\":\"2025-02-25T06:25:19+00:00\",\"description\":\"Comparez l'utilisation de l'eau, l'impact des pesticides et les avantages sociaux du coton biologique par rapport au coton conventionnel. Faites un choix plus durable pour vos produits en coton.\",\"breadcrumb\":{\"@id\":\"https:\/\/gojuteinternational.com\/fr\/organic-cotton-vs-conventional-cotton-footprints\/#breadcrumb\"},\"inLanguage\":\"fr-FR\",\"potentialAction\":[{\"@type\":\"ReadAction\",\"target\":[\"https:\/\/gojuteinternational.com\/fr\/organic-cotton-vs-conventional-cotton-footprints\/\"]}]},{\"@type\":\"BreadcrumbList\",\"@id\":\"https:\/\/gojuteinternational.com\/fr\/organic-cotton-vs-conventional-cotton-footprints\/#breadcrumb\",\"itemListElement\":[{\"@type\":\"ListItem\",\"position\":1,\"name\":\"Home\",\"item\":\"https:\/\/gojuteinternational.com\/fr\/\"},{\"@type\":\"ListItem\",\"position\":2,\"name\":\"Empreintes du coton biologique et du coton conventionnel\"}]},{\"@type\":\"WebSite\",\"@id\":\"https:\/\/gojuteinternational.com\/fr\/#website\",\"url\":\"https:\/\/gojuteinternational.com\/fr\/\",\"name\":\"GoJute International\",\"description\":\"Printed bags for business\",\"publisher\":{\"@id\":\"https:\/\/gojuteinternational.com\/fr\/#organization\"},\"alternateName\":\"GoJute\",\"potentialAction\":[{\"@type\":\"SearchAction\",\"target\":{\"@type\":\"EntryPoint\",\"urlTemplate\":\"https:\/\/gojuteinternational.com\/fr\/?s={search_term_string}\"},\"query-input\":\"required name=search_term_string\"}],\"inLanguage\":\"fr-FR\"},{\"@type\":\"Organization\",\"@id\":\"https:\/\/gojuteinternational.com\/fr\/#organization\",\"name\":\"GoJute International\",\"alternateName\":\"GoJute\",\"url\":\"https:\/\/gojuteinternational.com\/fr\/\",\"logo\":{\"@type\":\"ImageObject\",\"inLanguage\":\"fr-FR\",\"@id\":\"https:\/\/gojuteinternational.com\/fr\/#\/schema\/logo\/image\/\",\"url\":\"https:\/\/gojuteinternational.com\/wp-content\/uploads\/2022\/06\/GoJute-Logo-RGB.png\",\"contentUrl\":\"https:\/\/gojuteinternational.com\/wp-content\/uploads\/2022\/06\/GoJute-Logo-RGB.png\",\"width\":2000,\"height\":1809,\"caption\":\"GoJute International\"},\"image\":{\"@id\":\"https:\/\/gojuteinternational.com\/fr\/#\/schema\/logo\/image\/\"},\"sameAs\":[\"https:\/\/www.facebook.com\/gojute\",\"https:\/\/www.instagram.com\/gojute\/\"]}]}<\/script>\n<!-- \/ Yoast SEO plugin. -->","yoast_head_json":{"title":"Coton biologique ou conventionnel : L'empreinte \u00e9cologique expliqu\u00e9e","description":"Comparez l'utilisation de l'eau, l'impact des pesticides et les avantages sociaux du coton biologique par rapport au coton conventionnel. Faites un choix plus durable pour vos produits en coton.","robots":{"index":"index","follow":"follow","max-snippet":"max-snippet:-1","max-image-preview":"max-image-preview:large","max-video-preview":"max-video-preview:-1"},"canonical":"https:\/\/gojuteinternational.com\/fr\/organic-cotton-vs-conventional-cotton-footprints\/","og_locale":"fr_FR","og_type":"article","og_title":"Coton biologique ou conventionnel : L'empreinte \u00e9cologique expliqu\u00e9e","og_description":"Comparez l'utilisation de l'eau, l'impact des pesticides et les avantages sociaux du coton biologique par rapport au coton conventionnel. Faites un choix plus durable pour vos produits en coton.","og_url":"https:\/\/gojuteinternational.com\/fr\/organic-cotton-vs-conventional-cotton-footprints\/","og_site_name":"GoJute International","article_publisher":"https:\/\/www.facebook.com\/gojute","article_modified_time":"2025-02-25T06:25:19+00:00","twitter_card":"summary_large_image","twitter_misc":{"Dur\u00e9e de lecture estim\u00e9e":"2 minutes"},"schema":{"@context":"https:\/\/schema.org","@graph":[{"@type":"WebPage","@id":"https:\/\/gojuteinternational.com\/fr\/organic-cotton-vs-conventional-cotton-footprints\/","url":"https:\/\/gojuteinternational.com\/fr\/organic-cotton-vs-conventional-cotton-footprints\/","name":"Coton biologique ou conventionnel : L'empreinte \u00e9cologique expliqu\u00e9e","isPartOf":{"@id":"https:\/\/gojuteinternational.com\/fr\/#website"},"datePublished":"2025-02-19T11:43:16+00:00","dateModified":"2025-02-25T06:25:19+00:00","description":"Comparez l'utilisation de l'eau, l'impact des pesticides et les avantages sociaux du coton biologique par rapport au coton conventionnel. Faites un choix plus durable pour vos produits en coton.","breadcrumb":{"@id":"https:\/\/gojuteinternational.com\/fr\/organic-cotton-vs-conventional-cotton-footprints\/#breadcrumb"},"inLanguage":"fr-FR","potentialAction":[{"@type":"ReadAction","target":["https:\/\/gojuteinternational.com\/fr\/organic-cotton-vs-conventional-cotton-footprints\/"]}]},{"@type":"BreadcrumbList","@id":"https:\/\/gojuteinternational.com\/fr\/organic-cotton-vs-conventional-cotton-footprints\/#breadcrumb","itemListElement":[{"@type":"ListItem","position":1,"name":"Home","item":"https:\/\/gojuteinternational.com\/fr\/"},{"@type":"ListItem","position":2,"name":"Empreintes du coton biologique et du coton conventionnel"}]},{"@type":"WebSite","@id":"https:\/\/gojuteinternational.com\/fr\/#website","url":"https:\/\/gojuteinternational.com\/fr\/","name":"GoJute International","description":"Printed bags for business","publisher":{"@id":"https:\/\/gojuteinternational.com\/fr\/#organization"},"alternateName":"GoJute","potentialAction":[{"@type":"SearchAction","target":{"@type":"EntryPoint","urlTemplate":"https:\/\/gojuteinternational.com\/fr\/?s={search_term_string}"},"query-input":"required name=search_term_string"}],"inLanguage":"fr-FR"},{"@type":"Organization","@id":"https:\/\/gojuteinternational.com\/fr\/#organization","name":"GoJute International","alternateName":"GoJute","url":"https:\/\/gojuteinternational.com\/fr\/","logo":{"@type":"ImageObject","inLanguage":"fr-FR","@id":"https:\/\/gojuteinternational.com\/fr\/#\/schema\/logo\/image\/","url":"https:\/\/gojuteinternational.com\/wp-content\/uploads\/2022\/06\/GoJute-Logo-RGB.png","contentUrl":"https:\/\/gojuteinternational.com\/wp-content\/uploads\/2022\/06\/GoJute-Logo-RGB.png","width":2000,"height":1809,"caption":"GoJute International"},"image":{"@id":"https:\/\/gojuteinternational.com\/fr\/#\/schema\/logo\/image\/"},"sameAs":["https:\/\/www.facebook.com\/gojute","https:\/\/www.instagram.com\/gojute\/"]}]}},"_links":{"self":[{"href":"https:\/\/gojuteinternational.com\/fr\/wp-json\/wp\/v2\/pages\/85727","targetHints":{"allow":["GET"]}}],"collection":[{"href":"https:\/\/gojuteinternational.com\/fr\/wp-json\/wp\/v2\/pages"}],"about":[{"href":"https:\/\/gojuteinternational.com\/fr\/wp-json\/wp\/v2\/types\/page"}],"author":[{"embeddable":true,"href":"https:\/\/gojuteinternational.com\/fr\/wp-json\/wp\/v2\/users\/6996"}],"replies":[{"embeddable":true,"href":"https:\/\/gojuteinternational.com\/fr\/wp-json\/wp\/v2\/comments?post=85727"}],"version-history":[{"count":3,"href":"https:\/\/gojuteinternational.com\/fr\/wp-json\/wp\/v2\/pages\/85727\/revisions"}],"predecessor-version":[{"id":86110,"href":"https:\/\/gojuteinternational.com\/fr\/wp-json\/wp\/v2\/pages\/85727\/revisions\/86110"}],"wp:attachment":[{"href":"https:\/\/gojuteinternational.com\/fr\/wp-json\/wp\/v2\/media?parent=85727"}],"curies":[{"name":"wp","href":"https:\/\/api.w.org\/{rel}","templated":true}]}}