{"id":85757,"date":"2025-02-20T07:10:18","date_gmt":"2025-02-20T06:10:18","guid":{"rendered":"https:\/\/gojuteinternational.com\/how-to-care-for-your-canvas-tote-bags\/"},"modified":"2025-02-25T06:59:10","modified_gmt":"2025-02-25T05:59:10","slug":"how-to-care-for-your-canvas-tote-bags","status":"publish","type":"page","link":"https:\/\/gojuteinternational.com\/fr\/how-to-care-for-your-canvas-tote-bags\/","title":{"rendered":"Comment entretenir vos sacs en toile"},"content":{"rendered":"\t\t<div data-elementor-type=\"wp-page\" data-elementor-id=\"85757\" class=\"elementor elementor-85757 elementor-85754\" data-elementor-post-type=\"page\">\n\t\t\t\t\t\t\t\t\t<section class=\"elementor-section elementor-top-section elementor-element elementor-element-ab27819 elementor-section-boxed elementor-section-height-default elementor-section-height-default\" data-id=\"ab27819\" data-element_type=\"section\">\n\t\t\t\t\t\t<div class=\"elementor-container elementor-column-gap-default\">\n\t\t\t\t\t<div class=\"elementor-column elementor-col-100 elementor-top-column elementor-element elementor-element-2f21356\" data-id=\"2f21356\" data-element_type=\"column\">\n\t\t\t<div class=\"elementor-widget-wrap elementor-element-populated\">\n\t\t\t\t\t\t\t\t<div class=\"elementor-element elementor-element-26e7c16 elementor-widget elementor-widget-spacer\" data-id=\"26e7c16\" data-element_type=\"widget\" data-widget_type=\"spacer.default\">\n\t\t\t\t<div class=\"elementor-widget-container\">\n\t\t\t<style>\/*! elementor - v3.18.0 - 20-12-2023 *\/\n.elementor-column .elementor-spacer-inner{height:var(--spacer-size)}.e-con{--container-widget-width:100%}.e-con-inner>.elementor-widget-spacer,.e-con>.elementor-widget-spacer{width:var(--container-widget-width,var(--spacer-size));--align-self:var(--container-widget-align-self,initial);--flex-shrink:0}.e-con-inner>.elementor-widget-spacer>.elementor-widget-container,.e-con>.elementor-widget-spacer>.elementor-widget-container{height:100%;width:100%}.e-con-inner>.elementor-widget-spacer>.elementor-widget-container>.elementor-spacer,.e-con>.elementor-widget-spacer>.elementor-widget-container>.elementor-spacer{height:100%}.e-con-inner>.elementor-widget-spacer>.elementor-widget-container>.elementor-spacer>.elementor-spacer-inner,.e-con>.elementor-widget-spacer>.elementor-widget-container>.elementor-spacer>.elementor-spacer-inner{height:var(--container-widget-height,var(--spacer-size))}.e-con-inner>.elementor-widget-spacer.elementor-widget-empty,.e-con>.elementor-widget-spacer.elementor-widget-empty{position:relative;min-height:22px;min-width:22px}.e-con-inner>.elementor-widget-spacer.elementor-widget-empty .elementor-widget-empty-icon,.e-con>.elementor-widget-spacer.elementor-widget-empty .elementor-widget-empty-icon{position:absolute;top:0;bottom:0;left:0;right:0;margin:auto;padding:0;width:22px;height:22px}<\/style>\t\t<div class=\"elementor-spacer\">\n\t\t\t<div class=\"elementor-spacer-inner\"><\/div>\n\t\t<\/div>\n\t\t\t\t<\/div>\n\t\t\t\t<\/div>\n\t\t\t\t\t<\/div>\n\t\t<\/div>\n\t\t\t\t\t\t\t<\/div>\n\t\t<\/section>\n\t\t\t\t<section class=\"elementor-section elementor-top-section elementor-element elementor-element-7c6a107 elementor-section-boxed elementor-section-height-default elementor-section-height-default\" data-id=\"7c6a107\" data-element_type=\"section\">\n\t\t\t\t\t\t<div class=\"elementor-container elementor-column-gap-default\">\n\t\t\t\t\t<div class=\"elementor-column elementor-col-100 elementor-top-column elementor-element elementor-element-3dfd848\" data-id=\"3dfd848\" data-element_type=\"column\">\n\t\t\t<div class=\"elementor-widget-wrap elementor-element-populated\">\n\t\t\t\t\t\t\t\t<div class=\"elementor-element elementor-element-ef6f328 elementor-widget elementor-widget-heading\" data-id=\"ef6f328\" data-element_type=\"widget\" data-widget_type=\"heading.default\">\n\t\t\t\t<div class=\"elementor-widget-container\">\n\t\t\t<style>\/*! elementor - v3.18.0 - 20-12-2023 *\/\n.elementor-heading-title{padding:0;margin:0;line-height:1}.elementor-widget-heading .elementor-heading-title[class*=elementor-size-]>a{color:inherit;font-size:inherit;line-height:inherit}.elementor-widget-heading .elementor-heading-title.elementor-size-small{font-size:15px}.elementor-widget-heading .elementor-heading-title.elementor-size-medium{font-size:19px}.elementor-widget-heading .elementor-heading-title.elementor-size-large{font-size:29px}.elementor-widget-heading .elementor-heading-title.elementor-size-xl{font-size:39px}.elementor-widget-heading .elementor-heading-title.elementor-size-xxl{font-size:59px}<\/style><h1 class=\"elementor-heading-title elementor-size-default\">Entretien d'un fourre-tout en toile : Entretenir un classique durable\n\n<\/h1>\t\t<\/div>\n\t\t\t\t<\/div>\n\t\t\t\t\t<\/div>\n\t\t<\/div>\n\t\t\t\t\t\t\t<\/div>\n\t\t<\/section>\n\t\t\t\t<section class=\"elementor-section elementor-top-section elementor-element elementor-element-27f9b61 elementor-section-boxed elementor-section-height-default elementor-section-height-default\" data-id=\"27f9b61\" data-element_type=\"section\">\n\t\t\t\t\t\t<div class=\"elementor-container elementor-column-gap-default\">\n\t\t\t\t\t<div class=\"elementor-column elementor-col-100 elementor-top-column elementor-element elementor-element-e290edd\" data-id=\"e290edd\" data-element_type=\"column\">\n\t\t\t<div class=\"elementor-widget-wrap elementor-element-populated\">\n\t\t\t\t\t\t\t\t<div class=\"elementor-element elementor-element-5dc3d76 elementor-widget elementor-widget-text-editor\" data-id=\"5dc3d76\" data-element_type=\"widget\" data-widget_type=\"text-editor.default\">\n\t\t\t\t<div class=\"elementor-widget-container\">\n\t\t\t<style>\/*! elementor - v3.18.0 - 20-12-2023 *\/\n.elementor-widget-text-editor.elementor-drop-cap-view-stacked .elementor-drop-cap{background-color:#69727d;color:#fff}.elementor-widget-text-editor.elementor-drop-cap-view-framed .elementor-drop-cap{color:#69727d;border:3px solid;background-color:transparent}.elementor-widget-text-editor:not(.elementor-drop-cap-view-default) .elementor-drop-cap{margin-top:8px}.elementor-widget-text-editor:not(.elementor-drop-cap-view-default) .elementor-drop-cap-letter{width:1em;height:1em}.elementor-widget-text-editor .elementor-drop-cap{float:left;text-align:center;line-height:1;font-size:50px}.elementor-widget-text-editor .elementor-drop-cap-letter{display:inline-block}<\/style>\t\t\t\t<p>Les sacs fourre-tout en toile sont appr\u00e9ci\u00e9s pour leur tissage \u00e9pais et leur durabilit\u00e9 impressionnante. Que vous les utilisiez quotidiennement pour faire vos courses ou comme accessoire \u00e9l\u00e9gant, un entretien ad\u00e9quat peut leur permettre de tenir pendant des ann\u00e9es. Dans ce guide, nous vous pr\u00e9sentons les meilleures fa\u00e7ons de laver, s\u00e9cher et ranger les sacs fourre-tout en toile pour qu&rsquo;ils conservent leur aspect et leurs performances optimales.  <\/p>\n<h2> <\/h2>\n<h3>Laver correctement la toile<\/h3>\n<ul>\n<li>V\u00e9rifiez les \u00e9tiquettes d&rsquo;entretien : Certains sacs en toile sont pr\u00e9-r\u00e9tr\u00e9cis ou comportent des instructions de lavage sp\u00e9cifiques.<\/li>\n<li>Lavage en machine ou \u00e0 la main : La toile peut g\u00e9n\u00e9ralement supporter les deux types de lavage, mais utilisez un cycle d\u00e9licat si vous la lavez en machine.<\/li>\n<li>D\u00e9tergent doux uniquement : Les produits chimiques agressifs risquent d&rsquo;alt\u00e9rer l&rsquo;int\u00e9grit\u00e9 du tissu ou de provoquer des d\u00e9colorations.<\/li>\n<\/ul>\n<\/p>\n<h3>S\u00e9chage et remise en forme<\/h3>\n<ul>\n<li>Le s\u00e9chage \u00e0 l&rsquo;air libre est id\u00e9al : Une surexposition \u00e0 la chaleur peut faire r\u00e9tr\u00e9cir le sac ou en d\u00e9former la forme.<\/li>\n<li>Remodeler apr\u00e8s le lavage : lissez les coins et les bords pour conserver la structure du fourre-tout.<\/li>\n<li>Repassez \u00e0 l&rsquo;envers (si n\u00e9cessaire) : Pour les plis, utilisez un fer \u00e0 repasser \u00e0 chaleur moyenne sur l&rsquo;envers.<\/li>\n<\/ul>\n<h3>Traitement des taches<\/h3>\n<ul>\n<li>Traitez d&rsquo;abord les taches : Traitez rapidement les taches avec un chiffon humide et un savon doux.<\/li>\n<li>Taches profondes : Pour les taches \u00e0 base d&rsquo;huile ou incrust\u00e9es, envisagez d&rsquo;utiliser un d\u00e9tachant doux pour tissu ou une solution de vinaigre dilu\u00e9e.<\/li>\n<\/ul>\n<h3>Suggestions de rangement<\/h3>\n<ul>\n<li>Suspendez-le : si vous avez de la place, suspendre les sacs en toile peut les aider \u00e0 conserver leur forme.<\/li>\n<li>Plier proprement dans un endroit sec : \u00c9vitez les sous-sols ou les greniers humides o\u00f9 des moisissures pourraient se d\u00e9velopper.<\/li>\n<li>Pr\u00e9venez les mauvaises odeurs : Ins\u00e9rez un petit sachet de lavande s\u00e9ch\u00e9e ou de bicarbonate de soude pour absorber l&rsquo;humidit\u00e9 et les odeurs.<\/li>\n<\/ul>\n<h2> <\/h2>\n<h2>Conclusion<\/h2>\n<p>Les sacs fourre-tout en toile peuvent r\u00e9sister \u00e0 une bonne dose d&rsquo;usure, mais un peu d&rsquo;attention suppl\u00e9mentaire permet de s&rsquo;assurer qu&rsquo;ils resteront aussi robustes et \u00e9l\u00e9gants que le jour o\u00f9 vous les avez achet\u00e9s. Traitez les taches rapidement, optez pour un s\u00e9chage \u00e0 l&rsquo;air libre et rangez votre sac fourre-tout en toile dans un environnement propre et sec pour en faire un compagnon de longue dur\u00e9e. <\/p><\/p>\n\t\t\t\t\t\t<\/div>\n\t\t\t\t<\/div>\n\t\t\t\t\t<\/div>\n\t\t<\/div>\n\t\t\t\t\t\t\t<\/div>\n\t\t<\/section>\n\t\t\t\t\t\t\t<\/div>\n\t\t","protected":false},"excerpt":{"rendered":"<p>Entretien d&rsquo;un fourre-tout en toile : Entretenir un classique durable Les sacs fourre-tout en toile sont appr\u00e9ci\u00e9s pour leur tissage \u00e9pais et leur durabilit\u00e9 impressionnante. Que vous les utilisiez quotidiennement pour faire vos courses ou comme accessoire \u00e9l\u00e9gant, un entretien ad\u00e9quat peut leur permettre de tenir pendant des ann\u00e9es. Dans ce guide, nous vous pr\u00e9sentons [&hellip;]<\/p>\n","protected":false},"author":6996,"featured_media":0,"parent":0,"menu_order":0,"comment_status":"closed","ping_status":"closed","template":"elementor_header_footer","meta":{"content-type":"","_monsterinsights_skip_tracking":false,"_monsterinsights_sitenote_active":false,"_monsterinsights_sitenote_note":"","_monsterinsights_sitenote_category":0,"footnotes":""},"class_list":["post-85757","page","type-page","status-publish","hentry"],"yoast_head":"<!-- This site is optimized with the Yoast SEO plugin v21.7 - https:\/\/yoast.com\/wordpress\/plugins\/seo\/ -->\n<title>Entretien des fourre-tout en toile : Lavage et stockage pour une durabilit\u00e9 accrue<\/title>\n<meta name=\"description\" content=\"Apprenez \u00e0 entretenir votre sac en toile gr\u00e2ce \u00e0 des conseils de lavage, de s\u00e9chage et d&#039;\u00e9limination des taches. Gardez-le solide, \u00e9l\u00e9gant et pr\u00eat \u00e0 \u00eatre utilis\u00e9 tous les jours.\" \/>\n<meta name=\"robots\" content=\"index, follow, max-snippet:-1, max-image-preview:large, max-video-preview:-1\" \/>\n<link rel=\"canonical\" href=\"https:\/\/gojuteinternational.com\/fr\/how-to-care-for-your-canvas-tote-bags\/\" \/>\n<meta property=\"og:locale\" content=\"fr_FR\" \/>\n<meta property=\"og:type\" content=\"article\" \/>\n<meta property=\"og:title\" content=\"Entretien des fourre-tout en toile : Lavage et stockage pour une durabilit\u00e9 accrue\" \/>\n<meta property=\"og:description\" content=\"Apprenez \u00e0 entretenir votre sac en toile gr\u00e2ce \u00e0 des conseils de lavage, de s\u00e9chage et d&#039;\u00e9limination des taches. Gardez-le solide, \u00e9l\u00e9gant et pr\u00eat \u00e0 \u00eatre utilis\u00e9 tous les jours.\" \/>\n<meta property=\"og:url\" content=\"https:\/\/gojuteinternational.com\/fr\/how-to-care-for-your-canvas-tote-bags\/\" \/>\n<meta property=\"og:site_name\" content=\"GoJute International\" \/>\n<meta property=\"article:publisher\" content=\"https:\/\/www.facebook.com\/gojute\" \/>\n<meta property=\"article:modified_time\" content=\"2025-02-25T05:59:10+00:00\" \/>\n<meta name=\"twitter:card\" content=\"summary_large_image\" \/>\n<meta name=\"twitter:label1\" content=\"Dur\u00e9e de lecture estim\u00e9e\" \/>\n\t<meta name=\"twitter:data1\" content=\"2 minutes\" \/>\n<script type=\"application\/ld+json\" class=\"yoast-schema-graph\">{\"@context\":\"https:\/\/schema.org\",\"@graph\":[{\"@type\":\"WebPage\",\"@id\":\"https:\/\/gojuteinternational.com\/fr\/how-to-care-for-your-canvas-tote-bags\/\",\"url\":\"https:\/\/gojuteinternational.com\/fr\/how-to-care-for-your-canvas-tote-bags\/\",\"name\":\"Entretien des fourre-tout en toile : Lavage et stockage pour une durabilit\u00e9 accrue\",\"isPartOf\":{\"@id\":\"https:\/\/gojuteinternational.com\/fr\/#website\"},\"datePublished\":\"2025-02-20T06:10:18+00:00\",\"dateModified\":\"2025-02-25T05:59:10+00:00\",\"description\":\"Apprenez \u00e0 entretenir votre sac en toile gr\u00e2ce \u00e0 des conseils de lavage, de s\u00e9chage et d'\u00e9limination des taches. Gardez-le solide, \u00e9l\u00e9gant et pr\u00eat \u00e0 \u00eatre utilis\u00e9 tous les jours.\",\"breadcrumb\":{\"@id\":\"https:\/\/gojuteinternational.com\/fr\/how-to-care-for-your-canvas-tote-bags\/#breadcrumb\"},\"inLanguage\":\"fr-FR\",\"potentialAction\":[{\"@type\":\"ReadAction\",\"target\":[\"https:\/\/gojuteinternational.com\/fr\/how-to-care-for-your-canvas-tote-bags\/\"]}]},{\"@type\":\"BreadcrumbList\",\"@id\":\"https:\/\/gojuteinternational.com\/fr\/how-to-care-for-your-canvas-tote-bags\/#breadcrumb\",\"itemListElement\":[{\"@type\":\"ListItem\",\"position\":1,\"name\":\"Home\",\"item\":\"https:\/\/gojuteinternational.com\/fr\/\"},{\"@type\":\"ListItem\",\"position\":2,\"name\":\"Comment entretenir vos sacs en toile\"}]},{\"@type\":\"WebSite\",\"@id\":\"https:\/\/gojuteinternational.com\/fr\/#website\",\"url\":\"https:\/\/gojuteinternational.com\/fr\/\",\"name\":\"GoJute International\",\"description\":\"Printed bags for business\",\"publisher\":{\"@id\":\"https:\/\/gojuteinternational.com\/fr\/#organization\"},\"alternateName\":\"GoJute\",\"potentialAction\":[{\"@type\":\"SearchAction\",\"target\":{\"@type\":\"EntryPoint\",\"urlTemplate\":\"https:\/\/gojuteinternational.com\/fr\/?s={search_term_string}\"},\"query-input\":\"required name=search_term_string\"}],\"inLanguage\":\"fr-FR\"},{\"@type\":\"Organization\",\"@id\":\"https:\/\/gojuteinternational.com\/fr\/#organization\",\"name\":\"GoJute International\",\"alternateName\":\"GoJute\",\"url\":\"https:\/\/gojuteinternational.com\/fr\/\",\"logo\":{\"@type\":\"ImageObject\",\"inLanguage\":\"fr-FR\",\"@id\":\"https:\/\/gojuteinternational.com\/fr\/#\/schema\/logo\/image\/\",\"url\":\"https:\/\/gojuteinternational.com\/wp-content\/uploads\/2022\/06\/GoJute-Logo-RGB.png\",\"contentUrl\":\"https:\/\/gojuteinternational.com\/wp-content\/uploads\/2022\/06\/GoJute-Logo-RGB.png\",\"width\":2000,\"height\":1809,\"caption\":\"GoJute International\"},\"image\":{\"@id\":\"https:\/\/gojuteinternational.com\/fr\/#\/schema\/logo\/image\/\"},\"sameAs\":[\"https:\/\/www.facebook.com\/gojute\",\"https:\/\/www.instagram.com\/gojute\/\"]}]}<\/script>\n<!-- \/ Yoast SEO plugin. -->","yoast_head_json":{"title":"Entretien des fourre-tout en toile : Lavage et stockage pour une durabilit\u00e9 accrue","description":"Apprenez \u00e0 entretenir votre sac en toile gr\u00e2ce \u00e0 des conseils de lavage, de s\u00e9chage et d'\u00e9limination des taches. Gardez-le solide, \u00e9l\u00e9gant et pr\u00eat \u00e0 \u00eatre utilis\u00e9 tous les jours.","robots":{"index":"index","follow":"follow","max-snippet":"max-snippet:-1","max-image-preview":"max-image-preview:large","max-video-preview":"max-video-preview:-1"},"canonical":"https:\/\/gojuteinternational.com\/fr\/how-to-care-for-your-canvas-tote-bags\/","og_locale":"fr_FR","og_type":"article","og_title":"Entretien des fourre-tout en toile : Lavage et stockage pour une durabilit\u00e9 accrue","og_description":"Apprenez \u00e0 entretenir votre sac en toile gr\u00e2ce \u00e0 des conseils de lavage, de s\u00e9chage et d'\u00e9limination des taches. Gardez-le solide, \u00e9l\u00e9gant et pr\u00eat \u00e0 \u00eatre utilis\u00e9 tous les jours.","og_url":"https:\/\/gojuteinternational.com\/fr\/how-to-care-for-your-canvas-tote-bags\/","og_site_name":"GoJute International","article_publisher":"https:\/\/www.facebook.com\/gojute","article_modified_time":"2025-02-25T05:59:10+00:00","twitter_card":"summary_large_image","twitter_misc":{"Dur\u00e9e de lecture estim\u00e9e":"2 minutes"},"schema":{"@context":"https:\/\/schema.org","@graph":[{"@type":"WebPage","@id":"https:\/\/gojuteinternational.com\/fr\/how-to-care-for-your-canvas-tote-bags\/","url":"https:\/\/gojuteinternational.com\/fr\/how-to-care-for-your-canvas-tote-bags\/","name":"Entretien des fourre-tout en toile : Lavage et stockage pour une durabilit\u00e9 accrue","isPartOf":{"@id":"https:\/\/gojuteinternational.com\/fr\/#website"},"datePublished":"2025-02-20T06:10:18+00:00","dateModified":"2025-02-25T05:59:10+00:00","description":"Apprenez \u00e0 entretenir votre sac en toile gr\u00e2ce \u00e0 des conseils de lavage, de s\u00e9chage et d'\u00e9limination des taches. Gardez-le solide, \u00e9l\u00e9gant et pr\u00eat \u00e0 \u00eatre utilis\u00e9 tous les jours.","breadcrumb":{"@id":"https:\/\/gojuteinternational.com\/fr\/how-to-care-for-your-canvas-tote-bags\/#breadcrumb"},"inLanguage":"fr-FR","potentialAction":[{"@type":"ReadAction","target":["https:\/\/gojuteinternational.com\/fr\/how-to-care-for-your-canvas-tote-bags\/"]}]},{"@type":"BreadcrumbList","@id":"https:\/\/gojuteinternational.com\/fr\/how-to-care-for-your-canvas-tote-bags\/#breadcrumb","itemListElement":[{"@type":"ListItem","position":1,"name":"Home","item":"https:\/\/gojuteinternational.com\/fr\/"},{"@type":"ListItem","position":2,"name":"Comment entretenir vos sacs en toile"}]},{"@type":"WebSite","@id":"https:\/\/gojuteinternational.com\/fr\/#website","url":"https:\/\/gojuteinternational.com\/fr\/","name":"GoJute International","description":"Printed bags for business","publisher":{"@id":"https:\/\/gojuteinternational.com\/fr\/#organization"},"alternateName":"GoJute","potentialAction":[{"@type":"SearchAction","target":{"@type":"EntryPoint","urlTemplate":"https:\/\/gojuteinternational.com\/fr\/?s={search_term_string}"},"query-input":"required name=search_term_string"}],"inLanguage":"fr-FR"},{"@type":"Organization","@id":"https:\/\/gojuteinternational.com\/fr\/#organization","name":"GoJute International","alternateName":"GoJute","url":"https:\/\/gojuteinternational.com\/fr\/","logo":{"@type":"ImageObject","inLanguage":"fr-FR","@id":"https:\/\/gojuteinternational.com\/fr\/#\/schema\/logo\/image\/","url":"https:\/\/gojuteinternational.com\/wp-content\/uploads\/2022\/06\/GoJute-Logo-RGB.png","contentUrl":"https:\/\/gojuteinternational.com\/wp-content\/uploads\/2022\/06\/GoJute-Logo-RGB.png","width":2000,"height":1809,"caption":"GoJute International"},"image":{"@id":"https:\/\/gojuteinternational.com\/fr\/#\/schema\/logo\/image\/"},"sameAs":["https:\/\/www.facebook.com\/gojute","https:\/\/www.instagram.com\/gojute\/"]}]}},"_links":{"self":[{"href":"https:\/\/gojuteinternational.com\/fr\/wp-json\/wp\/v2\/pages\/85757","targetHints":{"allow":["GET"]}}],"collection":[{"href":"https:\/\/gojuteinternational.com\/fr\/wp-json\/wp\/v2\/pages"}],"about":[{"href":"https:\/\/gojuteinternational.com\/fr\/wp-json\/wp\/v2\/types\/page"}],"author":[{"embeddable":true,"href":"https:\/\/gojuteinternational.com\/fr\/wp-json\/wp\/v2\/users\/6996"}],"replies":[{"embeddable":true,"href":"https:\/\/gojuteinternational.com\/fr\/wp-json\/wp\/v2\/comments?post=85757"}],"version-history":[{"count":4,"href":"https:\/\/gojuteinternational.com\/fr\/wp-json\/wp\/v2\/pages\/85757\/revisions"}],"predecessor-version":[{"id":86060,"href":"https:\/\/gojuteinternational.com\/fr\/wp-json\/wp\/v2\/pages\/85757\/revisions\/86060"}],"wp:attachment":[{"href":"https:\/\/gojuteinternational.com\/fr\/wp-json\/wp\/v2\/media?parent=85757"}],"curies":[{"name":"wp","href":"https:\/\/api.w.org\/{rel}","templated":true}]}}