{"id":85771,"date":"2025-02-20T07:22:02","date_gmt":"2025-02-20T06:22:02","guid":{"rendered":"https:\/\/gojuteinternational.com\/how-to-care-for-your-juco-bags\/"},"modified":"2025-02-25T06:59:10","modified_gmt":"2025-02-25T05:59:10","slug":"how-to-care-for-your-juco-bags","status":"publish","type":"page","link":"https:\/\/gojuteinternational.com\/fr\/how-to-care-for-your-juco-bags\/","title":{"rendered":"Comment entretenir vos sacs Juco"},"content":{"rendered":"\t\t<div data-elementor-type=\"wp-page\" data-elementor-id=\"85771\" class=\"elementor elementor-85771 elementor-85769\" data-elementor-post-type=\"page\">\n\t\t\t\t\t\t\t\t\t<section class=\"elementor-section elementor-top-section elementor-element elementor-element-1ae1b4a elementor-section-boxed elementor-section-height-default elementor-section-height-default\" data-id=\"1ae1b4a\" data-element_type=\"section\">\n\t\t\t\t\t\t<div class=\"elementor-container elementor-column-gap-default\">\n\t\t\t\t\t<div class=\"elementor-column elementor-col-100 elementor-top-column elementor-element elementor-element-40fba87\" data-id=\"40fba87\" data-element_type=\"column\">\n\t\t\t<div class=\"elementor-widget-wrap elementor-element-populated\">\n\t\t\t\t\t\t\t\t<div class=\"elementor-element elementor-element-580416a elementor-widget elementor-widget-spacer\" data-id=\"580416a\" data-element_type=\"widget\" data-widget_type=\"spacer.default\">\n\t\t\t\t<div class=\"elementor-widget-container\">\n\t\t\t<style>\/*! elementor - v3.18.0 - 20-12-2023 *\/\n.elementor-column .elementor-spacer-inner{height:var(--spacer-size)}.e-con{--container-widget-width:100%}.e-con-inner>.elementor-widget-spacer,.e-con>.elementor-widget-spacer{width:var(--container-widget-width,var(--spacer-size));--align-self:var(--container-widget-align-self,initial);--flex-shrink:0}.e-con-inner>.elementor-widget-spacer>.elementor-widget-container,.e-con>.elementor-widget-spacer>.elementor-widget-container{height:100%;width:100%}.e-con-inner>.elementor-widget-spacer>.elementor-widget-container>.elementor-spacer,.e-con>.elementor-widget-spacer>.elementor-widget-container>.elementor-spacer{height:100%}.e-con-inner>.elementor-widget-spacer>.elementor-widget-container>.elementor-spacer>.elementor-spacer-inner,.e-con>.elementor-widget-spacer>.elementor-widget-container>.elementor-spacer>.elementor-spacer-inner{height:var(--container-widget-height,var(--spacer-size))}.e-con-inner>.elementor-widget-spacer.elementor-widget-empty,.e-con>.elementor-widget-spacer.elementor-widget-empty{position:relative;min-height:22px;min-width:22px}.e-con-inner>.elementor-widget-spacer.elementor-widget-empty .elementor-widget-empty-icon,.e-con>.elementor-widget-spacer.elementor-widget-empty .elementor-widget-empty-icon{position:absolute;top:0;bottom:0;left:0;right:0;margin:auto;padding:0;width:22px;height:22px}<\/style>\t\t<div class=\"elementor-spacer\">\n\t\t\t<div class=\"elementor-spacer-inner\"><\/div>\n\t\t<\/div>\n\t\t\t\t<\/div>\n\t\t\t\t<\/div>\n\t\t\t\t\t<\/div>\n\t\t<\/div>\n\t\t\t\t\t\t\t<\/div>\n\t\t<\/section>\n\t\t\t\t<section class=\"elementor-section elementor-top-section elementor-element elementor-element-9e66af1 elementor-section-boxed elementor-section-height-default elementor-section-height-default\" data-id=\"9e66af1\" data-element_type=\"section\">\n\t\t\t\t\t\t<div class=\"elementor-container elementor-column-gap-default\">\n\t\t\t\t\t<div class=\"elementor-column elementor-col-100 elementor-top-column elementor-element elementor-element-89cb982\" data-id=\"89cb982\" data-element_type=\"column\">\n\t\t\t<div class=\"elementor-widget-wrap elementor-element-populated\">\n\t\t\t\t\t\t\t\t<div class=\"elementor-element elementor-element-7980738 elementor-widget elementor-widget-heading\" data-id=\"7980738\" data-element_type=\"widget\" data-widget_type=\"heading.default\">\n\t\t\t\t<div class=\"elementor-widget-container\">\n\t\t\t<style>\/*! elementor - v3.18.0 - 20-12-2023 *\/\n.elementor-heading-title{padding:0;margin:0;line-height:1}.elementor-widget-heading .elementor-heading-title[class*=elementor-size-]>a{color:inherit;font-size:inherit;line-height:inherit}.elementor-widget-heading .elementor-heading-title.elementor-size-small{font-size:15px}.elementor-widget-heading .elementor-heading-title.elementor-size-medium{font-size:19px}.elementor-widget-heading .elementor-heading-title.elementor-size-large{font-size:29px}.elementor-widget-heading .elementor-heading-title.elementor-size-xl{font-size:39px}.elementor-widget-heading .elementor-heading-title.elementor-size-xxl{font-size:59px}<\/style><h1 class=\"elementor-heading-title elementor-size-default\">Prendre soin de Juco : M\u00e9lange de jute et de coton\nL'entretien simplifi\u00e9\n<\/h1>\t\t<\/div>\n\t\t\t\t<\/div>\n\t\t\t\t\t<\/div>\n\t\t<\/div>\n\t\t\t\t\t\t\t<\/div>\n\t\t<\/section>\n\t\t\t\t<section class=\"elementor-section elementor-top-section elementor-element elementor-element-a257318 elementor-section-boxed elementor-section-height-default elementor-section-height-default\" data-id=\"a257318\" data-element_type=\"section\">\n\t\t\t\t\t\t<div class=\"elementor-container elementor-column-gap-default\">\n\t\t\t\t\t<div class=\"elementor-column elementor-col-100 elementor-top-column elementor-element elementor-element-93e8a88\" data-id=\"93e8a88\" data-element_type=\"column\">\n\t\t\t<div class=\"elementor-widget-wrap elementor-element-populated\">\n\t\t\t\t\t\t\t\t<div class=\"elementor-element elementor-element-63c5e3d elementor-widget elementor-widget-text-editor\" data-id=\"63c5e3d\" data-element_type=\"widget\" data-widget_type=\"text-editor.default\">\n\t\t\t\t<div class=\"elementor-widget-container\">\n\t\t\t<style>\/*! elementor - v3.18.0 - 20-12-2023 *\/\n.elementor-widget-text-editor.elementor-drop-cap-view-stacked .elementor-drop-cap{background-color:#69727d;color:#fff}.elementor-widget-text-editor.elementor-drop-cap-view-framed .elementor-drop-cap{color:#69727d;border:3px solid;background-color:transparent}.elementor-widget-text-editor:not(.elementor-drop-cap-view-default) .elementor-drop-cap{margin-top:8px}.elementor-widget-text-editor:not(.elementor-drop-cap-view-default) .elementor-drop-cap-letter{width:1em;height:1em}.elementor-widget-text-editor .elementor-drop-cap{float:left;text-align:center;line-height:1;font-size:50px}.elementor-widget-text-editor .elementor-drop-cap-letter{display:inline-block}<\/style>\t\t\t\t<p>Juco allie la robustesse du jute \u00e0 la douceur du coton, cr\u00e9ant ainsi un tissu polyvalent et respectueux de l&rsquo;environnement. Bien qu&rsquo;il soit un peu plus raffin\u00e9 que le jute pur, il doit \u00eatre entretenu avec soin pour conserver son aspect et sa solidit\u00e9. Dans cet article, nous aborderons les m\u00e9thodes de nettoyage, de s\u00e9chage et de stockage adapt\u00e9es aux sacs en juco.  <\/p>\n<\/p>\n<h3>Nettoyer d\u00e9licatement<\/h3>\n<ul>\n<li>Solution savonneuse douce : M\u00e9langez une petite cuiller\u00e9e de d\u00e9tergent doux \u00e0 de l&rsquo;eau ti\u00e8de.<\/li>\n<li>Appliquez une l\u00e9g\u00e8re pression : utilisez un chiffon doux ou une \u00e9ponge pour tamponner (et non frotter) la zone tach\u00e9e. Vous \u00e9viterez ainsi d&rsquo;endommager les fibres par abrasion. <\/li>\n<li>Rin\u00e7age minimal : enlevez d\u00e9licatement les restes de savon \u00e0 l&rsquo;aide d&rsquo;un chiffon propre et humide.<\/li>\n<\/ul>\n<h3>\u00c9vitez l&rsquo;immersion totale<\/h3>\n<ul>\n<li>Pas de lavage en machine : l&rsquo;exc\u00e8s d&rsquo;eau peut entra\u00eener le r\u00e9tr\u00e9cissement ou la d\u00e9formation de la partie jute du m\u00e9lange.<\/li>\n<li>Pas de trempage : Une immersion prolong\u00e9e peut affaiblir les fibres et rel\u00e2cher le tissage.<\/li>\n<li>R\u00e9ponse rapide : Traitez imm\u00e9diatement les d\u00e9versements et les taches pour r\u00e9duire la n\u00e9cessit\u00e9 d&rsquo;un nettoyage en profondeur.<\/li>\n<\/ul>\n<h3>S\u00e9chage \u00e0 l&rsquo;air libre<\/h3>\n<ul>\n<li>Poser \u00e0 plat ou suspendre : Apr\u00e8s un nettoyage ponctuel, remodelez d\u00e9licatement le sac si n\u00e9cessaire et posez-le \u00e0 plat sur une surface propre ou suspendez-le.<\/li>\n<li>Oubliez le s\u00e8che-linge : La chaleur \u00e9lev\u00e9e peut endommager les fibres ou provoquer un r\u00e9tr\u00e9cissement in\u00e9gal.<\/li>\n<li>Pr\u00e9venir les moisissures : assurez-vous que le sac est sec \u00e0 100 % avant de le ranger.<\/li>\n<\/ul>\n<h3>Suggestions de rangement<\/h3>\n<ul>\n<li>Endroit frais et sec : Conservez les sacs juco \u00e0 l&rsquo;abri de l&rsquo;humidit\u00e9, qui peut \u00eatre \u00e0 l&rsquo;origine d&rsquo;odeurs ou de moisissures.<\/li>\n<li>Rangement s\u00e9par\u00e9 : Si vous stockez plusieurs sacs, pensez \u00e0 les placer dans une housse respirante ou un sac en tissu pour \u00e9viter qu&rsquo;ils ne s&rsquo;accrochent.<\/li>\n<\/ul>\n<h2> <\/h2>\n<h2>Conclusion<\/h2>\n<p>Le m\u00e9lange de jute et de coton de Juco assure \u00e0 la fois la durabilit\u00e9 et une finition plus lisse. En utilisant des techniques douces de nettoyage par points, en s\u00e9chant \u00e0 l&rsquo;air libre et en rangeant soigneusement vos sacs Juco, vous vous assurerez qu&rsquo;ils restent aussi fonctionnels et \u00e9l\u00e9gants que jamais. <\/p>\n<\/p><\/p>\n\t\t\t\t\t\t<\/div>\n\t\t\t\t<\/div>\n\t\t\t\t\t<\/div>\n\t\t<\/div>\n\t\t\t\t\t\t\t<\/div>\n\t\t<\/section>\n\t\t\t\t\t\t\t<\/div>\n\t\t","protected":false},"excerpt":{"rendered":"<p>Prendre soin de Juco : M\u00e9lange de jute et de coton L&rsquo;entretien simplifi\u00e9 Juco allie la robustesse du jute \u00e0 la douceur du coton, cr\u00e9ant ainsi un tissu polyvalent et respectueux de l&rsquo;environnement. Bien qu&rsquo;il soit un peu plus raffin\u00e9 que le jute pur, il doit \u00eatre entretenu avec soin pour conserver son aspect et [&hellip;]<\/p>\n","protected":false},"author":6996,"featured_media":0,"parent":0,"menu_order":0,"comment_status":"closed","ping_status":"closed","template":"elementor_header_footer","meta":{"content-type":"","_monsterinsights_skip_tracking":false,"_monsterinsights_sitenote_active":false,"_monsterinsights_sitenote_note":"","_monsterinsights_sitenote_category":0,"footnotes":""},"class_list":["post-85771","page","type-page","status-publish","hentry"],"yoast_head":"<!-- This site is optimized with the Yoast SEO plugin v21.7 - https:\/\/yoast.com\/wordpress\/plugins\/seo\/ -->\n<title>Comment entretenir les sacs Juco : Conseils de nettoyage et de stockage<\/title>\n<meta name=\"description\" content=\"Gardez vos sacs juco en parfait \u00e9tat en les nettoyant d\u00e9licatement et en les faisant s\u00e9cher correctement. Apprenez \u00e0 manipuler correctement ce m\u00e9lange unique de jute et de coton.\" \/>\n<meta name=\"robots\" content=\"index, follow, max-snippet:-1, max-image-preview:large, max-video-preview:-1\" \/>\n<link rel=\"canonical\" href=\"https:\/\/gojuteinternational.com\/fr\/how-to-care-for-your-juco-bags\/\" \/>\n<meta property=\"og:locale\" content=\"fr_FR\" \/>\n<meta property=\"og:type\" content=\"article\" \/>\n<meta property=\"og:title\" content=\"Comment entretenir les sacs Juco : Conseils de nettoyage et de stockage\" \/>\n<meta property=\"og:description\" content=\"Gardez vos sacs juco en parfait \u00e9tat en les nettoyant d\u00e9licatement et en les faisant s\u00e9cher correctement. Apprenez \u00e0 manipuler correctement ce m\u00e9lange unique de jute et de coton.\" \/>\n<meta property=\"og:url\" content=\"https:\/\/gojuteinternational.com\/fr\/how-to-care-for-your-juco-bags\/\" \/>\n<meta property=\"og:site_name\" content=\"GoJute International\" \/>\n<meta property=\"article:publisher\" content=\"https:\/\/www.facebook.com\/gojute\" \/>\n<meta property=\"article:modified_time\" content=\"2025-02-25T05:59:10+00:00\" \/>\n<meta name=\"twitter:card\" content=\"summary_large_image\" \/>\n<meta name=\"twitter:label1\" content=\"Dur\u00e9e de lecture estim\u00e9e\" \/>\n\t<meta name=\"twitter:data1\" content=\"2 minutes\" \/>\n<script type=\"application\/ld+json\" class=\"yoast-schema-graph\">{\"@context\":\"https:\/\/schema.org\",\"@graph\":[{\"@type\":\"WebPage\",\"@id\":\"https:\/\/gojuteinternational.com\/fr\/how-to-care-for-your-juco-bags\/\",\"url\":\"https:\/\/gojuteinternational.com\/fr\/how-to-care-for-your-juco-bags\/\",\"name\":\"Comment entretenir les sacs Juco : Conseils de nettoyage et de stockage\",\"isPartOf\":{\"@id\":\"https:\/\/gojuteinternational.com\/fr\/#website\"},\"datePublished\":\"2025-02-20T06:22:02+00:00\",\"dateModified\":\"2025-02-25T05:59:10+00:00\",\"description\":\"Gardez vos sacs juco en parfait \u00e9tat en les nettoyant d\u00e9licatement et en les faisant s\u00e9cher correctement. Apprenez \u00e0 manipuler correctement ce m\u00e9lange unique de jute et de coton.\",\"breadcrumb\":{\"@id\":\"https:\/\/gojuteinternational.com\/fr\/how-to-care-for-your-juco-bags\/#breadcrumb\"},\"inLanguage\":\"fr-FR\",\"potentialAction\":[{\"@type\":\"ReadAction\",\"target\":[\"https:\/\/gojuteinternational.com\/fr\/how-to-care-for-your-juco-bags\/\"]}]},{\"@type\":\"BreadcrumbList\",\"@id\":\"https:\/\/gojuteinternational.com\/fr\/how-to-care-for-your-juco-bags\/#breadcrumb\",\"itemListElement\":[{\"@type\":\"ListItem\",\"position\":1,\"name\":\"Home\",\"item\":\"https:\/\/gojuteinternational.com\/fr\/\"},{\"@type\":\"ListItem\",\"position\":2,\"name\":\"Comment entretenir vos sacs Juco\"}]},{\"@type\":\"WebSite\",\"@id\":\"https:\/\/gojuteinternational.com\/fr\/#website\",\"url\":\"https:\/\/gojuteinternational.com\/fr\/\",\"name\":\"GoJute International\",\"description\":\"Printed bags for business\",\"publisher\":{\"@id\":\"https:\/\/gojuteinternational.com\/fr\/#organization\"},\"alternateName\":\"GoJute\",\"potentialAction\":[{\"@type\":\"SearchAction\",\"target\":{\"@type\":\"EntryPoint\",\"urlTemplate\":\"https:\/\/gojuteinternational.com\/fr\/?s={search_term_string}\"},\"query-input\":\"required name=search_term_string\"}],\"inLanguage\":\"fr-FR\"},{\"@type\":\"Organization\",\"@id\":\"https:\/\/gojuteinternational.com\/fr\/#organization\",\"name\":\"GoJute International\",\"alternateName\":\"GoJute\",\"url\":\"https:\/\/gojuteinternational.com\/fr\/\",\"logo\":{\"@type\":\"ImageObject\",\"inLanguage\":\"fr-FR\",\"@id\":\"https:\/\/gojuteinternational.com\/fr\/#\/schema\/logo\/image\/\",\"url\":\"https:\/\/gojuteinternational.com\/wp-content\/uploads\/2022\/06\/GoJute-Logo-RGB.png\",\"contentUrl\":\"https:\/\/gojuteinternational.com\/wp-content\/uploads\/2022\/06\/GoJute-Logo-RGB.png\",\"width\":2000,\"height\":1809,\"caption\":\"GoJute International\"},\"image\":{\"@id\":\"https:\/\/gojuteinternational.com\/fr\/#\/schema\/logo\/image\/\"},\"sameAs\":[\"https:\/\/www.facebook.com\/gojute\",\"https:\/\/www.instagram.com\/gojute\/\"]}]}<\/script>\n<!-- \/ Yoast SEO plugin. -->","yoast_head_json":{"title":"Comment entretenir les sacs Juco : Conseils de nettoyage et de stockage","description":"Gardez vos sacs juco en parfait \u00e9tat en les nettoyant d\u00e9licatement et en les faisant s\u00e9cher correctement. Apprenez \u00e0 manipuler correctement ce m\u00e9lange unique de jute et de coton.","robots":{"index":"index","follow":"follow","max-snippet":"max-snippet:-1","max-image-preview":"max-image-preview:large","max-video-preview":"max-video-preview:-1"},"canonical":"https:\/\/gojuteinternational.com\/fr\/how-to-care-for-your-juco-bags\/","og_locale":"fr_FR","og_type":"article","og_title":"Comment entretenir les sacs Juco : Conseils de nettoyage et de stockage","og_description":"Gardez vos sacs juco en parfait \u00e9tat en les nettoyant d\u00e9licatement et en les faisant s\u00e9cher correctement. Apprenez \u00e0 manipuler correctement ce m\u00e9lange unique de jute et de coton.","og_url":"https:\/\/gojuteinternational.com\/fr\/how-to-care-for-your-juco-bags\/","og_site_name":"GoJute International","article_publisher":"https:\/\/www.facebook.com\/gojute","article_modified_time":"2025-02-25T05:59:10+00:00","twitter_card":"summary_large_image","twitter_misc":{"Dur\u00e9e de lecture estim\u00e9e":"2 minutes"},"schema":{"@context":"https:\/\/schema.org","@graph":[{"@type":"WebPage","@id":"https:\/\/gojuteinternational.com\/fr\/how-to-care-for-your-juco-bags\/","url":"https:\/\/gojuteinternational.com\/fr\/how-to-care-for-your-juco-bags\/","name":"Comment entretenir les sacs Juco : Conseils de nettoyage et de stockage","isPartOf":{"@id":"https:\/\/gojuteinternational.com\/fr\/#website"},"datePublished":"2025-02-20T06:22:02+00:00","dateModified":"2025-02-25T05:59:10+00:00","description":"Gardez vos sacs juco en parfait \u00e9tat en les nettoyant d\u00e9licatement et en les faisant s\u00e9cher correctement. Apprenez \u00e0 manipuler correctement ce m\u00e9lange unique de jute et de coton.","breadcrumb":{"@id":"https:\/\/gojuteinternational.com\/fr\/how-to-care-for-your-juco-bags\/#breadcrumb"},"inLanguage":"fr-FR","potentialAction":[{"@type":"ReadAction","target":["https:\/\/gojuteinternational.com\/fr\/how-to-care-for-your-juco-bags\/"]}]},{"@type":"BreadcrumbList","@id":"https:\/\/gojuteinternational.com\/fr\/how-to-care-for-your-juco-bags\/#breadcrumb","itemListElement":[{"@type":"ListItem","position":1,"name":"Home","item":"https:\/\/gojuteinternational.com\/fr\/"},{"@type":"ListItem","position":2,"name":"Comment entretenir vos sacs Juco"}]},{"@type":"WebSite","@id":"https:\/\/gojuteinternational.com\/fr\/#website","url":"https:\/\/gojuteinternational.com\/fr\/","name":"GoJute International","description":"Printed bags for business","publisher":{"@id":"https:\/\/gojuteinternational.com\/fr\/#organization"},"alternateName":"GoJute","potentialAction":[{"@type":"SearchAction","target":{"@type":"EntryPoint","urlTemplate":"https:\/\/gojuteinternational.com\/fr\/?s={search_term_string}"},"query-input":"required name=search_term_string"}],"inLanguage":"fr-FR"},{"@type":"Organization","@id":"https:\/\/gojuteinternational.com\/fr\/#organization","name":"GoJute International","alternateName":"GoJute","url":"https:\/\/gojuteinternational.com\/fr\/","logo":{"@type":"ImageObject","inLanguage":"fr-FR","@id":"https:\/\/gojuteinternational.com\/fr\/#\/schema\/logo\/image\/","url":"https:\/\/gojuteinternational.com\/wp-content\/uploads\/2022\/06\/GoJute-Logo-RGB.png","contentUrl":"https:\/\/gojuteinternational.com\/wp-content\/uploads\/2022\/06\/GoJute-Logo-RGB.png","width":2000,"height":1809,"caption":"GoJute International"},"image":{"@id":"https:\/\/gojuteinternational.com\/fr\/#\/schema\/logo\/image\/"},"sameAs":["https:\/\/www.facebook.com\/gojute","https:\/\/www.instagram.com\/gojute\/"]}]}},"_links":{"self":[{"href":"https:\/\/gojuteinternational.com\/fr\/wp-json\/wp\/v2\/pages\/85771","targetHints":{"allow":["GET"]}}],"collection":[{"href":"https:\/\/gojuteinternational.com\/fr\/wp-json\/wp\/v2\/pages"}],"about":[{"href":"https:\/\/gojuteinternational.com\/fr\/wp-json\/wp\/v2\/types\/page"}],"author":[{"embeddable":true,"href":"https:\/\/gojuteinternational.com\/fr\/wp-json\/wp\/v2\/users\/6996"}],"replies":[{"embeddable":true,"href":"https:\/\/gojuteinternational.com\/fr\/wp-json\/wp\/v2\/comments?post=85771"}],"version-history":[{"count":5,"href":"https:\/\/gojuteinternational.com\/fr\/wp-json\/wp\/v2\/pages\/85771\/revisions"}],"predecessor-version":[{"id":86063,"href":"https:\/\/gojuteinternational.com\/fr\/wp-json\/wp\/v2\/pages\/85771\/revisions\/86063"}],"wp:attachment":[{"href":"https:\/\/gojuteinternational.com\/fr\/wp-json\/wp\/v2\/media?parent=85771"}],"curies":[{"name":"wp","href":"https:\/\/api.w.org\/{rel}","templated":true}]}}