{"id":85799,"date":"2025-02-20T08:03:33","date_gmt":"2025-02-20T07:03:33","guid":{"rendered":"https:\/\/gojuteinternational.com\/how-to-care-for-your-jute-bags-2\/"},"modified":"2025-02-25T08:54:34","modified_gmt":"2025-02-25T07:54:34","slug":"how-to-care-for-your-jute-bags","status":"publish","type":"page","link":"https:\/\/gojuteinternational.com\/fr\/how-to-care-for-your-jute-bags\/","title":{"rendered":"Comment entretenir vos sacs de jute"},"content":{"rendered":"\t\t<div data-elementor-type=\"wp-page\" data-elementor-id=\"85799\" class=\"elementor elementor-85799 elementor-85797\" data-elementor-post-type=\"page\">\n\t\t\t\t\t\t\t\t\t<section class=\"elementor-section elementor-top-section elementor-element elementor-element-a46339f elementor-section-boxed elementor-section-height-default elementor-section-height-default\" data-id=\"a46339f\" data-element_type=\"section\">\n\t\t\t\t\t\t<div class=\"elementor-container elementor-column-gap-default\">\n\t\t\t\t\t<div class=\"elementor-column elementor-col-100 elementor-top-column elementor-element elementor-element-d6c17af\" data-id=\"d6c17af\" data-element_type=\"column\">\n\t\t\t<div class=\"elementor-widget-wrap elementor-element-populated\">\n\t\t\t\t\t\t\t\t<div class=\"elementor-element elementor-element-f37fafb elementor-widget elementor-widget-spacer\" data-id=\"f37fafb\" data-element_type=\"widget\" data-widget_type=\"spacer.default\">\n\t\t\t\t<div class=\"elementor-widget-container\">\n\t\t\t<style>\/*! elementor - v3.18.0 - 20-12-2023 *\/\n.elementor-column .elementor-spacer-inner{height:var(--spacer-size)}.e-con{--container-widget-width:100%}.e-con-inner>.elementor-widget-spacer,.e-con>.elementor-widget-spacer{width:var(--container-widget-width,var(--spacer-size));--align-self:var(--container-widget-align-self,initial);--flex-shrink:0}.e-con-inner>.elementor-widget-spacer>.elementor-widget-container,.e-con>.elementor-widget-spacer>.elementor-widget-container{height:100%;width:100%}.e-con-inner>.elementor-widget-spacer>.elementor-widget-container>.elementor-spacer,.e-con>.elementor-widget-spacer>.elementor-widget-container>.elementor-spacer{height:100%}.e-con-inner>.elementor-widget-spacer>.elementor-widget-container>.elementor-spacer>.elementor-spacer-inner,.e-con>.elementor-widget-spacer>.elementor-widget-container>.elementor-spacer>.elementor-spacer-inner{height:var(--container-widget-height,var(--spacer-size))}.e-con-inner>.elementor-widget-spacer.elementor-widget-empty,.e-con>.elementor-widget-spacer.elementor-widget-empty{position:relative;min-height:22px;min-width:22px}.e-con-inner>.elementor-widget-spacer.elementor-widget-empty .elementor-widget-empty-icon,.e-con>.elementor-widget-spacer.elementor-widget-empty .elementor-widget-empty-icon{position:absolute;top:0;bottom:0;left:0;right:0;margin:auto;padding:0;width:22px;height:22px}<\/style>\t\t<div class=\"elementor-spacer\">\n\t\t\t<div class=\"elementor-spacer-inner\"><\/div>\n\t\t<\/div>\n\t\t\t\t<\/div>\n\t\t\t\t<\/div>\n\t\t\t\t\t<\/div>\n\t\t<\/div>\n\t\t\t\t\t\t\t<\/div>\n\t\t<\/section>\n\t\t\t\t<section class=\"elementor-section elementor-top-section elementor-element elementor-element-c05accb elementor-section-boxed elementor-section-height-default elementor-section-height-default\" data-id=\"c05accb\" data-element_type=\"section\">\n\t\t\t\t\t\t<div class=\"elementor-container elementor-column-gap-default\">\n\t\t\t\t\t<div class=\"elementor-column elementor-col-100 elementor-top-column elementor-element elementor-element-f50e9cc\" data-id=\"f50e9cc\" data-element_type=\"column\">\n\t\t\t<div class=\"elementor-widget-wrap elementor-element-populated\">\n\t\t\t\t\t\t\t\t<div class=\"elementor-element elementor-element-7c3e163 elementor-widget elementor-widget-heading\" data-id=\"7c3e163\" data-element_type=\"widget\" data-widget_type=\"heading.default\">\n\t\t\t\t<div class=\"elementor-widget-container\">\n\t\t\t<style>\/*! elementor - v3.18.0 - 20-12-2023 *\/\n.elementor-heading-title{padding:0;margin:0;line-height:1}.elementor-widget-heading .elementor-heading-title[class*=elementor-size-]>a{color:inherit;font-size:inherit;line-height:inherit}.elementor-widget-heading .elementor-heading-title.elementor-size-small{font-size:15px}.elementor-widget-heading .elementor-heading-title.elementor-size-medium{font-size:19px}.elementor-widget-heading .elementor-heading-title.elementor-size-large{font-size:29px}.elementor-widget-heading .elementor-heading-title.elementor-size-xl{font-size:39px}.elementor-widget-heading .elementor-heading-title.elementor-size-xxl{font-size:59px}<\/style><h1 class=\"elementor-heading-title elementor-size-default\">Comment entretenir vos sacs de jute : Conseils pour une utilisation durable<\/h1>\t\t<\/div>\n\t\t\t\t<\/div>\n\t\t\t\t\t<\/div>\n\t\t<\/div>\n\t\t\t\t\t\t\t<\/div>\n\t\t<\/section>\n\t\t\t\t<section class=\"elementor-section elementor-top-section elementor-element elementor-element-76da8f2 elementor-section-boxed elementor-section-height-default elementor-section-height-default\" data-id=\"76da8f2\" data-element_type=\"section\">\n\t\t\t\t\t\t<div class=\"elementor-container elementor-column-gap-default\">\n\t\t\t\t\t<div class=\"elementor-column elementor-col-100 elementor-top-column elementor-element elementor-element-12f0d72\" data-id=\"12f0d72\" data-element_type=\"column\">\n\t\t\t<div class=\"elementor-widget-wrap elementor-element-populated\">\n\t\t\t\t\t\t\t\t<div class=\"elementor-element elementor-element-d65f6d3 elementor-widget elementor-widget-text-editor\" data-id=\"d65f6d3\" data-element_type=\"widget\" data-widget_type=\"text-editor.default\">\n\t\t\t\t<div class=\"elementor-widget-container\">\n\t\t\t<style>\/*! elementor - v3.18.0 - 20-12-2023 *\/\n.elementor-widget-text-editor.elementor-drop-cap-view-stacked .elementor-drop-cap{background-color:#69727d;color:#fff}.elementor-widget-text-editor.elementor-drop-cap-view-framed .elementor-drop-cap{color:#69727d;border:3px solid;background-color:transparent}.elementor-widget-text-editor:not(.elementor-drop-cap-view-default) .elementor-drop-cap{margin-top:8px}.elementor-widget-text-editor:not(.elementor-drop-cap-view-default) .elementor-drop-cap-letter{width:1em;height:1em}.elementor-widget-text-editor .elementor-drop-cap{float:left;text-align:center;line-height:1;font-size:50px}.elementor-widget-text-editor .elementor-drop-cap-letter{display:inline-block}<\/style>\t\t\t\t<p>Les sacs en jute sont r\u00e9put\u00e9s pour leur solidit\u00e9, leur texture rustique et leurs avantages \u00e9cologiques. Toutefois, cette fibre naturelle doit \u00eatre entretenue correctement pour conserver toute sa splendeur. Dans ce guide, nous vous pr\u00e9senterons des m\u00e9thodes de nettoyage efficaces, des m\u00e9thodes de s\u00e9chage et des conseils de rangement qui prolongeront la dur\u00e9e de vie de vos sacs fourre-tout en jute.  <\/p>\n<h3>Nettoyage ponctuel pour de meilleurs r\u00e9sultats<\/h3>\n<p>\u25cf Utilisez un d\u00e9tergent doux : M\u00e9langez une petite quantit\u00e9 de savon doux ou de d\u00e9tergent \u00e0 de l&rsquo;eau ti\u00e8de.<br \/>\u25cf Tamponnez, ne trempez pas : Trempez un chiffon doux dans la solution savonneuse et tamponnez la zone tach\u00e9e. \u00c9vitez de saturer le tissu, car l&rsquo;exc\u00e8s d&rsquo;eau peut fragiliser les fibres. <br \/>\u25cf Rincez l\u00e9g\u00e8rement : Si n\u00e9cessaire, essuyez les r\u00e9sidus de savon avec un chiffon l\u00e9g\u00e8rement humide &#8211; encore une fois, \u00e9vitez de trop mouiller.<\/p>\n<h3>S\u00e9chage \u00e0 l&rsquo;air uniquement<\/h3>\n<p>\u25cf Suspendez dans un endroit bien ventil\u00e9 : Apr\u00e8s un nettoyage ponctuel, placez le sac sur une corde \u00e0 linge ou un cintre pour permettre \u00e0 l&rsquo;air de circuler.<br \/>\u25cf \u00c9vitez la lumi\u00e8re directe du soleil : Une exposition prolong\u00e9e peut provoquer une d\u00e9coloration ou affaiblir les fibres au fil du temps.<br \/>\u25cf La patience est de mise : Laissez le sac s\u00e9cher compl\u00e8tement avant de le ranger ou de l&rsquo;utiliser pour \u00e9viter les moisissures ou les odeurs.<\/p>\n<h3>Stockage ad\u00e9quat<\/h3>\n<p>\u25cf Endroit frais et sec : Stockez vos sacs de jute dans un endroit \u00e0 l&rsquo;abri d&rsquo;une humidit\u00e9 excessive.<br \/>\u25cf Utilisez des sachets de gel de silice : Dans les climats humides, placer un petit sachet de gel de silice \u00e0 l&rsquo;int\u00e9rieur peut aider \u00e0 absorber l&rsquo;humidit\u00e9.<br \/>\u25cf A\u00e9ration occasionnelle : En cas de stockage prolong\u00e9, sortez le sac pour une \u00ab\u00a0a\u00e9ration\u00a0\u00bb rapide afin qu&rsquo;il reste frais.<\/p>\n<h3>Conclusion<\/h3>\n<p>Quelques gestes simples suffisent pour que vos sacs en toile de jute conservent leur \u00e9clat pendant de nombreuses ann\u00e9es. En limitant l&rsquo;exposition \u00e0 l&rsquo;eau, en s\u00e9chant \u00e0 l&rsquo;air libre et en les stockant dans un environnement sec, vous prot\u00e9gerez votre investissement dans un fourre-tout d&rsquo;origine durable qui refl\u00e8te vos valeurs \u00e9coconscientes. <\/p>\n\t\t\t\t\t\t<\/div>\n\t\t\t\t<\/div>\n\t\t\t\t\t<\/div>\n\t\t<\/div>\n\t\t\t\t\t\t\t<\/div>\n\t\t<\/section>\n\t\t\t\t\t\t\t<\/div>\n\t\t","protected":false},"excerpt":{"rendered":"<p>Comment entretenir vos sacs de jute : Conseils pour une utilisation durable Les sacs en jute sont r\u00e9put\u00e9s pour leur solidit\u00e9, leur texture rustique et leurs avantages \u00e9cologiques. Toutefois, cette fibre naturelle doit \u00eatre entretenue correctement pour conserver toute sa splendeur. Dans ce guide, nous vous pr\u00e9senterons des m\u00e9thodes de nettoyage efficaces, des m\u00e9thodes de [&hellip;]<\/p>\n","protected":false},"author":6996,"featured_media":0,"parent":0,"menu_order":0,"comment_status":"closed","ping_status":"closed","template":"elementor_header_footer","meta":{"content-type":"","_monsterinsights_skip_tracking":false,"_monsterinsights_sitenote_active":false,"_monsterinsights_sitenote_note":"","_monsterinsights_sitenote_category":0,"footnotes":""},"class_list":["post-85799","page","type-page","status-publish","hentry"],"yoast_head":"<!-- This site is optimized with the Yoast SEO plugin v21.7 - https:\/\/yoast.com\/wordpress\/plugins\/seo\/ -->\n<title>Comment entretenir vos sacs de jute : Conseils pour une utilisation durable<\/title>\n<meta name=\"description\" content=\"Prolongez la dur\u00e9e de vie de vos sacs de jute gr\u00e2ce \u00e0 des conseils de nettoyage ponctuel, de s\u00e9chage \u00e0 l&#039;air libre et de stockage. Vos sacs \u00e9cologiques resteront frais et fonctionnels.\" \/>\n<meta name=\"robots\" content=\"index, follow, max-snippet:-1, max-image-preview:large, max-video-preview:-1\" \/>\n<link rel=\"canonical\" href=\"https:\/\/gojuteinternational.com\/fr\/how-to-care-for-your-jute-bags\/\" \/>\n<meta property=\"og:locale\" content=\"fr_FR\" \/>\n<meta property=\"og:type\" content=\"article\" \/>\n<meta property=\"og:title\" content=\"Comment entretenir vos sacs de jute : Conseils pour une utilisation durable\" \/>\n<meta property=\"og:description\" content=\"Prolongez la dur\u00e9e de vie de vos sacs de jute gr\u00e2ce \u00e0 des conseils de nettoyage ponctuel, de s\u00e9chage \u00e0 l&#039;air libre et de stockage. Vos sacs \u00e9cologiques resteront frais et fonctionnels.\" \/>\n<meta property=\"og:url\" content=\"https:\/\/gojuteinternational.com\/fr\/how-to-care-for-your-jute-bags\/\" \/>\n<meta property=\"og:site_name\" content=\"GoJute International\" \/>\n<meta property=\"article:publisher\" content=\"https:\/\/www.facebook.com\/gojute\" \/>\n<meta property=\"article:modified_time\" content=\"2025-02-25T07:54:34+00:00\" \/>\n<meta name=\"twitter:card\" content=\"summary_large_image\" \/>\n<meta name=\"twitter:label1\" content=\"Dur\u00e9e de lecture estim\u00e9e\" \/>\n\t<meta name=\"twitter:data1\" content=\"2 minutes\" \/>\n<script type=\"application\/ld+json\" class=\"yoast-schema-graph\">{\"@context\":\"https:\/\/schema.org\",\"@graph\":[{\"@type\":\"WebPage\",\"@id\":\"https:\/\/gojuteinternational.com\/fr\/how-to-care-for-your-jute-bags\/\",\"url\":\"https:\/\/gojuteinternational.com\/fr\/how-to-care-for-your-jute-bags\/\",\"name\":\"Comment entretenir vos sacs de jute : Conseils pour une utilisation durable\",\"isPartOf\":{\"@id\":\"https:\/\/gojuteinternational.com\/fr\/#website\"},\"datePublished\":\"2025-02-20T07:03:33+00:00\",\"dateModified\":\"2025-02-25T07:54:34+00:00\",\"description\":\"Prolongez la dur\u00e9e de vie de vos sacs de jute gr\u00e2ce \u00e0 des conseils de nettoyage ponctuel, de s\u00e9chage \u00e0 l'air libre et de stockage. Vos sacs \u00e9cologiques resteront frais et fonctionnels.\",\"breadcrumb\":{\"@id\":\"https:\/\/gojuteinternational.com\/fr\/how-to-care-for-your-jute-bags\/#breadcrumb\"},\"inLanguage\":\"fr-FR\",\"potentialAction\":[{\"@type\":\"ReadAction\",\"target\":[\"https:\/\/gojuteinternational.com\/fr\/how-to-care-for-your-jute-bags\/\"]}]},{\"@type\":\"BreadcrumbList\",\"@id\":\"https:\/\/gojuteinternational.com\/fr\/how-to-care-for-your-jute-bags\/#breadcrumb\",\"itemListElement\":[{\"@type\":\"ListItem\",\"position\":1,\"name\":\"Home\",\"item\":\"https:\/\/gojuteinternational.com\/fr\/\"},{\"@type\":\"ListItem\",\"position\":2,\"name\":\"Comment entretenir vos sacs de jute\"}]},{\"@type\":\"WebSite\",\"@id\":\"https:\/\/gojuteinternational.com\/fr\/#website\",\"url\":\"https:\/\/gojuteinternational.com\/fr\/\",\"name\":\"GoJute International\",\"description\":\"Printed bags for business\",\"publisher\":{\"@id\":\"https:\/\/gojuteinternational.com\/fr\/#organization\"},\"alternateName\":\"GoJute\",\"potentialAction\":[{\"@type\":\"SearchAction\",\"target\":{\"@type\":\"EntryPoint\",\"urlTemplate\":\"https:\/\/gojuteinternational.com\/fr\/?s={search_term_string}\"},\"query-input\":\"required name=search_term_string\"}],\"inLanguage\":\"fr-FR\"},{\"@type\":\"Organization\",\"@id\":\"https:\/\/gojuteinternational.com\/fr\/#organization\",\"name\":\"GoJute International\",\"alternateName\":\"GoJute\",\"url\":\"https:\/\/gojuteinternational.com\/fr\/\",\"logo\":{\"@type\":\"ImageObject\",\"inLanguage\":\"fr-FR\",\"@id\":\"https:\/\/gojuteinternational.com\/fr\/#\/schema\/logo\/image\/\",\"url\":\"https:\/\/gojuteinternational.com\/wp-content\/uploads\/2022\/06\/GoJute-Logo-RGB.png\",\"contentUrl\":\"https:\/\/gojuteinternational.com\/wp-content\/uploads\/2022\/06\/GoJute-Logo-RGB.png\",\"width\":2000,\"height\":1809,\"caption\":\"GoJute International\"},\"image\":{\"@id\":\"https:\/\/gojuteinternational.com\/fr\/#\/schema\/logo\/image\/\"},\"sameAs\":[\"https:\/\/www.facebook.com\/gojute\",\"https:\/\/www.instagram.com\/gojute\/\"]}]}<\/script>\n<!-- \/ Yoast SEO plugin. -->","yoast_head_json":{"title":"Comment entretenir vos sacs de jute : Conseils pour une utilisation durable","description":"Prolongez la dur\u00e9e de vie de vos sacs de jute gr\u00e2ce \u00e0 des conseils de nettoyage ponctuel, de s\u00e9chage \u00e0 l'air libre et de stockage. Vos sacs \u00e9cologiques resteront frais et fonctionnels.","robots":{"index":"index","follow":"follow","max-snippet":"max-snippet:-1","max-image-preview":"max-image-preview:large","max-video-preview":"max-video-preview:-1"},"canonical":"https:\/\/gojuteinternational.com\/fr\/how-to-care-for-your-jute-bags\/","og_locale":"fr_FR","og_type":"article","og_title":"Comment entretenir vos sacs de jute : Conseils pour une utilisation durable","og_description":"Prolongez la dur\u00e9e de vie de vos sacs de jute gr\u00e2ce \u00e0 des conseils de nettoyage ponctuel, de s\u00e9chage \u00e0 l'air libre et de stockage. Vos sacs \u00e9cologiques resteront frais et fonctionnels.","og_url":"https:\/\/gojuteinternational.com\/fr\/how-to-care-for-your-jute-bags\/","og_site_name":"GoJute International","article_publisher":"https:\/\/www.facebook.com\/gojute","article_modified_time":"2025-02-25T07:54:34+00:00","twitter_card":"summary_large_image","twitter_misc":{"Dur\u00e9e de lecture estim\u00e9e":"2 minutes"},"schema":{"@context":"https:\/\/schema.org","@graph":[{"@type":"WebPage","@id":"https:\/\/gojuteinternational.com\/fr\/how-to-care-for-your-jute-bags\/","url":"https:\/\/gojuteinternational.com\/fr\/how-to-care-for-your-jute-bags\/","name":"Comment entretenir vos sacs de jute : Conseils pour une utilisation durable","isPartOf":{"@id":"https:\/\/gojuteinternational.com\/fr\/#website"},"datePublished":"2025-02-20T07:03:33+00:00","dateModified":"2025-02-25T07:54:34+00:00","description":"Prolongez la dur\u00e9e de vie de vos sacs de jute gr\u00e2ce \u00e0 des conseils de nettoyage ponctuel, de s\u00e9chage \u00e0 l'air libre et de stockage. Vos sacs \u00e9cologiques resteront frais et fonctionnels.","breadcrumb":{"@id":"https:\/\/gojuteinternational.com\/fr\/how-to-care-for-your-jute-bags\/#breadcrumb"},"inLanguage":"fr-FR","potentialAction":[{"@type":"ReadAction","target":["https:\/\/gojuteinternational.com\/fr\/how-to-care-for-your-jute-bags\/"]}]},{"@type":"BreadcrumbList","@id":"https:\/\/gojuteinternational.com\/fr\/how-to-care-for-your-jute-bags\/#breadcrumb","itemListElement":[{"@type":"ListItem","position":1,"name":"Home","item":"https:\/\/gojuteinternational.com\/fr\/"},{"@type":"ListItem","position":2,"name":"Comment entretenir vos sacs de jute"}]},{"@type":"WebSite","@id":"https:\/\/gojuteinternational.com\/fr\/#website","url":"https:\/\/gojuteinternational.com\/fr\/","name":"GoJute International","description":"Printed bags for business","publisher":{"@id":"https:\/\/gojuteinternational.com\/fr\/#organization"},"alternateName":"GoJute","potentialAction":[{"@type":"SearchAction","target":{"@type":"EntryPoint","urlTemplate":"https:\/\/gojuteinternational.com\/fr\/?s={search_term_string}"},"query-input":"required name=search_term_string"}],"inLanguage":"fr-FR"},{"@type":"Organization","@id":"https:\/\/gojuteinternational.com\/fr\/#organization","name":"GoJute International","alternateName":"GoJute","url":"https:\/\/gojuteinternational.com\/fr\/","logo":{"@type":"ImageObject","inLanguage":"fr-FR","@id":"https:\/\/gojuteinternational.com\/fr\/#\/schema\/logo\/image\/","url":"https:\/\/gojuteinternational.com\/wp-content\/uploads\/2022\/06\/GoJute-Logo-RGB.png","contentUrl":"https:\/\/gojuteinternational.com\/wp-content\/uploads\/2022\/06\/GoJute-Logo-RGB.png","width":2000,"height":1809,"caption":"GoJute International"},"image":{"@id":"https:\/\/gojuteinternational.com\/fr\/#\/schema\/logo\/image\/"},"sameAs":["https:\/\/www.facebook.com\/gojute","https:\/\/www.instagram.com\/gojute\/"]}]}},"_links":{"self":[{"href":"https:\/\/gojuteinternational.com\/fr\/wp-json\/wp\/v2\/pages\/85799","targetHints":{"allow":["GET"]}}],"collection":[{"href":"https:\/\/gojuteinternational.com\/fr\/wp-json\/wp\/v2\/pages"}],"about":[{"href":"https:\/\/gojuteinternational.com\/fr\/wp-json\/wp\/v2\/types\/page"}],"author":[{"embeddable":true,"href":"https:\/\/gojuteinternational.com\/fr\/wp-json\/wp\/v2\/users\/6996"}],"replies":[{"embeddable":true,"href":"https:\/\/gojuteinternational.com\/fr\/wp-json\/wp\/v2\/comments?post=85799"}],"version-history":[{"count":2,"href":"https:\/\/gojuteinternational.com\/fr\/wp-json\/wp\/v2\/pages\/85799\/revisions"}],"predecessor-version":[{"id":86141,"href":"https:\/\/gojuteinternational.com\/fr\/wp-json\/wp\/v2\/pages\/85799\/revisions\/86141"}],"wp:attachment":[{"href":"https:\/\/gojuteinternational.com\/fr\/wp-json\/wp\/v2\/media?parent=85799"}],"curies":[{"name":"wp","href":"https:\/\/api.w.org\/{rel}","templated":true}]}}