{"id":85803,"date":"2025-02-20T08:14:15","date_gmt":"2025-02-20T07:14:15","guid":{"rendered":"https:\/\/gojuteinternational.com\/how-to-care-for-your-non-woven-polypropylene-bags\/"},"modified":"2025-06-24T09:23:27","modified_gmt":"2025-06-24T08:23:27","slug":"comment-entretenir-vos-sacs-en-polypropylene-non-tisse","status":"publish","type":"page","link":"https:\/\/gojuteinternational.com\/fr\/comment-entretenir-vos-sacs-en-polypropylene-non-tisse\/","title":{"rendered":"Comment entretenir vos sacs en polypropyl\u00e8ne non tiss\u00e9 ?"},"content":{"rendered":"\t\t<div data-elementor-type=\"wp-page\" data-elementor-id=\"85803\" class=\"elementor elementor-85803 elementor-85801\" data-elementor-post-type=\"page\">\n\t\t\t\t\t\t\t\t\t<section class=\"elementor-section elementor-top-section elementor-element elementor-element-3255c6c elementor-section-boxed elementor-section-height-default elementor-section-height-default\" data-id=\"3255c6c\" data-element_type=\"section\">\n\t\t\t\t\t\t<div class=\"elementor-container elementor-column-gap-default\">\n\t\t\t\t\t<div class=\"elementor-column elementor-col-100 elementor-top-column elementor-element elementor-element-f14b15f\" data-id=\"f14b15f\" data-element_type=\"column\">\n\t\t\t<div class=\"elementor-widget-wrap elementor-element-populated\">\n\t\t\t\t\t\t\t\t<div class=\"elementor-element elementor-element-eb904cc elementor-widget elementor-widget-spacer\" data-id=\"eb904cc\" data-element_type=\"widget\" data-widget_type=\"spacer.default\">\n\t\t\t\t<div class=\"elementor-widget-container\">\n\t\t\t<style>\/*! elementor - v3.18.0 - 20-12-2023 *\/\n.elementor-column .elementor-spacer-inner{height:var(--spacer-size)}.e-con{--container-widget-width:100%}.e-con-inner>.elementor-widget-spacer,.e-con>.elementor-widget-spacer{width:var(--container-widget-width,var(--spacer-size));--align-self:var(--container-widget-align-self,initial);--flex-shrink:0}.e-con-inner>.elementor-widget-spacer>.elementor-widget-container,.e-con>.elementor-widget-spacer>.elementor-widget-container{height:100%;width:100%}.e-con-inner>.elementor-widget-spacer>.elementor-widget-container>.elementor-spacer,.e-con>.elementor-widget-spacer>.elementor-widget-container>.elementor-spacer{height:100%}.e-con-inner>.elementor-widget-spacer>.elementor-widget-container>.elementor-spacer>.elementor-spacer-inner,.e-con>.elementor-widget-spacer>.elementor-widget-container>.elementor-spacer>.elementor-spacer-inner{height:var(--container-widget-height,var(--spacer-size))}.e-con-inner>.elementor-widget-spacer.elementor-widget-empty,.e-con>.elementor-widget-spacer.elementor-widget-empty{position:relative;min-height:22px;min-width:22px}.e-con-inner>.elementor-widget-spacer.elementor-widget-empty .elementor-widget-empty-icon,.e-con>.elementor-widget-spacer.elementor-widget-empty .elementor-widget-empty-icon{position:absolute;top:0;bottom:0;left:0;right:0;margin:auto;padding:0;width:22px;height:22px}<\/style>\t\t<div class=\"elementor-spacer\">\n\t\t\t<div class=\"elementor-spacer-inner\"><\/div>\n\t\t<\/div>\n\t\t\t\t<\/div>\n\t\t\t\t<\/div>\n\t\t\t\t\t<\/div>\n\t\t<\/div>\n\t\t\t\t\t\t\t<\/div>\n\t\t<\/section>\n\t\t\t\t<section class=\"elementor-section elementor-top-section elementor-element elementor-element-580c3d5 elementor-section-boxed elementor-section-height-default elementor-section-height-default\" data-id=\"580c3d5\" data-element_type=\"section\">\n\t\t\t\t\t\t<div class=\"elementor-container elementor-column-gap-default\">\n\t\t\t\t\t<div class=\"elementor-column elementor-col-100 elementor-top-column elementor-element elementor-element-408a49e\" data-id=\"408a49e\" data-element_type=\"column\">\n\t\t\t<div class=\"elementor-widget-wrap elementor-element-populated\">\n\t\t\t\t\t\t\t\t<div class=\"elementor-element elementor-element-f583627 elementor-widget elementor-widget-heading\" data-id=\"f583627\" data-element_type=\"widget\" data-widget_type=\"heading.default\">\n\t\t\t\t<div class=\"elementor-widget-container\">\n\t\t\t<style>\/*! elementor - v3.18.0 - 20-12-2023 *\/\n.elementor-heading-title{padding:0;margin:0;line-height:1}.elementor-widget-heading .elementor-heading-title[class*=elementor-size-]>a{color:inherit;font-size:inherit;line-height:inherit}.elementor-widget-heading .elementor-heading-title.elementor-size-small{font-size:15px}.elementor-widget-heading .elementor-heading-title.elementor-size-medium{font-size:19px}.elementor-widget-heading .elementor-heading-title.elementor-size-large{font-size:29px}.elementor-widget-heading .elementor-heading-title.elementor-size-xl{font-size:39px}.elementor-widget-heading .elementor-heading-title.elementor-size-xxl{font-size:59px}<\/style><h1 class=\"elementor-heading-title elementor-size-default\">Entretien du sac en PP non tiss\u00e9 : Nettoyer et\nStocker pour une utilisation r\u00e9p\u00e9t\u00e9e\n<\/h1>\t\t<\/div>\n\t\t\t\t<\/div>\n\t\t\t\t\t<\/div>\n\t\t<\/div>\n\t\t\t\t\t\t\t<\/div>\n\t\t<\/section>\n\t\t\t\t<section class=\"elementor-section elementor-top-section elementor-element elementor-element-f6deaf5 elementor-section-boxed elementor-section-height-default elementor-section-height-default\" data-id=\"f6deaf5\" data-element_type=\"section\">\n\t\t\t\t\t\t<div class=\"elementor-container elementor-column-gap-default\">\n\t\t\t\t\t<div class=\"elementor-column elementor-col-100 elementor-top-column elementor-element elementor-element-8991086\" data-id=\"8991086\" data-element_type=\"column\">\n\t\t\t<div class=\"elementor-widget-wrap elementor-element-populated\">\n\t\t\t\t\t\t\t\t<div class=\"elementor-element elementor-element-1bc21f0 elementor-widget elementor-widget-text-editor\" data-id=\"1bc21f0\" data-element_type=\"widget\" data-widget_type=\"text-editor.default\">\n\t\t\t\t<div class=\"elementor-widget-container\">\n\t\t\t<style>\/*! elementor - v3.18.0 - 20-12-2023 *\/\n.elementor-widget-text-editor.elementor-drop-cap-view-stacked .elementor-drop-cap{background-color:#69727d;color:#fff}.elementor-widget-text-editor.elementor-drop-cap-view-framed .elementor-drop-cap{color:#69727d;border:3px solid;background-color:transparent}.elementor-widget-text-editor:not(.elementor-drop-cap-view-default) .elementor-drop-cap{margin-top:8px}.elementor-widget-text-editor:not(.elementor-drop-cap-view-default) .elementor-drop-cap-letter{width:1em;height:1em}.elementor-widget-text-editor .elementor-drop-cap{float:left;text-align:center;line-height:1;font-size:50px}.elementor-widget-text-editor .elementor-drop-cap-letter{display:inline-block}<\/style>\t\t\t\t<p>Les sacs en polypropyl\u00e8ne non tiss\u00e9 (PP) offrent une alternative \u00e9conomique et r\u00e9utilisable aux sacs plastiques \u00e0 usage unique. Faciles d\u2019entretien compar\u00e9s aux fibres naturelles, ils peuvent rester en bon \u00e9tat pendant des mois, voire des ann\u00e9es, avec un nettoyage et un stockage appropri\u00e9s. Voici quelques conseils pour prolonger leur durabilit\u00e9 tout en conservant leur aspect soign\u00e9.  <\/p>\n<h2> <\/h2>\n<h3>Les bases du nettoyage<\/h3>\n<ul>\n<li>Nettoyage rapide : essuyez la surface du sac avec un chiffon ou une \u00e9ponge humide pour enlever la poussi\u00e8re, la salet\u00e9 ou les liquides renvers\u00e9s.<\/li>\n<li>Solution savonneuse douce : Pour les taches plus tenaces, utilisez de l&rsquo;eau ti\u00e8de et un d\u00e9tergent doux. \u00c9vitez les produits chimiques agressifs. <\/li>\n<li>N&rsquo;imbibez pas : Le PP non tiss\u00e9 peut perdre son int\u00e9grit\u00e9 structurelle s&rsquo;il est fortement imbib\u00e9 ou frott\u00e9 de mani\u00e8re agressive.<\/li>\n<\/ul>\n<h3>Techniques de s\u00e9chage<\/h3>\n<ul>\n<li>S\u00e9chez \u00e0 l&rsquo;air libre : Suspendez le sac ou ouvrez-le pour permettre \u00e0 l&rsquo;air de circuler \u00e0 l&rsquo;int\u00e9rieur.<\/li>\n<li>\u00c9vitez les sources de chaleur : N&rsquo;utilisez pas de s\u00e8che-linge et ne placez pas le sac pr\u00e8s d&rsquo;un radiateur, car la chaleur peut d\u00e9former ou r\u00e9tr\u00e9cir les fibres de polypropyl\u00e8ne.<\/li>\n<li>V\u00e9rifiez les coutures : Assurez-vous que toutes les zones, en particulier les coutures, sont compl\u00e8tement s\u00e8ches avant de les ranger afin d&rsquo;\u00e9viter les moisissures.<\/li>\n<\/ul>\n<h3>Conseils de stockage<\/h3>\n<ul>\n<li>Plier ou suspendre : le pliage convient pour un rangement temporaire, mais pour une conservation prolong\u00e9e, il est pr\u00e9f\u00e9rable de suspendre le sac afin d\u2019\u00e9viter les plis durables.<\/li>\n<li>Tenir \u00e0 l&rsquo;\u00e9cart des objets tranchants : Le PP non tiss\u00e9 peut se d\u00e9chirer s&rsquo;il s&rsquo;accroche \u00e0 des bords rugueux.<\/li>\n<li>Compartiments s\u00e9par\u00e9s : Si vous rangez plusieurs sacs, placez chacun d&rsquo;entre eux dans son propre espace pour \u00e9viter les accrochages ou le transfert de salet\u00e9s.<\/li>\n<\/ul>\n<h3>Augmenter la dur\u00e9e d\u2019utilisation<\/h3>\n<ul>\n<li>Limitez les surcharges : Bien que durable, le PP non tiss\u00e9 n&rsquo;est pas aussi r\u00e9sistant que la toile ou le jute. Un remplissage excessif peut mettre les coutures \u00e0 rude \u00e9preuve. <\/li>\n<li>Inspection r\u00e9guli\u00e8re : V\u00e9rifiez que les poign\u00e9es et les coins ne pr\u00e9sentent pas de signes pr\u00e9coces d&rsquo;usure et renforcez-les si n\u00e9cessaire.<\/li>\n<\/ul>\n<h2> <\/h2>\n<h2>Conclusion<\/h2>\n<p>Un simple essuyage et un s\u00e9chage \u00e0 l&rsquo;air libre suffisent g\u00e9n\u00e9ralement \u00e0 maintenir vos sacs en polypropyl\u00e8ne non tiss\u00e9 en bon \u00e9tat. En prenant quelques pr\u00e9cautions, notamment en \u00e9vitant la chaleur excessive et les charges lourdes, vous pouvez prolonger la dur\u00e9e de vie de ces sacs r\u00e9utilisables et \u00e9conomiques bien au-del\u00e0 de ce qu&rsquo;un sac en plastique \u00e0 usage unique pourrait jamais offrir. <\/p>\n<\/p><\/p>\n\t\t\t\t\t\t<\/div>\n\t\t\t\t<\/div>\n\t\t\t\t\t<\/div>\n\t\t<\/div>\n\t\t\t\t\t\t\t<\/div>\n\t\t<\/section>\n\t\t\t\t\t\t\t<\/div>\n\t\t","protected":false},"excerpt":{"rendered":"<p>Entretien du sac en PP non tiss\u00e9 : Nettoyer et Stocker pour une utilisation r\u00e9p\u00e9t\u00e9e Les sacs en polypropyl\u00e8ne non tiss\u00e9 (PP) offrent une alternative \u00e9conomique et r\u00e9utilisable aux sacs plastiques \u00e0 usage unique. Faciles d\u2019entretien compar\u00e9s aux fibres naturelles, ils peuvent rester en bon \u00e9tat pendant des mois, voire des ann\u00e9es, avec un nettoyage [&hellip;]<\/p>\n","protected":false},"author":6996,"featured_media":0,"parent":0,"menu_order":0,"comment_status":"closed","ping_status":"closed","template":"elementor_header_footer","meta":{"content-type":"","_monsterinsights_skip_tracking":false,"_monsterinsights_sitenote_active":false,"_monsterinsights_sitenote_note":"","_monsterinsights_sitenote_category":0,"footnotes":""},"class_list":["post-85803","page","type-page","status-publish","hentry"],"yoast_head":"<!-- This site is optimized with the Yoast SEO plugin v21.7 - https:\/\/yoast.com\/wordpress\/plugins\/seo\/ -->\n<title>Entretien du sac en PP non tiss\u00e9 : Nettoyez et conservez pour un usage r\u00e9p\u00e9t\u00e9<\/title>\n<meta name=\"description\" content=\"Gardez vos sacs en polypropyl\u00e8ne non tiss\u00e9 fonctionnels et propres gr\u00e2ce \u00e0 des conseils d&#039;essuyage et de s\u00e9chage \u00e0 l&#039;air libre. Apprenez des gestes simples pour prolonger leur dur\u00e9e de vie r\u00e9utilisable.\" \/>\n<meta name=\"robots\" content=\"index, follow, max-snippet:-1, max-image-preview:large, max-video-preview:-1\" \/>\n<link rel=\"canonical\" href=\"https:\/\/gojuteinternational.com\/fr\/comment-entretenir-vos-sacs-en-polypropylene-non-tisse\/\" \/>\n<meta property=\"og:locale\" content=\"fr_FR\" \/>\n<meta property=\"og:type\" content=\"article\" \/>\n<meta property=\"og:title\" content=\"Entretien du sac en PP non tiss\u00e9 : Nettoyez et conservez pour un usage r\u00e9p\u00e9t\u00e9\" \/>\n<meta property=\"og:description\" content=\"Gardez vos sacs en polypropyl\u00e8ne non tiss\u00e9 fonctionnels et propres gr\u00e2ce \u00e0 des conseils d&#039;essuyage et de s\u00e9chage \u00e0 l&#039;air libre. Apprenez des gestes simples pour prolonger leur dur\u00e9e de vie r\u00e9utilisable.\" \/>\n<meta property=\"og:url\" content=\"https:\/\/gojuteinternational.com\/fr\/comment-entretenir-vos-sacs-en-polypropylene-non-tisse\/\" \/>\n<meta property=\"og:site_name\" content=\"GoJute International\" \/>\n<meta property=\"article:publisher\" content=\"https:\/\/www.facebook.com\/gojute\" \/>\n<meta property=\"article:modified_time\" content=\"2025-06-24T08:23:27+00:00\" \/>\n<meta name=\"twitter:card\" content=\"summary_large_image\" \/>\n<meta name=\"twitter:label1\" content=\"Dur\u00e9e de lecture estim\u00e9e\" \/>\n\t<meta name=\"twitter:data1\" content=\"2 minutes\" \/>\n<script type=\"application\/ld+json\" class=\"yoast-schema-graph\">{\"@context\":\"https:\/\/schema.org\",\"@graph\":[{\"@type\":\"WebPage\",\"@id\":\"https:\/\/gojuteinternational.com\/fr\/comment-entretenir-vos-sacs-en-polypropylene-non-tisse\/\",\"url\":\"https:\/\/gojuteinternational.com\/fr\/comment-entretenir-vos-sacs-en-polypropylene-non-tisse\/\",\"name\":\"Entretien du sac en PP non tiss\u00e9 : Nettoyez et conservez pour un usage r\u00e9p\u00e9t\u00e9\",\"isPartOf\":{\"@id\":\"https:\/\/gojuteinternational.com\/fr\/#website\"},\"datePublished\":\"2025-02-20T07:14:15+00:00\",\"dateModified\":\"2025-06-24T08:23:27+00:00\",\"description\":\"Gardez vos sacs en polypropyl\u00e8ne non tiss\u00e9 fonctionnels et propres gr\u00e2ce \u00e0 des conseils d'essuyage et de s\u00e9chage \u00e0 l'air libre. Apprenez des gestes simples pour prolonger leur dur\u00e9e de vie r\u00e9utilisable.\",\"breadcrumb\":{\"@id\":\"https:\/\/gojuteinternational.com\/fr\/comment-entretenir-vos-sacs-en-polypropylene-non-tisse\/#breadcrumb\"},\"inLanguage\":\"fr-FR\",\"potentialAction\":[{\"@type\":\"ReadAction\",\"target\":[\"https:\/\/gojuteinternational.com\/fr\/comment-entretenir-vos-sacs-en-polypropylene-non-tisse\/\"]}]},{\"@type\":\"BreadcrumbList\",\"@id\":\"https:\/\/gojuteinternational.com\/fr\/comment-entretenir-vos-sacs-en-polypropylene-non-tisse\/#breadcrumb\",\"itemListElement\":[{\"@type\":\"ListItem\",\"position\":1,\"name\":\"Home\",\"item\":\"https:\/\/gojuteinternational.com\/fr\/\"},{\"@type\":\"ListItem\",\"position\":2,\"name\":\"Comment entretenir vos sacs en polypropyl\u00e8ne non tiss\u00e9 ?\"}]},{\"@type\":\"WebSite\",\"@id\":\"https:\/\/gojuteinternational.com\/fr\/#website\",\"url\":\"https:\/\/gojuteinternational.com\/fr\/\",\"name\":\"GoJute International\",\"description\":\"Printed bags for business\",\"publisher\":{\"@id\":\"https:\/\/gojuteinternational.com\/fr\/#organization\"},\"alternateName\":\"GoJute\",\"potentialAction\":[{\"@type\":\"SearchAction\",\"target\":{\"@type\":\"EntryPoint\",\"urlTemplate\":\"https:\/\/gojuteinternational.com\/fr\/?s={search_term_string}\"},\"query-input\":\"required name=search_term_string\"}],\"inLanguage\":\"fr-FR\"},{\"@type\":\"Organization\",\"@id\":\"https:\/\/gojuteinternational.com\/fr\/#organization\",\"name\":\"GoJute International\",\"alternateName\":\"GoJute\",\"url\":\"https:\/\/gojuteinternational.com\/fr\/\",\"logo\":{\"@type\":\"ImageObject\",\"inLanguage\":\"fr-FR\",\"@id\":\"https:\/\/gojuteinternational.com\/fr\/#\/schema\/logo\/image\/\",\"url\":\"https:\/\/gojuteinternational.com\/wp-content\/uploads\/2022\/06\/GoJute-Logo-RGB.png\",\"contentUrl\":\"https:\/\/gojuteinternational.com\/wp-content\/uploads\/2022\/06\/GoJute-Logo-RGB.png\",\"width\":2000,\"height\":1809,\"caption\":\"GoJute International\"},\"image\":{\"@id\":\"https:\/\/gojuteinternational.com\/fr\/#\/schema\/logo\/image\/\"},\"sameAs\":[\"https:\/\/www.facebook.com\/gojute\",\"https:\/\/www.instagram.com\/gojute\/\"]}]}<\/script>\n<!-- \/ Yoast SEO plugin. -->","yoast_head_json":{"title":"Entretien du sac en PP non tiss\u00e9 : Nettoyez et conservez pour un usage r\u00e9p\u00e9t\u00e9","description":"Gardez vos sacs en polypropyl\u00e8ne non tiss\u00e9 fonctionnels et propres gr\u00e2ce \u00e0 des conseils d'essuyage et de s\u00e9chage \u00e0 l'air libre. Apprenez des gestes simples pour prolonger leur dur\u00e9e de vie r\u00e9utilisable.","robots":{"index":"index","follow":"follow","max-snippet":"max-snippet:-1","max-image-preview":"max-image-preview:large","max-video-preview":"max-video-preview:-1"},"canonical":"https:\/\/gojuteinternational.com\/fr\/comment-entretenir-vos-sacs-en-polypropylene-non-tisse\/","og_locale":"fr_FR","og_type":"article","og_title":"Entretien du sac en PP non tiss\u00e9 : Nettoyez et conservez pour un usage r\u00e9p\u00e9t\u00e9","og_description":"Gardez vos sacs en polypropyl\u00e8ne non tiss\u00e9 fonctionnels et propres gr\u00e2ce \u00e0 des conseils d'essuyage et de s\u00e9chage \u00e0 l'air libre. Apprenez des gestes simples pour prolonger leur dur\u00e9e de vie r\u00e9utilisable.","og_url":"https:\/\/gojuteinternational.com\/fr\/comment-entretenir-vos-sacs-en-polypropylene-non-tisse\/","og_site_name":"GoJute International","article_publisher":"https:\/\/www.facebook.com\/gojute","article_modified_time":"2025-06-24T08:23:27+00:00","twitter_card":"summary_large_image","twitter_misc":{"Dur\u00e9e de lecture estim\u00e9e":"2 minutes"},"schema":{"@context":"https:\/\/schema.org","@graph":[{"@type":"WebPage","@id":"https:\/\/gojuteinternational.com\/fr\/comment-entretenir-vos-sacs-en-polypropylene-non-tisse\/","url":"https:\/\/gojuteinternational.com\/fr\/comment-entretenir-vos-sacs-en-polypropylene-non-tisse\/","name":"Entretien du sac en PP non tiss\u00e9 : Nettoyez et conservez pour un usage r\u00e9p\u00e9t\u00e9","isPartOf":{"@id":"https:\/\/gojuteinternational.com\/fr\/#website"},"datePublished":"2025-02-20T07:14:15+00:00","dateModified":"2025-06-24T08:23:27+00:00","description":"Gardez vos sacs en polypropyl\u00e8ne non tiss\u00e9 fonctionnels et propres gr\u00e2ce \u00e0 des conseils d'essuyage et de s\u00e9chage \u00e0 l'air libre. Apprenez des gestes simples pour prolonger leur dur\u00e9e de vie r\u00e9utilisable.","breadcrumb":{"@id":"https:\/\/gojuteinternational.com\/fr\/comment-entretenir-vos-sacs-en-polypropylene-non-tisse\/#breadcrumb"},"inLanguage":"fr-FR","potentialAction":[{"@type":"ReadAction","target":["https:\/\/gojuteinternational.com\/fr\/comment-entretenir-vos-sacs-en-polypropylene-non-tisse\/"]}]},{"@type":"BreadcrumbList","@id":"https:\/\/gojuteinternational.com\/fr\/comment-entretenir-vos-sacs-en-polypropylene-non-tisse\/#breadcrumb","itemListElement":[{"@type":"ListItem","position":1,"name":"Home","item":"https:\/\/gojuteinternational.com\/fr\/"},{"@type":"ListItem","position":2,"name":"Comment entretenir vos sacs en polypropyl\u00e8ne non tiss\u00e9 ?"}]},{"@type":"WebSite","@id":"https:\/\/gojuteinternational.com\/fr\/#website","url":"https:\/\/gojuteinternational.com\/fr\/","name":"GoJute International","description":"Printed bags for business","publisher":{"@id":"https:\/\/gojuteinternational.com\/fr\/#organization"},"alternateName":"GoJute","potentialAction":[{"@type":"SearchAction","target":{"@type":"EntryPoint","urlTemplate":"https:\/\/gojuteinternational.com\/fr\/?s={search_term_string}"},"query-input":"required name=search_term_string"}],"inLanguage":"fr-FR"},{"@type":"Organization","@id":"https:\/\/gojuteinternational.com\/fr\/#organization","name":"GoJute International","alternateName":"GoJute","url":"https:\/\/gojuteinternational.com\/fr\/","logo":{"@type":"ImageObject","inLanguage":"fr-FR","@id":"https:\/\/gojuteinternational.com\/fr\/#\/schema\/logo\/image\/","url":"https:\/\/gojuteinternational.com\/wp-content\/uploads\/2022\/06\/GoJute-Logo-RGB.png","contentUrl":"https:\/\/gojuteinternational.com\/wp-content\/uploads\/2022\/06\/GoJute-Logo-RGB.png","width":2000,"height":1809,"caption":"GoJute International"},"image":{"@id":"https:\/\/gojuteinternational.com\/fr\/#\/schema\/logo\/image\/"},"sameAs":["https:\/\/www.facebook.com\/gojute","https:\/\/www.instagram.com\/gojute\/"]}]}},"_links":{"self":[{"href":"https:\/\/gojuteinternational.com\/fr\/wp-json\/wp\/v2\/pages\/85803","targetHints":{"allow":["GET"]}}],"collection":[{"href":"https:\/\/gojuteinternational.com\/fr\/wp-json\/wp\/v2\/pages"}],"about":[{"href":"https:\/\/gojuteinternational.com\/fr\/wp-json\/wp\/v2\/types\/page"}],"author":[{"embeddable":true,"href":"https:\/\/gojuteinternational.com\/fr\/wp-json\/wp\/v2\/users\/6996"}],"replies":[{"embeddable":true,"href":"https:\/\/gojuteinternational.com\/fr\/wp-json\/wp\/v2\/comments?post=85803"}],"version-history":[{"count":6,"href":"https:\/\/gojuteinternational.com\/fr\/wp-json\/wp\/v2\/pages\/85803\/revisions"}],"predecessor-version":[{"id":89092,"href":"https:\/\/gojuteinternational.com\/fr\/wp-json\/wp\/v2\/pages\/85803\/revisions\/89092"}],"wp:attachment":[{"href":"https:\/\/gojuteinternational.com\/fr\/wp-json\/wp\/v2\/media?parent=85803"}],"curies":[{"name":"wp","href":"https:\/\/api.w.org\/{rel}","templated":true}]}}