{"id":85820,"date":"2025-02-20T08:48:10","date_gmt":"2025-02-20T07:48:10","guid":{"rendered":"https:\/\/gojuteinternational.com\/how-to-care-for-your-paper-bags\/"},"modified":"2025-02-25T07:14:52","modified_gmt":"2025-02-25T06:14:52","slug":"how-to-care-for-your-paper-bags","status":"publish","type":"page","link":"https:\/\/gojuteinternational.com\/fr\/how-to-care-for-your-paper-bags\/","title":{"rendered":"Comment entretenir vos sacs en papier"},"content":{"rendered":"\t\t<div data-elementor-type=\"wp-page\" data-elementor-id=\"85820\" class=\"elementor elementor-85820 elementor-85818\" data-elementor-post-type=\"page\">\n\t\t\t\t\t\t\t\t\t<section class=\"elementor-section elementor-top-section elementor-element elementor-element-d350316 elementor-section-boxed elementor-section-height-default elementor-section-height-default\" data-id=\"d350316\" data-element_type=\"section\">\n\t\t\t\t\t\t<div class=\"elementor-container elementor-column-gap-default\">\n\t\t\t\t\t<div class=\"elementor-column elementor-col-100 elementor-top-column elementor-element elementor-element-4cbcec4\" data-id=\"4cbcec4\" data-element_type=\"column\">\n\t\t\t<div class=\"elementor-widget-wrap elementor-element-populated\">\n\t\t\t\t\t\t\t\t<div class=\"elementor-element elementor-element-bd0470c elementor-widget elementor-widget-spacer\" data-id=\"bd0470c\" data-element_type=\"widget\" data-widget_type=\"spacer.default\">\n\t\t\t\t<div class=\"elementor-widget-container\">\n\t\t\t<style>\/*! elementor - v3.18.0 - 20-12-2023 *\/\n.elementor-column .elementor-spacer-inner{height:var(--spacer-size)}.e-con{--container-widget-width:100%}.e-con-inner>.elementor-widget-spacer,.e-con>.elementor-widget-spacer{width:var(--container-widget-width,var(--spacer-size));--align-self:var(--container-widget-align-self,initial);--flex-shrink:0}.e-con-inner>.elementor-widget-spacer>.elementor-widget-container,.e-con>.elementor-widget-spacer>.elementor-widget-container{height:100%;width:100%}.e-con-inner>.elementor-widget-spacer>.elementor-widget-container>.elementor-spacer,.e-con>.elementor-widget-spacer>.elementor-widget-container>.elementor-spacer{height:100%}.e-con-inner>.elementor-widget-spacer>.elementor-widget-container>.elementor-spacer>.elementor-spacer-inner,.e-con>.elementor-widget-spacer>.elementor-widget-container>.elementor-spacer>.elementor-spacer-inner{height:var(--container-widget-height,var(--spacer-size))}.e-con-inner>.elementor-widget-spacer.elementor-widget-empty,.e-con>.elementor-widget-spacer.elementor-widget-empty{position:relative;min-height:22px;min-width:22px}.e-con-inner>.elementor-widget-spacer.elementor-widget-empty .elementor-widget-empty-icon,.e-con>.elementor-widget-spacer.elementor-widget-empty .elementor-widget-empty-icon{position:absolute;top:0;bottom:0;left:0;right:0;margin:auto;padding:0;width:22px;height:22px}<\/style>\t\t<div class=\"elementor-spacer\">\n\t\t\t<div class=\"elementor-spacer-inner\"><\/div>\n\t\t<\/div>\n\t\t\t\t<\/div>\n\t\t\t\t<\/div>\n\t\t\t\t\t<\/div>\n\t\t<\/div>\n\t\t\t\t\t\t\t<\/div>\n\t\t<\/section>\n\t\t\t\t<section class=\"elementor-section elementor-top-section elementor-element elementor-element-27c881a elementor-section-boxed elementor-section-height-default elementor-section-height-default\" data-id=\"27c881a\" data-element_type=\"section\">\n\t\t\t\t\t\t<div class=\"elementor-container elementor-column-gap-default\">\n\t\t\t\t\t<div class=\"elementor-column elementor-col-100 elementor-top-column elementor-element elementor-element-066ff93\" data-id=\"066ff93\" data-element_type=\"column\">\n\t\t\t<div class=\"elementor-widget-wrap elementor-element-populated\">\n\t\t\t\t\t\t\t\t<div class=\"elementor-element elementor-element-8f9bad3 elementor-widget elementor-widget-heading\" data-id=\"8f9bad3\" data-element_type=\"widget\" data-widget_type=\"heading.default\">\n\t\t\t\t<div class=\"elementor-widget-container\">\n\t\t\t<style>\/*! elementor - v3.18.0 - 20-12-2023 *\/\n.elementor-heading-title{padding:0;margin:0;line-height:1}.elementor-widget-heading .elementor-heading-title[class*=elementor-size-]>a{color:inherit;font-size:inherit;line-height:inherit}.elementor-widget-heading .elementor-heading-title.elementor-size-small{font-size:15px}.elementor-widget-heading .elementor-heading-title.elementor-size-medium{font-size:19px}.elementor-widget-heading .elementor-heading-title.elementor-size-large{font-size:29px}.elementor-widget-heading .elementor-heading-title.elementor-size-xl{font-size:39px}.elementor-widget-heading .elementor-heading-title.elementor-size-xxl{font-size:59px}<\/style><h1 class=\"elementor-heading-title elementor-size-default\">Entretien des sacs en papier : Maximisez\nR\u00e9utilisation et respect de l'environnement\n<\/h1>\t\t<\/div>\n\t\t\t\t<\/div>\n\t\t\t\t\t<\/div>\n\t\t<\/div>\n\t\t\t\t\t\t\t<\/div>\n\t\t<\/section>\n\t\t\t\t<section class=\"elementor-section elementor-top-section elementor-element elementor-element-0596050 elementor-section-boxed elementor-section-height-default elementor-section-height-default\" data-id=\"0596050\" data-element_type=\"section\">\n\t\t\t\t\t\t<div class=\"elementor-container elementor-column-gap-default\">\n\t\t\t\t\t<div class=\"elementor-column elementor-col-100 elementor-top-column elementor-element elementor-element-f495cd8\" data-id=\"f495cd8\" data-element_type=\"column\">\n\t\t\t<div class=\"elementor-widget-wrap elementor-element-populated\">\n\t\t\t\t\t\t\t\t<div class=\"elementor-element elementor-element-1ac2509 elementor-widget elementor-widget-text-editor\" data-id=\"1ac2509\" data-element_type=\"widget\" data-widget_type=\"text-editor.default\">\n\t\t\t\t<div class=\"elementor-widget-container\">\n\t\t\t<style>\/*! elementor - v3.18.0 - 20-12-2023 *\/\n.elementor-widget-text-editor.elementor-drop-cap-view-stacked .elementor-drop-cap{background-color:#69727d;color:#fff}.elementor-widget-text-editor.elementor-drop-cap-view-framed .elementor-drop-cap{color:#69727d;border:3px solid;background-color:transparent}.elementor-widget-text-editor:not(.elementor-drop-cap-view-default) .elementor-drop-cap{margin-top:8px}.elementor-widget-text-editor:not(.elementor-drop-cap-view-default) .elementor-drop-cap-letter{width:1em;height:1em}.elementor-widget-text-editor .elementor-drop-cap{float:left;text-align:center;line-height:1;font-size:50px}.elementor-widget-text-editor .elementor-drop-cap-letter{display:inline-block}<\/style>\t\t\t\t<p>Les sacs en papier peuvent sembler jetables \u00e0 premi\u00e8re vue, mais nombre d&rsquo;entre eux sont suffisamment solides pour \u00eatre utilis\u00e9s \u00e0 plusieurs reprises. En les manipulant avec soin, vous pouvez r\u00e9duire les d\u00e9chets et tirer le meilleur parti de chaque sac. Vous trouverez ci-dessous des conseils pratiques sur le nettoyage et le rangement des sacs en papier, qui vous aideront \u00e0 prolonger leur dur\u00e9e de vie et \u00e0 les maintenir en bon \u00e9tat.  <\/p>\n<\/p>\n<h3>Manipulation et r\u00e9utilisation<\/h3>\n<ul>\n<li>Utilisation d\u00e9licate : \u00c9vitez de trop remplir les sacs en papier afin de ne pas d\u00e9chirer les coutures ou les poign\u00e9es.<\/li>\n<li>Lissez les plis : Lissez l\u00e9g\u00e8rement les zones froiss\u00e9es pour que le sac puisse se redresser.<\/li>\n<li>R\u00e9parations ponctuelles : Pour les petites d\u00e9chirures, un morceau de ruban adh\u00e9sif ou de colle \u00e9cologique peut contribuer \u00e0 prolonger la dur\u00e9e de vie du sac.<\/li>\n<\/ul>\n<h3>Nettoyage et d\u00e9sinfection<\/h3>\n<ul>\n<li>D\u00e9poussi\u00e9rage rapide : Secouez les miettes ou les d\u00e9bris. Vous pouvez \u00e9galement utiliser un chiffon sec pour enlever la poussi\u00e8re. <\/li>\n<li>Nettoyage des taches : Si le sac est couch\u00e9 ou a une finition lamin\u00e9e, vous pouvez essuyer soigneusement les petites taches avec un chiffon \u00e0 peine humide. Pour le papier non couch\u00e9, \u00e9vitez l&rsquo;eau pour ne pas le d\u00e9former. <\/li>\n<li>\u00c9vitez de tremper le papier dans l&rsquo;eau : Le papier se d\u00e9sagr\u00e8ge rapidement lorsqu&rsquo;il est mouill\u00e9, c&rsquo;est pourquoi tout nettoyage doit \u00eatre minimal et effectu\u00e9 avec soin.<\/li>\n<\/ul>\n<h3>Stockage des sacs en papier<\/h3>\n<ul>\n<li>Aplatissez et empilez : Mettez les sacs \u00e0 plat ou pliez-les proprement. Empilez-les dans un endroit propre et sec. <\/li>\n<li>Tenir \u00e0 l&rsquo;\u00e9cart de l&rsquo;humidit\u00e9 : L&rsquo;humidit\u00e9 peut affaiblir les fibres du papier et provoquer des plis ou des moisissures.<\/li>\n<li>Organisez-les par taille : Si vous avez plusieurs tailles, regroupez-les pour pouvoir les r\u00e9utiliser facilement \u00e0 l&rsquo;avenir.<\/li>\n<\/ul>\n<h3>Quand recycler ?<\/h3>\n<ul>\n<li>Sacs tr\u00e8s sales : Si un sac est tach\u00e9 d&rsquo;huile, de graisse ou de r\u00e9sidus alimentaires, les centres de recyclage peuvent le refuser. V\u00e9rifiez les directives locales. <\/li>\n<li>Retirez les parties non papier : Les poign\u00e9es en plastique ou les rubans doivent \u00eatre retir\u00e9s avant le recyclage afin de garantir un produit purement papier.<\/li>\n<\/ul>\n<h2> <\/h2>\n<h2>Conclusion<\/h2>\n<p>Les sacs en papier ne sont pas des articles \u00e0 usage unique. En les traitant avec soin &#8211; en limitant les charges lourdes, en effectuant des r\u00e9parations mineures et en les stockant correctement &#8211; vous pouvez les r\u00e9utiliser plusieurs fois. Une fois qu&rsquo;ils ont atteint la fin de leur dur\u00e9e de vie, les recycler de mani\u00e8re responsable permet de boucler la boucle d&rsquo;un choix respectueux de l&rsquo;environnement.  <\/p><\/p>\n\t\t\t\t\t\t<\/div>\n\t\t\t\t<\/div>\n\t\t\t\t\t<\/div>\n\t\t<\/div>\n\t\t\t\t\t\t\t<\/div>\n\t\t<\/section>\n\t\t\t\t\t\t\t<\/div>\n\t\t","protected":false},"excerpt":{"rendered":"<p>Entretien des sacs en papier : Maximisez R\u00e9utilisation et respect de l&rsquo;environnement Les sacs en papier peuvent sembler jetables \u00e0 premi\u00e8re vue, mais nombre d&rsquo;entre eux sont suffisamment solides pour \u00eatre utilis\u00e9s \u00e0 plusieurs reprises. En les manipulant avec soin, vous pouvez r\u00e9duire les d\u00e9chets et tirer le meilleur parti de chaque sac. Vous trouverez [&hellip;]<\/p>\n","protected":false},"author":6996,"featured_media":0,"parent":0,"menu_order":0,"comment_status":"closed","ping_status":"closed","template":"elementor_header_footer","meta":{"content-type":"","_monsterinsights_skip_tracking":false,"_monsterinsights_sitenote_active":false,"_monsterinsights_sitenote_note":"","_monsterinsights_sitenote_category":0,"footnotes":""},"class_list":["post-85820","page","type-page","status-publish","hentry"],"yoast_head":"<!-- This site is optimized with the Yoast SEO plugin v21.7 - https:\/\/yoast.com\/wordpress\/plugins\/seo\/ -->\n<title>Entretien des sacs en papier : Conseils pour r\u00e9utiliser et recycler de mani\u00e8re responsable<\/title>\n<meta name=\"description\" content=\"Prolongez la dur\u00e9e de vie de vos sacs en papier gr\u00e2ce \u00e0 des conseils simples de r\u00e9paration, de nettoyage et de stockage. R\u00e9utilisez-les plusieurs fois avant de les recycler pour un maximum d&#039;avantages \u00e9cologiques.\" \/>\n<meta name=\"robots\" content=\"index, follow, max-snippet:-1, max-image-preview:large, max-video-preview:-1\" \/>\n<link rel=\"canonical\" href=\"https:\/\/gojuteinternational.com\/fr\/how-to-care-for-your-paper-bags\/\" \/>\n<meta property=\"og:locale\" content=\"fr_FR\" \/>\n<meta property=\"og:type\" content=\"article\" \/>\n<meta property=\"og:title\" content=\"Entretien des sacs en papier : Conseils pour r\u00e9utiliser et recycler de mani\u00e8re responsable\" \/>\n<meta property=\"og:description\" content=\"Prolongez la dur\u00e9e de vie de vos sacs en papier gr\u00e2ce \u00e0 des conseils simples de r\u00e9paration, de nettoyage et de stockage. R\u00e9utilisez-les plusieurs fois avant de les recycler pour un maximum d&#039;avantages \u00e9cologiques.\" \/>\n<meta property=\"og:url\" content=\"https:\/\/gojuteinternational.com\/fr\/how-to-care-for-your-paper-bags\/\" \/>\n<meta property=\"og:site_name\" content=\"GoJute International\" \/>\n<meta property=\"article:publisher\" content=\"https:\/\/www.facebook.com\/gojute\" \/>\n<meta property=\"article:modified_time\" content=\"2025-02-25T06:14:52+00:00\" \/>\n<meta name=\"twitter:card\" content=\"summary_large_image\" \/>\n<meta name=\"twitter:label1\" content=\"Dur\u00e9e de lecture estim\u00e9e\" \/>\n\t<meta name=\"twitter:data1\" content=\"2 minutes\" \/>\n<script type=\"application\/ld+json\" class=\"yoast-schema-graph\">{\"@context\":\"https:\/\/schema.org\",\"@graph\":[{\"@type\":\"WebPage\",\"@id\":\"https:\/\/gojuteinternational.com\/fr\/how-to-care-for-your-paper-bags\/\",\"url\":\"https:\/\/gojuteinternational.com\/fr\/how-to-care-for-your-paper-bags\/\",\"name\":\"Entretien des sacs en papier : Conseils pour r\u00e9utiliser et recycler de mani\u00e8re responsable\",\"isPartOf\":{\"@id\":\"https:\/\/gojuteinternational.com\/fr\/#website\"},\"datePublished\":\"2025-02-20T07:48:10+00:00\",\"dateModified\":\"2025-02-25T06:14:52+00:00\",\"description\":\"Prolongez la dur\u00e9e de vie de vos sacs en papier gr\u00e2ce \u00e0 des conseils simples de r\u00e9paration, de nettoyage et de stockage. R\u00e9utilisez-les plusieurs fois avant de les recycler pour un maximum d'avantages \u00e9cologiques.\",\"breadcrumb\":{\"@id\":\"https:\/\/gojuteinternational.com\/fr\/how-to-care-for-your-paper-bags\/#breadcrumb\"},\"inLanguage\":\"fr-FR\",\"potentialAction\":[{\"@type\":\"ReadAction\",\"target\":[\"https:\/\/gojuteinternational.com\/fr\/how-to-care-for-your-paper-bags\/\"]}]},{\"@type\":\"BreadcrumbList\",\"@id\":\"https:\/\/gojuteinternational.com\/fr\/how-to-care-for-your-paper-bags\/#breadcrumb\",\"itemListElement\":[{\"@type\":\"ListItem\",\"position\":1,\"name\":\"Home\",\"item\":\"https:\/\/gojuteinternational.com\/fr\/\"},{\"@type\":\"ListItem\",\"position\":2,\"name\":\"Comment entretenir vos sacs en papier\"}]},{\"@type\":\"WebSite\",\"@id\":\"https:\/\/gojuteinternational.com\/fr\/#website\",\"url\":\"https:\/\/gojuteinternational.com\/fr\/\",\"name\":\"GoJute International\",\"description\":\"Printed bags for business\",\"publisher\":{\"@id\":\"https:\/\/gojuteinternational.com\/fr\/#organization\"},\"alternateName\":\"GoJute\",\"potentialAction\":[{\"@type\":\"SearchAction\",\"target\":{\"@type\":\"EntryPoint\",\"urlTemplate\":\"https:\/\/gojuteinternational.com\/fr\/?s={search_term_string}\"},\"query-input\":\"required name=search_term_string\"}],\"inLanguage\":\"fr-FR\"},{\"@type\":\"Organization\",\"@id\":\"https:\/\/gojuteinternational.com\/fr\/#organization\",\"name\":\"GoJute International\",\"alternateName\":\"GoJute\",\"url\":\"https:\/\/gojuteinternational.com\/fr\/\",\"logo\":{\"@type\":\"ImageObject\",\"inLanguage\":\"fr-FR\",\"@id\":\"https:\/\/gojuteinternational.com\/fr\/#\/schema\/logo\/image\/\",\"url\":\"https:\/\/gojuteinternational.com\/wp-content\/uploads\/2022\/06\/GoJute-Logo-RGB.png\",\"contentUrl\":\"https:\/\/gojuteinternational.com\/wp-content\/uploads\/2022\/06\/GoJute-Logo-RGB.png\",\"width\":2000,\"height\":1809,\"caption\":\"GoJute International\"},\"image\":{\"@id\":\"https:\/\/gojuteinternational.com\/fr\/#\/schema\/logo\/image\/\"},\"sameAs\":[\"https:\/\/www.facebook.com\/gojute\",\"https:\/\/www.instagram.com\/gojute\/\"]}]}<\/script>\n<!-- \/ Yoast SEO plugin. -->","yoast_head_json":{"title":"Entretien des sacs en papier : Conseils pour r\u00e9utiliser et recycler de mani\u00e8re responsable","description":"Prolongez la dur\u00e9e de vie de vos sacs en papier gr\u00e2ce \u00e0 des conseils simples de r\u00e9paration, de nettoyage et de stockage. R\u00e9utilisez-les plusieurs fois avant de les recycler pour un maximum d'avantages \u00e9cologiques.","robots":{"index":"index","follow":"follow","max-snippet":"max-snippet:-1","max-image-preview":"max-image-preview:large","max-video-preview":"max-video-preview:-1"},"canonical":"https:\/\/gojuteinternational.com\/fr\/how-to-care-for-your-paper-bags\/","og_locale":"fr_FR","og_type":"article","og_title":"Entretien des sacs en papier : Conseils pour r\u00e9utiliser et recycler de mani\u00e8re responsable","og_description":"Prolongez la dur\u00e9e de vie de vos sacs en papier gr\u00e2ce \u00e0 des conseils simples de r\u00e9paration, de nettoyage et de stockage. R\u00e9utilisez-les plusieurs fois avant de les recycler pour un maximum d'avantages \u00e9cologiques.","og_url":"https:\/\/gojuteinternational.com\/fr\/how-to-care-for-your-paper-bags\/","og_site_name":"GoJute International","article_publisher":"https:\/\/www.facebook.com\/gojute","article_modified_time":"2025-02-25T06:14:52+00:00","twitter_card":"summary_large_image","twitter_misc":{"Dur\u00e9e de lecture estim\u00e9e":"2 minutes"},"schema":{"@context":"https:\/\/schema.org","@graph":[{"@type":"WebPage","@id":"https:\/\/gojuteinternational.com\/fr\/how-to-care-for-your-paper-bags\/","url":"https:\/\/gojuteinternational.com\/fr\/how-to-care-for-your-paper-bags\/","name":"Entretien des sacs en papier : Conseils pour r\u00e9utiliser et recycler de mani\u00e8re responsable","isPartOf":{"@id":"https:\/\/gojuteinternational.com\/fr\/#website"},"datePublished":"2025-02-20T07:48:10+00:00","dateModified":"2025-02-25T06:14:52+00:00","description":"Prolongez la dur\u00e9e de vie de vos sacs en papier gr\u00e2ce \u00e0 des conseils simples de r\u00e9paration, de nettoyage et de stockage. R\u00e9utilisez-les plusieurs fois avant de les recycler pour un maximum d'avantages \u00e9cologiques.","breadcrumb":{"@id":"https:\/\/gojuteinternational.com\/fr\/how-to-care-for-your-paper-bags\/#breadcrumb"},"inLanguage":"fr-FR","potentialAction":[{"@type":"ReadAction","target":["https:\/\/gojuteinternational.com\/fr\/how-to-care-for-your-paper-bags\/"]}]},{"@type":"BreadcrumbList","@id":"https:\/\/gojuteinternational.com\/fr\/how-to-care-for-your-paper-bags\/#breadcrumb","itemListElement":[{"@type":"ListItem","position":1,"name":"Home","item":"https:\/\/gojuteinternational.com\/fr\/"},{"@type":"ListItem","position":2,"name":"Comment entretenir vos sacs en papier"}]},{"@type":"WebSite","@id":"https:\/\/gojuteinternational.com\/fr\/#website","url":"https:\/\/gojuteinternational.com\/fr\/","name":"GoJute International","description":"Printed bags for business","publisher":{"@id":"https:\/\/gojuteinternational.com\/fr\/#organization"},"alternateName":"GoJute","potentialAction":[{"@type":"SearchAction","target":{"@type":"EntryPoint","urlTemplate":"https:\/\/gojuteinternational.com\/fr\/?s={search_term_string}"},"query-input":"required name=search_term_string"}],"inLanguage":"fr-FR"},{"@type":"Organization","@id":"https:\/\/gojuteinternational.com\/fr\/#organization","name":"GoJute International","alternateName":"GoJute","url":"https:\/\/gojuteinternational.com\/fr\/","logo":{"@type":"ImageObject","inLanguage":"fr-FR","@id":"https:\/\/gojuteinternational.com\/fr\/#\/schema\/logo\/image\/","url":"https:\/\/gojuteinternational.com\/wp-content\/uploads\/2022\/06\/GoJute-Logo-RGB.png","contentUrl":"https:\/\/gojuteinternational.com\/wp-content\/uploads\/2022\/06\/GoJute-Logo-RGB.png","width":2000,"height":1809,"caption":"GoJute International"},"image":{"@id":"https:\/\/gojuteinternational.com\/fr\/#\/schema\/logo\/image\/"},"sameAs":["https:\/\/www.facebook.com\/gojute","https:\/\/www.instagram.com\/gojute\/"]}]}},"_links":{"self":[{"href":"https:\/\/gojuteinternational.com\/fr\/wp-json\/wp\/v2\/pages\/85820","targetHints":{"allow":["GET"]}}],"collection":[{"href":"https:\/\/gojuteinternational.com\/fr\/wp-json\/wp\/v2\/pages"}],"about":[{"href":"https:\/\/gojuteinternational.com\/fr\/wp-json\/wp\/v2\/types\/page"}],"author":[{"embeddable":true,"href":"https:\/\/gojuteinternational.com\/fr\/wp-json\/wp\/v2\/users\/6996"}],"replies":[{"embeddable":true,"href":"https:\/\/gojuteinternational.com\/fr\/wp-json\/wp\/v2\/comments?post=85820"}],"version-history":[{"count":3,"href":"https:\/\/gojuteinternational.com\/fr\/wp-json\/wp\/v2\/pages\/85820\/revisions"}],"predecessor-version":[{"id":86084,"href":"https:\/\/gojuteinternational.com\/fr\/wp-json\/wp\/v2\/pages\/85820\/revisions\/86084"}],"wp:attachment":[{"href":"https:\/\/gojuteinternational.com\/fr\/wp-json\/wp\/v2\/media?parent=85820"}],"curies":[{"name":"wp","href":"https:\/\/api.w.org\/{rel}","templated":true}]}}