{"id":88779,"date":"2025-06-03T10:59:12","date_gmt":"2025-06-03T09:59:12","guid":{"rendered":"https:\/\/gojuteinternational.com\/your-guide-to-sustainable-jute-cotton-bags\/"},"modified":"2025-07-14T12:30:47","modified_gmt":"2025-07-14T11:30:47","slug":"your-guide-to-sustainable-jute-cotton-bags","status":"publish","type":"page","link":"https:\/\/gojuteinternational.com\/fr\/your-guide-to-sustainable-jute-cotton-bags\/","title":{"rendered":"Votre guide des sacs en jute et en coton durables"},"content":{"rendered":"\t\t<div data-elementor-type=\"wp-page\" data-elementor-id=\"88779\" class=\"elementor elementor-88779 elementor-88764\" data-elementor-post-type=\"page\">\n\t\t\t\t\t\t\t\t\t<section class=\"elementor-section elementor-top-section elementor-element elementor-element-749dbb6b elementor-section-boxed elementor-section-height-default elementor-section-height-default\" data-id=\"749dbb6b\" data-element_type=\"section\">\n\t\t\t\t\t\t<div class=\"elementor-container elementor-column-gap-default\">\n\t\t\t\t\t<div class=\"elementor-column elementor-col-100 elementor-top-column elementor-element elementor-element-3ffc47f4\" data-id=\"3ffc47f4\" data-element_type=\"column\">\n\t\t\t<div class=\"elementor-widget-wrap elementor-element-populated\">\n\t\t\t\t\t\t\t\t<div class=\"elementor-element elementor-element-6caed87b elementor-widget elementor-widget-text-editor\" data-id=\"6caed87b\" data-element_type=\"widget\" data-widget_type=\"text-editor.default\">\n\t\t\t\t<div class=\"elementor-widget-container\">\n\t\t\t<style>\/*! elementor - v3.18.0 - 20-12-2023 *\/\n.elementor-widget-text-editor.elementor-drop-cap-view-stacked .elementor-drop-cap{background-color:#69727d;color:#fff}.elementor-widget-text-editor.elementor-drop-cap-view-framed .elementor-drop-cap{color:#69727d;border:3px solid;background-color:transparent}.elementor-widget-text-editor:not(.elementor-drop-cap-view-default) .elementor-drop-cap{margin-top:8px}.elementor-widget-text-editor:not(.elementor-drop-cap-view-default) .elementor-drop-cap-letter{width:1em;height:1em}.elementor-widget-text-editor .elementor-drop-cap{float:left;text-align:center;line-height:1;font-size:50px}.elementor-widget-text-editor .elementor-drop-cap-letter{display:inline-block}<\/style>\t\t\t\t\n<h1 class=\"wp-block-heading has-text-align-center\"><br><\/h1>\n\t\t\t\t\t\t<\/div>\n\t\t\t\t<\/div>\n\t\t\t\t\t<\/div>\n\t\t<\/div>\n\t\t\t\t\t\t\t<\/div>\n\t\t<\/section>\n\t\t\t\t<section class=\"elementor-section elementor-top-section elementor-element elementor-element-cbcc19c elementor-section-boxed elementor-section-height-default elementor-section-height-default\" data-id=\"cbcc19c\" data-element_type=\"section\">\n\t\t\t\t\t\t<div class=\"elementor-container elementor-column-gap-default\">\n\t\t\t\t\t<div class=\"elementor-column elementor-col-100 elementor-top-column elementor-element elementor-element-f549e7b\" data-id=\"f549e7b\" data-element_type=\"column\">\n\t\t\t<div class=\"elementor-widget-wrap elementor-element-populated\">\n\t\t\t\t\t\t\t\t<div class=\"elementor-element elementor-element-1ad5f0c elementor-widget elementor-widget-heading\" data-id=\"1ad5f0c\" data-element_type=\"widget\" data-widget_type=\"heading.default\">\n\t\t\t\t<div class=\"elementor-widget-container\">\n\t\t\t<style>\/*! elementor - v3.18.0 - 20-12-2023 *\/\n.elementor-heading-title{padding:0;margin:0;line-height:1}.elementor-widget-heading .elementor-heading-title[class*=elementor-size-]>a{color:inherit;font-size:inherit;line-height:inherit}.elementor-widget-heading .elementor-heading-title.elementor-size-small{font-size:15px}.elementor-widget-heading .elementor-heading-title.elementor-size-medium{font-size:19px}.elementor-widget-heading .elementor-heading-title.elementor-size-large{font-size:29px}.elementor-widget-heading .elementor-heading-title.elementor-size-xl{font-size:39px}.elementor-widget-heading .elementor-heading-title.elementor-size-xxl{font-size:59px}<\/style><h1 class=\"elementor-heading-title elementor-size-default\">Votre guide des sacs en jute et en coton durables\n<\/h1>\t\t<\/div>\n\t\t\t\t<\/div>\n\t\t\t\t\t<\/div>\n\t\t<\/div>\n\t\t\t\t\t\t\t<\/div>\n\t\t<\/section>\n\t\t\t\t<section class=\"elementor-section elementor-top-section elementor-element elementor-element-4663e49 elementor-section-boxed elementor-section-height-default elementor-section-height-default\" data-id=\"4663e49\" data-element_type=\"section\">\n\t\t\t\t\t\t<div class=\"elementor-container elementor-column-gap-default\">\n\t\t\t\t\t<div class=\"elementor-column elementor-col-100 elementor-top-column elementor-element elementor-element-486d9c7\" data-id=\"486d9c7\" data-element_type=\"column\">\n\t\t\t<div class=\"elementor-widget-wrap elementor-element-populated\">\n\t\t\t\t\t\t\t\t<div class=\"elementor-element elementor-element-ddd32ce elementor-widget elementor-widget-text-editor\" data-id=\"ddd32ce\" data-element_type=\"widget\" data-widget_type=\"text-editor.default\">\n\t\t\t\t<div class=\"elementor-widget-container\">\n\t\t\t\t\t\t\t<p><span style=\"font-weight: 400;\">La recherche d&rsquo;un monde plus durable commence par les choix simples que nous faisons chaque jour. Ce que nous transportons &#8211; que ce soit pour faire des achats, pour offrir ou pour promouvoir une entreprise &#8211; peut avoir un impact majeur sur notre plan\u00e8te.   <\/span><b>Les sacs en jute et en coton<\/b><span style=\"font-weight: 400;\"> sont des alternatives naturelles et renouvelables aux sacs en plastique et synth\u00e9tiques. Ils allient style, praticit\u00e9 et empreinte \u00e9cologique minimale.<\/span><\/p>\n<p><span style=\"font-weight: 400;\">Ce guide est votre point central pour tout ce que vous devez savoir sur <\/span><b>la durabilit\u00e9 des sacs en jute et en coton<\/b><span style=\"font-weight: 400;\">. Que vous soyez un chef d&rsquo;entreprise d\u00e9sireux de prendre des d\u00e9cisions responsables en mati\u00e8re d&#8217;emballage, un consommateur souhaitant vivre de mani\u00e8re plus \u00e9coconsciente ou une organisation caritative souhaitant des articles promotionnels percutants, vous trouverez ici des conseils clairs et r\u00e9alisables.<\/span><\/p>\n<h2><span style=\"font-weight: 400;\">Pourquoi choisir les sacs en jute et en coton pour le d\u00e9veloppement durable ?<\/span><\/h2>\n<ul>\n<li style=\"font-weight: 400;\" aria-level=\"1\"><b>Naturel et renouvelable :<\/b><span style=\"font-weight: 400;\"> Le jute et le coton proviennent de la terre et ne sont pas fabriqu\u00e9s \u00e0 partir de combustibles fossiles.<\/span><\/li>\n<li style=\"font-weight: 400;\" aria-level=\"1\"><b>Biod\u00e9gradables et compostables :<\/b><span style=\"font-weight: 400;\"> Au terme de leur vie utile, ils se d\u00e9composent naturellement sans polluer l&rsquo;environnement.<\/span><\/li>\n<li style=\"font-weight: 400;\" aria-level=\"1\"><b>R\u00e9utilisable et durable :<\/b><span style=\"font-weight: 400;\"> Con\u00e7us pour durer des ann\u00e9es, ils r\u00e9duisent le besoin d&#8217;emballages \u00e0 usage unique.<\/span><\/li>\n<li style=\"font-weight: 400;\" aria-level=\"1\"><b>Approvisionnement \u00e9thique :<\/b><span style=\"font-weight: 400;\"> En choisissant les bons fournisseurs, vous favorisez des salaires \u00e9quitables, des conditions de travail s\u00fbres et une agriculture responsable.<\/span><\/li>\n<\/ul>\n<p><span style=\"font-weight: 400;\">Passer \u00e0 des <\/span><b>sacs \u00e9cologiques<\/b><span style=\"font-weight: 400;\"> est un moyen simple de r\u00e9duire votre empreinte carbone, de lutter contre la pollution plastique et d&rsquo;encourager les autres \u00e0 suivre votre exemple.<\/span><\/p>\n<h2><span style=\"font-weight: 400;\">Explorez le monde des sacs durables en jute et en coton<\/span><\/h2>\n<p><span style=\"font-weight: 400;\">Le voyage vers des choix plus \u00e9cologiques regorge de d\u00e9tails fascinants, de ce qui rend les fibres naturelles vraiment respectueuses de l&rsquo;environnement aux fa\u00e7ons dont vous pouvez r\u00e9utiliser, recycler ou r\u00e9affecter chaque sac. Que vous soyez novice en mati\u00e8re de d\u00e9veloppement durable ou que vous cherchiez \u00e0 renforcer votre impact, ces guides sp\u00e9cialis\u00e9s vous aideront \u00e0 prendre des d\u00e9cisions \u00e9clair\u00e9es et pratiques \u00e0 chaque \u00e9tape. <\/span><\/p>\n<h3><a href=\"https:\/\/gojuteinternational.com\/fr\/environmental-benefits-of-jute-cotton-bags\/\">Avantages environnementaux des sacs en jute et en coton  <\/a><\/h3>\n<p><span style=\"font-weight: 400;\">D\u00e9couvrez pourquoi les sacs en jute et en coton sont des champions de l&rsquo;environnement. Cette page explique comment les fibres naturelles surpassent les plastiques en termes de biod\u00e9gradabilit\u00e9, d&rsquo;\u00e9conomies de carbone et de faible pollution, vous donnant ainsi confiance dans votre \u00e9change \u00e9cologique. <\/span><\/p>\n<h3><a href=\"https:\/\/gojuteinternational.com\/fr\/sustainable-manufacturing-sourcing-for-jute-cotton-bags\/\">Fabrication et approvisionnement durables  <\/a><\/h3>\n<p><span style=\"font-weight: 400;\">Tous les sacs ne se valent pas. D\u00e9couvrez ce qu&rsquo;est une fabrication responsable, comment rep\u00e9rer les v\u00e9ritables fournisseurs \u00e9thiques et quelles sont les certifications, telles que le commerce \u00e9quitable ou les produits biologiques, qui garantissent que votre sac en jute ou en coton est v\u00e9ritablement durable, du champ \u00e0 l&rsquo;usine. <\/span><\/p>\n<h3><a href=\"https:\/\/gojuteinternational.com\/fr\/how-to-make-your-jute-cotton-bags-last-longer\/\">Maximiser la r\u00e9utilisation et la long\u00e9vit\u00e9<\/a><\/h3>\n<p><span style=\"font-weight: 400;\">Un sac durable est un sac qui vit longtemps et qui est utile. Vous trouverez ici des conseils de nettoyage, d&rsquo;entretien et de r\u00e9paration simple pour que vos sacs en jute et en coton restent frais et fonctionnels, ainsi que des id\u00e9es cr\u00e9atives pour les recycler une fois qu&rsquo;ils auront pris leur retraite. <\/span><\/p>\n<h3><a href=\"https:\/\/gojuteinternational.com\/fr\/how-to-dispose-recycle-jute-cotton-bags-responsibly\/\">\u00c9limination et recyclage responsables<\/a><\/h3>\n<p><span style=\"font-weight: 400;\">Que se passe-t-il lorsque votre sac a connu des jours meilleurs ? Ce guide vous pr\u00e9sente le compostage, le recyclage et d&rsquo;autres options d \u00ab \u00e9limination des d\u00e9chets de jute et de coton, afin que vos efforts en mati\u00e8re de d\u00e9veloppement durable se poursuivent jusqu \u00bb \u00e0 la fin. <\/span><\/p>\n<h3><a href=\"https:\/\/gojuteinternational.com\/fr\/b2b-campaigns\/\">Durabilit\u00e9 de l&rsquo;image de marque et des promotions  <\/a><\/h3>\n<p><span style=\"font-weight: 400;\">Les entreprises et les organisations caritatives peuvent faire plus que r\u00e9duire les d\u00e9chets : elles peuvent inspirer des communaut\u00e9s enti\u00e8res. D\u00e9couvrez comment les entreprises et les ONG utilisent les sacs en jute et en coton pour instaurer la confiance, diffuser des messages et renforcer leurs r\u00e9f\u00e9rences \u00e9cologiques gr\u00e2ce \u00e0 une strat\u00e9gie de marque bien pens\u00e9e. <\/span><\/p>\n<h3><a href=\"https:\/\/gojuteinternational.com\/fr\/sustainable-gift-ideas\/\">Id\u00e9es de cadeaux et de paniers garnis durables<\/a><\/h3>\n<p><span style=\"font-weight: 400;\">Remplacez les emballages jetables par des produits de beaut\u00e9 r\u00e9utilisables. Cette page explique comment cr\u00e9er de superbes cadeaux et paniers \u00e0 faible teneur en d\u00e9chets pour toutes les occasions, en utilisant des sacs en coton et en jute \u00e0 la fois comme emballage et comme \u00e9l\u00e9ment du cadeau. <\/span><\/p>\n<h3><a href=\"https:\/\/gojuteinternational.com\/fr\/b2b-campaigns\/\">Sacs durables pour les campagnes et les collectes de fonds<\/a><\/h3>\n<p><span style=\"font-weight: 400;\">Les sacs en jute et en coton peuvent \u00eatre de puissants outils de changement. D\u00e9couvrez des \u00e9tudes de cas et des strat\u00e9gies pour organiser des campagnes caritatives, des collectes de fonds et des \u00e9v\u00e9nements de sensibilisation percutants, en pla\u00e7ant les sacs durables au c\u0153ur de toute bonne cause. <\/span><\/p>\n<h3><a href=\"https:\/\/gojuteinternational.com\/fr\/b2b-sustainability-faqs\/\">FAQ et mythes sur le d\u00e9veloppement durable<\/a><\/h3>\n<p><span style=\"font-weight: 400;\">Vous vous interrogez sur la durabilit\u00e9 de vos sacs ? Obtenez des r\u00e9ponses honn\u00eates et fond\u00e9es sur des preuves aux questions et aux id\u00e9es fausses les plus courantes, afin que vous puissiez acheter, offrir et promouvoir en toute confiance. <\/span><\/p>\n<h2><span style=\"font-weight: 400;\">Faites un pas de plus vers un mode de vie plus \u00e9cologique<\/span><\/h2>\n<p><span style=\"font-weight: 400;\">La durabilit\u00e9 est un voyage, et chaque choix a un impact. Commencez \u00e0 explorer l&rsquo;un des guides ci-dessus, ou   <\/span><a href=\"https:\/\/gojuteinternational.com\/fr\/nous-contacter\/\"><b>Contactez nous<\/b><\/a><span style=\"font-weight: 400;\"> pour obtenir des recommandations sur mesure afin de tirer le meilleur parti des sacs en jute et en coton dans votre entreprise ou dans votre vie quotidienne.<\/span><\/p>\n\t\t\t\t\t\t<\/div>\n\t\t\t\t<\/div>\n\t\t\t\t\t<\/div>\n\t\t<\/div>\n\t\t\t\t\t\t\t<\/div>\n\t\t<\/section>\n\t\t\t\t\t\t\t<\/div>\n\t\t","protected":false},"excerpt":{"rendered":"<p>Votre guide des sacs en jute et en coton durables La recherche d&rsquo;un monde plus durable commence par les choix simples que nous faisons chaque jour. Ce que nous transportons &#8211; que ce soit pour faire des achats, pour offrir ou pour promouvoir une entreprise &#8211; peut avoir un impact majeur sur notre plan\u00e8te. Les [&hellip;]<\/p>\n","protected":false},"author":6996,"featured_media":0,"parent":0,"menu_order":0,"comment_status":"closed","ping_status":"closed","template":"elementor_header_footer","meta":{"content-type":"","_monsterinsights_skip_tracking":false,"_monsterinsights_sitenote_active":false,"_monsterinsights_sitenote_note":"","_monsterinsights_sitenote_category":0,"footnotes":""},"class_list":["post-88779","page","type-page","status-publish","hentry"],"yoast_head":"<!-- This site is optimized with the Yoast SEO plugin v21.7 - https:\/\/yoast.com\/wordpress\/plugins\/seo\/ -->\n<title>Durabilit\u00e9 des sacs en jute et en coton : Le guide complet<\/title>\n<meta name=\"description\" content=\"D\u00e9couvrez pourquoi les sacs en jute et en coton sont le meilleur choix \u00e9cologique. Explorez les avantages environnementaux, les sources d&#039;approvisionnement et les conseils pratiques pour un mode de vie plus \u00e9cologique.\" \/>\n<meta name=\"robots\" content=\"index, follow, max-snippet:-1, max-image-preview:large, max-video-preview:-1\" \/>\n<link rel=\"canonical\" href=\"https:\/\/gojuteinternational.com\/fr\/your-guide-to-sustainable-jute-cotton-bags\/\" \/>\n<meta property=\"og:locale\" content=\"fr_FR\" \/>\n<meta property=\"og:type\" content=\"article\" \/>\n<meta property=\"og:title\" content=\"Durabilit\u00e9 des sacs en jute et en coton : Le guide complet\" \/>\n<meta property=\"og:description\" content=\"D\u00e9couvrez pourquoi les sacs en jute et en coton sont le meilleur choix \u00e9cologique. Explorez les avantages environnementaux, les sources d&#039;approvisionnement et les conseils pratiques pour un mode de vie plus \u00e9cologique.\" \/>\n<meta property=\"og:url\" content=\"https:\/\/gojuteinternational.com\/fr\/your-guide-to-sustainable-jute-cotton-bags\/\" \/>\n<meta property=\"og:site_name\" content=\"GoJute International\" \/>\n<meta property=\"article:publisher\" content=\"https:\/\/www.facebook.com\/gojute\" \/>\n<meta property=\"article:modified_time\" content=\"2025-07-14T11:30:47+00:00\" \/>\n<meta name=\"twitter:card\" content=\"summary_large_image\" \/>\n<meta name=\"twitter:label1\" content=\"Dur\u00e9e de lecture estim\u00e9e\" \/>\n\t<meta name=\"twitter:data1\" content=\"4 minutes\" \/>\n<script type=\"application\/ld+json\" class=\"yoast-schema-graph\">{\"@context\":\"https:\/\/schema.org\",\"@graph\":[{\"@type\":\"WebPage\",\"@id\":\"https:\/\/gojuteinternational.com\/fr\/your-guide-to-sustainable-jute-cotton-bags\/\",\"url\":\"https:\/\/gojuteinternational.com\/fr\/your-guide-to-sustainable-jute-cotton-bags\/\",\"name\":\"Durabilit\u00e9 des sacs en jute et en coton : Le guide complet\",\"isPartOf\":{\"@id\":\"https:\/\/gojuteinternational.com\/fr\/#website\"},\"datePublished\":\"2025-06-03T09:59:12+00:00\",\"dateModified\":\"2025-07-14T11:30:47+00:00\",\"description\":\"D\u00e9couvrez pourquoi les sacs en jute et en coton sont le meilleur choix \u00e9cologique. Explorez les avantages environnementaux, les sources d'approvisionnement et les conseils pratiques pour un mode de vie plus \u00e9cologique.\",\"breadcrumb\":{\"@id\":\"https:\/\/gojuteinternational.com\/fr\/your-guide-to-sustainable-jute-cotton-bags\/#breadcrumb\"},\"inLanguage\":\"fr-FR\",\"potentialAction\":[{\"@type\":\"ReadAction\",\"target\":[\"https:\/\/gojuteinternational.com\/fr\/your-guide-to-sustainable-jute-cotton-bags\/\"]}]},{\"@type\":\"BreadcrumbList\",\"@id\":\"https:\/\/gojuteinternational.com\/fr\/your-guide-to-sustainable-jute-cotton-bags\/#breadcrumb\",\"itemListElement\":[{\"@type\":\"ListItem\",\"position\":1,\"name\":\"Home\",\"item\":\"https:\/\/gojuteinternational.com\/fr\/\"},{\"@type\":\"ListItem\",\"position\":2,\"name\":\"Votre guide des sacs en jute et en coton durables\"}]},{\"@type\":\"WebSite\",\"@id\":\"https:\/\/gojuteinternational.com\/fr\/#website\",\"url\":\"https:\/\/gojuteinternational.com\/fr\/\",\"name\":\"GoJute International\",\"description\":\"Printed bags for business\",\"publisher\":{\"@id\":\"https:\/\/gojuteinternational.com\/fr\/#organization\"},\"alternateName\":\"GoJute\",\"potentialAction\":[{\"@type\":\"SearchAction\",\"target\":{\"@type\":\"EntryPoint\",\"urlTemplate\":\"https:\/\/gojuteinternational.com\/fr\/?s={search_term_string}\"},\"query-input\":\"required name=search_term_string\"}],\"inLanguage\":\"fr-FR\"},{\"@type\":\"Organization\",\"@id\":\"https:\/\/gojuteinternational.com\/fr\/#organization\",\"name\":\"GoJute International\",\"alternateName\":\"GoJute\",\"url\":\"https:\/\/gojuteinternational.com\/fr\/\",\"logo\":{\"@type\":\"ImageObject\",\"inLanguage\":\"fr-FR\",\"@id\":\"https:\/\/gojuteinternational.com\/fr\/#\/schema\/logo\/image\/\",\"url\":\"https:\/\/gojuteinternational.com\/wp-content\/uploads\/2022\/06\/GoJute-Logo-RGB.png\",\"contentUrl\":\"https:\/\/gojuteinternational.com\/wp-content\/uploads\/2022\/06\/GoJute-Logo-RGB.png\",\"width\":2000,\"height\":1809,\"caption\":\"GoJute International\"},\"image\":{\"@id\":\"https:\/\/gojuteinternational.com\/fr\/#\/schema\/logo\/image\/\"},\"sameAs\":[\"https:\/\/www.facebook.com\/gojute\",\"https:\/\/www.instagram.com\/gojute\/\"]}]}<\/script>\n<!-- \/ Yoast SEO plugin. -->","yoast_head_json":{"title":"Durabilit\u00e9 des sacs en jute et en coton : Le guide complet","description":"D\u00e9couvrez pourquoi les sacs en jute et en coton sont le meilleur choix \u00e9cologique. Explorez les avantages environnementaux, les sources d'approvisionnement et les conseils pratiques pour un mode de vie plus \u00e9cologique.","robots":{"index":"index","follow":"follow","max-snippet":"max-snippet:-1","max-image-preview":"max-image-preview:large","max-video-preview":"max-video-preview:-1"},"canonical":"https:\/\/gojuteinternational.com\/fr\/your-guide-to-sustainable-jute-cotton-bags\/","og_locale":"fr_FR","og_type":"article","og_title":"Durabilit\u00e9 des sacs en jute et en coton : Le guide complet","og_description":"D\u00e9couvrez pourquoi les sacs en jute et en coton sont le meilleur choix \u00e9cologique. Explorez les avantages environnementaux, les sources d'approvisionnement et les conseils pratiques pour un mode de vie plus \u00e9cologique.","og_url":"https:\/\/gojuteinternational.com\/fr\/your-guide-to-sustainable-jute-cotton-bags\/","og_site_name":"GoJute International","article_publisher":"https:\/\/www.facebook.com\/gojute","article_modified_time":"2025-07-14T11:30:47+00:00","twitter_card":"summary_large_image","twitter_misc":{"Dur\u00e9e de lecture estim\u00e9e":"4 minutes"},"schema":{"@context":"https:\/\/schema.org","@graph":[{"@type":"WebPage","@id":"https:\/\/gojuteinternational.com\/fr\/your-guide-to-sustainable-jute-cotton-bags\/","url":"https:\/\/gojuteinternational.com\/fr\/your-guide-to-sustainable-jute-cotton-bags\/","name":"Durabilit\u00e9 des sacs en jute et en coton : Le guide complet","isPartOf":{"@id":"https:\/\/gojuteinternational.com\/fr\/#website"},"datePublished":"2025-06-03T09:59:12+00:00","dateModified":"2025-07-14T11:30:47+00:00","description":"D\u00e9couvrez pourquoi les sacs en jute et en coton sont le meilleur choix \u00e9cologique. Explorez les avantages environnementaux, les sources d'approvisionnement et les conseils pratiques pour un mode de vie plus \u00e9cologique.","breadcrumb":{"@id":"https:\/\/gojuteinternational.com\/fr\/your-guide-to-sustainable-jute-cotton-bags\/#breadcrumb"},"inLanguage":"fr-FR","potentialAction":[{"@type":"ReadAction","target":["https:\/\/gojuteinternational.com\/fr\/your-guide-to-sustainable-jute-cotton-bags\/"]}]},{"@type":"BreadcrumbList","@id":"https:\/\/gojuteinternational.com\/fr\/your-guide-to-sustainable-jute-cotton-bags\/#breadcrumb","itemListElement":[{"@type":"ListItem","position":1,"name":"Home","item":"https:\/\/gojuteinternational.com\/fr\/"},{"@type":"ListItem","position":2,"name":"Votre guide des sacs en jute et en coton durables"}]},{"@type":"WebSite","@id":"https:\/\/gojuteinternational.com\/fr\/#website","url":"https:\/\/gojuteinternational.com\/fr\/","name":"GoJute International","description":"Printed bags for business","publisher":{"@id":"https:\/\/gojuteinternational.com\/fr\/#organization"},"alternateName":"GoJute","potentialAction":[{"@type":"SearchAction","target":{"@type":"EntryPoint","urlTemplate":"https:\/\/gojuteinternational.com\/fr\/?s={search_term_string}"},"query-input":"required name=search_term_string"}],"inLanguage":"fr-FR"},{"@type":"Organization","@id":"https:\/\/gojuteinternational.com\/fr\/#organization","name":"GoJute International","alternateName":"GoJute","url":"https:\/\/gojuteinternational.com\/fr\/","logo":{"@type":"ImageObject","inLanguage":"fr-FR","@id":"https:\/\/gojuteinternational.com\/fr\/#\/schema\/logo\/image\/","url":"https:\/\/gojuteinternational.com\/wp-content\/uploads\/2022\/06\/GoJute-Logo-RGB.png","contentUrl":"https:\/\/gojuteinternational.com\/wp-content\/uploads\/2022\/06\/GoJute-Logo-RGB.png","width":2000,"height":1809,"caption":"GoJute International"},"image":{"@id":"https:\/\/gojuteinternational.com\/fr\/#\/schema\/logo\/image\/"},"sameAs":["https:\/\/www.facebook.com\/gojute","https:\/\/www.instagram.com\/gojute\/"]}]}},"_links":{"self":[{"href":"https:\/\/gojuteinternational.com\/fr\/wp-json\/wp\/v2\/pages\/88779","targetHints":{"allow":["GET"]}}],"collection":[{"href":"https:\/\/gojuteinternational.com\/fr\/wp-json\/wp\/v2\/pages"}],"about":[{"href":"https:\/\/gojuteinternational.com\/fr\/wp-json\/wp\/v2\/types\/page"}],"author":[{"embeddable":true,"href":"https:\/\/gojuteinternational.com\/fr\/wp-json\/wp\/v2\/users\/6996"}],"replies":[{"embeddable":true,"href":"https:\/\/gojuteinternational.com\/fr\/wp-json\/wp\/v2\/comments?post=88779"}],"version-history":[{"count":3,"href":"https:\/\/gojuteinternational.com\/fr\/wp-json\/wp\/v2\/pages\/88779\/revisions"}],"predecessor-version":[{"id":88875,"href":"https:\/\/gojuteinternational.com\/fr\/wp-json\/wp\/v2\/pages\/88779\/revisions\/88875"}],"wp:attachment":[{"href":"https:\/\/gojuteinternational.com\/fr\/wp-json\/wp\/v2\/media?parent=88779"}],"curies":[{"name":"wp","href":"https:\/\/api.w.org\/{rel}","templated":true}]}}