{"id":88791,"date":"2025-06-03T11:39:25","date_gmt":"2025-06-03T10:39:25","guid":{"rendered":"https:\/\/gojuteinternational.com\/b2b-campaigns\/"},"modified":"2025-06-05T14:08:18","modified_gmt":"2025-06-05T13:08:18","slug":"b2b-campaigns","status":"publish","type":"page","link":"https:\/\/gojuteinternational.com\/fr\/b2b-campaigns\/","title":{"rendered":"Campagnes B2B"},"content":{"rendered":"\t\t<div data-elementor-type=\"wp-page\" data-elementor-id=\"88791\" class=\"elementor elementor-88791 elementor-88783\" data-elementor-post-type=\"page\">\n\t\t\t\t\t\t\t\t\t<section class=\"elementor-section elementor-top-section elementor-element elementor-element-3f179ed elementor-section-boxed elementor-section-height-default elementor-section-height-default\" data-id=\"3f179ed\" data-element_type=\"section\">\n\t\t\t\t\t\t<div class=\"elementor-container elementor-column-gap-default\">\n\t\t\t\t\t<div class=\"elementor-column elementor-col-100 elementor-top-column elementor-element elementor-element-6aa18e1\" data-id=\"6aa18e1\" data-element_type=\"column\">\n\t\t\t<div class=\"elementor-widget-wrap elementor-element-populated\">\n\t\t\t\t\t\t\t\t<div class=\"elementor-element elementor-element-5b5c1d1 elementor-widget elementor-widget-spacer\" data-id=\"5b5c1d1\" data-element_type=\"widget\" data-widget_type=\"spacer.default\">\n\t\t\t\t<div class=\"elementor-widget-container\">\n\t\t\t<style>\/*! elementor - v3.18.0 - 20-12-2023 *\/\n.elementor-column .elementor-spacer-inner{height:var(--spacer-size)}.e-con{--container-widget-width:100%}.e-con-inner>.elementor-widget-spacer,.e-con>.elementor-widget-spacer{width:var(--container-widget-width,var(--spacer-size));--align-self:var(--container-widget-align-self,initial);--flex-shrink:0}.e-con-inner>.elementor-widget-spacer>.elementor-widget-container,.e-con>.elementor-widget-spacer>.elementor-widget-container{height:100%;width:100%}.e-con-inner>.elementor-widget-spacer>.elementor-widget-container>.elementor-spacer,.e-con>.elementor-widget-spacer>.elementor-widget-container>.elementor-spacer{height:100%}.e-con-inner>.elementor-widget-spacer>.elementor-widget-container>.elementor-spacer>.elementor-spacer-inner,.e-con>.elementor-widget-spacer>.elementor-widget-container>.elementor-spacer>.elementor-spacer-inner{height:var(--container-widget-height,var(--spacer-size))}.e-con-inner>.elementor-widget-spacer.elementor-widget-empty,.e-con>.elementor-widget-spacer.elementor-widget-empty{position:relative;min-height:22px;min-width:22px}.e-con-inner>.elementor-widget-spacer.elementor-widget-empty .elementor-widget-empty-icon,.e-con>.elementor-widget-spacer.elementor-widget-empty .elementor-widget-empty-icon{position:absolute;top:0;bottom:0;left:0;right:0;margin:auto;padding:0;width:22px;height:22px}<\/style>\t\t<div class=\"elementor-spacer\">\n\t\t\t<div class=\"elementor-spacer-inner\"><\/div>\n\t\t<\/div>\n\t\t\t\t<\/div>\n\t\t\t\t<\/div>\n\t\t\t\t\t<\/div>\n\t\t<\/div>\n\t\t\t\t\t\t\t<\/div>\n\t\t<\/section>\n\t\t\t\t<section class=\"elementor-section elementor-top-section elementor-element elementor-element-c13efb6 elementor-section-boxed elementor-section-height-default elementor-section-height-default\" data-id=\"c13efb6\" data-element_type=\"section\">\n\t\t\t\t\t\t<div class=\"elementor-container elementor-column-gap-default\">\n\t\t\t\t\t<div class=\"elementor-column elementor-col-100 elementor-top-column elementor-element elementor-element-9228b41\" data-id=\"9228b41\" data-element_type=\"column\">\n\t\t\t<div class=\"elementor-widget-wrap elementor-element-populated\">\n\t\t\t\t\t\t\t\t<div class=\"elementor-element elementor-element-5de6c80 elementor-widget elementor-widget-heading\" data-id=\"5de6c80\" data-element_type=\"widget\" data-widget_type=\"heading.default\">\n\t\t\t\t<div class=\"elementor-widget-container\">\n\t\t\t<style>\/*! elementor - v3.18.0 - 20-12-2023 *\/\n.elementor-heading-title{padding:0;margin:0;line-height:1}.elementor-widget-heading .elementor-heading-title[class*=elementor-size-]>a{color:inherit;font-size:inherit;line-height:inherit}.elementor-widget-heading .elementor-heading-title.elementor-size-small{font-size:15px}.elementor-widget-heading .elementor-heading-title.elementor-size-medium{font-size:19px}.elementor-widget-heading .elementor-heading-title.elementor-size-large{font-size:29px}.elementor-widget-heading .elementor-heading-title.elementor-size-xl{font-size:39px}.elementor-widget-heading .elementor-heading-title.elementor-size-xxl{font-size:59px}<\/style><h1 class=\"elementor-heading-title elementor-size-default\">Campagnes B2B : Sacs durables en jute et en coton pour les collectes de fonds\n<\/h1>\t\t<\/div>\n\t\t\t\t<\/div>\n\t\t\t\t\t<\/div>\n\t\t<\/div>\n\t\t\t\t\t\t\t<\/div>\n\t\t<\/section>\n\t\t\t\t<section class=\"elementor-section elementor-top-section elementor-element elementor-element-42ffb27 elementor-section-boxed elementor-section-height-default elementor-section-height-default\" data-id=\"42ffb27\" data-element_type=\"section\">\n\t\t\t\t\t\t<div class=\"elementor-container elementor-column-gap-default\">\n\t\t\t\t\t<div class=\"elementor-column elementor-col-100 elementor-top-column elementor-element elementor-element-d2bf6bb\" data-id=\"d2bf6bb\" data-element_type=\"column\">\n\t\t\t<div class=\"elementor-widget-wrap elementor-element-populated\">\n\t\t\t\t\t\t\t\t<div class=\"elementor-element elementor-element-1406e31 elementor-widget elementor-widget-text-editor\" data-id=\"1406e31\" data-element_type=\"widget\" data-widget_type=\"text-editor.default\">\n\t\t\t\t<div class=\"elementor-widget-container\">\n\t\t\t<style>\/*! elementor - v3.18.0 - 20-12-2023 *\/\n.elementor-widget-text-editor.elementor-drop-cap-view-stacked .elementor-drop-cap{background-color:#69727d;color:#fff}.elementor-widget-text-editor.elementor-drop-cap-view-framed .elementor-drop-cap{color:#69727d;border:3px solid;background-color:transparent}.elementor-widget-text-editor:not(.elementor-drop-cap-view-default) .elementor-drop-cap{margin-top:8px}.elementor-widget-text-editor:not(.elementor-drop-cap-view-default) .elementor-drop-cap-letter{width:1em;height:1em}.elementor-widget-text-editor .elementor-drop-cap{float:left;text-align:center;line-height:1;font-size:50px}.elementor-widget-text-editor .elementor-drop-cap-letter{display:inline-block}<\/style>\t\t\t\t<p><span style=\"font-weight: 400;\">Pour les entreprises, les organisations caritatives et les ONG, les sacs de marque sont plus que des produits promotionnels : ce sont des outils pratiques et tr\u00e8s visibles qui permettent de sensibiliser l&rsquo;opinion publique, de susciter des conversations et de collecter des fonds essentiels. <\/span><b>Les sacs en jute et en coton<\/b><span style=\"font-weight: 400;\"> offrent un moyen \u00e9cologique, m\u00e9morable et efficace de soutenir votre prochaine campagne ou collecte de fonds tout en s&rsquo;alignant sur les objectifs de d\u00e9veloppement durable.<\/span><\/p>\n<h2><span style=\"font-weight: 400;\">Pourquoi utiliser des sacs en jute et en coton dans les campagnes B2B ?<\/span><\/h2>\n<ul>\n<li style=\"font-weight: 400;\" aria-level=\"1\"><b>Un impact durable :<\/b><span style=\"font-weight: 400;\"> Contrairement aux prospectus ou aux articles \u00e0 usage unique, un sac en jute ou en coton est r\u00e9utilis\u00e9 pendant des mois, voire des ann\u00e9es, ce qui donne une visibilit\u00e9 permanente \u00e0 votre cause ou \u00e0 votre marque.<\/span><\/li>\n<li style=\"font-weight: 400;\" aria-level=\"1\"><b>Des r\u00e9f\u00e9rences \u00e9cologiques :<\/b><span style=\"font-weight: 400;\"> Les campagnes \u00e9cologiques trouvent un \u00e9cho aupr\u00e8s des publics socialement conscients d&rsquo;aujourd&rsquo;hui, et l&rsquo;utilisation de sacs biod\u00e9gradables et r\u00e9utilisables renforce votre message environnemental.<\/span><\/li>\n<li style=\"font-weight: 400;\" aria-level=\"1\"><b>Des applications polyvalentes :<\/b><span style=\"font-weight: 400;\"> Que vous lanciez une campagne de charit\u00e9, que vous souteniez une cause sociale ou que vous organisiez une collecte de fonds pour votre entreprise, les sacs en fibres naturelles conviennent \u00e0 tous les secteurs.<\/span><\/li>\n<\/ul>\n<h2><span style=\"font-weight: 400;\">Strat\u00e9gies pour des collectes de fonds et des campagnes B2B efficaces<\/span><\/h2>\n<h3>Campagnes de sacs \u00e0 \u00e9dition limit\u00e9e et \u00e0 th\u00e8me<\/h3>\n<ul>\n<li style=\"font-weight: 400;\" aria-level=\"1\"><b>Campagnes de sensibilisation :<\/b><span style=\"font-weight: 400;\"> Imprimez des mod\u00e8les personnalis\u00e9s pour des causes telles que la Journ\u00e9e de la Terre, le Mois de la sensibilisation au cancer du sein ou l&rsquo;initiative de votre entreprise en mati\u00e8re de d\u00e9veloppement durable.<\/span><\/li>\n<li style=\"font-weight: 400;\" aria-level=\"1\"><b>Remise de cadeaux lors d \u00ab \u00e9v\u00e9nements :<\/b><span style=\"font-weight: 400;\"> Distribuez des sacs de marque lors de conf\u00e9rences, de foires communautaires ou d \u00bb \u00e9v\u00e9nements caritatifs pour vous assurer que les participants ram\u00e8nent votre message chez eux et le partagent.<\/span><\/li>\n<li style=\"font-weight: 400;\" aria-level=\"1\"><b>Ventes pour collectes de fonds :<\/b><span style=\"font-weight: 400;\"> Vendez des sacs en coton ou en toile de jute en \u00e9dition limit\u00e9e afin de collecter des fonds pour des projets sp\u00e9cifiques, des \u0153uvres de bienfaisance ou des op\u00e9rations de secours en cas de catastrophe.<\/span><\/li>\n<\/ul>\n<h3>Initiatives en mati\u00e8re de responsabilit\u00e9 sociale des entreprises (RSE)<\/h3>\n<ul>\n<li style=\"font-weight: 400;\" aria-level=\"1\"><span style=\"font-weight: 400;\">D\u00e9montrez l&rsquo;engagement de votre entreprise en faveur des valeurs vertes en offrant \u00e0 vos employ\u00e9s, partenaires ou clients un sac \u00e9cologique de marque dans le cadre de votre programme de RSE.<\/span><\/li>\n<li style=\"font-weight: 400;\" aria-level=\"1\"><span style=\"font-weight: 400;\">Encouragez le personnel ou les parties prenantes \u00e0 utiliser ces sacs dans la vie de tous les jours, amplifiant ainsi la port\u00e9e et la r\u00e9putation de votre organisation.<\/span><\/li>\n<\/ul>\n<h2><span style=\"font-weight: 400;\">Options de personnalisation et de marquage pour une campagne r\u00e9ussie<\/span><\/h2>\n<ul>\n<li style=\"font-weight: 400;\" aria-level=\"1\"><b>Placement du logo :<\/b><span style=\"font-weight: 400;\"> Veillez \u00e0 ce que votre marque soit bien visible, mais de bon go\u00fbt, pour une utilisation \u00e0 long terme.<\/span><\/li>\n<li style=\"font-weight: 400;\" aria-level=\"1\"><b>Messages sur la cause :<\/b><span style=\"font-weight: 400;\"> Incluez de courts slogans, des hashtags ou des messages de campagne pour susciter la curiosit\u00e9 et l&rsquo;engagement.<\/span><\/li>\n<li style=\"font-weight: 400;\" aria-level=\"1\"><b>Collaborations avec des artistes :<\/b><span style=\"font-weight: 400;\"> \u00c9tablissez des partenariats avec des artistes ou des influenceurs locaux pour cr\u00e9er des \u0153uvres d&rsquo;art uniques qui rehaussent la campagne et encouragent les ventes ou les dons.<\/span><\/li>\n<\/ul>\n<p><span style=\"font-weight: 400;\">Des touches personnalis\u00e9es transforment un sac utile en un symbole durable de votre campagne.<\/span><\/p>\n<h2><span style=\"font-weight: 400;\">\u00c9tudes de cas et inspiration du monde r\u00e9el<\/span><\/h2>\n<p><span style=\"font-weight: 400;\">De nombreuses organisations ont utilis\u00e9 des <\/span><b>sacs \u00e9cologiques de marque<\/b><span style=\"font-weight: 400;\"> pour une collecte de fonds B2B r\u00e9ussie :<\/span><\/p>\n<ul>\n<li style=\"font-weight: 400;\" aria-level=\"1\"><span style=\"font-weight: 400;\">Une ONG s&rsquo;associe \u00e0 des entreprises locales pour produire un fourre-tout en toile de jute \u00e0 tirage limit\u00e9, dont les recettes soutiennent les jardins communautaires.<\/span><\/li>\n<li style=\"font-weight: 400;\" aria-level=\"1\"><span style=\"font-weight: 400;\">Une entreprise lance une campagne pour un \u00ab lieu de travail sans plastique \u00bb, en offrant \u00e0 ses employ\u00e9s et \u00e0 ses clients des sacs en coton de marque \u00e0 utiliser sur le site et \u00e0 l&rsquo;ext\u00e9rieur.<\/span><\/li>\n<li style=\"font-weight: 400;\" aria-level=\"1\"><span style=\"font-weight: 400;\">Un \u00e9v\u00e9nement caritatif propose un sac de campagne en \u00e9dition sp\u00e9ciale pour les donateurs, ce qui cr\u00e9e un engouement et augmente les contributions.<\/span><\/li>\n<\/ul>\n<p><span style=\"font-weight: 400;\">Votre organisation peut b\u00e9n\u00e9ficier de la m\u00eame visibilit\u00e9 et d&rsquo;une presse positive, tout en faisant du bien aux gens et \u00e0 la plan\u00e8te.<\/span><\/p>\n<h3>Explorez d&rsquo;autres ressources B2B sur le d\u00e9veloppement durable<\/h3>\n<ul>\n<li style=\"font-weight: 400;\" aria-level=\"1\"><a href=\"https:\/\/gojuteinternational.com\/fr\/b2b-campaigns\/\">Durabilit\u00e9 dans la strat\u00e9gie de marque et les promotions <\/a><span style=\"font-weight: 400;\"><br \/><\/span><span style=\"font-weight: 400;\"> D\u00e9couvrez comment les sacs \u00e9cologiques de marque renforcent la r\u00e9putation et la confiance des entreprises.<\/span><\/li>\n<li style=\"font-weight: 400;\" aria-level=\"1\"><a href=\"https:\/\/gojuteinternational.com\/fr\/sustainable-gift-ideas\/\">Paniers durables pour les entreprises <\/a><span style=\"font-weight: 400;\"><br \/><\/span><span style=\"font-weight: 400;\"> D\u00e9couvrez comment les cadeaux B2B et les r\u00e9compenses pour les employ\u00e9s peuvent devenir \u00e9cologiques.<\/span><\/li>\n<li style=\"font-weight: 400;\" aria-level=\"1\"><a href=\"https:\/\/gojuteinternational.com\/fr\/how-to-dispose-recycle-jute-cotton-bags-responsibly\/\">\u00c9limination et recyclage responsables<\/a><span style=\"font-weight: 400;\"><br \/><\/span><span style=\"font-weight: 400;\"> D\u00e9couvrez les strat\u00e9gies de fin de vie des sacs en vrac apr\u00e8s les campagnes.<\/span><\/li>\n<\/ul>\n<h2><span style=\"font-weight: 400;\">Pr\u00eat \u00e0 lancer votre campagne ou votre collecte de fonds ?<\/span><\/h2>\n<p><span style=\"font-weight: 400;\">Pour des devis B2B sur mesure, des id\u00e9es de campagne ou une discussion sur une image de marque personnalis\u00e9e,<\/span><span style=\"font-weight: 400;\"><br \/><\/span><a href=\"https:\/\/gojuteinternational.com\/fr\/nous-contacter\/\"> <b>contactez-nous<\/b><\/a><\/p>\n\t\t\t\t\t\t<\/div>\n\t\t\t\t<\/div>\n\t\t\t\t\t<\/div>\n\t\t<\/div>\n\t\t\t\t\t\t\t<\/div>\n\t\t<\/section>\n\t\t\t\t\t\t\t<\/div>\n\t\t","protected":false},"excerpt":{"rendered":"<p>Campagnes B2B : Sacs durables en jute et en coton pour les collectes de fonds Pour les entreprises, les organisations caritatives et les ONG, les sacs de marque sont plus que des produits promotionnels : ce sont des outils pratiques et tr\u00e8s visibles qui permettent de sensibiliser l&rsquo;opinion publique, de susciter des conversations et de [&hellip;]<\/p>\n","protected":false},"author":6996,"featured_media":0,"parent":0,"menu_order":0,"comment_status":"closed","ping_status":"closed","template":"elementor_header_footer","meta":{"content-type":"","_monsterinsights_skip_tracking":false,"_monsterinsights_sitenote_active":false,"_monsterinsights_sitenote_note":"","_monsterinsights_sitenote_category":0,"footnotes":""},"class_list":["post-88791","page","type-page","status-publish","hentry"],"yoast_head":"<!-- This site is optimized with the Yoast SEO plugin v21.7 - https:\/\/yoast.com\/wordpress\/plugins\/seo\/ -->\n<title>Campagnes B2B - GoJute International<\/title>\n<meta name=\"robots\" content=\"index, follow, max-snippet:-1, max-image-preview:large, max-video-preview:-1\" \/>\n<link rel=\"canonical\" href=\"https:\/\/gojuteinternational.com\/fr\/b2b-campaigns\/\" \/>\n<meta property=\"og:locale\" content=\"fr_FR\" \/>\n<meta property=\"og:type\" content=\"article\" \/>\n<meta property=\"og:title\" content=\"Campagnes B2B - GoJute International\" \/>\n<meta property=\"og:description\" content=\"Campagnes B2B : Sacs durables en jute et en coton pour les collectes de fonds Pour les entreprises, les organisations caritatives et les ONG, les sacs de marque sont plus que des produits promotionnels : ce sont des outils pratiques et tr\u00e8s visibles qui permettent de sensibiliser l&rsquo;opinion publique, de susciter des conversations et de [&hellip;]\" \/>\n<meta property=\"og:url\" content=\"https:\/\/gojuteinternational.com\/fr\/b2b-campaigns\/\" \/>\n<meta property=\"og:site_name\" content=\"GoJute International\" \/>\n<meta property=\"article:publisher\" content=\"https:\/\/www.facebook.com\/gojute\" \/>\n<meta property=\"article:modified_time\" content=\"2025-06-05T13:08:18+00:00\" \/>\n<meta name=\"twitter:card\" content=\"summary_large_image\" \/>\n<meta name=\"twitter:label1\" content=\"Dur\u00e9e de lecture estim\u00e9e\" \/>\n\t<meta name=\"twitter:data1\" content=\"4 minutes\" \/>\n<script type=\"application\/ld+json\" class=\"yoast-schema-graph\">{\"@context\":\"https:\/\/schema.org\",\"@graph\":[{\"@type\":\"WebPage\",\"@id\":\"https:\/\/gojuteinternational.com\/fr\/b2b-campaigns\/\",\"url\":\"https:\/\/gojuteinternational.com\/fr\/b2b-campaigns\/\",\"name\":\"Campagnes B2B - GoJute International\",\"isPartOf\":{\"@id\":\"https:\/\/gojuteinternational.com\/fr\/#website\"},\"datePublished\":\"2025-06-03T10:39:25+00:00\",\"dateModified\":\"2025-06-05T13:08:18+00:00\",\"breadcrumb\":{\"@id\":\"https:\/\/gojuteinternational.com\/fr\/b2b-campaigns\/#breadcrumb\"},\"inLanguage\":\"fr-FR\",\"potentialAction\":[{\"@type\":\"ReadAction\",\"target\":[\"https:\/\/gojuteinternational.com\/fr\/b2b-campaigns\/\"]}]},{\"@type\":\"BreadcrumbList\",\"@id\":\"https:\/\/gojuteinternational.com\/fr\/b2b-campaigns\/#breadcrumb\",\"itemListElement\":[{\"@type\":\"ListItem\",\"position\":1,\"name\":\"Home\",\"item\":\"https:\/\/gojuteinternational.com\/fr\/\"},{\"@type\":\"ListItem\",\"position\":2,\"name\":\"Campagnes B2B\"}]},{\"@type\":\"WebSite\",\"@id\":\"https:\/\/gojuteinternational.com\/fr\/#website\",\"url\":\"https:\/\/gojuteinternational.com\/fr\/\",\"name\":\"GoJute International\",\"description\":\"Printed bags for business\",\"publisher\":{\"@id\":\"https:\/\/gojuteinternational.com\/fr\/#organization\"},\"alternateName\":\"GoJute\",\"potentialAction\":[{\"@type\":\"SearchAction\",\"target\":{\"@type\":\"EntryPoint\",\"urlTemplate\":\"https:\/\/gojuteinternational.com\/fr\/?s={search_term_string}\"},\"query-input\":\"required name=search_term_string\"}],\"inLanguage\":\"fr-FR\"},{\"@type\":\"Organization\",\"@id\":\"https:\/\/gojuteinternational.com\/fr\/#organization\",\"name\":\"GoJute International\",\"alternateName\":\"GoJute\",\"url\":\"https:\/\/gojuteinternational.com\/fr\/\",\"logo\":{\"@type\":\"ImageObject\",\"inLanguage\":\"fr-FR\",\"@id\":\"https:\/\/gojuteinternational.com\/fr\/#\/schema\/logo\/image\/\",\"url\":\"https:\/\/gojuteinternational.com\/wp-content\/uploads\/2022\/06\/GoJute-Logo-RGB.png\",\"contentUrl\":\"https:\/\/gojuteinternational.com\/wp-content\/uploads\/2022\/06\/GoJute-Logo-RGB.png\",\"width\":2000,\"height\":1809,\"caption\":\"GoJute International\"},\"image\":{\"@id\":\"https:\/\/gojuteinternational.com\/fr\/#\/schema\/logo\/image\/\"},\"sameAs\":[\"https:\/\/www.facebook.com\/gojute\",\"https:\/\/www.instagram.com\/gojute\/\"]}]}<\/script>\n<!-- \/ Yoast SEO plugin. -->","yoast_head_json":{"title":"Campagnes B2B - GoJute International","robots":{"index":"index","follow":"follow","max-snippet":"max-snippet:-1","max-image-preview":"max-image-preview:large","max-video-preview":"max-video-preview:-1"},"canonical":"https:\/\/gojuteinternational.com\/fr\/b2b-campaigns\/","og_locale":"fr_FR","og_type":"article","og_title":"Campagnes B2B - GoJute International","og_description":"Campagnes B2B : Sacs durables en jute et en coton pour les collectes de fonds Pour les entreprises, les organisations caritatives et les ONG, les sacs de marque sont plus que des produits promotionnels : ce sont des outils pratiques et tr\u00e8s visibles qui permettent de sensibiliser l&rsquo;opinion publique, de susciter des conversations et de [&hellip;]","og_url":"https:\/\/gojuteinternational.com\/fr\/b2b-campaigns\/","og_site_name":"GoJute International","article_publisher":"https:\/\/www.facebook.com\/gojute","article_modified_time":"2025-06-05T13:08:18+00:00","twitter_card":"summary_large_image","twitter_misc":{"Dur\u00e9e de lecture estim\u00e9e":"4 minutes"},"schema":{"@context":"https:\/\/schema.org","@graph":[{"@type":"WebPage","@id":"https:\/\/gojuteinternational.com\/fr\/b2b-campaigns\/","url":"https:\/\/gojuteinternational.com\/fr\/b2b-campaigns\/","name":"Campagnes B2B - GoJute International","isPartOf":{"@id":"https:\/\/gojuteinternational.com\/fr\/#website"},"datePublished":"2025-06-03T10:39:25+00:00","dateModified":"2025-06-05T13:08:18+00:00","breadcrumb":{"@id":"https:\/\/gojuteinternational.com\/fr\/b2b-campaigns\/#breadcrumb"},"inLanguage":"fr-FR","potentialAction":[{"@type":"ReadAction","target":["https:\/\/gojuteinternational.com\/fr\/b2b-campaigns\/"]}]},{"@type":"BreadcrumbList","@id":"https:\/\/gojuteinternational.com\/fr\/b2b-campaigns\/#breadcrumb","itemListElement":[{"@type":"ListItem","position":1,"name":"Home","item":"https:\/\/gojuteinternational.com\/fr\/"},{"@type":"ListItem","position":2,"name":"Campagnes B2B"}]},{"@type":"WebSite","@id":"https:\/\/gojuteinternational.com\/fr\/#website","url":"https:\/\/gojuteinternational.com\/fr\/","name":"GoJute International","description":"Printed bags for business","publisher":{"@id":"https:\/\/gojuteinternational.com\/fr\/#organization"},"alternateName":"GoJute","potentialAction":[{"@type":"SearchAction","target":{"@type":"EntryPoint","urlTemplate":"https:\/\/gojuteinternational.com\/fr\/?s={search_term_string}"},"query-input":"required name=search_term_string"}],"inLanguage":"fr-FR"},{"@type":"Organization","@id":"https:\/\/gojuteinternational.com\/fr\/#organization","name":"GoJute International","alternateName":"GoJute","url":"https:\/\/gojuteinternational.com\/fr\/","logo":{"@type":"ImageObject","inLanguage":"fr-FR","@id":"https:\/\/gojuteinternational.com\/fr\/#\/schema\/logo\/image\/","url":"https:\/\/gojuteinternational.com\/wp-content\/uploads\/2022\/06\/GoJute-Logo-RGB.png","contentUrl":"https:\/\/gojuteinternational.com\/wp-content\/uploads\/2022\/06\/GoJute-Logo-RGB.png","width":2000,"height":1809,"caption":"GoJute International"},"image":{"@id":"https:\/\/gojuteinternational.com\/fr\/#\/schema\/logo\/image\/"},"sameAs":["https:\/\/www.facebook.com\/gojute","https:\/\/www.instagram.com\/gojute\/"]}]}},"_links":{"self":[{"href":"https:\/\/gojuteinternational.com\/fr\/wp-json\/wp\/v2\/pages\/88791","targetHints":{"allow":["GET"]}}],"collection":[{"href":"https:\/\/gojuteinternational.com\/fr\/wp-json\/wp\/v2\/pages"}],"about":[{"href":"https:\/\/gojuteinternational.com\/fr\/wp-json\/wp\/v2\/types\/page"}],"author":[{"embeddable":true,"href":"https:\/\/gojuteinternational.com\/fr\/wp-json\/wp\/v2\/users\/6996"}],"replies":[{"embeddable":true,"href":"https:\/\/gojuteinternational.com\/fr\/wp-json\/wp\/v2\/comments?post=88791"}],"version-history":[{"count":3,"href":"https:\/\/gojuteinternational.com\/fr\/wp-json\/wp\/v2\/pages\/88791\/revisions"}],"predecessor-version":[{"id":88933,"href":"https:\/\/gojuteinternational.com\/fr\/wp-json\/wp\/v2\/pages\/88791\/revisions\/88933"}],"wp:attachment":[{"href":"https:\/\/gojuteinternational.com\/fr\/wp-json\/wp\/v2\/media?parent=88791"}],"curies":[{"name":"wp","href":"https:\/\/api.w.org\/{rel}","templated":true}]}}