{"id":88810,"date":"2025-06-03T12:18:41","date_gmt":"2025-06-03T11:18:41","guid":{"rendered":"https:\/\/gojuteinternational.com\/environmental-benefits-of-jute-cotton-bags\/"},"modified":"2025-06-05T13:55:31","modified_gmt":"2025-06-05T12:55:31","slug":"environmental-benefits-of-jute-cotton-bags","status":"publish","type":"page","link":"https:\/\/gojuteinternational.com\/fr\/environmental-benefits-of-jute-cotton-bags\/","title":{"rendered":"Avantages environnementaux des sacs en jute et en coton"},"content":{"rendered":"\t\t<div data-elementor-type=\"wp-page\" data-elementor-id=\"88810\" class=\"elementor elementor-88810 elementor-88807\" data-elementor-post-type=\"page\">\n\t\t\t\t\t\t\t\t\t<section class=\"elementor-section elementor-top-section elementor-element elementor-element-93a1776 elementor-section-boxed elementor-section-height-default elementor-section-height-default\" data-id=\"93a1776\" data-element_type=\"section\">\n\t\t\t\t\t\t<div class=\"elementor-container elementor-column-gap-default\">\n\t\t\t\t\t<div class=\"elementor-column elementor-col-100 elementor-top-column elementor-element elementor-element-556885a\" data-id=\"556885a\" data-element_type=\"column\">\n\t\t\t<div class=\"elementor-widget-wrap elementor-element-populated\">\n\t\t\t\t\t\t\t\t<div class=\"elementor-element elementor-element-aada389 elementor-widget elementor-widget-spacer\" data-id=\"aada389\" data-element_type=\"widget\" data-widget_type=\"spacer.default\">\n\t\t\t\t<div class=\"elementor-widget-container\">\n\t\t\t<style>\/*! elementor - v3.18.0 - 20-12-2023 *\/\n.elementor-column .elementor-spacer-inner{height:var(--spacer-size)}.e-con{--container-widget-width:100%}.e-con-inner>.elementor-widget-spacer,.e-con>.elementor-widget-spacer{width:var(--container-widget-width,var(--spacer-size));--align-self:var(--container-widget-align-self,initial);--flex-shrink:0}.e-con-inner>.elementor-widget-spacer>.elementor-widget-container,.e-con>.elementor-widget-spacer>.elementor-widget-container{height:100%;width:100%}.e-con-inner>.elementor-widget-spacer>.elementor-widget-container>.elementor-spacer,.e-con>.elementor-widget-spacer>.elementor-widget-container>.elementor-spacer{height:100%}.e-con-inner>.elementor-widget-spacer>.elementor-widget-container>.elementor-spacer>.elementor-spacer-inner,.e-con>.elementor-widget-spacer>.elementor-widget-container>.elementor-spacer>.elementor-spacer-inner{height:var(--container-widget-height,var(--spacer-size))}.e-con-inner>.elementor-widget-spacer.elementor-widget-empty,.e-con>.elementor-widget-spacer.elementor-widget-empty{position:relative;min-height:22px;min-width:22px}.e-con-inner>.elementor-widget-spacer.elementor-widget-empty .elementor-widget-empty-icon,.e-con>.elementor-widget-spacer.elementor-widget-empty .elementor-widget-empty-icon{position:absolute;top:0;bottom:0;left:0;right:0;margin:auto;padding:0;width:22px;height:22px}<\/style>\t\t<div class=\"elementor-spacer\">\n\t\t\t<div class=\"elementor-spacer-inner\"><\/div>\n\t\t<\/div>\n\t\t\t\t<\/div>\n\t\t\t\t<\/div>\n\t\t\t\t<div class=\"elementor-element elementor-element-a48d851 elementor-widget elementor-widget-heading\" data-id=\"a48d851\" data-element_type=\"widget\" data-widget_type=\"heading.default\">\n\t\t\t\t<div class=\"elementor-widget-container\">\n\t\t\t<style>\/*! elementor - v3.18.0 - 20-12-2023 *\/\n.elementor-heading-title{padding:0;margin:0;line-height:1}.elementor-widget-heading .elementor-heading-title[class*=elementor-size-]>a{color:inherit;font-size:inherit;line-height:inherit}.elementor-widget-heading .elementor-heading-title.elementor-size-small{font-size:15px}.elementor-widget-heading .elementor-heading-title.elementor-size-medium{font-size:19px}.elementor-widget-heading .elementor-heading-title.elementor-size-large{font-size:29px}.elementor-widget-heading .elementor-heading-title.elementor-size-xl{font-size:39px}.elementor-widget-heading .elementor-heading-title.elementor-size-xxl{font-size:59px}<\/style><h1 class=\"elementor-heading-title elementor-size-default\">Avantages environnementaux des sacs en jute et en coton<\/h1>\t\t<\/div>\n\t\t\t\t<\/div>\n\t\t\t\t\t<\/div>\n\t\t<\/div>\n\t\t\t\t\t\t\t<\/div>\n\t\t<\/section>\n\t\t\t\t<section class=\"elementor-section elementor-top-section elementor-element elementor-element-a3aabd0 elementor-section-boxed elementor-section-height-default elementor-section-height-default\" data-id=\"a3aabd0\" data-element_type=\"section\">\n\t\t\t\t\t\t<div class=\"elementor-container elementor-column-gap-default\">\n\t\t\t\t\t<div class=\"elementor-column elementor-col-100 elementor-top-column elementor-element elementor-element-f132c74\" data-id=\"f132c74\" data-element_type=\"column\">\n\t\t\t<div class=\"elementor-widget-wrap elementor-element-populated\">\n\t\t\t\t\t\t\t\t<div class=\"elementor-element elementor-element-d302c54 elementor-widget elementor-widget-text-editor\" data-id=\"d302c54\" data-element_type=\"widget\" data-widget_type=\"text-editor.default\">\n\t\t\t\t<div class=\"elementor-widget-container\">\n\t\t\t<style>\/*! elementor - v3.18.0 - 20-12-2023 *\/\n.elementor-widget-text-editor.elementor-drop-cap-view-stacked .elementor-drop-cap{background-color:#69727d;color:#fff}.elementor-widget-text-editor.elementor-drop-cap-view-framed .elementor-drop-cap{color:#69727d;border:3px solid;background-color:transparent}.elementor-widget-text-editor:not(.elementor-drop-cap-view-default) .elementor-drop-cap{margin-top:8px}.elementor-widget-text-editor:not(.elementor-drop-cap-view-default) .elementor-drop-cap-letter{width:1em;height:1em}.elementor-widget-text-editor .elementor-drop-cap{float:left;text-align:center;line-height:1;font-size:50px}.elementor-widget-text-editor .elementor-drop-cap-letter{display:inline-block}<\/style>\t\t\t\t<p><span style=\"font-weight: 400;\">Le passage aux <\/span><b>sacs en jute et en coton<\/b><span style=\"font-weight: 400;\">  est l&rsquo;un des moyens les plus pratiques et les plus visibles de soutenir un monde plus durable. Ces sacs en fibres naturelles ne sont pas seulement \u00e9l\u00e9gants et polyvalents : ils offrent de v\u00e9ritables avantages environnementaux \u00e0 chaque \u00e9tape de leur cycle de vie, de la culture au tas de compost. <\/span><\/p>\n<p><span style=\"font-weight: 400;\">H2 : Fibres naturelles ou plastiques &#8211; un choix plus \u00e9cologique<\/span><\/p>\n<p><span style=\"font-weight: 400;\">L&rsquo;\u00e9crasante majorit\u00e9 de la pollution caus\u00e9e par les sacs de caisse provient des plastiques, des produits \u00e0 base de p\u00e9trole qui persistent dans l&rsquo;environnement pendant des si\u00e8cles. Les sacs en plastique jet\u00e9s bouchent les rivi\u00e8res, nuisent \u00e0 la vie marine et se d\u00e9composent en microplastiques qui se retrouvent dans notre cha\u00eene alimentaire. <\/span><\/p>\n<p><b>Jute et coton<\/b><span style=\"font-weight: 400;\">En revanche, ils sont r\u00e9colt\u00e9s \u00e0 partir de plantes. Ils sont 100 % naturels, renouvelables et, surtout, ils peuvent \u00eatre utilis\u00e9s dans le cadre de l&rsquo;agriculture biologique. <\/span><b>biod\u00e9gradable<\/b><span style=\"font-weight: 400;\">. Apr\u00e8s des ann\u00e9es de r\u00e9utilisation, ces sacs retournent \u00e0 la terre en toute s\u00e9curit\u00e9, laissant derri\u00e8re eux des nutriments plut\u00f4t que des toxines.<\/span><\/p>\n<h2><span style=\"font-weight: 400;\">Comment le jute et le coton contribuent \u00e0 la protection de l&rsquo;environnement<\/span><\/h2>\n<h3>Capture du carbone et action pour le climat<\/h3>\n<p><span style=\"font-weight: 400;\">Le jute est consid\u00e9r\u00e9 comme l&rsquo;une des cultures les plus b\u00e9n\u00e9fiques pour le climat. Pendant sa croissance, il absorbe de grandes quantit\u00e9s de CO\u2082, ce qui permet de compenser les \u00e9missions produites par la r\u00e9colte, la transformation et le transport. Les exploitations de coton bien g\u00e9r\u00e9es, en particulier celles qui utilisent des techniques biologiques ou de culture pluviale, ont \u00e9galement une empreinte carbone nettement inf\u00e9rieure \u00e0 celle de la production de fibres synth\u00e9tiques.  <\/span><\/p>\n<h3>R\u00e9duction de la consommation d&rsquo;eau et de produits chimiques<\/h3>\n<p><span style=\"font-weight: 400;\">L&rsquo;une des principales critiques \u00e0 l&rsquo;\u00e9gard du coton conventionnel est la consommation d&rsquo;eau. Cependant, les m\u00e9thodes de culture du coton biologique et pluvial sont en plein essor et r\u00e9duisent consid\u00e9rablement les besoins en eau. Le jute pousse dans les r\u00e9gions tropicales, o\u00f9 la pluie est abondante, et ne n\u00e9cessite pratiquement pas d&rsquo;irrigation, d&rsquo;engrais synth\u00e9tiques ou de pesticides, ce qui en fait l&rsquo;une des cultures \u00e0 grande \u00e9chelle les plus \u00e9cologiques qui soient.  <\/span><\/p>\n<h3>R\u00e9duction des d\u00e9chets et des d\u00e9tritus<\/h3>\n<p><span style=\"font-weight: 400;\">A <\/span><b>fourre-tout biod\u00e9gradable<\/b><span style=\"font-weight: 400;\">  fabriqu\u00e9 \u00e0 partir de jute ou de coton remplace des centaines, voire des milliers de sacs \u00e0 usage unique au cours de sa dur\u00e9e de vie. Cela signifie beaucoup moins de d\u00e9chets plastiques dans les parcs, les cours d&rsquo;eau et les oc\u00e9ans. Lorsque ces sacs sont enfin us\u00e9s, ils peuvent \u00eatre compost\u00e9s et non mis en d\u00e9charge.  <\/span><\/p>\n<h2><span style=\"font-weight: 400;\">L&rsquo;avantage de la fin de vie : Biod\u00e9gradabilit\u00e9 et compostage<\/span><\/h2>\n<p><span style=\"font-weight: 400;\">Contrairement aux sacs synth\u00e9tiques \u00ab \u00e9cologiques \u00bb en polypropyl\u00e8ne ou en polyester, qui peuvent durer des centaines d&rsquo;ann\u00e9es dans les d\u00e9charges, <\/span><b>les sacs en pur jute et en coton non enduit<\/b><span style=\"font-weight: 400;\">  sont v\u00e9ritablement compostables. Lorsqu&rsquo;ils sont \u00e9limin\u00e9s correctement, ils se d\u00e9composent en quelques mois, restituant au sol de pr\u00e9cieux \u00e9l\u00e9ments nutritifs. <\/span><\/p>\n<ul>\n<li style=\"font-weight: 400;\" aria-level=\"1\"><span style=\"font-weight: 400;\">Compostage domestique : Coupez le sac en petits morceaux et m\u00e9langez-les avec des d\u00e9chets alimentaires ou des d\u00e9chets de jardin.<\/span><\/li>\n<li style=\"font-weight: 400;\" aria-level=\"1\"><span style=\"font-weight: 400;\">Compostage municipal : De nombreuses installations acceptent les fibres naturelles propres &#8211; v\u00e9rifiez les directives locales.<\/span><\/li>\n<\/ul>\n<p><span style=\"font-weight: 400;\">Cette d\u00e9composition naturelle emp\u00eache l&rsquo;accumulation de microplastiques nocifs, ce qui fait de ces sacs un v\u00e9ritable choix z\u00e9ro d\u00e9chet.<\/span><\/p>\n<h2><span style=\"font-weight: 400;\">Tous les sacs r\u00e9utilisables ne se valent pas : Jute, coton et au-del\u00e0<\/span><\/h2>\n<p><span style=\"font-weight: 400;\">Les sacs en plastique r\u00e9utilisables et les sacs en polyester \u00ab \u00e9cologiques \u00bb d\u00e9pendent toujours des combustibles fossiles et ne se biod\u00e9gradent pas. En revanche,   <\/span><b>sacs en jute et en coton<\/b><span style=\"font-weight: 400;\">  combinent le caract\u00e8re renouvelable, l&rsquo;utilisation \u00e0 long terme et une fin de vie \u00e0 faible impact. Le coton, en particulier lorsqu&rsquo;il est cultiv\u00e9 de mani\u00e8re biologique, contribue \u00e0 la sant\u00e9 des sols et r\u00e9duit le ruissellement des pesticides. La culture du jute peut m\u00eame am\u00e9liorer la qualit\u00e9 des sols et sert de culture de rotation, r\u00e9duisant ainsi le besoin d&rsquo;engrais chimiques.  <\/span><\/p>\n<p><b>Comparaison rapide :<\/b><\/p>\n<ul>\n<li style=\"font-weight: 400;\" aria-level=\"1\"><b>Sacs en plastique :<\/b><span style=\"font-weight: 400;\"> Empreinte carbone \u00e9lev\u00e9e, d\u00e9chets persistants, pollution microplastique.<\/span><\/li>\n<li style=\"font-weight: 400;\" aria-level=\"1\"><b>Sacs synth\u00e9tiques r\u00e9utilisables :<\/b><span style=\"font-weight: 400;\"> Durables, mais non biod\u00e9gradables ; utilisation de combustibles fossiles.<\/span><\/li>\n<li style=\"font-weight: 400;\" aria-level=\"1\"><b>Sacs en jute et en coton :<\/b><span style=\"font-weight: 400;\"> Naturels, \u00e0 faible impact, compostables, r\u00e9utilisables pendant des ann\u00e9es.<\/span><\/li>\n<\/ul>\n<h2><span style=\"font-weight: 400;\">Impact dans le monde r\u00e9el &#8211; Chaque sac compte<\/span><\/h2>\n<p><span style=\"font-weight: 400;\">En choisissant un sac en jute ou en coton, vous ne faites pas qu&rsquo;un geste ponctuel, vous d\u00e9clenchez une r\u00e9action en cha\u00eene. Un sac r\u00e9utilisable moyen remplace 100 \u00e0 200 sacs \u00e0 usage unique par an. Si une communaut\u00e9 de 1 000 personnes adopte le sac r\u00e9utilisable, cela repr\u00e9sente jusqu&rsquo;\u00e0 200 000 sacs en plastique \u00e9pargn\u00e9s chaque ann\u00e9e par les d\u00e9charges et les cours d&rsquo;eau.  <\/span><\/p>\n<p><span style=\"font-weight: 400;\">Des marques, des \u00e9coles, des associations caritatives et des entreprises ont adopt\u00e9 des sacs en fibres naturelles. <\/span><b>des sacs en fibres naturelles<\/b><span style=\"font-weight: 400;\">  comme un moyen de r\u00e9duire les co\u00fbts et les d\u00e9chets, et de donner un exemple positif \u00e0 leurs r\u00e9seaux. Votre engagement personnel ou organisationnel fait une diff\u00e9rence mesurable. <\/span><\/p>\n<h2><span style=\"font-weight: 400;\">Faites un pas de plus pour la plan\u00e8te<\/span><\/h2>\n<p><b>Choisir le jute ou le coton<\/b><span style=\"font-weight: 400;\">  est bien plus qu&rsquo;un accessoire de shopping : c&rsquo;est un pas concret vers un avenir plus propre et plus vert. De la production \u00e0 l \u00ab \u00e9limination, ces sacs pr\u00e9servent les ressources, r\u00e9duisent les d\u00e9chets et contribuent \u00e0 r\u00e9tablir l \u00bb \u00e9quilibre naturel de notre environnement. <\/span><\/p>\n<h3>Continuez \u00e0 vous informer sur le d\u00e9veloppement durable<\/h3>\n<ul>\n<li style=\"font-weight: 400;\" aria-level=\"1\"><a href=\"https:\/\/gojuteinternational.com\/fr\/sustainable-manufacturing-sourcing-for-jute-cotton-bags\/\">Fabrication et approvisionnement durables <\/a><span style=\"font-weight: 400;\"><br \/><\/span><span style=\"font-weight: 400;\"> D\u00e9couvrez ce qui est n\u00e9cessaire \u00e0 la production d&rsquo;un sac v\u00e9ritablement \u00e9cologique, du champ au produit fini.<\/span><\/li>\n<li style=\"font-weight: 400;\" aria-level=\"1\"><a href=\"https:\/\/gojuteinternational.com\/fr\/how-to-make-your-jute-cotton-bags-last-longer\/\">Maximiser la r\u00e9utilisation et la long\u00e9vit\u00e9 <\/a><span style=\"font-weight: 400;\"><br \/><\/span><span style=\"font-weight: 400;\"> Tirez le meilleur parti de vos sacs gr\u00e2ce \u00e0 des strat\u00e9gies d&rsquo;entretien et de r\u00e9paration intelligentes.<\/span><\/li>\n<li style=\"font-weight: 400;\" aria-level=\"1\"><a href=\"https:\/\/gojuteinternational.com\/fr\/how-to-dispose-recycle-jute-cotton-bags-responsibly\/\">\u00c9limination et recyclage responsables <\/a><span style=\"font-weight: 400;\"><br \/><\/span><span style=\"font-weight: 400;\"> D\u00e9couvrez les meilleures fa\u00e7ons de composter, de recycler ou de valoriser vos vieux sacs pour une finition z\u00e9ro d\u00e9chet.<\/span><\/li>\n<\/ul>\n<h2><span style=\"font-weight: 400;\">Vous avez des questions sur les sacs \u00e9cologiques ?<\/span><\/h2>\n<p><span style=\"font-weight: 400;\">Pour des conseils personnalis\u00e9s, des options de produits, ou plus d&rsquo;informations sur l&rsquo;approvisionnement,<\/span><span style=\"font-weight: 400;\"><br \/><\/span><a href=\"https:\/\/gojuteinternational.com\/fr\/nous-contacter\/\"> <b>contactez-nous<\/b><\/a><\/p>\n\t\t\t\t\t\t<\/div>\n\t\t\t\t<\/div>\n\t\t\t\t\t<\/div>\n\t\t<\/div>\n\t\t\t\t\t\t\t<\/div>\n\t\t<\/section>\n\t\t\t\t\t\t\t<\/div>\n\t\t","protected":false},"excerpt":{"rendered":"<p>Avantages environnementaux des sacs en jute et en coton Le passage aux sacs en jute et en coton est l&rsquo;un des moyens les plus pratiques et les plus visibles de soutenir un monde plus durable. Ces sacs en fibres naturelles ne sont pas seulement \u00e9l\u00e9gants et polyvalents : ils offrent de v\u00e9ritables avantages environnementaux \u00e0 [&hellip;]<\/p>\n","protected":false},"author":6996,"featured_media":0,"parent":0,"menu_order":0,"comment_status":"closed","ping_status":"closed","template":"elementor_header_footer","meta":{"content-type":"","_monsterinsights_skip_tracking":false,"_monsterinsights_sitenote_active":false,"_monsterinsights_sitenote_note":"","_monsterinsights_sitenote_category":0,"footnotes":""},"class_list":["post-88810","page","type-page","status-publish","hentry"],"yoast_head":"<!-- This site is optimized with the Yoast SEO plugin v21.7 - https:\/\/yoast.com\/wordpress\/plugins\/seo\/ -->\n<title>Avantages environnementaux des sacs en jute et en coton<\/title>\n<meta name=\"description\" content=\"D\u00e9couvrez comment les sacs en jute et en coton contribuent \u00e0 la protection de l&#039;environnement. Apprenez-en plus sur la biod\u00e9gradabilit\u00e9, les \u00e9conomies de carbone et les raisons pour lesquelles les sacs en fibres naturelles sont meilleurs pour notre plan\u00e8te.\" \/>\n<meta name=\"robots\" content=\"index, follow, max-snippet:-1, max-image-preview:large, max-video-preview:-1\" \/>\n<link rel=\"canonical\" href=\"https:\/\/gojuteinternational.com\/fr\/environmental-benefits-of-jute-cotton-bags\/\" \/>\n<meta property=\"og:locale\" content=\"fr_FR\" \/>\n<meta property=\"og:type\" content=\"article\" \/>\n<meta property=\"og:title\" content=\"Avantages environnementaux des sacs en jute et en coton\" \/>\n<meta property=\"og:description\" content=\"D\u00e9couvrez comment les sacs en jute et en coton contribuent \u00e0 la protection de l&#039;environnement. Apprenez-en plus sur la biod\u00e9gradabilit\u00e9, les \u00e9conomies de carbone et les raisons pour lesquelles les sacs en fibres naturelles sont meilleurs pour notre plan\u00e8te.\" \/>\n<meta property=\"og:url\" content=\"https:\/\/gojuteinternational.com\/fr\/environmental-benefits-of-jute-cotton-bags\/\" \/>\n<meta property=\"og:site_name\" content=\"GoJute International\" \/>\n<meta property=\"article:publisher\" content=\"https:\/\/www.facebook.com\/gojute\" \/>\n<meta property=\"article:modified_time\" content=\"2025-06-05T12:55:31+00:00\" \/>\n<meta name=\"twitter:card\" content=\"summary_large_image\" \/>\n<meta name=\"twitter:label1\" content=\"Dur\u00e9e de lecture estim\u00e9e\" \/>\n\t<meta name=\"twitter:data1\" content=\"5 minutes\" \/>\n<script type=\"application\/ld+json\" class=\"yoast-schema-graph\">{\"@context\":\"https:\/\/schema.org\",\"@graph\":[{\"@type\":\"WebPage\",\"@id\":\"https:\/\/gojuteinternational.com\/fr\/environmental-benefits-of-jute-cotton-bags\/\",\"url\":\"https:\/\/gojuteinternational.com\/fr\/environmental-benefits-of-jute-cotton-bags\/\",\"name\":\"Avantages environnementaux des sacs en jute et en coton\",\"isPartOf\":{\"@id\":\"https:\/\/gojuteinternational.com\/fr\/#website\"},\"datePublished\":\"2025-06-03T11:18:41+00:00\",\"dateModified\":\"2025-06-05T12:55:31+00:00\",\"description\":\"D\u00e9couvrez comment les sacs en jute et en coton contribuent \u00e0 la protection de l'environnement. Apprenez-en plus sur la biod\u00e9gradabilit\u00e9, les \u00e9conomies de carbone et les raisons pour lesquelles les sacs en fibres naturelles sont meilleurs pour notre plan\u00e8te.\",\"breadcrumb\":{\"@id\":\"https:\/\/gojuteinternational.com\/fr\/environmental-benefits-of-jute-cotton-bags\/#breadcrumb\"},\"inLanguage\":\"fr-FR\",\"potentialAction\":[{\"@type\":\"ReadAction\",\"target\":[\"https:\/\/gojuteinternational.com\/fr\/environmental-benefits-of-jute-cotton-bags\/\"]}]},{\"@type\":\"BreadcrumbList\",\"@id\":\"https:\/\/gojuteinternational.com\/fr\/environmental-benefits-of-jute-cotton-bags\/#breadcrumb\",\"itemListElement\":[{\"@type\":\"ListItem\",\"position\":1,\"name\":\"Home\",\"item\":\"https:\/\/gojuteinternational.com\/fr\/\"},{\"@type\":\"ListItem\",\"position\":2,\"name\":\"Avantages environnementaux des sacs en jute et en coton\"}]},{\"@type\":\"WebSite\",\"@id\":\"https:\/\/gojuteinternational.com\/fr\/#website\",\"url\":\"https:\/\/gojuteinternational.com\/fr\/\",\"name\":\"GoJute International\",\"description\":\"Printed bags for business\",\"publisher\":{\"@id\":\"https:\/\/gojuteinternational.com\/fr\/#organization\"},\"alternateName\":\"GoJute\",\"potentialAction\":[{\"@type\":\"SearchAction\",\"target\":{\"@type\":\"EntryPoint\",\"urlTemplate\":\"https:\/\/gojuteinternational.com\/fr\/?s={search_term_string}\"},\"query-input\":\"required name=search_term_string\"}],\"inLanguage\":\"fr-FR\"},{\"@type\":\"Organization\",\"@id\":\"https:\/\/gojuteinternational.com\/fr\/#organization\",\"name\":\"GoJute International\",\"alternateName\":\"GoJute\",\"url\":\"https:\/\/gojuteinternational.com\/fr\/\",\"logo\":{\"@type\":\"ImageObject\",\"inLanguage\":\"fr-FR\",\"@id\":\"https:\/\/gojuteinternational.com\/fr\/#\/schema\/logo\/image\/\",\"url\":\"https:\/\/gojuteinternational.com\/wp-content\/uploads\/2022\/06\/GoJute-Logo-RGB.png\",\"contentUrl\":\"https:\/\/gojuteinternational.com\/wp-content\/uploads\/2022\/06\/GoJute-Logo-RGB.png\",\"width\":2000,\"height\":1809,\"caption\":\"GoJute International\"},\"image\":{\"@id\":\"https:\/\/gojuteinternational.com\/fr\/#\/schema\/logo\/image\/\"},\"sameAs\":[\"https:\/\/www.facebook.com\/gojute\",\"https:\/\/www.instagram.com\/gojute\/\"]}]}<\/script>\n<!-- \/ Yoast SEO plugin. -->","yoast_head_json":{"title":"Avantages environnementaux des sacs en jute et en coton","description":"D\u00e9couvrez comment les sacs en jute et en coton contribuent \u00e0 la protection de l'environnement. Apprenez-en plus sur la biod\u00e9gradabilit\u00e9, les \u00e9conomies de carbone et les raisons pour lesquelles les sacs en fibres naturelles sont meilleurs pour notre plan\u00e8te.","robots":{"index":"index","follow":"follow","max-snippet":"max-snippet:-1","max-image-preview":"max-image-preview:large","max-video-preview":"max-video-preview:-1"},"canonical":"https:\/\/gojuteinternational.com\/fr\/environmental-benefits-of-jute-cotton-bags\/","og_locale":"fr_FR","og_type":"article","og_title":"Avantages environnementaux des sacs en jute et en coton","og_description":"D\u00e9couvrez comment les sacs en jute et en coton contribuent \u00e0 la protection de l'environnement. Apprenez-en plus sur la biod\u00e9gradabilit\u00e9, les \u00e9conomies de carbone et les raisons pour lesquelles les sacs en fibres naturelles sont meilleurs pour notre plan\u00e8te.","og_url":"https:\/\/gojuteinternational.com\/fr\/environmental-benefits-of-jute-cotton-bags\/","og_site_name":"GoJute International","article_publisher":"https:\/\/www.facebook.com\/gojute","article_modified_time":"2025-06-05T12:55:31+00:00","twitter_card":"summary_large_image","twitter_misc":{"Dur\u00e9e de lecture estim\u00e9e":"5 minutes"},"schema":{"@context":"https:\/\/schema.org","@graph":[{"@type":"WebPage","@id":"https:\/\/gojuteinternational.com\/fr\/environmental-benefits-of-jute-cotton-bags\/","url":"https:\/\/gojuteinternational.com\/fr\/environmental-benefits-of-jute-cotton-bags\/","name":"Avantages environnementaux des sacs en jute et en coton","isPartOf":{"@id":"https:\/\/gojuteinternational.com\/fr\/#website"},"datePublished":"2025-06-03T11:18:41+00:00","dateModified":"2025-06-05T12:55:31+00:00","description":"D\u00e9couvrez comment les sacs en jute et en coton contribuent \u00e0 la protection de l'environnement. Apprenez-en plus sur la biod\u00e9gradabilit\u00e9, les \u00e9conomies de carbone et les raisons pour lesquelles les sacs en fibres naturelles sont meilleurs pour notre plan\u00e8te.","breadcrumb":{"@id":"https:\/\/gojuteinternational.com\/fr\/environmental-benefits-of-jute-cotton-bags\/#breadcrumb"},"inLanguage":"fr-FR","potentialAction":[{"@type":"ReadAction","target":["https:\/\/gojuteinternational.com\/fr\/environmental-benefits-of-jute-cotton-bags\/"]}]},{"@type":"BreadcrumbList","@id":"https:\/\/gojuteinternational.com\/fr\/environmental-benefits-of-jute-cotton-bags\/#breadcrumb","itemListElement":[{"@type":"ListItem","position":1,"name":"Home","item":"https:\/\/gojuteinternational.com\/fr\/"},{"@type":"ListItem","position":2,"name":"Avantages environnementaux des sacs en jute et en coton"}]},{"@type":"WebSite","@id":"https:\/\/gojuteinternational.com\/fr\/#website","url":"https:\/\/gojuteinternational.com\/fr\/","name":"GoJute International","description":"Printed bags for business","publisher":{"@id":"https:\/\/gojuteinternational.com\/fr\/#organization"},"alternateName":"GoJute","potentialAction":[{"@type":"SearchAction","target":{"@type":"EntryPoint","urlTemplate":"https:\/\/gojuteinternational.com\/fr\/?s={search_term_string}"},"query-input":"required name=search_term_string"}],"inLanguage":"fr-FR"},{"@type":"Organization","@id":"https:\/\/gojuteinternational.com\/fr\/#organization","name":"GoJute International","alternateName":"GoJute","url":"https:\/\/gojuteinternational.com\/fr\/","logo":{"@type":"ImageObject","inLanguage":"fr-FR","@id":"https:\/\/gojuteinternational.com\/fr\/#\/schema\/logo\/image\/","url":"https:\/\/gojuteinternational.com\/wp-content\/uploads\/2022\/06\/GoJute-Logo-RGB.png","contentUrl":"https:\/\/gojuteinternational.com\/wp-content\/uploads\/2022\/06\/GoJute-Logo-RGB.png","width":2000,"height":1809,"caption":"GoJute International"},"image":{"@id":"https:\/\/gojuteinternational.com\/fr\/#\/schema\/logo\/image\/"},"sameAs":["https:\/\/www.facebook.com\/gojute","https:\/\/www.instagram.com\/gojute\/"]}]}},"_links":{"self":[{"href":"https:\/\/gojuteinternational.com\/fr\/wp-json\/wp\/v2\/pages\/88810","targetHints":{"allow":["GET"]}}],"collection":[{"href":"https:\/\/gojuteinternational.com\/fr\/wp-json\/wp\/v2\/pages"}],"about":[{"href":"https:\/\/gojuteinternational.com\/fr\/wp-json\/wp\/v2\/types\/page"}],"author":[{"embeddable":true,"href":"https:\/\/gojuteinternational.com\/fr\/wp-json\/wp\/v2\/users\/6996"}],"replies":[{"embeddable":true,"href":"https:\/\/gojuteinternational.com\/fr\/wp-json\/wp\/v2\/comments?post=88810"}],"version-history":[{"count":4,"href":"https:\/\/gojuteinternational.com\/fr\/wp-json\/wp\/v2\/pages\/88810\/revisions"}],"predecessor-version":[{"id":88927,"href":"https:\/\/gojuteinternational.com\/fr\/wp-json\/wp\/v2\/pages\/88810\/revisions\/88927"}],"wp:attachment":[{"href":"https:\/\/gojuteinternational.com\/fr\/wp-json\/wp\/v2\/media?parent=88810"}],"curies":[{"name":"wp","href":"https:\/\/api.w.org\/{rel}","templated":true}]}}