{"id":88823,"date":"2025-06-03T13:22:46","date_gmt":"2025-06-03T12:22:46","guid":{"rendered":"https:\/\/gojuteinternational.com\/how-to-dispose-recycle-jute-cotton-bags-responsibly\/"},"modified":"2025-06-05T14:12:45","modified_gmt":"2025-06-05T13:12:45","slug":"how-to-dispose-recycle-jute-cotton-bags-responsibly","status":"publish","type":"page","link":"https:\/\/gojuteinternational.com\/fr\/how-to-dispose-recycle-jute-cotton-bags-responsibly\/","title":{"rendered":"Comment \u00e9liminer et recycler les sacs en jute et en coton de mani\u00e8re responsable ?"},"content":{"rendered":"\t\t<div data-elementor-type=\"wp-page\" data-elementor-id=\"88823\" class=\"elementor elementor-88823 elementor-88820\" data-elementor-post-type=\"page\">\n\t\t\t\t\t\t\t\t\t<section class=\"elementor-section elementor-top-section elementor-element elementor-element-773f29b elementor-section-boxed elementor-section-height-default elementor-section-height-default\" data-id=\"773f29b\" data-element_type=\"section\">\n\t\t\t\t\t\t<div class=\"elementor-container elementor-column-gap-default\">\n\t\t\t\t\t<div class=\"elementor-column elementor-col-100 elementor-top-column elementor-element elementor-element-80d72f4\" data-id=\"80d72f4\" data-element_type=\"column\">\n\t\t\t<div class=\"elementor-widget-wrap elementor-element-populated\">\n\t\t\t\t\t\t\t\t<div class=\"elementor-element elementor-element-aa83141 elementor-widget elementor-widget-spacer\" data-id=\"aa83141\" data-element_type=\"widget\" data-widget_type=\"spacer.default\">\n\t\t\t\t<div class=\"elementor-widget-container\">\n\t\t\t<style>\/*! elementor - v3.18.0 - 20-12-2023 *\/\n.elementor-column .elementor-spacer-inner{height:var(--spacer-size)}.e-con{--container-widget-width:100%}.e-con-inner>.elementor-widget-spacer,.e-con>.elementor-widget-spacer{width:var(--container-widget-width,var(--spacer-size));--align-self:var(--container-widget-align-self,initial);--flex-shrink:0}.e-con-inner>.elementor-widget-spacer>.elementor-widget-container,.e-con>.elementor-widget-spacer>.elementor-widget-container{height:100%;width:100%}.e-con-inner>.elementor-widget-spacer>.elementor-widget-container>.elementor-spacer,.e-con>.elementor-widget-spacer>.elementor-widget-container>.elementor-spacer{height:100%}.e-con-inner>.elementor-widget-spacer>.elementor-widget-container>.elementor-spacer>.elementor-spacer-inner,.e-con>.elementor-widget-spacer>.elementor-widget-container>.elementor-spacer>.elementor-spacer-inner{height:var(--container-widget-height,var(--spacer-size))}.e-con-inner>.elementor-widget-spacer.elementor-widget-empty,.e-con>.elementor-widget-spacer.elementor-widget-empty{position:relative;min-height:22px;min-width:22px}.e-con-inner>.elementor-widget-spacer.elementor-widget-empty .elementor-widget-empty-icon,.e-con>.elementor-widget-spacer.elementor-widget-empty .elementor-widget-empty-icon{position:absolute;top:0;bottom:0;left:0;right:0;margin:auto;padding:0;width:22px;height:22px}<\/style>\t\t<div class=\"elementor-spacer\">\n\t\t\t<div class=\"elementor-spacer-inner\"><\/div>\n\t\t<\/div>\n\t\t\t\t<\/div>\n\t\t\t\t<\/div>\n\t\t\t\t\t<\/div>\n\t\t<\/div>\n\t\t\t\t\t\t\t<\/div>\n\t\t<\/section>\n\t\t\t\t<section class=\"elementor-section elementor-top-section elementor-element elementor-element-7882b6c elementor-section-boxed elementor-section-height-default elementor-section-height-default\" data-id=\"7882b6c\" data-element_type=\"section\">\n\t\t\t\t\t\t<div class=\"elementor-container elementor-column-gap-default\">\n\t\t\t\t\t<div class=\"elementor-column elementor-col-100 elementor-top-column elementor-element elementor-element-9edab8a\" data-id=\"9edab8a\" data-element_type=\"column\">\n\t\t\t<div class=\"elementor-widget-wrap elementor-element-populated\">\n\t\t\t\t\t\t\t\t<div class=\"elementor-element elementor-element-a0d95f6 elementor-widget elementor-widget-heading\" data-id=\"a0d95f6\" data-element_type=\"widget\" data-widget_type=\"heading.default\">\n\t\t\t\t<div class=\"elementor-widget-container\">\n\t\t\t<style>\/*! elementor - v3.18.0 - 20-12-2023 *\/\n.elementor-heading-title{padding:0;margin:0;line-height:1}.elementor-widget-heading .elementor-heading-title[class*=elementor-size-]>a{color:inherit;font-size:inherit;line-height:inherit}.elementor-widget-heading .elementor-heading-title.elementor-size-small{font-size:15px}.elementor-widget-heading .elementor-heading-title.elementor-size-medium{font-size:19px}.elementor-widget-heading .elementor-heading-title.elementor-size-large{font-size:29px}.elementor-widget-heading .elementor-heading-title.elementor-size-xl{font-size:39px}.elementor-widget-heading .elementor-heading-title.elementor-size-xxl{font-size:59px}<\/style><h1 class=\"elementor-heading-title elementor-size-default\">Comment \u00e9liminer et recycler les sacs en jute et en coton de mani\u00e8re responsable ?\n<\/h1>\t\t<\/div>\n\t\t\t\t<\/div>\n\t\t\t\t<div class=\"elementor-element elementor-element-adf266a elementor-widget elementor-widget-text-editor\" data-id=\"adf266a\" data-element_type=\"widget\" data-widget_type=\"text-editor.default\">\n\t\t\t\t<div class=\"elementor-widget-container\">\n\t\t\t<style>\/*! elementor - v3.18.0 - 20-12-2023 *\/\n.elementor-widget-text-editor.elementor-drop-cap-view-stacked .elementor-drop-cap{background-color:#69727d;color:#fff}.elementor-widget-text-editor.elementor-drop-cap-view-framed .elementor-drop-cap{color:#69727d;border:3px solid;background-color:transparent}.elementor-widget-text-editor:not(.elementor-drop-cap-view-default) .elementor-drop-cap{margin-top:8px}.elementor-widget-text-editor:not(.elementor-drop-cap-view-default) .elementor-drop-cap-letter{width:1em;height:1em}.elementor-widget-text-editor .elementor-drop-cap{float:left;text-align:center;line-height:1;font-size:50px}.elementor-widget-text-editor .elementor-drop-cap-letter{display:inline-block}<\/style>\t\t\t\t<p><span style=\"font-weight: 400;\">M\u00eame les sacs les mieux faits arrivent \u00e0 la fin de leur vie utile. Lorsque votre sac de jute ou de coton pr\u00e9f\u00e9r\u00e9 est enfin us\u00e9, ce que vous faites ensuite peut faire une grande diff\u00e9rence pour l&rsquo;environnement. En optant pour l&rsquo;\u00e9limination responsable, le recyclage ou l&rsquo;upcycling, vous conservez des mat\u00e9riaux pr\u00e9cieux en usage et vous ne les mettez pas en d\u00e9charge, bouclant ainsi la boucle d&rsquo;un mode de vie durable.  <\/span><\/p>\n<h2><span style=\"font-weight: 400;\">Compostage des sacs en jute et en coton<\/span><\/h2>\n<p><span style=\"font-weight: 400;\">L&rsquo;un des principaux avantages environnementaux des sacs en fibres naturelles est leur capacit\u00e9 \u00e0 retourner \u00e0 la terre en toute s\u00e9curit\u00e9. Le jute et le coton non enduit sont tous deux enti\u00e8rement recyclables.   <\/span><b>biod\u00e9gradable<\/b><span style=\"font-weight: 400;\"> et peuvent \u00eatre compost\u00e9s \u00e0 la maison ou dans des installations industrielles.<\/span><\/p>\n<ul>\n<li style=\"font-weight: 400;\" aria-level=\"1\"><b>Compostage domestique :<\/b><span style=\"font-weight: 400;\"> Coupez le sac en petits morceaux pour acc\u00e9l\u00e9rer la d\u00e9composition et m\u00e9langez-les \u00e0 vos d\u00e9chets verts habituels.<\/span><\/li>\n<li style=\"font-weight: 400;\" aria-level=\"1\"><b>Compostage municipal :<\/b><span style=\"font-weight: 400;\"> De nombreuses installations locales acceptent d\u00e9sormais les textiles propres et naturels &#8211; v\u00e9rifiez toujours les r\u00e8gles en vigueur dans votre r\u00e9gion.<\/span><\/li>\n<li style=\"font-weight: 400;\" aria-level=\"1\"><b>Enlevez les extras :<\/b><span style=\"font-weight: 400;\"> Enlevez les doublures en plastique, les fermetures \u00e9clair et les \u00e9tiquettes synth\u00e9tiques avant le compostage pour \u00e9viter toute contamination.<\/span><\/li>\n<\/ul>\n<p><span style=\"font-weight: 400;\">En se d\u00e9composant, le sac lib\u00e8re des nutriments et am\u00e9liore la sant\u00e9 du sol sans laisser de traces de pollution microplastique.<\/span><\/p>\n<h2><span style=\"font-weight: 400;\">Options de recyclage des textiles<\/span><\/h2>\n<p><span style=\"font-weight: 400;\">Si le compostage n&rsquo;est pas possible, la plupart des villes proposent des services de <\/span><b>recyclage des textiles<\/b><span style=\"font-weight: 400;\"> textile.<\/span><\/p>\n<ul>\n<li style=\"font-weight: 400;\" aria-level=\"1\"><span style=\"font-weight: 400;\">D\u00e9posez les sacs de jute et de coton propres et secs dans les bacs de recyclage des textiles ou dans les points de d\u00e9p\u00f4t.<\/span><\/li>\n<li style=\"font-weight: 400;\" aria-level=\"1\"><span style=\"font-weight: 400;\">V\u00e9rifiez si votre municipalit\u00e9 ou votre centre de recyclage accepte les textiles en vue de leur r\u00e9utilisation ou de la r\u00e9cup\u00e9ration des mat\u00e9riaux.<\/span><\/li>\n<\/ul>\n<p><span style=\"font-weight: 400;\">Ces installations peuvent transformer les vieux sacs en chiffons industriels, en isolants ou m\u00eame en nouveaux produits, prolongeant ainsi la dur\u00e9e de vie des fibres naturelles et soutenant l&rsquo;\u00e9conomie circulaire.<\/span><\/p>\n<h2><span style=\"font-weight: 400;\">Recyclage et r\u00e9utilisation cr\u00e9ative<\/span><\/h2>\n<p><span style=\"font-weight: 400;\">Avant de vous d\u00e9barrasser d&rsquo;un sac, demandez-vous s&rsquo;il peut avoir une nouvelle utilit\u00e9 :<\/span><\/p>\n<ul>\n<li style=\"font-weight: 400;\" aria-level=\"1\"><b>Rangement et organisation :<\/b><span style=\"font-weight: 400;\"> R\u00e9utilisez-le pour ranger les chaussures, les jouets ou les produits du garde-manger.<\/span><\/li>\n<li style=\"font-weight: 400;\" aria-level=\"1\"><b>Projets d&rsquo;artisanat :<\/b><span style=\"font-weight: 400;\"> Transformez le tissu en housses de coussin, en banderoles ou en porte-plantes.<\/span><\/li>\n<li style=\"font-weight: 400;\" aria-level=\"1\"><b>Emballage cadeau :<\/b><span style=\"font-weight: 400;\"> Utilisez des parties du sac comme emballage r\u00e9utilisable et sans d\u00e9chets pour vos cadeaux.<\/span><\/li>\n<\/ul>\n<p><span style=\"font-weight: 400;\">Le recyclage est un moyen amusant de prolonger la dur\u00e9e de vie du sac, de r\u00e9duire les d\u00e9chets et d&rsquo;inspirer la cr\u00e9ativit\u00e9 \u00e0 la maison ou au travail.<\/span><\/p>\n<h2><span style=\"font-weight: 400;\">Dons et actions communautaires<\/span><\/h2>\n<p><span style=\"font-weight: 400;\">Si votre sac est encore en bon \u00e9tat mais que vous n&rsquo;en avez plus besoin, le don est une excellente option :<\/span><\/p>\n<ul>\n<li style=\"font-weight: 400;\" aria-level=\"1\"><span style=\"font-weight: 400;\">Faites-en don \u00e0 des associations caritatives locales, \u00e0 des refuges ou \u00e0 des \u00e9coles, o\u00f9 des sacs solides sont toujours appr\u00e9ci\u00e9s.<\/span><\/li>\n<li style=\"font-weight: 400;\" aria-level=\"1\"><span style=\"font-weight: 400;\">Recherchez les \u00e9v\u00e9nements communautaires de r\u00e9paration ou d&rsquo;\u00e9change o\u00f9 les sacs peuvent trouver un nouveau foyer ou \u00eatre r\u00e9par\u00e9s en vue d&rsquo;une utilisation ult\u00e9rieure.<\/span><\/li>\n<\/ul>\n<p><span style=\"font-weight: 400;\">Le fait de conserver les sacs le plus longtemps possible permet de maximiser les avantages pour l&rsquo;environnement et de r\u00e9duire les besoins en nouvelles ressources.<\/span><\/p>\n<h2><span style=\"font-weight: 400;\">Choisir le z\u00e9ro d\u00e9chet d\u00e8s le d\u00e9part<\/span><\/h2>\n<p><span style=\"font-weight: 400;\">Lorsque vous achetez de nouveaux sacs, recherchez des options avec un minimum de caract\u00e9ristiques synth\u00e9tiques, telles que des poign\u00e9es enti\u00e8rement naturelles et aucun rev\u00eatement en plastique, afin qu&rsquo;ils soient plus faciles \u00e0 composter ou \u00e0 recycler \u00e0 l&rsquo;avenir.<\/span><\/p>\n<h3><b>Poursuivez votre voyage \u00e9co-responsable<\/b><\/h3>\n<ul>\n<li style=\"font-weight: 400;\" aria-level=\"1\"><a href=\"https:\/\/gojuteinternational.com\/fr\/how-to-make-your-jute-cotton-bags-last-longer\/\">Maximiser la r\u00e9utilisation et la long\u00e9vit\u00e9<\/a><span style=\"font-weight: 400;\"><br \/><\/span><span style=\"font-weight: 400;\"> D\u00e9couvrez des conseils pour tirer le meilleur parti de chaque sac.<\/span><\/li>\n<li style=\"font-weight: 400;\" aria-level=\"1\"><a href=\"https:\/\/gojuteinternational.com\/fr\/sustainable-gift-ideas\/\">Id\u00e9es de cadeaux et de paniers \u00e0 langer durables <\/a><span style=\"font-weight: 400;\"><br \/><\/span><span style=\"font-weight: 400;\"> Apprenez des fa\u00e7ons cr\u00e9atives de recycler ou de r\u00e9utiliser des sacs usag\u00e9s.<\/span><\/li>\n<li style=\"font-weight: 400;\" aria-level=\"1\"><a href=\"https:\/\/gojuteinternational.com\/fr\/b2b-sustainability-faqs\/\">FAQ et mythes sur le d\u00e9veloppement durable <\/a><span style=\"font-weight: 400;\"><br \/><\/span><span style=\"font-weight: 400;\"> Obtenez des r\u00e9ponses claires \u00e0 toutes vos questions sur la fin de vie et le recyclage.<\/span><\/li>\n<\/ul>\n<h2>Besoin de plus d&rsquo;informations sur l&rsquo;\u00e9limination des \u00e9co-sacs ?<\/h2>\n<p><span style=\"font-weight: 400;\">Pour obtenir des conseils d\u00e9taill\u00e9s ou vous renseigner sur les possibilit\u00e9s de recyclage au niveau local,<\/span><span style=\"font-weight: 400;\"><br \/><\/span><a href=\"https:\/\/gojuteinternational.com\/fr\/nous-contacter\/\"> <b>contactez-nous<\/b><\/a><\/p>\n\t\t\t\t\t\t<\/div>\n\t\t\t\t<\/div>\n\t\t\t\t\t<\/div>\n\t\t<\/div>\n\t\t\t\t\t\t\t<\/div>\n\t\t<\/section>\n\t\t\t\t\t\t\t<\/div>\n\t\t","protected":false},"excerpt":{"rendered":"<p>Comment \u00e9liminer et recycler les sacs en jute et en coton de mani\u00e8re responsable ? M\u00eame les sacs les mieux faits arrivent \u00e0 la fin de leur vie utile. Lorsque votre sac de jute ou de coton pr\u00e9f\u00e9r\u00e9 est enfin us\u00e9, ce que vous faites ensuite peut faire une grande diff\u00e9rence pour l&rsquo;environnement. En optant [&hellip;]<\/p>\n","protected":false},"author":6996,"featured_media":0,"parent":0,"menu_order":0,"comment_status":"closed","ping_status":"closed","template":"elementor_header_footer","meta":{"content-type":"","_monsterinsights_skip_tracking":false,"_monsterinsights_sitenote_active":false,"_monsterinsights_sitenote_note":"","_monsterinsights_sitenote_category":0,"footnotes":""},"class_list":["post-88823","page","type-page","status-publish","hentry"],"yoast_head":"<!-- This site is optimized with the Yoast SEO plugin v21.7 - https:\/\/yoast.com\/wordpress\/plugins\/seo\/ -->\n<title>Comment \u00e9liminer et recycler les sacs en jute et en coton de mani\u00e8re responsable ?<\/title>\n<meta name=\"description\" content=\"Apprenez les meilleures fa\u00e7ons de recycler, de composter ou de revaloriser vos sacs en jute et en coton. D\u00e9couvrez des solutions z\u00e9ro d\u00e9chet en fin de vie pour un mode de vie vraiment durable.\" \/>\n<meta name=\"robots\" content=\"index, follow, max-snippet:-1, max-image-preview:large, max-video-preview:-1\" \/>\n<link rel=\"canonical\" href=\"https:\/\/gojuteinternational.com\/fr\/how-to-dispose-recycle-jute-cotton-bags-responsibly\/\" \/>\n<meta property=\"og:locale\" content=\"fr_FR\" \/>\n<meta property=\"og:type\" content=\"article\" \/>\n<meta property=\"og:title\" content=\"Comment \u00e9liminer et recycler les sacs en jute et en coton de mani\u00e8re responsable ?\" \/>\n<meta property=\"og:description\" content=\"Apprenez les meilleures fa\u00e7ons de recycler, de composter ou de revaloriser vos sacs en jute et en coton. D\u00e9couvrez des solutions z\u00e9ro d\u00e9chet en fin de vie pour un mode de vie vraiment durable.\" \/>\n<meta property=\"og:url\" content=\"https:\/\/gojuteinternational.com\/fr\/how-to-dispose-recycle-jute-cotton-bags-responsibly\/\" \/>\n<meta property=\"og:site_name\" content=\"GoJute International\" \/>\n<meta property=\"article:publisher\" content=\"https:\/\/www.facebook.com\/gojute\" \/>\n<meta property=\"article:modified_time\" content=\"2025-06-05T13:12:45+00:00\" \/>\n<meta name=\"twitter:card\" content=\"summary_large_image\" \/>\n<meta name=\"twitter:label1\" content=\"Dur\u00e9e de lecture estim\u00e9e\" \/>\n\t<meta name=\"twitter:data1\" content=\"4 minutes\" \/>\n<script type=\"application\/ld+json\" class=\"yoast-schema-graph\">{\"@context\":\"https:\/\/schema.org\",\"@graph\":[{\"@type\":\"WebPage\",\"@id\":\"https:\/\/gojuteinternational.com\/fr\/how-to-dispose-recycle-jute-cotton-bags-responsibly\/\",\"url\":\"https:\/\/gojuteinternational.com\/fr\/how-to-dispose-recycle-jute-cotton-bags-responsibly\/\",\"name\":\"Comment \u00e9liminer et recycler les sacs en jute et en coton de mani\u00e8re responsable ?\",\"isPartOf\":{\"@id\":\"https:\/\/gojuteinternational.com\/fr\/#website\"},\"datePublished\":\"2025-06-03T12:22:46+00:00\",\"dateModified\":\"2025-06-05T13:12:45+00:00\",\"description\":\"Apprenez les meilleures fa\u00e7ons de recycler, de composter ou de revaloriser vos sacs en jute et en coton. D\u00e9couvrez des solutions z\u00e9ro d\u00e9chet en fin de vie pour un mode de vie vraiment durable.\",\"breadcrumb\":{\"@id\":\"https:\/\/gojuteinternational.com\/fr\/how-to-dispose-recycle-jute-cotton-bags-responsibly\/#breadcrumb\"},\"inLanguage\":\"fr-FR\",\"potentialAction\":[{\"@type\":\"ReadAction\",\"target\":[\"https:\/\/gojuteinternational.com\/fr\/how-to-dispose-recycle-jute-cotton-bags-responsibly\/\"]}]},{\"@type\":\"BreadcrumbList\",\"@id\":\"https:\/\/gojuteinternational.com\/fr\/how-to-dispose-recycle-jute-cotton-bags-responsibly\/#breadcrumb\",\"itemListElement\":[{\"@type\":\"ListItem\",\"position\":1,\"name\":\"Home\",\"item\":\"https:\/\/gojuteinternational.com\/fr\/\"},{\"@type\":\"ListItem\",\"position\":2,\"name\":\"Comment \u00e9liminer et recycler les sacs en jute et en coton de mani\u00e8re responsable ?\"}]},{\"@type\":\"WebSite\",\"@id\":\"https:\/\/gojuteinternational.com\/fr\/#website\",\"url\":\"https:\/\/gojuteinternational.com\/fr\/\",\"name\":\"GoJute International\",\"description\":\"Printed bags for business\",\"publisher\":{\"@id\":\"https:\/\/gojuteinternational.com\/fr\/#organization\"},\"alternateName\":\"GoJute\",\"potentialAction\":[{\"@type\":\"SearchAction\",\"target\":{\"@type\":\"EntryPoint\",\"urlTemplate\":\"https:\/\/gojuteinternational.com\/fr\/?s={search_term_string}\"},\"query-input\":\"required name=search_term_string\"}],\"inLanguage\":\"fr-FR\"},{\"@type\":\"Organization\",\"@id\":\"https:\/\/gojuteinternational.com\/fr\/#organization\",\"name\":\"GoJute International\",\"alternateName\":\"GoJute\",\"url\":\"https:\/\/gojuteinternational.com\/fr\/\",\"logo\":{\"@type\":\"ImageObject\",\"inLanguage\":\"fr-FR\",\"@id\":\"https:\/\/gojuteinternational.com\/fr\/#\/schema\/logo\/image\/\",\"url\":\"https:\/\/gojuteinternational.com\/wp-content\/uploads\/2022\/06\/GoJute-Logo-RGB.png\",\"contentUrl\":\"https:\/\/gojuteinternational.com\/wp-content\/uploads\/2022\/06\/GoJute-Logo-RGB.png\",\"width\":2000,\"height\":1809,\"caption\":\"GoJute International\"},\"image\":{\"@id\":\"https:\/\/gojuteinternational.com\/fr\/#\/schema\/logo\/image\/\"},\"sameAs\":[\"https:\/\/www.facebook.com\/gojute\",\"https:\/\/www.instagram.com\/gojute\/\"]}]}<\/script>\n<!-- \/ Yoast SEO plugin. -->","yoast_head_json":{"title":"Comment \u00e9liminer et recycler les sacs en jute et en coton de mani\u00e8re responsable ?","description":"Apprenez les meilleures fa\u00e7ons de recycler, de composter ou de revaloriser vos sacs en jute et en coton. D\u00e9couvrez des solutions z\u00e9ro d\u00e9chet en fin de vie pour un mode de vie vraiment durable.","robots":{"index":"index","follow":"follow","max-snippet":"max-snippet:-1","max-image-preview":"max-image-preview:large","max-video-preview":"max-video-preview:-1"},"canonical":"https:\/\/gojuteinternational.com\/fr\/how-to-dispose-recycle-jute-cotton-bags-responsibly\/","og_locale":"fr_FR","og_type":"article","og_title":"Comment \u00e9liminer et recycler les sacs en jute et en coton de mani\u00e8re responsable ?","og_description":"Apprenez les meilleures fa\u00e7ons de recycler, de composter ou de revaloriser vos sacs en jute et en coton. D\u00e9couvrez des solutions z\u00e9ro d\u00e9chet en fin de vie pour un mode de vie vraiment durable.","og_url":"https:\/\/gojuteinternational.com\/fr\/how-to-dispose-recycle-jute-cotton-bags-responsibly\/","og_site_name":"GoJute International","article_publisher":"https:\/\/www.facebook.com\/gojute","article_modified_time":"2025-06-05T13:12:45+00:00","twitter_card":"summary_large_image","twitter_misc":{"Dur\u00e9e de lecture estim\u00e9e":"4 minutes"},"schema":{"@context":"https:\/\/schema.org","@graph":[{"@type":"WebPage","@id":"https:\/\/gojuteinternational.com\/fr\/how-to-dispose-recycle-jute-cotton-bags-responsibly\/","url":"https:\/\/gojuteinternational.com\/fr\/how-to-dispose-recycle-jute-cotton-bags-responsibly\/","name":"Comment \u00e9liminer et recycler les sacs en jute et en coton de mani\u00e8re responsable ?","isPartOf":{"@id":"https:\/\/gojuteinternational.com\/fr\/#website"},"datePublished":"2025-06-03T12:22:46+00:00","dateModified":"2025-06-05T13:12:45+00:00","description":"Apprenez les meilleures fa\u00e7ons de recycler, de composter ou de revaloriser vos sacs en jute et en coton. D\u00e9couvrez des solutions z\u00e9ro d\u00e9chet en fin de vie pour un mode de vie vraiment durable.","breadcrumb":{"@id":"https:\/\/gojuteinternational.com\/fr\/how-to-dispose-recycle-jute-cotton-bags-responsibly\/#breadcrumb"},"inLanguage":"fr-FR","potentialAction":[{"@type":"ReadAction","target":["https:\/\/gojuteinternational.com\/fr\/how-to-dispose-recycle-jute-cotton-bags-responsibly\/"]}]},{"@type":"BreadcrumbList","@id":"https:\/\/gojuteinternational.com\/fr\/how-to-dispose-recycle-jute-cotton-bags-responsibly\/#breadcrumb","itemListElement":[{"@type":"ListItem","position":1,"name":"Home","item":"https:\/\/gojuteinternational.com\/fr\/"},{"@type":"ListItem","position":2,"name":"Comment \u00e9liminer et recycler les sacs en jute et en coton de mani\u00e8re responsable ?"}]},{"@type":"WebSite","@id":"https:\/\/gojuteinternational.com\/fr\/#website","url":"https:\/\/gojuteinternational.com\/fr\/","name":"GoJute International","description":"Printed bags for business","publisher":{"@id":"https:\/\/gojuteinternational.com\/fr\/#organization"},"alternateName":"GoJute","potentialAction":[{"@type":"SearchAction","target":{"@type":"EntryPoint","urlTemplate":"https:\/\/gojuteinternational.com\/fr\/?s={search_term_string}"},"query-input":"required name=search_term_string"}],"inLanguage":"fr-FR"},{"@type":"Organization","@id":"https:\/\/gojuteinternational.com\/fr\/#organization","name":"GoJute International","alternateName":"GoJute","url":"https:\/\/gojuteinternational.com\/fr\/","logo":{"@type":"ImageObject","inLanguage":"fr-FR","@id":"https:\/\/gojuteinternational.com\/fr\/#\/schema\/logo\/image\/","url":"https:\/\/gojuteinternational.com\/wp-content\/uploads\/2022\/06\/GoJute-Logo-RGB.png","contentUrl":"https:\/\/gojuteinternational.com\/wp-content\/uploads\/2022\/06\/GoJute-Logo-RGB.png","width":2000,"height":1809,"caption":"GoJute International"},"image":{"@id":"https:\/\/gojuteinternational.com\/fr\/#\/schema\/logo\/image\/"},"sameAs":["https:\/\/www.facebook.com\/gojute","https:\/\/www.instagram.com\/gojute\/"]}]}},"_links":{"self":[{"href":"https:\/\/gojuteinternational.com\/fr\/wp-json\/wp\/v2\/pages\/88823","targetHints":{"allow":["GET"]}}],"collection":[{"href":"https:\/\/gojuteinternational.com\/fr\/wp-json\/wp\/v2\/pages"}],"about":[{"href":"https:\/\/gojuteinternational.com\/fr\/wp-json\/wp\/v2\/types\/page"}],"author":[{"embeddable":true,"href":"https:\/\/gojuteinternational.com\/fr\/wp-json\/wp\/v2\/users\/6996"}],"replies":[{"embeddable":true,"href":"https:\/\/gojuteinternational.com\/fr\/wp-json\/wp\/v2\/comments?post=88823"}],"version-history":[{"count":4,"href":"https:\/\/gojuteinternational.com\/fr\/wp-json\/wp\/v2\/pages\/88823\/revisions"}],"predecessor-version":[{"id":88942,"href":"https:\/\/gojuteinternational.com\/fr\/wp-json\/wp\/v2\/pages\/88823\/revisions\/88942"}],"wp:attachment":[{"href":"https:\/\/gojuteinternational.com\/fr\/wp-json\/wp\/v2\/media?parent=88823"}],"curies":[{"name":"wp","href":"https:\/\/api.w.org\/{rel}","templated":true}]}}