{"id":88835,"date":"2025-06-04T06:48:55","date_gmt":"2025-06-04T05:48:55","guid":{"rendered":"https:\/\/gojuteinternational.com\/how-to-make-your-jute-cotton-bags-last-longer\/"},"modified":"2025-06-05T13:51:38","modified_gmt":"2025-06-05T12:51:38","slug":"how-to-make-your-jute-cotton-bags-last-longer","status":"publish","type":"page","link":"https:\/\/gojuteinternational.com\/fr\/how-to-make-your-jute-cotton-bags-last-longer\/","title":{"rendered":"Comment prolonger la dur\u00e9e de vie de vos sacs en jute et en coton ?"},"content":{"rendered":"\t\t<div data-elementor-type=\"wp-page\" data-elementor-id=\"88835\" class=\"elementor elementor-88835 elementor-88827\" data-elementor-post-type=\"page\">\n\t\t\t\t\t\t\t\t\t<section class=\"elementor-section elementor-top-section elementor-element elementor-element-97a0657 elementor-section-boxed elementor-section-height-default elementor-section-height-default\" data-id=\"97a0657\" data-element_type=\"section\">\n\t\t\t\t\t\t<div class=\"elementor-container elementor-column-gap-default\">\n\t\t\t\t\t<div class=\"elementor-column elementor-col-100 elementor-top-column elementor-element elementor-element-e656032\" data-id=\"e656032\" data-element_type=\"column\">\n\t\t\t<div class=\"elementor-widget-wrap elementor-element-populated\">\n\t\t\t\t\t\t\t\t<div class=\"elementor-element elementor-element-6c03509 elementor-widget elementor-widget-spacer\" data-id=\"6c03509\" data-element_type=\"widget\" data-widget_type=\"spacer.default\">\n\t\t\t\t<div class=\"elementor-widget-container\">\n\t\t\t<style>\/*! elementor - v3.18.0 - 20-12-2023 *\/\n.elementor-column .elementor-spacer-inner{height:var(--spacer-size)}.e-con{--container-widget-width:100%}.e-con-inner>.elementor-widget-spacer,.e-con>.elementor-widget-spacer{width:var(--container-widget-width,var(--spacer-size));--align-self:var(--container-widget-align-self,initial);--flex-shrink:0}.e-con-inner>.elementor-widget-spacer>.elementor-widget-container,.e-con>.elementor-widget-spacer>.elementor-widget-container{height:100%;width:100%}.e-con-inner>.elementor-widget-spacer>.elementor-widget-container>.elementor-spacer,.e-con>.elementor-widget-spacer>.elementor-widget-container>.elementor-spacer{height:100%}.e-con-inner>.elementor-widget-spacer>.elementor-widget-container>.elementor-spacer>.elementor-spacer-inner,.e-con>.elementor-widget-spacer>.elementor-widget-container>.elementor-spacer>.elementor-spacer-inner{height:var(--container-widget-height,var(--spacer-size))}.e-con-inner>.elementor-widget-spacer.elementor-widget-empty,.e-con>.elementor-widget-spacer.elementor-widget-empty{position:relative;min-height:22px;min-width:22px}.e-con-inner>.elementor-widget-spacer.elementor-widget-empty .elementor-widget-empty-icon,.e-con>.elementor-widget-spacer.elementor-widget-empty .elementor-widget-empty-icon{position:absolute;top:0;bottom:0;left:0;right:0;margin:auto;padding:0;width:22px;height:22px}<\/style>\t\t<div class=\"elementor-spacer\">\n\t\t\t<div class=\"elementor-spacer-inner\"><\/div>\n\t\t<\/div>\n\t\t\t\t<\/div>\n\t\t\t\t<\/div>\n\t\t\t\t\t<\/div>\n\t\t<\/div>\n\t\t\t\t\t\t\t<\/div>\n\t\t<\/section>\n\t\t\t\t<section class=\"elementor-section elementor-top-section elementor-element elementor-element-3125932 elementor-section-boxed elementor-section-height-default elementor-section-height-default\" data-id=\"3125932\" data-element_type=\"section\">\n\t\t\t\t\t\t<div class=\"elementor-container elementor-column-gap-default\">\n\t\t\t\t\t<div class=\"elementor-column elementor-col-100 elementor-top-column elementor-element elementor-element-111b655\" data-id=\"111b655\" data-element_type=\"column\">\n\t\t\t<div class=\"elementor-widget-wrap elementor-element-populated\">\n\t\t\t\t\t\t\t\t<div class=\"elementor-element elementor-element-1038fe8 elementor-widget elementor-widget-heading\" data-id=\"1038fe8\" data-element_type=\"widget\" data-widget_type=\"heading.default\">\n\t\t\t\t<div class=\"elementor-widget-container\">\n\t\t\t<style>\/*! elementor - v3.18.0 - 20-12-2023 *\/\n.elementor-heading-title{padding:0;margin:0;line-height:1}.elementor-widget-heading .elementor-heading-title[class*=elementor-size-]>a{color:inherit;font-size:inherit;line-height:inherit}.elementor-widget-heading .elementor-heading-title.elementor-size-small{font-size:15px}.elementor-widget-heading .elementor-heading-title.elementor-size-medium{font-size:19px}.elementor-widget-heading .elementor-heading-title.elementor-size-large{font-size:29px}.elementor-widget-heading .elementor-heading-title.elementor-size-xl{font-size:39px}.elementor-widget-heading .elementor-heading-title.elementor-size-xxl{font-size:59px}<\/style><h1 class=\"elementor-heading-title elementor-size-default\">Comment prolonger la dur\u00e9e de vie de vos sacs en jute et en coton ?<\/h1>\t\t<\/div>\n\t\t\t\t<\/div>\n\t\t\t\t\t<\/div>\n\t\t<\/div>\n\t\t\t\t\t\t\t<\/div>\n\t\t<\/section>\n\t\t\t\t<section class=\"elementor-section elementor-top-section elementor-element elementor-element-29fe2d5 elementor-section-boxed elementor-section-height-default elementor-section-height-default\" data-id=\"29fe2d5\" data-element_type=\"section\">\n\t\t\t\t\t\t<div class=\"elementor-container elementor-column-gap-default\">\n\t\t\t\t\t<div class=\"elementor-column elementor-col-100 elementor-top-column elementor-element elementor-element-e582507\" data-id=\"e582507\" data-element_type=\"column\">\n\t\t\t<div class=\"elementor-widget-wrap elementor-element-populated\">\n\t\t\t\t\t\t\t\t<div class=\"elementor-element elementor-element-dd26193 elementor-widget elementor-widget-text-editor\" data-id=\"dd26193\" data-element_type=\"widget\" data-widget_type=\"text-editor.default\">\n\t\t\t\t<div class=\"elementor-widget-container\">\n\t\t\t<style>\/*! elementor - v3.18.0 - 20-12-2023 *\/\n.elementor-widget-text-editor.elementor-drop-cap-view-stacked .elementor-drop-cap{background-color:#69727d;color:#fff}.elementor-widget-text-editor.elementor-drop-cap-view-framed .elementor-drop-cap{color:#69727d;border:3px solid;background-color:transparent}.elementor-widget-text-editor:not(.elementor-drop-cap-view-default) .elementor-drop-cap{margin-top:8px}.elementor-widget-text-editor:not(.elementor-drop-cap-view-default) .elementor-drop-cap-letter{width:1em;height:1em}.elementor-widget-text-editor .elementor-drop-cap{float:left;text-align:center;line-height:1;font-size:50px}.elementor-widget-text-editor .elementor-drop-cap-letter{display:inline-block}<\/style>\t\t\t\t<p><span style=\"font-weight: 400;\">Un sac vraiment <\/span><b>sac durable<\/b><span style=\"font-weight: 400;\">  est un sac que vous utiliserez encore et encore. Les sacs en jute et en coton sont con\u00e7us pour supporter les courses quotidiennes, les d\u00e9placements et les promotions pendant des ann\u00e9es, mais un peu d&rsquo;entretien permet de les conserver au mieux. Voici comment vous pouvez prolonger la dur\u00e9e de vie de vos sacs r\u00e9utilisables pr\u00e9f\u00e9r\u00e9s, maximiser leur valeur et minimiser les d\u00e9chets.  <\/span><\/p>\n<h2><span style=\"font-weight: 400;\">Les bases de l&rsquo;entretien des sacs en jute et en coton<\/span><\/h2>\n<p><b>Le jute et le coton<\/b><span style=\"font-weight: 400;\"> sont des fibres naturelles r\u00e9sistantes, mais qui se portent mieux lorsqu&rsquo;elles sont trait\u00e9es avec un peu d&rsquo;attention :<\/span><\/p>\n<ul>\n<li style=\"font-weight: 400;\" aria-level=\"1\"><b>Gardez les sacs au sec :<\/b><span style=\"font-weight: 400;\">  Apr\u00e8s chaque utilisation, secouez le sac pour \u00e9liminer les miettes et l&rsquo;humidit\u00e9. Si le sac est humide, suspendez-le pour qu&rsquo;il s&rsquo;a\u00e8re. <\/span><\/li>\n<li style=\"font-weight: 400;\" aria-level=\"1\"><b>\u00c9vitez les expositions prolong\u00e9es au soleil :<\/b><span style=\"font-weight: 400;\"> Un ensoleillement trop direct peut d\u00e9colorer les couleurs et affaiblir le tissu au fil du temps.<\/span><\/li>\n<li style=\"font-weight: 400;\" aria-level=\"1\"><b>Manipulez avec pr\u00e9caution :<\/b><span style=\"font-weight: 400;\"> Essayez de ne pas surcharger votre sac avec des objets lourds ou \u00e0 ar\u00eates vives, en particulier avec le jute qui est l\u00e9g\u00e8rement moins \u00e9lastique que le coton.<\/span><\/li>\n<\/ul>\n<p><span style=\"font-weight: 400;\">H2 : Nettoyer vos sacs &#8211; Des gestes simples pour plus de fra\u00eecheur<\/span><\/p>\n<h3>Entretien des sacs de coton<\/h3>\n<ul>\n<li style=\"font-weight: 400;\" aria-level=\"1\"><span style=\"font-weight: 400;\">La plupart des sacs en coton ordinaire peuvent \u00eatre lav\u00e9s directement en machine \u00e0 cycle doux et froid.<\/span><\/li>\n<li style=\"font-weight: 400;\" aria-level=\"1\"><span style=\"font-weight: 400;\">Laissez les sacs s\u00e9cher \u00e0 plat \u00e0 l&rsquo;air libre ; \u00e9vitez le s\u00e8che-linge qui peut r\u00e9tr\u00e9cir le coton et d\u00e9colorer les imprim\u00e9s.<\/span><\/li>\n<li style=\"font-weight: 400;\" aria-level=\"1\"><span style=\"font-weight: 400;\">Si votre sac comporte une s\u00e9rigraphie ou une broderie sp\u00e9ciale, nettoyez-le avec un savon doux et de l&rsquo;eau froide pour que les motifs restent \u00e9clatants.<\/span><\/li>\n<\/ul>\n<h3>Entretien des sacs en jute<\/h3>\n<ul>\n<li style=\"font-weight: 400;\" aria-level=\"1\"><span style=\"font-weight: 400;\">Le jute est plus absorbant que le coton et ne doit pas \u00eatre tremp\u00e9 dans l&rsquo;eau.<\/span><\/li>\n<li style=\"font-weight: 400;\" aria-level=\"1\"><span style=\"font-weight: 400;\">Nettoyez les taches \u00e0 l&rsquo;aide d&rsquo;une brosse douce, d&rsquo;un savon doux et d&rsquo;eau fra\u00eeche.<\/span><\/li>\n<li style=\"font-weight: 400;\" aria-level=\"1\"><span style=\"font-weight: 400;\">Essuyez l&rsquo;exc\u00e8s d&rsquo;humidit\u00e9 et laissez s\u00e9cher compl\u00e8tement dans un endroit bien ventil\u00e9, \u00e0 l&rsquo;abri de la chaleur directe.<\/span><\/li>\n<\/ul>\n<h2><span style=\"font-weight: 400;\">R\u00e9parations et renforcements faciles<\/span><\/h2>\n<p><span style=\"font-weight: 400;\">Prolongez la dur\u00e9e de vie de votre sac en r\u00e9glant rapidement les petits probl\u00e8mes :<\/span><\/p>\n<ul>\n<li style=\"font-weight: 400;\" aria-level=\"1\"><span style=\"font-weight: 400;\">Cousez les coutures l\u00e2ches ou les petites d\u00e9chirures avec du fil assorti.<\/span><\/li>\n<li style=\"font-weight: 400;\" aria-level=\"1\"><span style=\"font-weight: 400;\">Renforcez les poign\u00e9es avec des coutures suppl\u00e9mentaires si elles commencent \u00e0 s&rsquo;\u00e9tirer.<\/span><\/li>\n<li style=\"font-weight: 400;\" aria-level=\"1\"><span style=\"font-weight: 400;\">Fixez une pi\u00e8ce de tissu ou utilisez des points d\u00e9coratifs pour couvrir les taches tenaces ou renforcer les coins us\u00e9s.<\/span><\/li>\n<\/ul>\n<p><span style=\"font-weight: 400;\">Les petites r\u00e9parations permettent non seulement de prolonger la dur\u00e9e de vie de votre sac, mais aussi d&rsquo;y apporter une touche personnelle unique.<\/span><\/p>\n<h2><span style=\"font-weight: 400;\">Id\u00e9es de recyclage et de r\u00e9utilisation<\/span><\/h2>\n<p><span style=\"font-weight: 400;\">Lorsque votre sac arrive en fin de vie, donnez-lui une nouvelle utilit\u00e9 :<\/span><\/p>\n<ul>\n<li style=\"font-weight: 400;\" aria-level=\"1\"><b>Solutions de rangement :<\/b><span style=\"font-weight: 400;\"> Les vieux sacs peuvent contenir des chaussures, des jouets ou \u00eatre d\u00e9coup\u00e9s et cousus pour en faire des rangements de tiroirs.<\/span><\/li>\n<li style=\"font-weight: 400;\" aria-level=\"1\"><b>Jardini\u00e8res :<\/b><span style=\"font-weight: 400;\"> Recouvrez-les de plastique et utilisez-les comme jardini\u00e8res d&rsquo;int\u00e9rieur rustiques pour les herbes ou les fleurs.<\/span><\/li>\n<li style=\"font-weight: 400;\" aria-level=\"1\"><b>Emballage cadeau :<\/b><span style=\"font-weight: 400;\"> Utilisez de petites sections de tissu pour cr\u00e9er des pochettes cadeaux r\u00e9utilisables ou des emballages pour les f\u00eates.<\/span><\/li>\n<\/ul>\n<p><span style=\"font-weight: 400;\">Le recyclage cr\u00e9atif r\u00e9duit les d\u00e9chets et ajoute de la valeur \u00e0 chaque sac que vous achetez.<\/span><\/p>\n<h2><span style=\"font-weight: 400;\">Construire une collection de capsules pour chaque besoin<\/span><\/h2>\n<p><span style=\"font-weight: 400;\">Au lieu de collectionner des dizaines de sacs \u00e0 usage unique ou saisonniers, investissez dans un petit ensemble de sacs polyvalents de haute qualit\u00e9 en jute ou en coton. <\/span><b>de jute et de coton de haute qualit\u00e9 et polyvalents<\/b><span style=\"font-weight: 400;\">. Cette approche, qui s&rsquo;apparente \u00e0 une garde-robe capsule, vous permet d&rsquo;avoir toujours le bon sac \u00e0 port\u00e9e de main et de r\u00e9duire l&rsquo;encombrement et la consommation.<\/span><\/p>\n<ul>\n<li style=\"font-weight: 400;\" aria-level=\"1\"><span style=\"font-weight: 400;\">Choisissez diff\u00e9rentes tailles et diff\u00e9rents styles pour les courses, le shopping et les occasions sp\u00e9ciales.<\/span><\/li>\n<li style=\"font-weight: 400;\" aria-level=\"1\"><span style=\"font-weight: 400;\">Faites tourner les sacs pour qu&rsquo;ils aient le temps de se reposer et de s&rsquo;a\u00e9rer entre deux utilisations.<\/span><\/li>\n<\/ul>\n<h3>Poursuivez votre voyage vers le d\u00e9veloppement durable<\/h3>\n<ul>\n<li style=\"font-weight: 400;\" aria-level=\"1\"><a href=\"https:\/\/gojuteinternational.com\/fr\/environmental-benefits-of-jute-cotton-bags\/\">Avantages environnementaux des sacs en jute et en coton <\/a><span style=\"font-weight: 400;\"><br \/><\/span><span style=\"font-weight: 400;\"> D\u00e9couvrez les v\u00e9ritables avantages \u00e9cologiques des sacs en fibres naturelles.<\/span><\/li>\n<li style=\"font-weight: 400;\" aria-level=\"1\"><a href=\"https:\/\/gojuteinternational.com\/fr\/how-to-dispose-recycle-jute-cotton-bags-responsibly\/\">\u00c9limination et recyclage responsables<\/a><span style=\"font-weight: 400;\"><br \/><\/span><span style=\"font-weight: 400;\"> D\u00e9couvrez comment composter, recycler ou valoriser vos sacs en fin de vie.<\/span><\/li>\n<li style=\"font-weight: 400;\" aria-level=\"1\"><a href=\"https:\/\/gojuteinternational.com\/fr\/sustainable-gift-ideas\/\">Id\u00e9es de cadeaux et de paniers garnis durables<\/a><span style=\"font-weight: 400;\"><br \/><\/span><span style=\"font-weight: 400;\"> Trouvez l&rsquo;inspiration pour utiliser des sacs bien aim\u00e9s de fa\u00e7on nouvelle et cr\u00e9ative.<\/span><\/li>\n<\/ul>\n<h2><span style=\"font-weight: 400;\">Besoin de conseils d&rsquo;entretien ou de r\u00e9paration ?<\/span><\/h2>\n<p><span style=\"font-weight: 400;\">Pour plus de conseils sur l&rsquo;entretien ou le recyclage de vos sacs en jute et en coton,<\/span><span style=\"font-weight: 400;\"><br \/><\/span><a href=\"https:\/\/gojuteinternational.com\/fr\/nous-contacter\/\"> <b>contactez-nous<\/b><\/a><\/p>\n\t\t\t\t\t\t<\/div>\n\t\t\t\t<\/div>\n\t\t\t\t\t<\/div>\n\t\t<\/div>\n\t\t\t\t\t\t\t<\/div>\n\t\t<\/section>\n\t\t\t\t\t\t\t<\/div>\n\t\t","protected":false},"excerpt":{"rendered":"<p>Comment prolonger la dur\u00e9e de vie de vos sacs en jute et en coton ? Un sac vraiment sac durable est un sac que vous utiliserez encore et encore. Les sacs en jute et en coton sont con\u00e7us pour supporter les courses quotidiennes, les d\u00e9placements et les promotions pendant des ann\u00e9es, mais un peu d&rsquo;entretien [&hellip;]<\/p>\n","protected":false},"author":6996,"featured_media":0,"parent":0,"menu_order":0,"comment_status":"closed","ping_status":"closed","template":"elementor_header_footer","meta":{"content-type":"","_monsterinsights_skip_tracking":false,"_monsterinsights_sitenote_active":false,"_monsterinsights_sitenote_note":"","_monsterinsights_sitenote_category":0,"footnotes":""},"class_list":["post-88835","page","type-page","status-publish","hentry"],"yoast_head":"<!-- This site is optimized with the Yoast SEO plugin v21.7 - https:\/\/yoast.com\/wordpress\/plugins\/seo\/ -->\n<title>Comment prolonger la dur\u00e9e de vie de vos sacs en jute et en coton ?<\/title>\n<meta name=\"description\" content=\"Tirez le meilleur parti de vos sacs en jute et en coton. D\u00e9couvrez des conseils d&#039;entretien, de nettoyage et de recyclage pour maximiser la r\u00e9utilisation et r\u00e9duire les d\u00e9chets.\" \/>\n<meta name=\"robots\" content=\"index, follow, max-snippet:-1, max-image-preview:large, max-video-preview:-1\" \/>\n<link rel=\"canonical\" href=\"https:\/\/gojuteinternational.com\/fr\/how-to-make-your-jute-cotton-bags-last-longer\/\" \/>\n<meta property=\"og:locale\" content=\"fr_FR\" \/>\n<meta property=\"og:type\" content=\"article\" \/>\n<meta property=\"og:title\" content=\"Comment prolonger la dur\u00e9e de vie de vos sacs en jute et en coton ?\" \/>\n<meta property=\"og:description\" content=\"Tirez le meilleur parti de vos sacs en jute et en coton. D\u00e9couvrez des conseils d&#039;entretien, de nettoyage et de recyclage pour maximiser la r\u00e9utilisation et r\u00e9duire les d\u00e9chets.\" \/>\n<meta property=\"og:url\" content=\"https:\/\/gojuteinternational.com\/fr\/how-to-make-your-jute-cotton-bags-last-longer\/\" \/>\n<meta property=\"og:site_name\" content=\"GoJute International\" \/>\n<meta property=\"article:publisher\" content=\"https:\/\/www.facebook.com\/gojute\" \/>\n<meta property=\"article:modified_time\" content=\"2025-06-05T12:51:38+00:00\" \/>\n<meta name=\"twitter:card\" content=\"summary_large_image\" \/>\n<meta name=\"twitter:label1\" content=\"Dur\u00e9e de lecture estim\u00e9e\" \/>\n\t<meta name=\"twitter:data1\" content=\"4 minutes\" \/>\n<script type=\"application\/ld+json\" class=\"yoast-schema-graph\">{\"@context\":\"https:\/\/schema.org\",\"@graph\":[{\"@type\":\"WebPage\",\"@id\":\"https:\/\/gojuteinternational.com\/fr\/how-to-make-your-jute-cotton-bags-last-longer\/\",\"url\":\"https:\/\/gojuteinternational.com\/fr\/how-to-make-your-jute-cotton-bags-last-longer\/\",\"name\":\"Comment prolonger la dur\u00e9e de vie de vos sacs en jute et en coton ?\",\"isPartOf\":{\"@id\":\"https:\/\/gojuteinternational.com\/fr\/#website\"},\"datePublished\":\"2025-06-04T05:48:55+00:00\",\"dateModified\":\"2025-06-05T12:51:38+00:00\",\"description\":\"Tirez le meilleur parti de vos sacs en jute et en coton. D\u00e9couvrez des conseils d'entretien, de nettoyage et de recyclage pour maximiser la r\u00e9utilisation et r\u00e9duire les d\u00e9chets.\",\"breadcrumb\":{\"@id\":\"https:\/\/gojuteinternational.com\/fr\/how-to-make-your-jute-cotton-bags-last-longer\/#breadcrumb\"},\"inLanguage\":\"fr-FR\",\"potentialAction\":[{\"@type\":\"ReadAction\",\"target\":[\"https:\/\/gojuteinternational.com\/fr\/how-to-make-your-jute-cotton-bags-last-longer\/\"]}]},{\"@type\":\"BreadcrumbList\",\"@id\":\"https:\/\/gojuteinternational.com\/fr\/how-to-make-your-jute-cotton-bags-last-longer\/#breadcrumb\",\"itemListElement\":[{\"@type\":\"ListItem\",\"position\":1,\"name\":\"Home\",\"item\":\"https:\/\/gojuteinternational.com\/fr\/\"},{\"@type\":\"ListItem\",\"position\":2,\"name\":\"Comment prolonger la dur\u00e9e de vie de vos sacs en jute et en coton ?\"}]},{\"@type\":\"WebSite\",\"@id\":\"https:\/\/gojuteinternational.com\/fr\/#website\",\"url\":\"https:\/\/gojuteinternational.com\/fr\/\",\"name\":\"GoJute International\",\"description\":\"Printed bags for business\",\"publisher\":{\"@id\":\"https:\/\/gojuteinternational.com\/fr\/#organization\"},\"alternateName\":\"GoJute\",\"potentialAction\":[{\"@type\":\"SearchAction\",\"target\":{\"@type\":\"EntryPoint\",\"urlTemplate\":\"https:\/\/gojuteinternational.com\/fr\/?s={search_term_string}\"},\"query-input\":\"required name=search_term_string\"}],\"inLanguage\":\"fr-FR\"},{\"@type\":\"Organization\",\"@id\":\"https:\/\/gojuteinternational.com\/fr\/#organization\",\"name\":\"GoJute International\",\"alternateName\":\"GoJute\",\"url\":\"https:\/\/gojuteinternational.com\/fr\/\",\"logo\":{\"@type\":\"ImageObject\",\"inLanguage\":\"fr-FR\",\"@id\":\"https:\/\/gojuteinternational.com\/fr\/#\/schema\/logo\/image\/\",\"url\":\"https:\/\/gojuteinternational.com\/wp-content\/uploads\/2022\/06\/GoJute-Logo-RGB.png\",\"contentUrl\":\"https:\/\/gojuteinternational.com\/wp-content\/uploads\/2022\/06\/GoJute-Logo-RGB.png\",\"width\":2000,\"height\":1809,\"caption\":\"GoJute International\"},\"image\":{\"@id\":\"https:\/\/gojuteinternational.com\/fr\/#\/schema\/logo\/image\/\"},\"sameAs\":[\"https:\/\/www.facebook.com\/gojute\",\"https:\/\/www.instagram.com\/gojute\/\"]}]}<\/script>\n<!-- \/ Yoast SEO plugin. -->","yoast_head_json":{"title":"Comment prolonger la dur\u00e9e de vie de vos sacs en jute et en coton ?","description":"Tirez le meilleur parti de vos sacs en jute et en coton. D\u00e9couvrez des conseils d'entretien, de nettoyage et de recyclage pour maximiser la r\u00e9utilisation et r\u00e9duire les d\u00e9chets.","robots":{"index":"index","follow":"follow","max-snippet":"max-snippet:-1","max-image-preview":"max-image-preview:large","max-video-preview":"max-video-preview:-1"},"canonical":"https:\/\/gojuteinternational.com\/fr\/how-to-make-your-jute-cotton-bags-last-longer\/","og_locale":"fr_FR","og_type":"article","og_title":"Comment prolonger la dur\u00e9e de vie de vos sacs en jute et en coton ?","og_description":"Tirez le meilleur parti de vos sacs en jute et en coton. D\u00e9couvrez des conseils d'entretien, de nettoyage et de recyclage pour maximiser la r\u00e9utilisation et r\u00e9duire les d\u00e9chets.","og_url":"https:\/\/gojuteinternational.com\/fr\/how-to-make-your-jute-cotton-bags-last-longer\/","og_site_name":"GoJute International","article_publisher":"https:\/\/www.facebook.com\/gojute","article_modified_time":"2025-06-05T12:51:38+00:00","twitter_card":"summary_large_image","twitter_misc":{"Dur\u00e9e de lecture estim\u00e9e":"4 minutes"},"schema":{"@context":"https:\/\/schema.org","@graph":[{"@type":"WebPage","@id":"https:\/\/gojuteinternational.com\/fr\/how-to-make-your-jute-cotton-bags-last-longer\/","url":"https:\/\/gojuteinternational.com\/fr\/how-to-make-your-jute-cotton-bags-last-longer\/","name":"Comment prolonger la dur\u00e9e de vie de vos sacs en jute et en coton ?","isPartOf":{"@id":"https:\/\/gojuteinternational.com\/fr\/#website"},"datePublished":"2025-06-04T05:48:55+00:00","dateModified":"2025-06-05T12:51:38+00:00","description":"Tirez le meilleur parti de vos sacs en jute et en coton. D\u00e9couvrez des conseils d'entretien, de nettoyage et de recyclage pour maximiser la r\u00e9utilisation et r\u00e9duire les d\u00e9chets.","breadcrumb":{"@id":"https:\/\/gojuteinternational.com\/fr\/how-to-make-your-jute-cotton-bags-last-longer\/#breadcrumb"},"inLanguage":"fr-FR","potentialAction":[{"@type":"ReadAction","target":["https:\/\/gojuteinternational.com\/fr\/how-to-make-your-jute-cotton-bags-last-longer\/"]}]},{"@type":"BreadcrumbList","@id":"https:\/\/gojuteinternational.com\/fr\/how-to-make-your-jute-cotton-bags-last-longer\/#breadcrumb","itemListElement":[{"@type":"ListItem","position":1,"name":"Home","item":"https:\/\/gojuteinternational.com\/fr\/"},{"@type":"ListItem","position":2,"name":"Comment prolonger la dur\u00e9e de vie de vos sacs en jute et en coton ?"}]},{"@type":"WebSite","@id":"https:\/\/gojuteinternational.com\/fr\/#website","url":"https:\/\/gojuteinternational.com\/fr\/","name":"GoJute International","description":"Printed bags for business","publisher":{"@id":"https:\/\/gojuteinternational.com\/fr\/#organization"},"alternateName":"GoJute","potentialAction":[{"@type":"SearchAction","target":{"@type":"EntryPoint","urlTemplate":"https:\/\/gojuteinternational.com\/fr\/?s={search_term_string}"},"query-input":"required name=search_term_string"}],"inLanguage":"fr-FR"},{"@type":"Organization","@id":"https:\/\/gojuteinternational.com\/fr\/#organization","name":"GoJute International","alternateName":"GoJute","url":"https:\/\/gojuteinternational.com\/fr\/","logo":{"@type":"ImageObject","inLanguage":"fr-FR","@id":"https:\/\/gojuteinternational.com\/fr\/#\/schema\/logo\/image\/","url":"https:\/\/gojuteinternational.com\/wp-content\/uploads\/2022\/06\/GoJute-Logo-RGB.png","contentUrl":"https:\/\/gojuteinternational.com\/wp-content\/uploads\/2022\/06\/GoJute-Logo-RGB.png","width":2000,"height":1809,"caption":"GoJute International"},"image":{"@id":"https:\/\/gojuteinternational.com\/fr\/#\/schema\/logo\/image\/"},"sameAs":["https:\/\/www.facebook.com\/gojute","https:\/\/www.instagram.com\/gojute\/"]}]}},"_links":{"self":[{"href":"https:\/\/gojuteinternational.com\/fr\/wp-json\/wp\/v2\/pages\/88835","targetHints":{"allow":["GET"]}}],"collection":[{"href":"https:\/\/gojuteinternational.com\/fr\/wp-json\/wp\/v2\/pages"}],"about":[{"href":"https:\/\/gojuteinternational.com\/fr\/wp-json\/wp\/v2\/types\/page"}],"author":[{"embeddable":true,"href":"https:\/\/gojuteinternational.com\/fr\/wp-json\/wp\/v2\/users\/6996"}],"replies":[{"embeddable":true,"href":"https:\/\/gojuteinternational.com\/fr\/wp-json\/wp\/v2\/comments?post=88835"}],"version-history":[{"count":6,"href":"https:\/\/gojuteinternational.com\/fr\/wp-json\/wp\/v2\/pages\/88835\/revisions"}],"predecessor-version":[{"id":88922,"href":"https:\/\/gojuteinternational.com\/fr\/wp-json\/wp\/v2\/pages\/88835\/revisions\/88922"}],"wp:attachment":[{"href":"https:\/\/gojuteinternational.com\/fr\/wp-json\/wp\/v2\/media?parent=88835"}],"curies":[{"name":"wp","href":"https:\/\/api.w.org\/{rel}","templated":true}]}}