{"id":88857,"date":"2025-06-04T07:34:38","date_gmt":"2025-06-04T06:34:38","guid":{"rendered":"https:\/\/gojuteinternational.com\/sustainable-manufacturing-sourcing-for-jute-cotton-bags\/"},"modified":"2025-06-05T14:14:02","modified_gmt":"2025-06-05T13:14:02","slug":"sustainable-manufacturing-sourcing-for-jute-cotton-bags","status":"publish","type":"page","link":"https:\/\/gojuteinternational.com\/fr\/sustainable-manufacturing-sourcing-for-jute-cotton-bags\/","title":{"rendered":"Fabrication et approvisionnement durables pour les sacs en jute et en coton"},"content":{"rendered":"\t\t<div data-elementor-type=\"wp-page\" data-elementor-id=\"88857\" class=\"elementor elementor-88857 elementor-88855\" data-elementor-post-type=\"page\">\n\t\t\t\t\t\t\t\t\t<section class=\"elementor-section elementor-top-section elementor-element elementor-element-c950f31 elementor-section-boxed elementor-section-height-default elementor-section-height-default\" data-id=\"c950f31\" data-element_type=\"section\">\n\t\t\t\t\t\t<div class=\"elementor-container elementor-column-gap-default\">\n\t\t\t\t\t<div class=\"elementor-column elementor-col-100 elementor-top-column elementor-element elementor-element-2f10155\" data-id=\"2f10155\" data-element_type=\"column\">\n\t\t\t<div class=\"elementor-widget-wrap elementor-element-populated\">\n\t\t\t\t\t\t\t\t<div class=\"elementor-element elementor-element-970c353 elementor-widget elementor-widget-spacer\" data-id=\"970c353\" data-element_type=\"widget\" data-widget_type=\"spacer.default\">\n\t\t\t\t<div class=\"elementor-widget-container\">\n\t\t\t<style>\/*! elementor - v3.18.0 - 20-12-2023 *\/\n.elementor-column .elementor-spacer-inner{height:var(--spacer-size)}.e-con{--container-widget-width:100%}.e-con-inner>.elementor-widget-spacer,.e-con>.elementor-widget-spacer{width:var(--container-widget-width,var(--spacer-size));--align-self:var(--container-widget-align-self,initial);--flex-shrink:0}.e-con-inner>.elementor-widget-spacer>.elementor-widget-container,.e-con>.elementor-widget-spacer>.elementor-widget-container{height:100%;width:100%}.e-con-inner>.elementor-widget-spacer>.elementor-widget-container>.elementor-spacer,.e-con>.elementor-widget-spacer>.elementor-widget-container>.elementor-spacer{height:100%}.e-con-inner>.elementor-widget-spacer>.elementor-widget-container>.elementor-spacer>.elementor-spacer-inner,.e-con>.elementor-widget-spacer>.elementor-widget-container>.elementor-spacer>.elementor-spacer-inner{height:var(--container-widget-height,var(--spacer-size))}.e-con-inner>.elementor-widget-spacer.elementor-widget-empty,.e-con>.elementor-widget-spacer.elementor-widget-empty{position:relative;min-height:22px;min-width:22px}.e-con-inner>.elementor-widget-spacer.elementor-widget-empty .elementor-widget-empty-icon,.e-con>.elementor-widget-spacer.elementor-widget-empty .elementor-widget-empty-icon{position:absolute;top:0;bottom:0;left:0;right:0;margin:auto;padding:0;width:22px;height:22px}<\/style>\t\t<div class=\"elementor-spacer\">\n\t\t\t<div class=\"elementor-spacer-inner\"><\/div>\n\t\t<\/div>\n\t\t\t\t<\/div>\n\t\t\t\t<\/div>\n\t\t\t\t\t<\/div>\n\t\t<\/div>\n\t\t\t\t\t\t\t<\/div>\n\t\t<\/section>\n\t\t\t\t<section class=\"elementor-section elementor-top-section elementor-element elementor-element-f0f5bc5 elementor-section-boxed elementor-section-height-default elementor-section-height-default\" data-id=\"f0f5bc5\" data-element_type=\"section\">\n\t\t\t\t\t\t<div class=\"elementor-container elementor-column-gap-default\">\n\t\t\t\t\t<div class=\"elementor-column elementor-col-100 elementor-top-column elementor-element elementor-element-0950951\" data-id=\"0950951\" data-element_type=\"column\">\n\t\t\t<div class=\"elementor-widget-wrap elementor-element-populated\">\n\t\t\t\t\t\t\t\t<div class=\"elementor-element elementor-element-b869b7a elementor-widget elementor-widget-heading\" data-id=\"b869b7a\" data-element_type=\"widget\" data-widget_type=\"heading.default\">\n\t\t\t\t<div class=\"elementor-widget-container\">\n\t\t\t<style>\/*! elementor - v3.18.0 - 20-12-2023 *\/\n.elementor-heading-title{padding:0;margin:0;line-height:1}.elementor-widget-heading .elementor-heading-title[class*=elementor-size-]>a{color:inherit;font-size:inherit;line-height:inherit}.elementor-widget-heading .elementor-heading-title.elementor-size-small{font-size:15px}.elementor-widget-heading .elementor-heading-title.elementor-size-medium{font-size:19px}.elementor-widget-heading .elementor-heading-title.elementor-size-large{font-size:29px}.elementor-widget-heading .elementor-heading-title.elementor-size-xl{font-size:39px}.elementor-widget-heading .elementor-heading-title.elementor-size-xxl{font-size:59px}<\/style><h1 class=\"elementor-heading-title elementor-size-default\">Fabrication et approvisionnement durables pour les sacs en jute et en coton\n<\/h1>\t\t<\/div>\n\t\t\t\t<\/div>\n\t\t\t\t\t<\/div>\n\t\t<\/div>\n\t\t\t\t\t\t\t<\/div>\n\t\t<\/section>\n\t\t\t\t<section class=\"elementor-section elementor-top-section elementor-element elementor-element-da77616 elementor-section-boxed elementor-section-height-default elementor-section-height-default\" data-id=\"da77616\" data-element_type=\"section\">\n\t\t\t\t\t\t<div class=\"elementor-container elementor-column-gap-default\">\n\t\t\t\t\t<div class=\"elementor-column elementor-col-100 elementor-top-column elementor-element elementor-element-6e20846\" data-id=\"6e20846\" data-element_type=\"column\">\n\t\t\t<div class=\"elementor-widget-wrap elementor-element-populated\">\n\t\t\t\t\t\t\t\t<div class=\"elementor-element elementor-element-ecd14f3 elementor-widget elementor-widget-text-editor\" data-id=\"ecd14f3\" data-element_type=\"widget\" data-widget_type=\"text-editor.default\">\n\t\t\t\t<div class=\"elementor-widget-container\">\n\t\t\t<style>\/*! elementor - v3.18.0 - 20-12-2023 *\/\n.elementor-widget-text-editor.elementor-drop-cap-view-stacked .elementor-drop-cap{background-color:#69727d;color:#fff}.elementor-widget-text-editor.elementor-drop-cap-view-framed .elementor-drop-cap{color:#69727d;border:3px solid;background-color:transparent}.elementor-widget-text-editor:not(.elementor-drop-cap-view-default) .elementor-drop-cap{margin-top:8px}.elementor-widget-text-editor:not(.elementor-drop-cap-view-default) .elementor-drop-cap-letter{width:1em;height:1em}.elementor-widget-text-editor .elementor-drop-cap{float:left;text-align:center;line-height:1;font-size:50px}.elementor-widget-text-editor .elementor-drop-cap-letter{display:inline-block}<\/style>\t\t\t\t<p><span style=\"font-weight: 400;\">  Le chemin vers une v\u00e9ritable durabilit\u00e9 des sacs en jute et en coton commence bien avant que les sacs n&rsquo;arrivent entre vos mains. Chaque \u00e9tape du processus de production &#8211; du champ \u00e0 l&rsquo;usine et au produit fini &#8211; est importante. L&rsquo;approvisionnement \u00e9thique, la fabrication \u00e9cologique et les cha\u00eenes d&rsquo;approvisionnement certifi\u00e9es sont autant d&rsquo;\u00e9l\u00e9ments essentiels pour garantir que votre sac \u00e9cologique a v\u00e9ritablement un impact positif.  <\/span><\/p>\n<h2><span style=\"font-weight: 400;\">L&rsquo;importance de l&rsquo;approvisionnement responsable<\/span><\/h2>\n<p><span style=\"font-weight: 400;\">L&rsquo;origine de votre sac en jute ou en coton a une incidence non seulement sur l&rsquo;environnement, mais aussi sur le bien-\u00eatre des personnes qui le produisent. L&rsquo;approvisionnement responsable consiste \u00e0 choisir des partenaires qui soutiennent des salaires \u00e9quitables, des conditions de travail s\u00fbres et des pratiques agricoles respectueuses de l&rsquo;environnement. En donnant la priorit\u00e9 \u00e0 ces valeurs, les entreprises et les particuliers contribuent \u00e0 la mise en place d&rsquo;une cha\u00eene d&rsquo;approvisionnement mondiale plus \u00e9quitable et plus \u00e9cologique.  <\/span><\/p>\n<h2><span style=\"font-weight: 400;\">Ce qu&rsquo;il faut rechercher dans les sacs durables<\/span><\/h2>\n<h3>Normes \u00e9thiques et certifications<\/h3>\n<p><span style=\"font-weight: 400;\">Les certifications sont la preuve qu&rsquo;un sac a \u00e9t\u00e9 fabriqu\u00e9 et obtenu avec soin. Recherchez : <\/span><\/p>\n<ul>\n<li style=\"font-weight: 400;\" aria-level=\"1\"><b>Commerce \u00e9quitable :<\/b><span style=\"font-weight: 400;\"> Il garantit des prix \u00e9quitables, des lieux de travail s\u00fbrs et des conditions \u00e9quitables pour les agriculteurs et les travailleurs.<\/span><\/li>\n<li style=\"font-weight: 400;\" aria-level=\"1\"><b>GOTS (Global Organic Textile Standard) :<\/b><span style=\"font-weight: 400;\"> Garantit le statut biologique des textiles, de la r\u00e9colte des mati\u00e8res premi\u00e8res \u00e0 la fabrication responsable et \u00e0 l&rsquo;\u00e9tiquetage.<\/span><\/li>\n<li style=\"font-weight: 400;\" aria-level=\"1\"><b>SA8000 :<\/b><span style=\"font-weight: 400;\"> Se concentre sur la responsabilit\u00e9 sociale sur le lieu de travail.<\/span><\/li>\n<\/ul>\n<p><span style=\"font-weight: 400;\">Ces certifications vous aident \u00e0 distinguer la v\u00e9ritable durabilit\u00e9 de l'\u00a0\u00bb\u00e9coblanchiment\u00a0\u00bb, c&rsquo;est-\u00e0-dire des affirmations commerciales qui ne s&rsquo;appuient pas sur des changements r\u00e9els.<\/span><\/p>\n<h3>Production biologique et \u00e0 faible impact<\/h3>\n<ul>\n<li style=\"font-weight: 400;\" aria-level=\"1\"><b>Coton biologique :<\/b><span style=\"font-weight: 400;\"> Cultiv\u00e9 sans pesticides nocifs ni engrais synth\u00e9tiques, il favorise la biodiversit\u00e9 et la sant\u00e9 des sols.<\/span><\/li>\n<li style=\"font-weight: 400;\" aria-level=\"1\"><b>Jute :<\/b><span style=\"font-weight: 400;\">  Elle ne n\u00e9cessite que peu ou pas de pesticides et enrichit naturellement le sol. Les cultures de jute poussent rapidement et sont souvent aliment\u00e9es par la pluie, ce qui r\u00e9duit le besoin d&rsquo;irrigation. <\/span><\/li>\n<\/ul>\n<p><span style=\"font-weight: 400;\">Demandez \u00e0 votre fournisseur d&rsquo;\u00eatre transparent sur ses m\u00e9thodes de culture et de r\u00e9colte. La tra\u00e7abilit\u00e9 des cha\u00eenes d&rsquo;approvisionnement permet d&rsquo;instaurer la confiance et de s&rsquo;assurer que vos sacs sont aussi \u00e9cologiques qu&rsquo;ils le pr\u00e9tendent. <\/span><\/p>\n<h2><span style=\"font-weight: 400;\">Fabrication transparente et responsable<\/span><\/h2>\n<p><span style=\"font-weight: 400;\">Les processus de fabrication doivent minimiser la consommation d&rsquo;\u00e9nergie, le gaspillage d&rsquo;eau et les produits chimiques nocifs. Recherchez : <\/span><\/p>\n<ul>\n<li style=\"font-weight: 400;\" aria-level=\"1\"><span style=\"font-weight: 400;\">Les usines utilisent des sources d&rsquo;\u00e9nergie renouvelables dans la mesure du possible.<\/span><\/li>\n<li style=\"font-weight: 400;\" aria-level=\"1\"><span style=\"font-weight: 400;\">Syst\u00e8mes de recyclage de l&rsquo;eau et politiques de r\u00e9duction des d\u00e9chets.<\/span><\/li>\n<li style=\"font-weight: 400;\" aria-level=\"1\"><span style=\"font-weight: 400;\">Des lieux de travail s\u00fbrs et bien ventil\u00e9s avec des pratiques de travail \u00e9quitables.<\/span><\/li>\n<\/ul>\n<p><span style=\"font-weight: 400;\">De nombreux grands fabricants de sacs en jute et en coton publient des rapports sur le d\u00e9veloppement durable ou autorisent des audits par des organisations ind\u00e9pendantes. N&rsquo;h\u00e9sitez pas \u00e0 demander de la documentation ou \u00e0 visiter les sites web des fournisseurs pour v\u00e9rifier leurs r\u00e9f\u00e9rences \u00e9thiques. <\/span><\/p>\n<h2><span style=\"font-weight: 400;\">Rep\u00e9rer et \u00e9viter l&rsquo;\u00e9coblanchiment<\/span><\/h2>\n<p><span style=\"font-weight: 400;\">Malheureusement, certaines entreprises utilisent un langage \u00e9cologique sans prendre de mesures concr\u00e8tes. Voici comment rester vigilant : <\/span><\/p>\n<ul>\n<li style=\"font-weight: 400;\" aria-level=\"1\"><span style=\"font-weight: 400;\">Recherchez toujours des certifications valides, d\u00e9livr\u00e9es par des tiers, et ne vous contentez pas d&rsquo;all\u00e9gations.<\/span><\/li>\n<li style=\"font-weight: 400;\" aria-level=\"1\"><span style=\"font-weight: 400;\">Demandez l&rsquo;origine et la tra\u00e7abilit\u00e9 des mat\u00e9riaux.<\/span><\/li>\n<li style=\"font-weight: 400;\" aria-level=\"1\"><span style=\"font-weight: 400;\">Recherchez des marques qui partagent des donn\u00e9es sur leur impact, leur main-d&rsquo;\u0153uvre et leurs objectifs environnementaux.<\/span><\/li>\n<\/ul>\n<h2><span style=\"font-weight: 400;\">Pourquoi c&rsquo;est important &#8211; pour les entreprises et les particuliers<\/span><\/h2>\n<p><span style=\"font-weight: 400;\">Choisir <\/span><b>des sacs en jute ou en coton fabriqu\u00e9s selon les principes du d\u00e9veloppement durable<\/b><span style=\"font-weight: 400;\">  signifie soutenir la restauration de l&rsquo;environnement, des communaut\u00e9s saines et une \u00e9conomie circulaire \u00e0 faible production de d\u00e9chets. Les entreprises qui adoptent ces sacs pour leurs promotions ou leurs lignes de produits font preuve de leadership, d&rsquo;int\u00e9grit\u00e9 et d&rsquo;un v\u00e9ritable souci des personnes et de la plan\u00e8te. <\/span><\/p>\n<h3>Poursuivez votre voyage vers le d\u00e9veloppement durable<\/h3>\n<ul>\n<li style=\"font-weight: 400;\" aria-level=\"1\"><a href=\"https:\/\/gojuteinternational.com\/fr\/environmental-benefits-of-jute-cotton-bags\/\">Avantages environnementaux des sacs en jute et en coton<\/a> <span style=\"font-weight: 400;\"><br \/><\/span><span style=\"font-weight: 400;\"> Voyez comment les fibres naturelles se comparent aux plastiques et aux mati\u00e8res synth\u00e9tiques.<\/span><\/li>\n<li style=\"font-weight: 400;\" aria-level=\"1\"><a href=\"https:\/\/gojuteinternational.com\/fr\/how-to-make-your-jute-cotton-bags-last-longer\/\">Maximiser la r\u00e9utilisation et la long\u00e9vit\u00e9 <\/a><span style=\"font-weight: 400;\"><br \/><\/span><span style=\"font-weight: 400;\"> Apprenez comment faire en sorte que vos sacs restent utilisables pendant des ann\u00e9es.<\/span><\/li>\n<li style=\"font-weight: 400;\" aria-level=\"1\"><a href=\"https:\/\/gojuteinternational.com\/fr\/b2b-campaigns\/\">Durabilit\u00e9 dans la strat\u00e9gie de marque et les promotions<\/a><span style=\"font-weight: 400;\"><br \/><\/span><span style=\"font-weight: 400;\"> D\u00e9couvrez comment les entreprises et les ONG gagnent en confiance et en visibilit\u00e9 gr\u00e2ce \u00e0 des campagnes de sacs verts.<\/span><\/li>\n<\/ul>\n<h2><span style=\"font-weight: 400;\">Vous avez des questions sur l&rsquo;approvisionnement \u00e9thique ?<\/span><\/h2>\n<p><span style=\"font-weight: 400;\">Pour obtenir des conseils en mati\u00e8re d&rsquo;approvisionnement ou une liste de fournisseurs de sacs certifi\u00e9s,<\/span><span style=\"font-weight: 400;\"><br \/><\/span><a href=\"https:\/\/gojuteinternational.com\/fr\/nous-contacter\/\"> <b>contactez-nous<\/b><\/a><\/p>\n\t\t\t\t\t\t<\/div>\n\t\t\t\t<\/div>\n\t\t\t\t\t<\/div>\n\t\t<\/div>\n\t\t\t\t\t\t\t<\/div>\n\t\t<\/section>\n\t\t\t\t\t\t\t<\/div>\n\t\t","protected":false},"excerpt":{"rendered":"<p>Fabrication et approvisionnement durables pour les sacs en jute et en coton Le chemin vers une v\u00e9ritable durabilit\u00e9 des sacs en jute et en coton commence bien avant que les sacs n&rsquo;arrivent entre vos mains. Chaque \u00e9tape du processus de production &#8211; du champ \u00e0 l&rsquo;usine et au produit fini &#8211; est importante. L&rsquo;approvisionnement \u00e9thique, [&hellip;]<\/p>\n","protected":false},"author":6996,"featured_media":0,"parent":0,"menu_order":0,"comment_status":"closed","ping_status":"closed","template":"","meta":{"content-type":"","_monsterinsights_skip_tracking":false,"_monsterinsights_sitenote_active":false,"_monsterinsights_sitenote_note":"","_monsterinsights_sitenote_category":0,"footnotes":""},"class_list":["post-88857","page","type-page","status-publish","hentry"],"yoast_head":"<!-- This site is optimized with the Yoast SEO plugin v21.7 - https:\/\/yoast.com\/wordpress\/plugins\/seo\/ -->\n<title>Fabrication et approvisionnement durables pour les sacs en jute et en coton<\/title>\n<meta name=\"description\" content=\"D\u00e9couvrez ce qui rend la fabrication des sacs en jute et en coton durable. Renseignez-vous sur l&#039;approvisionnement \u00e9thique, les certifications et les cha\u00eenes d&#039;approvisionnement responsables.\" \/>\n<meta name=\"robots\" content=\"index, follow, max-snippet:-1, max-image-preview:large, max-video-preview:-1\" \/>\n<link rel=\"canonical\" href=\"https:\/\/gojuteinternational.com\/fr\/sustainable-manufacturing-sourcing-for-jute-cotton-bags\/\" \/>\n<meta property=\"og:locale\" content=\"fr_FR\" \/>\n<meta property=\"og:type\" content=\"article\" \/>\n<meta property=\"og:title\" content=\"Fabrication et approvisionnement durables pour les sacs en jute et en coton\" \/>\n<meta property=\"og:description\" content=\"D\u00e9couvrez ce qui rend la fabrication des sacs en jute et en coton durable. Renseignez-vous sur l&#039;approvisionnement \u00e9thique, les certifications et les cha\u00eenes d&#039;approvisionnement responsables.\" \/>\n<meta property=\"og:url\" content=\"https:\/\/gojuteinternational.com\/fr\/sustainable-manufacturing-sourcing-for-jute-cotton-bags\/\" \/>\n<meta property=\"og:site_name\" content=\"GoJute International\" \/>\n<meta property=\"article:publisher\" content=\"https:\/\/www.facebook.com\/gojute\" \/>\n<meta property=\"article:modified_time\" content=\"2025-06-05T13:14:02+00:00\" \/>\n<meta name=\"twitter:card\" content=\"summary_large_image\" \/>\n<meta name=\"twitter:label1\" content=\"Dur\u00e9e de lecture estim\u00e9e\" \/>\n\t<meta name=\"twitter:data1\" content=\"4 minutes\" \/>\n<script type=\"application\/ld+json\" class=\"yoast-schema-graph\">{\"@context\":\"https:\/\/schema.org\",\"@graph\":[{\"@type\":\"WebPage\",\"@id\":\"https:\/\/gojuteinternational.com\/fr\/sustainable-manufacturing-sourcing-for-jute-cotton-bags\/\",\"url\":\"https:\/\/gojuteinternational.com\/fr\/sustainable-manufacturing-sourcing-for-jute-cotton-bags\/\",\"name\":\"Fabrication et approvisionnement durables pour les sacs en jute et en coton\",\"isPartOf\":{\"@id\":\"https:\/\/gojuteinternational.com\/fr\/#website\"},\"datePublished\":\"2025-06-04T06:34:38+00:00\",\"dateModified\":\"2025-06-05T13:14:02+00:00\",\"description\":\"D\u00e9couvrez ce qui rend la fabrication des sacs en jute et en coton durable. Renseignez-vous sur l'approvisionnement \u00e9thique, les certifications et les cha\u00eenes d'approvisionnement responsables.\",\"breadcrumb\":{\"@id\":\"https:\/\/gojuteinternational.com\/fr\/sustainable-manufacturing-sourcing-for-jute-cotton-bags\/#breadcrumb\"},\"inLanguage\":\"fr-FR\",\"potentialAction\":[{\"@type\":\"ReadAction\",\"target\":[\"https:\/\/gojuteinternational.com\/fr\/sustainable-manufacturing-sourcing-for-jute-cotton-bags\/\"]}]},{\"@type\":\"BreadcrumbList\",\"@id\":\"https:\/\/gojuteinternational.com\/fr\/sustainable-manufacturing-sourcing-for-jute-cotton-bags\/#breadcrumb\",\"itemListElement\":[{\"@type\":\"ListItem\",\"position\":1,\"name\":\"Home\",\"item\":\"https:\/\/gojuteinternational.com\/fr\/\"},{\"@type\":\"ListItem\",\"position\":2,\"name\":\"Fabrication et approvisionnement durables pour les sacs en jute et en coton\"}]},{\"@type\":\"WebSite\",\"@id\":\"https:\/\/gojuteinternational.com\/fr\/#website\",\"url\":\"https:\/\/gojuteinternational.com\/fr\/\",\"name\":\"GoJute International\",\"description\":\"Printed bags for business\",\"publisher\":{\"@id\":\"https:\/\/gojuteinternational.com\/fr\/#organization\"},\"alternateName\":\"GoJute\",\"potentialAction\":[{\"@type\":\"SearchAction\",\"target\":{\"@type\":\"EntryPoint\",\"urlTemplate\":\"https:\/\/gojuteinternational.com\/fr\/?s={search_term_string}\"},\"query-input\":\"required name=search_term_string\"}],\"inLanguage\":\"fr-FR\"},{\"@type\":\"Organization\",\"@id\":\"https:\/\/gojuteinternational.com\/fr\/#organization\",\"name\":\"GoJute International\",\"alternateName\":\"GoJute\",\"url\":\"https:\/\/gojuteinternational.com\/fr\/\",\"logo\":{\"@type\":\"ImageObject\",\"inLanguage\":\"fr-FR\",\"@id\":\"https:\/\/gojuteinternational.com\/fr\/#\/schema\/logo\/image\/\",\"url\":\"https:\/\/gojuteinternational.com\/wp-content\/uploads\/2022\/06\/GoJute-Logo-RGB.png\",\"contentUrl\":\"https:\/\/gojuteinternational.com\/wp-content\/uploads\/2022\/06\/GoJute-Logo-RGB.png\",\"width\":2000,\"height\":1809,\"caption\":\"GoJute International\"},\"image\":{\"@id\":\"https:\/\/gojuteinternational.com\/fr\/#\/schema\/logo\/image\/\"},\"sameAs\":[\"https:\/\/www.facebook.com\/gojute\",\"https:\/\/www.instagram.com\/gojute\/\"]}]}<\/script>\n<!-- \/ Yoast SEO plugin. -->","yoast_head_json":{"title":"Fabrication et approvisionnement durables pour les sacs en jute et en coton","description":"D\u00e9couvrez ce qui rend la fabrication des sacs en jute et en coton durable. Renseignez-vous sur l'approvisionnement \u00e9thique, les certifications et les cha\u00eenes d'approvisionnement responsables.","robots":{"index":"index","follow":"follow","max-snippet":"max-snippet:-1","max-image-preview":"max-image-preview:large","max-video-preview":"max-video-preview:-1"},"canonical":"https:\/\/gojuteinternational.com\/fr\/sustainable-manufacturing-sourcing-for-jute-cotton-bags\/","og_locale":"fr_FR","og_type":"article","og_title":"Fabrication et approvisionnement durables pour les sacs en jute et en coton","og_description":"D\u00e9couvrez ce qui rend la fabrication des sacs en jute et en coton durable. Renseignez-vous sur l'approvisionnement \u00e9thique, les certifications et les cha\u00eenes d'approvisionnement responsables.","og_url":"https:\/\/gojuteinternational.com\/fr\/sustainable-manufacturing-sourcing-for-jute-cotton-bags\/","og_site_name":"GoJute International","article_publisher":"https:\/\/www.facebook.com\/gojute","article_modified_time":"2025-06-05T13:14:02+00:00","twitter_card":"summary_large_image","twitter_misc":{"Dur\u00e9e de lecture estim\u00e9e":"4 minutes"},"schema":{"@context":"https:\/\/schema.org","@graph":[{"@type":"WebPage","@id":"https:\/\/gojuteinternational.com\/fr\/sustainable-manufacturing-sourcing-for-jute-cotton-bags\/","url":"https:\/\/gojuteinternational.com\/fr\/sustainable-manufacturing-sourcing-for-jute-cotton-bags\/","name":"Fabrication et approvisionnement durables pour les sacs en jute et en coton","isPartOf":{"@id":"https:\/\/gojuteinternational.com\/fr\/#website"},"datePublished":"2025-06-04T06:34:38+00:00","dateModified":"2025-06-05T13:14:02+00:00","description":"D\u00e9couvrez ce qui rend la fabrication des sacs en jute et en coton durable. Renseignez-vous sur l'approvisionnement \u00e9thique, les certifications et les cha\u00eenes d'approvisionnement responsables.","breadcrumb":{"@id":"https:\/\/gojuteinternational.com\/fr\/sustainable-manufacturing-sourcing-for-jute-cotton-bags\/#breadcrumb"},"inLanguage":"fr-FR","potentialAction":[{"@type":"ReadAction","target":["https:\/\/gojuteinternational.com\/fr\/sustainable-manufacturing-sourcing-for-jute-cotton-bags\/"]}]},{"@type":"BreadcrumbList","@id":"https:\/\/gojuteinternational.com\/fr\/sustainable-manufacturing-sourcing-for-jute-cotton-bags\/#breadcrumb","itemListElement":[{"@type":"ListItem","position":1,"name":"Home","item":"https:\/\/gojuteinternational.com\/fr\/"},{"@type":"ListItem","position":2,"name":"Fabrication et approvisionnement durables pour les sacs en jute et en coton"}]},{"@type":"WebSite","@id":"https:\/\/gojuteinternational.com\/fr\/#website","url":"https:\/\/gojuteinternational.com\/fr\/","name":"GoJute International","description":"Printed bags for business","publisher":{"@id":"https:\/\/gojuteinternational.com\/fr\/#organization"},"alternateName":"GoJute","potentialAction":[{"@type":"SearchAction","target":{"@type":"EntryPoint","urlTemplate":"https:\/\/gojuteinternational.com\/fr\/?s={search_term_string}"},"query-input":"required name=search_term_string"}],"inLanguage":"fr-FR"},{"@type":"Organization","@id":"https:\/\/gojuteinternational.com\/fr\/#organization","name":"GoJute International","alternateName":"GoJute","url":"https:\/\/gojuteinternational.com\/fr\/","logo":{"@type":"ImageObject","inLanguage":"fr-FR","@id":"https:\/\/gojuteinternational.com\/fr\/#\/schema\/logo\/image\/","url":"https:\/\/gojuteinternational.com\/wp-content\/uploads\/2022\/06\/GoJute-Logo-RGB.png","contentUrl":"https:\/\/gojuteinternational.com\/wp-content\/uploads\/2022\/06\/GoJute-Logo-RGB.png","width":2000,"height":1809,"caption":"GoJute International"},"image":{"@id":"https:\/\/gojuteinternational.com\/fr\/#\/schema\/logo\/image\/"},"sameAs":["https:\/\/www.facebook.com\/gojute","https:\/\/www.instagram.com\/gojute\/"]}]}},"_links":{"self":[{"href":"https:\/\/gojuteinternational.com\/fr\/wp-json\/wp\/v2\/pages\/88857","targetHints":{"allow":["GET"]}}],"collection":[{"href":"https:\/\/gojuteinternational.com\/fr\/wp-json\/wp\/v2\/pages"}],"about":[{"href":"https:\/\/gojuteinternational.com\/fr\/wp-json\/wp\/v2\/types\/page"}],"author":[{"embeddable":true,"href":"https:\/\/gojuteinternational.com\/fr\/wp-json\/wp\/v2\/users\/6996"}],"replies":[{"embeddable":true,"href":"https:\/\/gojuteinternational.com\/fr\/wp-json\/wp\/v2\/comments?post=88857"}],"version-history":[{"count":4,"href":"https:\/\/gojuteinternational.com\/fr\/wp-json\/wp\/v2\/pages\/88857\/revisions"}],"predecessor-version":[{"id":88948,"href":"https:\/\/gojuteinternational.com\/fr\/wp-json\/wp\/v2\/pages\/88857\/revisions\/88948"}],"wp:attachment":[{"href":"https:\/\/gojuteinternational.com\/fr\/wp-json\/wp\/v2\/media?parent=88857"}],"curies":[{"name":"wp","href":"https:\/\/api.w.org\/{rel}","templated":true}]}}