{"id":90926,"date":"2025-09-09T13:40:41","date_gmt":"2025-09-09T12:40:41","guid":{"rendered":"https:\/\/gojuteinternational.com\/green-bags-for-b2b-marketing\/"},"modified":"2025-09-16T13:09:13","modified_gmt":"2025-09-16T12:09:13","slug":"green-bags","status":"publish","type":"page","link":"https:\/\/gojuteinternational.com\/fr\/coloured-tote-bags\/green-bags\/","title":{"rendered":"Sacs verts pour le marketing B2B"},"content":{"rendered":"\t\t<div data-elementor-type=\"wp-page\" data-elementor-id=\"90926\" class=\"elementor elementor-90926 elementor-90923\" data-elementor-post-type=\"page\">\n\t\t\t\t\t\t\t\t\t<section class=\"elementor-section elementor-top-section elementor-element elementor-element-82c2e32 elementor-section-boxed elementor-section-height-default elementor-section-height-default\" data-id=\"82c2e32\" data-element_type=\"section\">\n\t\t\t\t\t\t<div class=\"elementor-container elementor-column-gap-default\">\n\t\t\t\t\t<div class=\"elementor-column elementor-col-100 elementor-top-column elementor-element elementor-element-6696d1f\" data-id=\"6696d1f\" data-element_type=\"column\">\n\t\t\t<div class=\"elementor-widget-wrap elementor-element-populated\">\n\t\t\t\t\t\t\t\t<div class=\"elementor-element elementor-element-a88ab37 elementor-widget elementor-widget-spacer\" data-id=\"a88ab37\" data-element_type=\"widget\" data-widget_type=\"spacer.default\">\n\t\t\t\t<div class=\"elementor-widget-container\">\n\t\t\t<style>\/*! elementor - v3.18.0 - 20-12-2023 *\/\n.elementor-column .elementor-spacer-inner{height:var(--spacer-size)}.e-con{--container-widget-width:100%}.e-con-inner>.elementor-widget-spacer,.e-con>.elementor-widget-spacer{width:var(--container-widget-width,var(--spacer-size));--align-self:var(--container-widget-align-self,initial);--flex-shrink:0}.e-con-inner>.elementor-widget-spacer>.elementor-widget-container,.e-con>.elementor-widget-spacer>.elementor-widget-container{height:100%;width:100%}.e-con-inner>.elementor-widget-spacer>.elementor-widget-container>.elementor-spacer,.e-con>.elementor-widget-spacer>.elementor-widget-container>.elementor-spacer{height:100%}.e-con-inner>.elementor-widget-spacer>.elementor-widget-container>.elementor-spacer>.elementor-spacer-inner,.e-con>.elementor-widget-spacer>.elementor-widget-container>.elementor-spacer>.elementor-spacer-inner{height:var(--container-widget-height,var(--spacer-size))}.e-con-inner>.elementor-widget-spacer.elementor-widget-empty,.e-con>.elementor-widget-spacer.elementor-widget-empty{position:relative;min-height:22px;min-width:22px}.e-con-inner>.elementor-widget-spacer.elementor-widget-empty .elementor-widget-empty-icon,.e-con>.elementor-widget-spacer.elementor-widget-empty .elementor-widget-empty-icon{position:absolute;top:0;bottom:0;left:0;right:0;margin:auto;padding:0;width:22px;height:22px}<\/style>\t\t<div class=\"elementor-spacer\">\n\t\t\t<div class=\"elementor-spacer-inner\"><\/div>\n\t\t<\/div>\n\t\t\t\t<\/div>\n\t\t\t\t<\/div>\n\t\t\t\t<div class=\"elementor-element elementor-element-9716343 elementor-widget elementor-widget-heading\" data-id=\"9716343\" data-element_type=\"widget\" data-widget_type=\"heading.default\">\n\t\t\t\t<div class=\"elementor-widget-container\">\n\t\t\t<style>\/*! elementor - v3.18.0 - 20-12-2023 *\/\n.elementor-heading-title{padding:0;margin:0;line-height:1}.elementor-widget-heading .elementor-heading-title[class*=elementor-size-]>a{color:inherit;font-size:inherit;line-height:inherit}.elementor-widget-heading .elementor-heading-title.elementor-size-small{font-size:15px}.elementor-widget-heading .elementor-heading-title.elementor-size-medium{font-size:19px}.elementor-widget-heading .elementor-heading-title.elementor-size-large{font-size:29px}.elementor-widget-heading .elementor-heading-title.elementor-size-xl{font-size:39px}.elementor-widget-heading .elementor-heading-title.elementor-size-xxl{font-size:59px}<\/style><h1 class=\"elementor-heading-title elementor-size-default\">Sacs verts pour le marketing B2B<\/h1>\t\t<\/div>\n\t\t\t\t<\/div>\n\t\t\t\t<div class=\"elementor-element elementor-element-ec8be22 elementor-widget elementor-widget-text-editor\" data-id=\"ec8be22\" data-element_type=\"widget\" data-widget_type=\"text-editor.default\">\n\t\t\t\t<div class=\"elementor-widget-container\">\n\t\t\t<style>\/*! elementor - v3.18.0 - 20-12-2023 *\/\n.elementor-widget-text-editor.elementor-drop-cap-view-stacked .elementor-drop-cap{background-color:#69727d;color:#fff}.elementor-widget-text-editor.elementor-drop-cap-view-framed .elementor-drop-cap{color:#69727d;border:3px solid;background-color:transparent}.elementor-widget-text-editor:not(.elementor-drop-cap-view-default) .elementor-drop-cap{margin-top:8px}.elementor-widget-text-editor:not(.elementor-drop-cap-view-default) .elementor-drop-cap-letter{width:1em;height:1em}.elementor-widget-text-editor .elementor-drop-cap{float:left;text-align:center;line-height:1;font-size:50px}.elementor-widget-text-editor .elementor-drop-cap-letter{display:inline-block}<\/style>\t\t\t\t<p><span style=\"font-weight: 400;\">Les sacs de marque verts sont le choix id\u00e9al pour les entreprises qui souhaitent combiner durabilit\u00e9 et marketing percutant. Parfaits pour les \u00e9v\u00e9nements d&rsquo;entreprise, les promotions dans le commerce de d\u00e9tail, les programmes de reconnaissance des employ\u00e9s et les cadeaux publicitaires, ces sacs r\u00e9utilisables en jute et en coton t\u00e9moignent de l&rsquo;engagement de votre marque en faveur des pratiques \u00e9cologiques tout en offrant une solution pratique et \u00e9l\u00e9gante pour le marketing B2B. <\/span><\/p>\n<h2>Pourquoi choisir les sacs verts pour votre marketing B2B<\/h2>\n<p><span style=\"font-weight: 400;\">Le vert est la couleur de la durabilit\u00e9, de la croissance et de la confiance, ce qui en fait un excellent choix pour les entreprises qui mettent l&rsquo;accent sur des pratiques respectueuses de l&rsquo;environnement. Les sacs verts en jute ou en coton ne se contentent pas d&rsquo;am\u00e9liorer vos campagnes de marketing, ils soulignent \u00e9galement l&rsquo;engagement de votre entreprise en faveur de solutions respectueuses de l&rsquo;environnement. <\/span><\/p>\n<h3>Durable et r\u00e9utilisable pour une visibilit\u00e9 maximale de la marque<\/h3>\n<p><span style=\"font-weight: 400;\">Fabriqu\u00e9s \u00e0 partir de jute ou de coton de haute qualit\u00e9, les sacs verts sont con\u00e7us pour \u00eatre utilis\u00e9s \u00e0 plusieurs reprises, ce qui garantit une visibilit\u00e9 \u00e0 long terme de la marque. Ils sont parfaits pour les entreprises \u00e0 la recherche d&rsquo;un outil de marketing durable, rentable et \u00e0 forte visibilit\u00e9. <\/span><\/p>\n<h3><b>Options de personnalisation pour la marque de l&rsquo;entreprise<\/b><\/h3>\n<p><span style=\"font-weight: 400;\">Les sacs verts peuvent \u00eatre personnalis\u00e9s pour refl\u00e9ter l&rsquo;identit\u00e9 de votre marque avec des logos, des slogans ou des graphiques sp\u00e9cifiques \u00e0 un \u00e9v\u00e9nement. Les utilisations id\u00e9ales sont les suivantes : <\/span><\/p>\n<ul>\n<li style=\"font-weight: 400;\" aria-level=\"1\"><span style=\"font-weight: 400;\">\u00c9v\u00e9nements d&rsquo;entreprise et salons professionnels<\/span>\n<\/p>\n<\/li>\n<li style=\"font-weight: 400;\" aria-level=\"1\"><span style=\"font-weight: 400;\">Programmes de cadeaux pour les employ\u00e9s et packs de reconnaissance<\/span>\n<\/p>\n<\/li>\n<li style=\"font-weight: 400;\" aria-level=\"1\"><span style=\"font-weight: 400;\">Sacs publicitaires de marque pour les conf\u00e9rences et les campagnes promotionnelles<\/span>\n<\/p>\n<\/li>\n<\/ul>\n<h3>Applications B2B des sacs de marque verte<\/h3>\n<ul>\n<li style=\"font-weight: 400;\" aria-level=\"1\"><b>\u00c9v\u00e9nements d&rsquo;entreprise et conf\u00e9rences :<\/b><span style=\"font-weight: 400;\"> Faites une impression durable sur les participants avec des sacs verts r\u00e9utilisables qui allient style et durabilit\u00e9.<\/span>\n<\/p>\n<\/li>\n<li style=\"font-weight: 400;\" aria-level=\"1\"><b>Promotions dans le commerce de d\u00e9tail :<\/b><span style=\"font-weight: 400;\"> Offrez des sacs verts de marque aux clients, afin d&rsquo;am\u00e9liorer leur exp\u00e9rience d&rsquo;achat tout en renfor\u00e7ant votre image de marque respectueuse de l&rsquo;environnement.<\/span>\n<\/p>\n<\/li>\n<li style=\"font-weight: 400;\" aria-level=\"1\"><b>Cadeaux pour les employ\u00e9s :<\/b><span style=\"font-weight: 400;\"> R\u00e9compensez les employ\u00e9s avec des sacs verts de haute qualit\u00e9 pour les \u00e9tapes importantes, les packs d&rsquo;int\u00e9gration ou les programmes de reconnaissance.<\/span>\n<\/p>\n<\/li>\n<li style=\"font-weight: 400;\" aria-level=\"1\"><b>Sacs \u00e0 distribuer lors d&rsquo;\u00e9v\u00e9nements :<\/b><span style=\"font-weight: 400;\"> Distribuez des sacs de marque verte lors d&rsquo;\u00e9v\u00e9nements promotionnels ou de salons professionnels afin d&rsquo;accro\u00eetre la notori\u00e9t\u00e9 de la marque et l&rsquo;engagement.<\/span>\n<\/p>\n<\/li>\n<\/ul>\n<h2>Durabilit\u00e9 et valeur \u00e0 long terme<\/h2>\n<p><span style=\"font-weight: 400;\">Les sacs verts en jute ou en coton t\u00e9moignent de l&rsquo;engagement de votre entreprise en faveur du d\u00e9veloppement durable. En r\u00e9duisant les plastiques \u00e0 usage unique et en encourageant les produits r\u00e9utilisables, ces sacs renforcent votre strat\u00e9gie de marketing B2B et t\u00e9moignent de votre responsabilit\u00e9 sociale. <\/span><\/p>\n<h2>Pr\u00eat \u00e0 promouvoir votre marque avec des sacs verts ?<\/h2>\n<p><span style=\"font-weight: 400;\">Associez-vous \u00e0 GoJute pour commander des sacs verts personnalis\u00e9s pour des \u00e9v\u00e9nements d&rsquo;entreprise, des promotions de vente au d\u00e9tail, des cadeaux pour les employ\u00e9s ou des cadeaux pour des \u00e9v\u00e9nements. Contactez-nous d\u00e8s aujourd&rsquo;hui pour discuter des commandes en gros, des designs personnalis\u00e9s et des options de prix pour les entreprises de toutes tailles. <\/span><\/p>\n<p><a href=\"https:\/\/gojuteinternational.com\/fr\/nous-contacter\/\"><span style=\"font-weight: 400;\">Nous contacter<\/span><\/a><\/p>\n\t\t\t\t\t\t<\/div>\n\t\t\t\t<\/div>\n\t\t\t\t\t<\/div>\n\t\t<\/div>\n\t\t\t\t\t\t\t<\/div>\n\t\t<\/section>\n\t\t\t\t\t\t\t<\/div>\n\t\t","protected":false},"excerpt":{"rendered":"<p>Sacs verts pour le marketing B2B Les sacs de marque verts sont le choix id\u00e9al pour les entreprises qui souhaitent combiner durabilit\u00e9 et marketing percutant. Parfaits pour les \u00e9v\u00e9nements d&rsquo;entreprise, les promotions dans le commerce de d\u00e9tail, les programmes de reconnaissance des employ\u00e9s et les cadeaux publicitaires, ces sacs r\u00e9utilisables en jute et en coton [&hellip;]<\/p>\n","protected":false},"author":6996,"featured_media":0,"parent":91102,"menu_order":0,"comment_status":"closed","ping_status":"closed","template":"elementor_header_footer","meta":{"content-type":"","_monsterinsights_skip_tracking":false,"_monsterinsights_sitenote_active":false,"_monsterinsights_sitenote_note":"","_monsterinsights_sitenote_category":0,"footnotes":""},"class_list":["post-90926","page","type-page","status-publish","hentry"],"yoast_head":"<!-- This site is optimized with the Yoast SEO plugin v21.7 - https:\/\/yoast.com\/wordpress\/plugins\/seo\/ -->\n<title>Sacs verts pour le marketing B2B | Sacs en jute et en coton personnalis\u00e9s pour les entreprises<\/title>\n<meta name=\"description\" content=\"D\u00e9couvrez les sacs verts en jute et en coton pour le marketing B2B. Parfaits pour les \u00e9v\u00e9nements d&#039;entreprise, les promotions dans le commerce de d\u00e9tail, les cadeaux aux employ\u00e9s et les cadeaux de marque.\" \/>\n<meta name=\"robots\" content=\"index, follow, max-snippet:-1, max-image-preview:large, max-video-preview:-1\" \/>\n<link rel=\"canonical\" href=\"https:\/\/gojuteinternational.com\/fr\/coloured-tote-bags\/green-bags\/\" \/>\n<meta property=\"og:locale\" content=\"fr_FR\" \/>\n<meta property=\"og:type\" content=\"article\" \/>\n<meta property=\"og:title\" content=\"Sacs verts pour le marketing B2B | Sacs en jute et en coton personnalis\u00e9s pour les entreprises\" \/>\n<meta property=\"og:description\" content=\"D\u00e9couvrez les sacs verts en jute et en coton pour le marketing B2B. Parfaits pour les \u00e9v\u00e9nements d&#039;entreprise, les promotions dans le commerce de d\u00e9tail, les cadeaux aux employ\u00e9s et les cadeaux de marque.\" \/>\n<meta property=\"og:url\" content=\"https:\/\/gojuteinternational.com\/fr\/coloured-tote-bags\/green-bags\/\" \/>\n<meta property=\"og:site_name\" content=\"GoJute International\" \/>\n<meta property=\"article:publisher\" content=\"https:\/\/www.facebook.com\/gojute\" \/>\n<meta property=\"article:modified_time\" content=\"2025-09-16T12:09:13+00:00\" \/>\n<meta name=\"twitter:card\" content=\"summary_large_image\" \/>\n<meta name=\"twitter:label1\" content=\"Dur\u00e9e de lecture estim\u00e9e\" \/>\n\t<meta name=\"twitter:data1\" content=\"3 minutes\" \/>\n<script type=\"application\/ld+json\" class=\"yoast-schema-graph\">{\"@context\":\"https:\/\/schema.org\",\"@graph\":[{\"@type\":\"WebPage\",\"@id\":\"https:\/\/gojuteinternational.com\/fr\/coloured-tote-bags\/green-bags\/\",\"url\":\"https:\/\/gojuteinternational.com\/fr\/coloured-tote-bags\/green-bags\/\",\"name\":\"Sacs verts pour le marketing B2B | Sacs en jute et en coton personnalis\u00e9s pour les entreprises\",\"isPartOf\":{\"@id\":\"https:\/\/gojuteinternational.com\/fr\/#website\"},\"datePublished\":\"2025-09-09T12:40:41+00:00\",\"dateModified\":\"2025-09-16T12:09:13+00:00\",\"description\":\"D\u00e9couvrez les sacs verts en jute et en coton pour le marketing B2B. Parfaits pour les \u00e9v\u00e9nements d'entreprise, les promotions dans le commerce de d\u00e9tail, les cadeaux aux employ\u00e9s et les cadeaux de marque.\",\"breadcrumb\":{\"@id\":\"https:\/\/gojuteinternational.com\/fr\/coloured-tote-bags\/green-bags\/#breadcrumb\"},\"inLanguage\":\"fr-FR\",\"potentialAction\":[{\"@type\":\"ReadAction\",\"target\":[\"https:\/\/gojuteinternational.com\/fr\/coloured-tote-bags\/green-bags\/\"]}]},{\"@type\":\"BreadcrumbList\",\"@id\":\"https:\/\/gojuteinternational.com\/fr\/coloured-tote-bags\/green-bags\/#breadcrumb\",\"itemListElement\":[{\"@type\":\"ListItem\",\"position\":1,\"name\":\"Home\",\"item\":\"https:\/\/gojuteinternational.com\/fr\/\"},{\"@type\":\"ListItem\",\"position\":2,\"name\":\"Sacs de couleur personnalis\u00e9s pour l&#8217;image de marque de l&#8217;entreprise\",\"item\":\"https:\/\/gojuteinternational.com\/fr\/coloured-tote-bags\/\"},{\"@type\":\"ListItem\",\"position\":3,\"name\":\"Sacs verts pour le marketing B2B\"}]},{\"@type\":\"WebSite\",\"@id\":\"https:\/\/gojuteinternational.com\/fr\/#website\",\"url\":\"https:\/\/gojuteinternational.com\/fr\/\",\"name\":\"GoJute International\",\"description\":\"Printed bags for business\",\"publisher\":{\"@id\":\"https:\/\/gojuteinternational.com\/fr\/#organization\"},\"alternateName\":\"GoJute\",\"potentialAction\":[{\"@type\":\"SearchAction\",\"target\":{\"@type\":\"EntryPoint\",\"urlTemplate\":\"https:\/\/gojuteinternational.com\/fr\/?s={search_term_string}\"},\"query-input\":\"required name=search_term_string\"}],\"inLanguage\":\"fr-FR\"},{\"@type\":\"Organization\",\"@id\":\"https:\/\/gojuteinternational.com\/fr\/#organization\",\"name\":\"GoJute International\",\"alternateName\":\"GoJute\",\"url\":\"https:\/\/gojuteinternational.com\/fr\/\",\"logo\":{\"@type\":\"ImageObject\",\"inLanguage\":\"fr-FR\",\"@id\":\"https:\/\/gojuteinternational.com\/fr\/#\/schema\/logo\/image\/\",\"url\":\"https:\/\/gojuteinternational.com\/wp-content\/uploads\/2022\/06\/GoJute-Logo-RGB.png\",\"contentUrl\":\"https:\/\/gojuteinternational.com\/wp-content\/uploads\/2022\/06\/GoJute-Logo-RGB.png\",\"width\":2000,\"height\":1809,\"caption\":\"GoJute International\"},\"image\":{\"@id\":\"https:\/\/gojuteinternational.com\/fr\/#\/schema\/logo\/image\/\"},\"sameAs\":[\"https:\/\/www.facebook.com\/gojute\",\"https:\/\/www.instagram.com\/gojute\/\"]}]}<\/script>\n<!-- \/ Yoast SEO plugin. -->","yoast_head_json":{"title":"Sacs verts pour le marketing B2B | Sacs en jute et en coton personnalis\u00e9s pour les entreprises","description":"D\u00e9couvrez les sacs verts en jute et en coton pour le marketing B2B. Parfaits pour les \u00e9v\u00e9nements d'entreprise, les promotions dans le commerce de d\u00e9tail, les cadeaux aux employ\u00e9s et les cadeaux de marque.","robots":{"index":"index","follow":"follow","max-snippet":"max-snippet:-1","max-image-preview":"max-image-preview:large","max-video-preview":"max-video-preview:-1"},"canonical":"https:\/\/gojuteinternational.com\/fr\/coloured-tote-bags\/green-bags\/","og_locale":"fr_FR","og_type":"article","og_title":"Sacs verts pour le marketing B2B | Sacs en jute et en coton personnalis\u00e9s pour les entreprises","og_description":"D\u00e9couvrez les sacs verts en jute et en coton pour le marketing B2B. Parfaits pour les \u00e9v\u00e9nements d'entreprise, les promotions dans le commerce de d\u00e9tail, les cadeaux aux employ\u00e9s et les cadeaux de marque.","og_url":"https:\/\/gojuteinternational.com\/fr\/coloured-tote-bags\/green-bags\/","og_site_name":"GoJute International","article_publisher":"https:\/\/www.facebook.com\/gojute","article_modified_time":"2025-09-16T12:09:13+00:00","twitter_card":"summary_large_image","twitter_misc":{"Dur\u00e9e de lecture estim\u00e9e":"3 minutes"},"schema":{"@context":"https:\/\/schema.org","@graph":[{"@type":"WebPage","@id":"https:\/\/gojuteinternational.com\/fr\/coloured-tote-bags\/green-bags\/","url":"https:\/\/gojuteinternational.com\/fr\/coloured-tote-bags\/green-bags\/","name":"Sacs verts pour le marketing B2B | Sacs en jute et en coton personnalis\u00e9s pour les entreprises","isPartOf":{"@id":"https:\/\/gojuteinternational.com\/fr\/#website"},"datePublished":"2025-09-09T12:40:41+00:00","dateModified":"2025-09-16T12:09:13+00:00","description":"D\u00e9couvrez les sacs verts en jute et en coton pour le marketing B2B. Parfaits pour les \u00e9v\u00e9nements d'entreprise, les promotions dans le commerce de d\u00e9tail, les cadeaux aux employ\u00e9s et les cadeaux de marque.","breadcrumb":{"@id":"https:\/\/gojuteinternational.com\/fr\/coloured-tote-bags\/green-bags\/#breadcrumb"},"inLanguage":"fr-FR","potentialAction":[{"@type":"ReadAction","target":["https:\/\/gojuteinternational.com\/fr\/coloured-tote-bags\/green-bags\/"]}]},{"@type":"BreadcrumbList","@id":"https:\/\/gojuteinternational.com\/fr\/coloured-tote-bags\/green-bags\/#breadcrumb","itemListElement":[{"@type":"ListItem","position":1,"name":"Home","item":"https:\/\/gojuteinternational.com\/fr\/"},{"@type":"ListItem","position":2,"name":"Sacs de couleur personnalis\u00e9s pour l&#8217;image de marque de l&#8217;entreprise","item":"https:\/\/gojuteinternational.com\/fr\/coloured-tote-bags\/"},{"@type":"ListItem","position":3,"name":"Sacs verts pour le marketing B2B"}]},{"@type":"WebSite","@id":"https:\/\/gojuteinternational.com\/fr\/#website","url":"https:\/\/gojuteinternational.com\/fr\/","name":"GoJute International","description":"Printed bags for business","publisher":{"@id":"https:\/\/gojuteinternational.com\/fr\/#organization"},"alternateName":"GoJute","potentialAction":[{"@type":"SearchAction","target":{"@type":"EntryPoint","urlTemplate":"https:\/\/gojuteinternational.com\/fr\/?s={search_term_string}"},"query-input":"required name=search_term_string"}],"inLanguage":"fr-FR"},{"@type":"Organization","@id":"https:\/\/gojuteinternational.com\/fr\/#organization","name":"GoJute International","alternateName":"GoJute","url":"https:\/\/gojuteinternational.com\/fr\/","logo":{"@type":"ImageObject","inLanguage":"fr-FR","@id":"https:\/\/gojuteinternational.com\/fr\/#\/schema\/logo\/image\/","url":"https:\/\/gojuteinternational.com\/wp-content\/uploads\/2022\/06\/GoJute-Logo-RGB.png","contentUrl":"https:\/\/gojuteinternational.com\/wp-content\/uploads\/2022\/06\/GoJute-Logo-RGB.png","width":2000,"height":1809,"caption":"GoJute International"},"image":{"@id":"https:\/\/gojuteinternational.com\/fr\/#\/schema\/logo\/image\/"},"sameAs":["https:\/\/www.facebook.com\/gojute","https:\/\/www.instagram.com\/gojute\/"]}]}},"_links":{"self":[{"href":"https:\/\/gojuteinternational.com\/fr\/wp-json\/wp\/v2\/pages\/90926","targetHints":{"allow":["GET"]}}],"collection":[{"href":"https:\/\/gojuteinternational.com\/fr\/wp-json\/wp\/v2\/pages"}],"about":[{"href":"https:\/\/gojuteinternational.com\/fr\/wp-json\/wp\/v2\/types\/page"}],"author":[{"embeddable":true,"href":"https:\/\/gojuteinternational.com\/fr\/wp-json\/wp\/v2\/users\/6996"}],"replies":[{"embeddable":true,"href":"https:\/\/gojuteinternational.com\/fr\/wp-json\/wp\/v2\/comments?post=90926"}],"version-history":[{"count":3,"href":"https:\/\/gojuteinternational.com\/fr\/wp-json\/wp\/v2\/pages\/90926\/revisions"}],"predecessor-version":[{"id":91180,"href":"https:\/\/gojuteinternational.com\/fr\/wp-json\/wp\/v2\/pages\/90926\/revisions\/91180"}],"up":[{"embeddable":true,"href":"https:\/\/gojuteinternational.com\/fr\/wp-json\/wp\/v2\/pages\/91102"}],"wp:attachment":[{"href":"https:\/\/gojuteinternational.com\/fr\/wp-json\/wp\/v2\/media?parent=90926"}],"curies":[{"name":"wp","href":"https:\/\/api.w.org\/{rel}","templated":true}]}}