{"id":90942,"date":"2025-09-10T08:02:03","date_gmt":"2025-09-10T07:02:03","guid":{"rendered":"https:\/\/gojuteinternational.com\/red-bags-for-b2b-marketing-2\/"},"modified":"2025-09-16T12:14:19","modified_gmt":"2025-09-16T11:14:19","slug":"red-bags","status":"publish","type":"page","link":"https:\/\/gojuteinternational.com\/fr\/coloured-tote-bags\/red-bags\/","title":{"rendered":"Sacs rouges pour le marketing B2B"},"content":{"rendered":"\t\t<div data-elementor-type=\"wp-page\" data-elementor-id=\"90942\" class=\"elementor elementor-90942 elementor-90939\" data-elementor-post-type=\"page\">\n\t\t\t\t\t\t\t\t\t<section class=\"elementor-section elementor-top-section elementor-element elementor-element-2789c8b elementor-section-boxed elementor-section-height-default elementor-section-height-default\" data-id=\"2789c8b\" data-element_type=\"section\">\n\t\t\t\t\t\t<div class=\"elementor-container elementor-column-gap-default\">\n\t\t\t\t\t<div class=\"elementor-column elementor-col-100 elementor-top-column elementor-element elementor-element-e578777\" data-id=\"e578777\" data-element_type=\"column\">\n\t\t\t<div class=\"elementor-widget-wrap elementor-element-populated\">\n\t\t\t\t\t\t\t\t<div class=\"elementor-element elementor-element-b5d5b7d elementor-widget elementor-widget-spacer\" data-id=\"b5d5b7d\" data-element_type=\"widget\" data-widget_type=\"spacer.default\">\n\t\t\t\t<div class=\"elementor-widget-container\">\n\t\t\t<style>\/*! elementor - v3.18.0 - 20-12-2023 *\/\n.elementor-column .elementor-spacer-inner{height:var(--spacer-size)}.e-con{--container-widget-width:100%}.e-con-inner>.elementor-widget-spacer,.e-con>.elementor-widget-spacer{width:var(--container-widget-width,var(--spacer-size));--align-self:var(--container-widget-align-self,initial);--flex-shrink:0}.e-con-inner>.elementor-widget-spacer>.elementor-widget-container,.e-con>.elementor-widget-spacer>.elementor-widget-container{height:100%;width:100%}.e-con-inner>.elementor-widget-spacer>.elementor-widget-container>.elementor-spacer,.e-con>.elementor-widget-spacer>.elementor-widget-container>.elementor-spacer{height:100%}.e-con-inner>.elementor-widget-spacer>.elementor-widget-container>.elementor-spacer>.elementor-spacer-inner,.e-con>.elementor-widget-spacer>.elementor-widget-container>.elementor-spacer>.elementor-spacer-inner{height:var(--container-widget-height,var(--spacer-size))}.e-con-inner>.elementor-widget-spacer.elementor-widget-empty,.e-con>.elementor-widget-spacer.elementor-widget-empty{position:relative;min-height:22px;min-width:22px}.e-con-inner>.elementor-widget-spacer.elementor-widget-empty .elementor-widget-empty-icon,.e-con>.elementor-widget-spacer.elementor-widget-empty .elementor-widget-empty-icon{position:absolute;top:0;bottom:0;left:0;right:0;margin:auto;padding:0;width:22px;height:22px}<\/style>\t\t<div class=\"elementor-spacer\">\n\t\t\t<div class=\"elementor-spacer-inner\"><\/div>\n\t\t<\/div>\n\t\t\t\t<\/div>\n\t\t\t\t<\/div>\n\t\t\t\t<div class=\"elementor-element elementor-element-7adeef9 elementor-widget elementor-widget-heading\" data-id=\"7adeef9\" data-element_type=\"widget\" data-widget_type=\"heading.default\">\n\t\t\t\t<div class=\"elementor-widget-container\">\n\t\t\t<style>\/*! elementor - v3.18.0 - 20-12-2023 *\/\n.elementor-heading-title{padding:0;margin:0;line-height:1}.elementor-widget-heading .elementor-heading-title[class*=elementor-size-]>a{color:inherit;font-size:inherit;line-height:inherit}.elementor-widget-heading .elementor-heading-title.elementor-size-small{font-size:15px}.elementor-widget-heading .elementor-heading-title.elementor-size-medium{font-size:19px}.elementor-widget-heading .elementor-heading-title.elementor-size-large{font-size:29px}.elementor-widget-heading .elementor-heading-title.elementor-size-xl{font-size:39px}.elementor-widget-heading .elementor-heading-title.elementor-size-xxl{font-size:59px}<\/style><h1 class=\"elementor-heading-title elementor-size-default\">Sacs rouges pour le marketing B2B<\/h1>\t\t<\/div>\n\t\t\t\t<\/div>\n\t\t\t\t<div class=\"elementor-element elementor-element-6393da6 elementor-widget elementor-widget-text-editor\" data-id=\"6393da6\" data-element_type=\"widget\" data-widget_type=\"text-editor.default\">\n\t\t\t\t<div class=\"elementor-widget-container\">\n\t\t\t<style>\/*! elementor - v3.18.0 - 20-12-2023 *\/\n.elementor-widget-text-editor.elementor-drop-cap-view-stacked .elementor-drop-cap{background-color:#69727d;color:#fff}.elementor-widget-text-editor.elementor-drop-cap-view-framed .elementor-drop-cap{color:#69727d;border:3px solid;background-color:transparent}.elementor-widget-text-editor:not(.elementor-drop-cap-view-default) .elementor-drop-cap{margin-top:8px}.elementor-widget-text-editor:not(.elementor-drop-cap-view-default) .elementor-drop-cap-letter{width:1em;height:1em}.elementor-widget-text-editor .elementor-drop-cap{float:left;text-align:center;line-height:1;font-size:50px}.elementor-widget-text-editor .elementor-drop-cap-letter{display:inline-block}<\/style>\t\t\t\t<p><span style=\"font-weight: 400;\">Les sacs de marque rouges sont une solution marketing audacieuse et accrocheuse pour les entreprises qui souhaitent faire forte impression. Id\u00e9aux pour les \u00e9v\u00e9nements d&rsquo;entreprise, les promotions dans le commerce de d\u00e9tail, les programmes de reconnaissance des employ\u00e9s et les cadeaux publicitaires, ces sacs r\u00e9utilisables en jute et en coton allient style, durabilit\u00e9 et praticit\u00e9 pour am\u00e9liorer la visibilit\u00e9 de votre marque. <\/span><\/p>\n<h2>Pourquoi choisir Red Bags pour votre marketing B2B<\/h2>\n<p><span style=\"font-weight: 400;\">Le rouge symbolise l&rsquo;\u00e9nergie, la passion et la confiance, ce qui le rend id\u00e9al pour cr\u00e9er des exp\u00e9riences de marque m\u00e9morables. Les sacs rouges en jute ou en coton renforcent non seulement votre message marketing, mais d\u00e9montrent \u00e9galement l&rsquo;engagement de votre entreprise en faveur des produits durables et r\u00e9utilisables. <\/span><\/p>\n<h3>Durable et r\u00e9utilisable pour une exposition maximale de la marque<\/h3>\n<p><span style=\"font-weight: 400;\">Nos sacs rouges sont fabriqu\u00e9s \u00e0 partir de jute ou de coton de haute qualit\u00e9, con\u00e7us pour r\u00e9sister \u00e0 un usage r\u00e9p\u00e9t\u00e9. Qu&rsquo;ils soient distribu\u00e9s lors d&rsquo;\u00e9v\u00e9nements ou propos\u00e9s dans le cadre de promotions au d\u00e9tail, ils offrent une visibilit\u00e9 permanente \u00e0 votre marque et constituent une solution pratique pour les entreprises qui cherchent \u00e0 renforcer leur impact marketing B2B. <\/span><\/p>\n<h3>Options de personnalisation pour la marque de l&rsquo;entreprise<\/h3>\n<p><span style=\"font-weight: 400;\">Les sacs rouges peuvent \u00eatre enti\u00e8rement personnalis\u00e9s avec le logo de votre entreprise, votre slogan ou des graphiques sp\u00e9cifiques \u00e0 l&rsquo;\u00e9v\u00e9nement. Ces sacs personnalis\u00e9s sont id\u00e9aux pour : <\/span><\/p>\n<ul>\n<li style=\"font-weight: 400;\" aria-level=\"1\"><span style=\"font-weight: 400;\">\u00c9v\u00e9nements d&rsquo;entreprise et salons professionnels<\/span><span style=\"font-weight: 400;\">\n<p><\/span><\/li>\n<li style=\"font-weight: 400;\" aria-level=\"1\"><span style=\"font-weight: 400;\">Programmes de cadeaux pour les employ\u00e9s et dossiers d&rsquo;accueil<\/span><span style=\"font-weight: 400;\">\n<p><\/span><\/li>\n<li style=\"font-weight: 400;\" aria-level=\"1\"><span style=\"font-weight: 400;\">Sacs publicitaires de marque pour les conf\u00e9rences et les campagnes promotionnelles<\/span><span style=\"font-weight: 400;\">\n<p><\/span><\/li>\n<\/ul>\n<h3><b>Applications B2B des sacs de marque rouge<\/b><\/h3>\n<ul>\n<li style=\"font-weight: 400;\" aria-level=\"1\"><b>\u00c9v\u00e9nements d&rsquo;entreprise et conf\u00e9rences :<\/b><span style=\"font-weight: 400;\"> Impressionnez les participants avec des sacs rouges r\u00e9utilisables qui laissent une impression professionnelle durable.<\/span><span style=\"font-weight: 400;\">\n<p><\/span><\/li>\n<li style=\"font-weight: 400;\" aria-level=\"1\"><b>Promotions dans le commerce de d\u00e9tail :<\/b><span style=\"font-weight: 400;\"> Offrez des sacs rouges de marque pour cr\u00e9er une exp\u00e9rience d&rsquo;achat de qualit\u00e9, encourager la fid\u00e9lit\u00e9 et mettre en avant votre approche durable.<\/span><span style=\"font-weight: 400;\">\n<p><\/span><\/li>\n<li style=\"font-weight: 400;\" aria-level=\"1\"><b>Cadeaux pour les employ\u00e9s :<\/b><span style=\"font-weight: 400;\"> R\u00e9compensez les employ\u00e9s avec des sacs rouges de haute qualit\u00e9 pour les programmes de reconnaissance, les \u00e9tapes importantes ou les packs de bienvenue.<\/span><span style=\"font-weight: 400;\">\n<p><\/span><\/li>\n<li style=\"font-weight: 400;\" aria-level=\"1\"><b>Sacs \u00e0 distribuer lors d&rsquo;\u00e9v\u00e9nements :<\/b><span style=\"font-weight: 400;\"> Utilisez des sacs de marque rouge comme cadeaux lors de salons professionnels ou d&rsquo;\u00e9v\u00e9nements promotionnels afin d&rsquo;accro\u00eetre la notori\u00e9t\u00e9 de la marque et la m\u00e9morisation.<\/span><span style=\"font-weight: 400;\">\n<p><\/span><\/li>\n<\/ul>\n<h2>Durabilit\u00e9 et valeur \u00e0 long terme<\/h2>\n<p><span style=\"font-weight: 400;\">Les sacs en jute ou en coton rouge t\u00e9moignent de l&rsquo;engagement de votre entreprise en faveur du d\u00e9veloppement durable. Les sacs r\u00e9utilisables r\u00e9duisent la d\u00e9pendance \u00e0 l&rsquo;\u00e9gard des plastiques \u00e0 usage unique et associent votre marque \u00e0 des pratiques respectueuses de l&rsquo;environnement, ce qui ajoute une r\u00e9elle valeur \u00e0 vos efforts de marketing B2B. <\/span><\/p>\n<h2>Pr\u00eat \u00e0 am\u00e9liorer votre marketing B2B avec Red Bags ?<\/h2>\n<p><span style=\"font-weight: 400;\">Faites appel \u00e0 GoJute pour commander des sacs rouges personnalis\u00e9s pour des \u00e9v\u00e9nements d&rsquo;entreprise, des campagnes de vente au d\u00e9tail, des cadeaux pour les employ\u00e9s ou des cadeaux pour des \u00e9v\u00e9nements. Contactez-nous d\u00e8s aujourd&rsquo;hui pour discuter des commandes en gros, des designs personnalis\u00e9s et des options de prix pour les entreprises de toutes tailles. <\/span><\/p>\n<p><a href=\"https:\/\/gojuteinternational.com\/fr\/nous-contacter\/\"><span style=\"font-weight: 400;\">Nous contacter<\/span><\/a><\/p>\n\t\t\t\t\t\t<\/div>\n\t\t\t\t<\/div>\n\t\t\t\t\t<\/div>\n\t\t<\/div>\n\t\t\t\t\t\t\t<\/div>\n\t\t<\/section>\n\t\t\t\t\t\t\t<\/div>\n\t\t","protected":false},"excerpt":{"rendered":"<p>Sacs rouges pour le marketing B2B Les sacs de marque rouges sont une solution marketing audacieuse et accrocheuse pour les entreprises qui souhaitent faire forte impression. Id\u00e9aux pour les \u00e9v\u00e9nements d&rsquo;entreprise, les promotions dans le commerce de d\u00e9tail, les programmes de reconnaissance des employ\u00e9s et les cadeaux publicitaires, ces sacs r\u00e9utilisables en jute et en [&hellip;]<\/p>\n","protected":false},"author":6996,"featured_media":0,"parent":91102,"menu_order":0,"comment_status":"closed","ping_status":"closed","template":"elementor_header_footer","meta":{"content-type":"","_monsterinsights_skip_tracking":false,"_monsterinsights_sitenote_active":false,"_monsterinsights_sitenote_note":"","_monsterinsights_sitenote_category":0,"footnotes":""},"class_list":["post-90942","page","type-page","status-publish","hentry"],"yoast_head":"<!-- This site is optimized with the Yoast SEO plugin v21.7 - https:\/\/yoast.com\/wordpress\/plugins\/seo\/ -->\n<title>sac de jute rouge<\/title>\n<meta name=\"description\" content=\"D\u00e9couvrez les sacs rouges en jute et en coton pour le marketing B2B. Parfaits pour les \u00e9v\u00e9nements d&#039;entreprise, les promotions dans le commerce de d\u00e9tail, les cadeaux aux employ\u00e9s et les cadeaux de marque.\" \/>\n<meta name=\"robots\" content=\"index, follow, max-snippet:-1, max-image-preview:large, max-video-preview:-1\" \/>\n<link rel=\"canonical\" href=\"https:\/\/gojuteinternational.com\/fr\/coloured-tote-bags\/red-bags\/\" \/>\n<meta property=\"og:locale\" content=\"fr_FR\" \/>\n<meta property=\"og:type\" content=\"article\" \/>\n<meta property=\"og:title\" content=\"sac de jute rouge\" \/>\n<meta property=\"og:description\" content=\"D\u00e9couvrez les sacs rouges en jute et en coton pour le marketing B2B. Parfaits pour les \u00e9v\u00e9nements d&#039;entreprise, les promotions dans le commerce de d\u00e9tail, les cadeaux aux employ\u00e9s et les cadeaux de marque.\" \/>\n<meta property=\"og:url\" content=\"https:\/\/gojuteinternational.com\/fr\/coloured-tote-bags\/red-bags\/\" \/>\n<meta property=\"og:site_name\" content=\"GoJute International\" \/>\n<meta property=\"article:publisher\" content=\"https:\/\/www.facebook.com\/gojute\" \/>\n<meta property=\"article:modified_time\" content=\"2025-09-16T11:14:19+00:00\" \/>\n<meta name=\"twitter:card\" content=\"summary_large_image\" \/>\n<meta name=\"twitter:label1\" content=\"Dur\u00e9e de lecture estim\u00e9e\" \/>\n\t<meta name=\"twitter:data1\" content=\"3 minutes\" \/>\n<script type=\"application\/ld+json\" class=\"yoast-schema-graph\">{\"@context\":\"https:\/\/schema.org\",\"@graph\":[{\"@type\":\"WebPage\",\"@id\":\"https:\/\/gojuteinternational.com\/fr\/coloured-tote-bags\/red-bags\/\",\"url\":\"https:\/\/gojuteinternational.com\/fr\/coloured-tote-bags\/red-bags\/\",\"name\":\"sac de jute rouge\",\"isPartOf\":{\"@id\":\"https:\/\/gojuteinternational.com\/fr\/#website\"},\"datePublished\":\"2025-09-10T07:02:03+00:00\",\"dateModified\":\"2025-09-16T11:14:19+00:00\",\"description\":\"D\u00e9couvrez les sacs rouges en jute et en coton pour le marketing B2B. Parfaits pour les \u00e9v\u00e9nements d'entreprise, les promotions dans le commerce de d\u00e9tail, les cadeaux aux employ\u00e9s et les cadeaux de marque.\",\"breadcrumb\":{\"@id\":\"https:\/\/gojuteinternational.com\/fr\/coloured-tote-bags\/red-bags\/#breadcrumb\"},\"inLanguage\":\"fr-FR\",\"potentialAction\":[{\"@type\":\"ReadAction\",\"target\":[\"https:\/\/gojuteinternational.com\/fr\/coloured-tote-bags\/red-bags\/\"]}]},{\"@type\":\"BreadcrumbList\",\"@id\":\"https:\/\/gojuteinternational.com\/fr\/coloured-tote-bags\/red-bags\/#breadcrumb\",\"itemListElement\":[{\"@type\":\"ListItem\",\"position\":1,\"name\":\"Home\",\"item\":\"https:\/\/gojuteinternational.com\/fr\/\"},{\"@type\":\"ListItem\",\"position\":2,\"name\":\"Sacs rouges pour le marketing B2B\"}]},{\"@type\":\"WebSite\",\"@id\":\"https:\/\/gojuteinternational.com\/fr\/#website\",\"url\":\"https:\/\/gojuteinternational.com\/fr\/\",\"name\":\"GoJute International\",\"description\":\"Printed bags for business\",\"publisher\":{\"@id\":\"https:\/\/gojuteinternational.com\/fr\/#organization\"},\"alternateName\":\"GoJute\",\"potentialAction\":[{\"@type\":\"SearchAction\",\"target\":{\"@type\":\"EntryPoint\",\"urlTemplate\":\"https:\/\/gojuteinternational.com\/fr\/?s={search_term_string}\"},\"query-input\":\"required name=search_term_string\"}],\"inLanguage\":\"fr-FR\"},{\"@type\":\"Organization\",\"@id\":\"https:\/\/gojuteinternational.com\/fr\/#organization\",\"name\":\"GoJute International\",\"alternateName\":\"GoJute\",\"url\":\"https:\/\/gojuteinternational.com\/fr\/\",\"logo\":{\"@type\":\"ImageObject\",\"inLanguage\":\"fr-FR\",\"@id\":\"https:\/\/gojuteinternational.com\/fr\/#\/schema\/logo\/image\/\",\"url\":\"https:\/\/gojuteinternational.com\/wp-content\/uploads\/2022\/06\/GoJute-Logo-RGB.png\",\"contentUrl\":\"https:\/\/gojuteinternational.com\/wp-content\/uploads\/2022\/06\/GoJute-Logo-RGB.png\",\"width\":2000,\"height\":1809,\"caption\":\"GoJute International\"},\"image\":{\"@id\":\"https:\/\/gojuteinternational.com\/fr\/#\/schema\/logo\/image\/\"},\"sameAs\":[\"https:\/\/www.facebook.com\/gojute\",\"https:\/\/www.instagram.com\/gojute\/\"]}]}<\/script>\n<!-- \/ Yoast SEO plugin. -->","yoast_head_json":{"title":"sac de jute rouge","description":"D\u00e9couvrez les sacs rouges en jute et en coton pour le marketing B2B. Parfaits pour les \u00e9v\u00e9nements d'entreprise, les promotions dans le commerce de d\u00e9tail, les cadeaux aux employ\u00e9s et les cadeaux de marque.","robots":{"index":"index","follow":"follow","max-snippet":"max-snippet:-1","max-image-preview":"max-image-preview:large","max-video-preview":"max-video-preview:-1"},"canonical":"https:\/\/gojuteinternational.com\/fr\/coloured-tote-bags\/red-bags\/","og_locale":"fr_FR","og_type":"article","og_title":"sac de jute rouge","og_description":"D\u00e9couvrez les sacs rouges en jute et en coton pour le marketing B2B. Parfaits pour les \u00e9v\u00e9nements d'entreprise, les promotions dans le commerce de d\u00e9tail, les cadeaux aux employ\u00e9s et les cadeaux de marque.","og_url":"https:\/\/gojuteinternational.com\/fr\/coloured-tote-bags\/red-bags\/","og_site_name":"GoJute International","article_publisher":"https:\/\/www.facebook.com\/gojute","article_modified_time":"2025-09-16T11:14:19+00:00","twitter_card":"summary_large_image","twitter_misc":{"Dur\u00e9e de lecture estim\u00e9e":"3 minutes"},"schema":{"@context":"https:\/\/schema.org","@graph":[{"@type":"WebPage","@id":"https:\/\/gojuteinternational.com\/fr\/coloured-tote-bags\/red-bags\/","url":"https:\/\/gojuteinternational.com\/fr\/coloured-tote-bags\/red-bags\/","name":"sac de jute rouge","isPartOf":{"@id":"https:\/\/gojuteinternational.com\/fr\/#website"},"datePublished":"2025-09-10T07:02:03+00:00","dateModified":"2025-09-16T11:14:19+00:00","description":"D\u00e9couvrez les sacs rouges en jute et en coton pour le marketing B2B. Parfaits pour les \u00e9v\u00e9nements d'entreprise, les promotions dans le commerce de d\u00e9tail, les cadeaux aux employ\u00e9s et les cadeaux de marque.","breadcrumb":{"@id":"https:\/\/gojuteinternational.com\/fr\/coloured-tote-bags\/red-bags\/#breadcrumb"},"inLanguage":"fr-FR","potentialAction":[{"@type":"ReadAction","target":["https:\/\/gojuteinternational.com\/fr\/coloured-tote-bags\/red-bags\/"]}]},{"@type":"BreadcrumbList","@id":"https:\/\/gojuteinternational.com\/fr\/coloured-tote-bags\/red-bags\/#breadcrumb","itemListElement":[{"@type":"ListItem","position":1,"name":"Home","item":"https:\/\/gojuteinternational.com\/fr\/"},{"@type":"ListItem","position":2,"name":"Sacs rouges pour le marketing B2B"}]},{"@type":"WebSite","@id":"https:\/\/gojuteinternational.com\/fr\/#website","url":"https:\/\/gojuteinternational.com\/fr\/","name":"GoJute International","description":"Printed bags for business","publisher":{"@id":"https:\/\/gojuteinternational.com\/fr\/#organization"},"alternateName":"GoJute","potentialAction":[{"@type":"SearchAction","target":{"@type":"EntryPoint","urlTemplate":"https:\/\/gojuteinternational.com\/fr\/?s={search_term_string}"},"query-input":"required name=search_term_string"}],"inLanguage":"fr-FR"},{"@type":"Organization","@id":"https:\/\/gojuteinternational.com\/fr\/#organization","name":"GoJute International","alternateName":"GoJute","url":"https:\/\/gojuteinternational.com\/fr\/","logo":{"@type":"ImageObject","inLanguage":"fr-FR","@id":"https:\/\/gojuteinternational.com\/fr\/#\/schema\/logo\/image\/","url":"https:\/\/gojuteinternational.com\/wp-content\/uploads\/2022\/06\/GoJute-Logo-RGB.png","contentUrl":"https:\/\/gojuteinternational.com\/wp-content\/uploads\/2022\/06\/GoJute-Logo-RGB.png","width":2000,"height":1809,"caption":"GoJute International"},"image":{"@id":"https:\/\/gojuteinternational.com\/fr\/#\/schema\/logo\/image\/"},"sameAs":["https:\/\/www.facebook.com\/gojute","https:\/\/www.instagram.com\/gojute\/"]}]}},"_links":{"self":[{"href":"https:\/\/gojuteinternational.com\/fr\/wp-json\/wp\/v2\/pages\/90942","targetHints":{"allow":["GET"]}}],"collection":[{"href":"https:\/\/gojuteinternational.com\/fr\/wp-json\/wp\/v2\/pages"}],"about":[{"href":"https:\/\/gojuteinternational.com\/fr\/wp-json\/wp\/v2\/types\/page"}],"author":[{"embeddable":true,"href":"https:\/\/gojuteinternational.com\/fr\/wp-json\/wp\/v2\/users\/6996"}],"replies":[{"embeddable":true,"href":"https:\/\/gojuteinternational.com\/fr\/wp-json\/wp\/v2\/comments?post=90942"}],"version-history":[{"count":2,"href":"https:\/\/gojuteinternational.com\/fr\/wp-json\/wp\/v2\/pages\/90942\/revisions"}],"predecessor-version":[{"id":90951,"href":"https:\/\/gojuteinternational.com\/fr\/wp-json\/wp\/v2\/pages\/90942\/revisions\/90951"}],"up":[{"embeddable":true,"href":"https:\/\/gojuteinternational.com\/fr\/wp-json\/wp\/v2\/pages\/91102"}],"wp:attachment":[{"href":"https:\/\/gojuteinternational.com\/fr\/wp-json\/wp\/v2\/media?parent=90942"}],"curies":[{"name":"wp","href":"https:\/\/api.w.org\/{rel}","templated":true}]}}