{"id":90972,"date":"2025-09-10T08:20:32","date_gmt":"2025-09-10T07:20:32","guid":{"rendered":"https:\/\/gojuteinternational.com\/yellow-bags-for-b2b-marketing\/"},"modified":"2025-09-16T12:14:59","modified_gmt":"2025-09-16T11:14:59","slug":"yellow-bags","status":"publish","type":"page","link":"https:\/\/gojuteinternational.com\/fr\/coloured-tote-bags\/yellow-bags\/","title":{"rendered":"Les sacs jaunes pour le marketing B2B"},"content":{"rendered":"\t\t<div data-elementor-type=\"wp-page\" data-elementor-id=\"90972\" class=\"elementor elementor-90972 elementor-90964\" data-elementor-post-type=\"page\">\n\t\t\t\t\t\t\t\t\t<section class=\"elementor-section elementor-top-section elementor-element elementor-element-2cc0c0a elementor-section-boxed elementor-section-height-default elementor-section-height-default\" data-id=\"2cc0c0a\" data-element_type=\"section\">\n\t\t\t\t\t\t<div class=\"elementor-container elementor-column-gap-default\">\n\t\t\t\t\t<div class=\"elementor-column elementor-col-100 elementor-top-column elementor-element elementor-element-8428beb\" data-id=\"8428beb\" data-element_type=\"column\">\n\t\t\t<div class=\"elementor-widget-wrap elementor-element-populated\">\n\t\t\t\t\t\t\t\t<div class=\"elementor-element elementor-element-9aa9821 elementor-widget elementor-widget-spacer\" data-id=\"9aa9821\" data-element_type=\"widget\" data-widget_type=\"spacer.default\">\n\t\t\t\t<div class=\"elementor-widget-container\">\n\t\t\t<style>\/*! elementor - v3.18.0 - 20-12-2023 *\/\n.elementor-column .elementor-spacer-inner{height:var(--spacer-size)}.e-con{--container-widget-width:100%}.e-con-inner>.elementor-widget-spacer,.e-con>.elementor-widget-spacer{width:var(--container-widget-width,var(--spacer-size));--align-self:var(--container-widget-align-self,initial);--flex-shrink:0}.e-con-inner>.elementor-widget-spacer>.elementor-widget-container,.e-con>.elementor-widget-spacer>.elementor-widget-container{height:100%;width:100%}.e-con-inner>.elementor-widget-spacer>.elementor-widget-container>.elementor-spacer,.e-con>.elementor-widget-spacer>.elementor-widget-container>.elementor-spacer{height:100%}.e-con-inner>.elementor-widget-spacer>.elementor-widget-container>.elementor-spacer>.elementor-spacer-inner,.e-con>.elementor-widget-spacer>.elementor-widget-container>.elementor-spacer>.elementor-spacer-inner{height:var(--container-widget-height,var(--spacer-size))}.e-con-inner>.elementor-widget-spacer.elementor-widget-empty,.e-con>.elementor-widget-spacer.elementor-widget-empty{position:relative;min-height:22px;min-width:22px}.e-con-inner>.elementor-widget-spacer.elementor-widget-empty .elementor-widget-empty-icon,.e-con>.elementor-widget-spacer.elementor-widget-empty .elementor-widget-empty-icon{position:absolute;top:0;bottom:0;left:0;right:0;margin:auto;padding:0;width:22px;height:22px}<\/style>\t\t<div class=\"elementor-spacer\">\n\t\t\t<div class=\"elementor-spacer-inner\"><\/div>\n\t\t<\/div>\n\t\t\t\t<\/div>\n\t\t\t\t<\/div>\n\t\t\t\t<div class=\"elementor-element elementor-element-4dab332 elementor-widget elementor-widget-heading\" data-id=\"4dab332\" data-element_type=\"widget\" data-widget_type=\"heading.default\">\n\t\t\t\t<div class=\"elementor-widget-container\">\n\t\t\t<style>\/*! elementor - v3.18.0 - 20-12-2023 *\/\n.elementor-heading-title{padding:0;margin:0;line-height:1}.elementor-widget-heading .elementor-heading-title[class*=elementor-size-]>a{color:inherit;font-size:inherit;line-height:inherit}.elementor-widget-heading .elementor-heading-title.elementor-size-small{font-size:15px}.elementor-widget-heading .elementor-heading-title.elementor-size-medium{font-size:19px}.elementor-widget-heading .elementor-heading-title.elementor-size-large{font-size:29px}.elementor-widget-heading .elementor-heading-title.elementor-size-xl{font-size:39px}.elementor-widget-heading .elementor-heading-title.elementor-size-xxl{font-size:59px}<\/style><h1 class=\"elementor-heading-title elementor-size-default\">Les sacs jaunes pour le marketing B2B<\/h1>\t\t<\/div>\n\t\t\t\t<\/div>\n\t\t\t\t<div class=\"elementor-element elementor-element-b56c6e5 elementor-widget elementor-widget-text-editor\" data-id=\"b56c6e5\" data-element_type=\"widget\" data-widget_type=\"text-editor.default\">\n\t\t\t\t<div class=\"elementor-widget-container\">\n\t\t\t<style>\/*! elementor - v3.18.0 - 20-12-2023 *\/\n.elementor-widget-text-editor.elementor-drop-cap-view-stacked .elementor-drop-cap{background-color:#69727d;color:#fff}.elementor-widget-text-editor.elementor-drop-cap-view-framed .elementor-drop-cap{color:#69727d;border:3px solid;background-color:transparent}.elementor-widget-text-editor:not(.elementor-drop-cap-view-default) .elementor-drop-cap{margin-top:8px}.elementor-widget-text-editor:not(.elementor-drop-cap-view-default) .elementor-drop-cap-letter{width:1em;height:1em}.elementor-widget-text-editor .elementor-drop-cap{float:left;text-align:center;line-height:1;font-size:50px}.elementor-widget-text-editor .elementor-drop-cap-letter{display:inline-block}<\/style>\t\t\t\t<p><span style=\"font-weight: 400;\">Les sacs de marque jaunes sont un choix vibrant et pratique pour les entreprises qui cherchent \u00e0 faire une impression audacieuse. Id\u00e9aux pour les \u00e9v\u00e9nements d&rsquo;entreprise, les promotions dans le commerce de d\u00e9tail, la reconnaissance des employ\u00e9s et les cadeaux publicitaires, ces sacs r\u00e9utilisables en jute et en coton allient fonctionnalit\u00e9 et forte pr\u00e9sence visuelle, ce qui permet \u00e0 votre marque de se d\u00e9marquer dans les campagnes de marketing interentreprises. <\/span><\/p>\n<h2>Pourquoi choisir les sacs jaunes pour votre marketing B2B<\/h2>\n<p><span style=\"font-weight: 400;\">Le jaune symbolise l&rsquo;\u00e9nergie, l&rsquo;optimisme et la cr\u00e9ativit\u00e9. L&rsquo;utilisation de sacs jaunes dans vos campagnes communique une image de marque positive et dynamique tout en soutenant les initiatives de d\u00e9veloppement durable. <\/span><\/p>\n<h3>Durable et r\u00e9utilisable pour un impact maximal de la marque<\/h3>\n<p><span style=\"font-weight: 400;\">Fabriqu\u00e9s \u00e0 partir de jute ou de coton de premi\u00e8re qualit\u00e9, les sacs jaunes sont con\u00e7us pour durer et pour un usage r\u00e9p\u00e9t\u00e9, offrant \u00e0 votre marque une visibilit\u00e9 \u00e0 long terme. Ils constituent une alternative \u00e9cologique aux sacs jetables tout en renfor\u00e7ant vos efforts de marketing. <\/span><\/p>\n<h3>Options de personnalisation pour la marque de l&rsquo;entreprise<\/h3>\n<p><span style=\"font-weight: 400;\">Les sacs jaunes peuvent \u00eatre personnalis\u00e9s avec des logos, des slogans ou des graphiques sp\u00e9cifiques \u00e0 un \u00e9v\u00e9nement. Les principales applications sont les suivantes : <\/span><\/p>\n<ul>\n<li style=\"font-weight: 400;\" aria-level=\"1\"><span style=\"font-weight: 400;\">\u00c9v\u00e9nements d&rsquo;entreprise et salons professionnels<\/span><span style=\"font-weight: 400;\">\n<p><\/span><\/li>\n<li style=\"font-weight: 400;\" aria-level=\"1\"><span style=\"font-weight: 400;\">Promotions au d\u00e9tail et cadeaux pour les clients<\/span><span style=\"font-weight: 400;\">\n<p><\/span><\/li>\n<li style=\"font-weight: 400;\" aria-level=\"1\"><span style=\"font-weight: 400;\">Programmes de cadeaux pour les employ\u00e9s<\/span><span style=\"font-weight: 400;\">\n<p><\/span><\/li>\n<li style=\"font-weight: 400;\" aria-level=\"1\"><span style=\"font-weight: 400;\">Sacs cadeaux pour les conf\u00e9rences et les campagnes de marketing<\/span><span style=\"font-weight: 400;\">\n<p><\/span><\/li>\n<\/ul>\n<h3>Applications B2B des sacs de marque jaune<\/h3>\n<ul>\n<li style=\"font-weight: 400;\" aria-level=\"1\"><b>\u00c9v\u00e9nements d&rsquo;entreprise et conf\u00e9rences :<\/b><span style=\"font-weight: 400;\"> Utilisez des sacs jaune vif pour attirer l&rsquo;attention et laisser une impression m\u00e9morable aux participants.<\/span><span style=\"font-weight: 400;\">\n<p><\/span><\/li>\n<li style=\"font-weight: 400;\" aria-level=\"1\"><b>Promotions au d\u00e9tail :<\/b><span style=\"font-weight: 400;\"> Offrez des sacs jaunes de marque aux clients, cr\u00e9ant ainsi un emballage joyeux et r\u00e9utilisable qui renforce votre marque.<\/span><span style=\"font-weight: 400;\">\n<p><\/span><\/li>\n<li style=\"font-weight: 400;\" aria-level=\"1\"><b>Cadeaux pour les employ\u00e9s :<\/b><span style=\"font-weight: 400;\"> R\u00e9compensez vos employ\u00e9s avec des sacs jaunes de haute qualit\u00e9 pour les \u00e9tapes importantes, les packs d&rsquo;int\u00e9gration ou les programmes de reconnaissance.<\/span><span style=\"font-weight: 400;\">\n<p><\/span><\/li>\n<li style=\"font-weight: 400;\" aria-level=\"1\"><b>Sacs \u00e0 distribuer lors d&rsquo;\u00e9v\u00e9nements :<\/b><span style=\"font-weight: 400;\"> Distribuez des sacs de marque jaune lors d&rsquo;\u00e9v\u00e9nements promotionnels ou de salons professionnels pour renforcer l&rsquo;engagement et la notori\u00e9t\u00e9 de votre marque.<\/span><span style=\"font-weight: 400;\">\n<p><\/span><\/li>\n<\/ul>\n<h2>Durabilit\u00e9 et valeur \u00e0 long terme<\/h2>\n<p><span style=\"font-weight: 400;\">Les sacs jaunes en jute et en coton t\u00e9moignent de l&rsquo;engagement de votre entreprise en faveur du d\u00e9veloppement durable tout en constituant un produit promotionnel r\u00e9utilisable et respectueux de l&rsquo;environnement. Leur longue dur\u00e9e de vie permet \u00e0 votre message marketing de continuer \u00e0 toucher les clients et les consommateurs au fil du temps. <\/span><\/p>\n<h2>Pr\u00eat \u00e0 promouvoir votre marque avec des sacs jaunes ?<\/h2>\n<p><span style=\"font-weight: 400;\">Faites appel \u00e0 GoJute pour commander des sacs jaunes personnalis\u00e9s pour des \u00e9v\u00e9nements d&rsquo;entreprise, des promotions dans le commerce de d\u00e9tail, des cadeaux pour les employ\u00e9s ou des cadeaux pour des \u00e9v\u00e9nements. Discutez d\u00e8s aujourd&rsquo;hui des commandes en gros, des designs personnalis\u00e9s et des options de prix pour les entreprises de toutes tailles. <\/span><\/p>\n<p><a href=\"https:\/\/gojuteinternational.com\/fr\/nous-contacter\/\"><span style=\"font-weight: 400;\">Nous contacter<\/span><\/a><\/p>\n\t\t\t\t\t\t<\/div>\n\t\t\t\t<\/div>\n\t\t\t\t\t<\/div>\n\t\t<\/div>\n\t\t\t\t\t\t\t<\/div>\n\t\t<\/section>\n\t\t\t\t\t\t\t<\/div>\n\t\t","protected":false},"excerpt":{"rendered":"<p>Les sacs jaunes pour le marketing B2B Les sacs de marque jaunes sont un choix vibrant et pratique pour les entreprises qui cherchent \u00e0 faire une impression audacieuse. Id\u00e9aux pour les \u00e9v\u00e9nements d&rsquo;entreprise, les promotions dans le commerce de d\u00e9tail, la reconnaissance des employ\u00e9s et les cadeaux publicitaires, ces sacs r\u00e9utilisables en jute et en [&hellip;]<\/p>\n","protected":false},"author":6996,"featured_media":0,"parent":91102,"menu_order":0,"comment_status":"closed","ping_status":"closed","template":"elementor_header_footer","meta":{"content-type":"","_monsterinsights_skip_tracking":false,"_monsterinsights_sitenote_active":false,"_monsterinsights_sitenote_note":"","_monsterinsights_sitenote_category":0,"footnotes":""},"class_list":["post-90972","page","type-page","status-publish","hentry"],"yoast_head":"<!-- This site is optimized with the Yoast SEO plugin v21.7 - https:\/\/yoast.com\/wordpress\/plugins\/seo\/ -->\n<title>Sacs jaunes pour le marketing B2B | Sacs en jute et coton personnalis\u00e9s pour les entreprises<\/title>\n<meta name=\"description\" content=\"D\u00e9couvrez les sacs jaunes en jute et en coton pour le marketing B2B. Parfaits pour les \u00e9v\u00e9nements d&#039;entreprise, les promotions au d\u00e9tail, les cadeaux aux employ\u00e9s et les cadeaux de marque.\" \/>\n<meta name=\"robots\" content=\"index, follow, max-snippet:-1, max-image-preview:large, max-video-preview:-1\" \/>\n<link rel=\"canonical\" href=\"https:\/\/gojuteinternational.com\/fr\/coloured-tote-bags\/yellow-bags\/\" \/>\n<meta property=\"og:locale\" content=\"fr_FR\" \/>\n<meta property=\"og:type\" content=\"article\" \/>\n<meta property=\"og:title\" content=\"Sacs jaunes pour le marketing B2B | Sacs en jute et coton personnalis\u00e9s pour les entreprises\" \/>\n<meta property=\"og:description\" content=\"D\u00e9couvrez les sacs jaunes en jute et en coton pour le marketing B2B. Parfaits pour les \u00e9v\u00e9nements d&#039;entreprise, les promotions au d\u00e9tail, les cadeaux aux employ\u00e9s et les cadeaux de marque.\" \/>\n<meta property=\"og:url\" content=\"https:\/\/gojuteinternational.com\/fr\/coloured-tote-bags\/yellow-bags\/\" \/>\n<meta property=\"og:site_name\" content=\"GoJute International\" \/>\n<meta property=\"article:publisher\" content=\"https:\/\/www.facebook.com\/gojute\" \/>\n<meta property=\"article:modified_time\" content=\"2025-09-16T11:14:59+00:00\" \/>\n<meta name=\"twitter:card\" content=\"summary_large_image\" \/>\n<meta name=\"twitter:label1\" content=\"Dur\u00e9e de lecture estim\u00e9e\" \/>\n\t<meta name=\"twitter:data1\" content=\"3 minutes\" \/>\n<script type=\"application\/ld+json\" class=\"yoast-schema-graph\">{\"@context\":\"https:\/\/schema.org\",\"@graph\":[{\"@type\":\"WebPage\",\"@id\":\"https:\/\/gojuteinternational.com\/fr\/coloured-tote-bags\/yellow-bags\/\",\"url\":\"https:\/\/gojuteinternational.com\/fr\/coloured-tote-bags\/yellow-bags\/\",\"name\":\"Sacs jaunes pour le marketing B2B | Sacs en jute et coton personnalis\u00e9s pour les entreprises\",\"isPartOf\":{\"@id\":\"https:\/\/gojuteinternational.com\/fr\/#website\"},\"datePublished\":\"2025-09-10T07:20:32+00:00\",\"dateModified\":\"2025-09-16T11:14:59+00:00\",\"description\":\"D\u00e9couvrez les sacs jaunes en jute et en coton pour le marketing B2B. Parfaits pour les \u00e9v\u00e9nements d'entreprise, les promotions au d\u00e9tail, les cadeaux aux employ\u00e9s et les cadeaux de marque.\",\"breadcrumb\":{\"@id\":\"https:\/\/gojuteinternational.com\/fr\/coloured-tote-bags\/yellow-bags\/#breadcrumb\"},\"inLanguage\":\"fr-FR\",\"potentialAction\":[{\"@type\":\"ReadAction\",\"target\":[\"https:\/\/gojuteinternational.com\/fr\/coloured-tote-bags\/yellow-bags\/\"]}]},{\"@type\":\"BreadcrumbList\",\"@id\":\"https:\/\/gojuteinternational.com\/fr\/coloured-tote-bags\/yellow-bags\/#breadcrumb\",\"itemListElement\":[{\"@type\":\"ListItem\",\"position\":1,\"name\":\"Home\",\"item\":\"https:\/\/gojuteinternational.com\/fr\/\"},{\"@type\":\"ListItem\",\"position\":2,\"name\":\"Les sacs jaunes pour le marketing B2B\"}]},{\"@type\":\"WebSite\",\"@id\":\"https:\/\/gojuteinternational.com\/fr\/#website\",\"url\":\"https:\/\/gojuteinternational.com\/fr\/\",\"name\":\"GoJute International\",\"description\":\"Printed bags for business\",\"publisher\":{\"@id\":\"https:\/\/gojuteinternational.com\/fr\/#organization\"},\"alternateName\":\"GoJute\",\"potentialAction\":[{\"@type\":\"SearchAction\",\"target\":{\"@type\":\"EntryPoint\",\"urlTemplate\":\"https:\/\/gojuteinternational.com\/fr\/?s={search_term_string}\"},\"query-input\":\"required name=search_term_string\"}],\"inLanguage\":\"fr-FR\"},{\"@type\":\"Organization\",\"@id\":\"https:\/\/gojuteinternational.com\/fr\/#organization\",\"name\":\"GoJute International\",\"alternateName\":\"GoJute\",\"url\":\"https:\/\/gojuteinternational.com\/fr\/\",\"logo\":{\"@type\":\"ImageObject\",\"inLanguage\":\"fr-FR\",\"@id\":\"https:\/\/gojuteinternational.com\/fr\/#\/schema\/logo\/image\/\",\"url\":\"https:\/\/gojuteinternational.com\/wp-content\/uploads\/2022\/06\/GoJute-Logo-RGB.png\",\"contentUrl\":\"https:\/\/gojuteinternational.com\/wp-content\/uploads\/2022\/06\/GoJute-Logo-RGB.png\",\"width\":2000,\"height\":1809,\"caption\":\"GoJute International\"},\"image\":{\"@id\":\"https:\/\/gojuteinternational.com\/fr\/#\/schema\/logo\/image\/\"},\"sameAs\":[\"https:\/\/www.facebook.com\/gojute\",\"https:\/\/www.instagram.com\/gojute\/\"]}]}<\/script>\n<!-- \/ Yoast SEO plugin. -->","yoast_head_json":{"title":"Sacs jaunes pour le marketing B2B | Sacs en jute et coton personnalis\u00e9s pour les entreprises","description":"D\u00e9couvrez les sacs jaunes en jute et en coton pour le marketing B2B. Parfaits pour les \u00e9v\u00e9nements d'entreprise, les promotions au d\u00e9tail, les cadeaux aux employ\u00e9s et les cadeaux de marque.","robots":{"index":"index","follow":"follow","max-snippet":"max-snippet:-1","max-image-preview":"max-image-preview:large","max-video-preview":"max-video-preview:-1"},"canonical":"https:\/\/gojuteinternational.com\/fr\/coloured-tote-bags\/yellow-bags\/","og_locale":"fr_FR","og_type":"article","og_title":"Sacs jaunes pour le marketing B2B | Sacs en jute et coton personnalis\u00e9s pour les entreprises","og_description":"D\u00e9couvrez les sacs jaunes en jute et en coton pour le marketing B2B. Parfaits pour les \u00e9v\u00e9nements d'entreprise, les promotions au d\u00e9tail, les cadeaux aux employ\u00e9s et les cadeaux de marque.","og_url":"https:\/\/gojuteinternational.com\/fr\/coloured-tote-bags\/yellow-bags\/","og_site_name":"GoJute International","article_publisher":"https:\/\/www.facebook.com\/gojute","article_modified_time":"2025-09-16T11:14:59+00:00","twitter_card":"summary_large_image","twitter_misc":{"Dur\u00e9e de lecture estim\u00e9e":"3 minutes"},"schema":{"@context":"https:\/\/schema.org","@graph":[{"@type":"WebPage","@id":"https:\/\/gojuteinternational.com\/fr\/coloured-tote-bags\/yellow-bags\/","url":"https:\/\/gojuteinternational.com\/fr\/coloured-tote-bags\/yellow-bags\/","name":"Sacs jaunes pour le marketing B2B | Sacs en jute et coton personnalis\u00e9s pour les entreprises","isPartOf":{"@id":"https:\/\/gojuteinternational.com\/fr\/#website"},"datePublished":"2025-09-10T07:20:32+00:00","dateModified":"2025-09-16T11:14:59+00:00","description":"D\u00e9couvrez les sacs jaunes en jute et en coton pour le marketing B2B. Parfaits pour les \u00e9v\u00e9nements d'entreprise, les promotions au d\u00e9tail, les cadeaux aux employ\u00e9s et les cadeaux de marque.","breadcrumb":{"@id":"https:\/\/gojuteinternational.com\/fr\/coloured-tote-bags\/yellow-bags\/#breadcrumb"},"inLanguage":"fr-FR","potentialAction":[{"@type":"ReadAction","target":["https:\/\/gojuteinternational.com\/fr\/coloured-tote-bags\/yellow-bags\/"]}]},{"@type":"BreadcrumbList","@id":"https:\/\/gojuteinternational.com\/fr\/coloured-tote-bags\/yellow-bags\/#breadcrumb","itemListElement":[{"@type":"ListItem","position":1,"name":"Home","item":"https:\/\/gojuteinternational.com\/fr\/"},{"@type":"ListItem","position":2,"name":"Les sacs jaunes pour le marketing B2B"}]},{"@type":"WebSite","@id":"https:\/\/gojuteinternational.com\/fr\/#website","url":"https:\/\/gojuteinternational.com\/fr\/","name":"GoJute International","description":"Printed bags for business","publisher":{"@id":"https:\/\/gojuteinternational.com\/fr\/#organization"},"alternateName":"GoJute","potentialAction":[{"@type":"SearchAction","target":{"@type":"EntryPoint","urlTemplate":"https:\/\/gojuteinternational.com\/fr\/?s={search_term_string}"},"query-input":"required name=search_term_string"}],"inLanguage":"fr-FR"},{"@type":"Organization","@id":"https:\/\/gojuteinternational.com\/fr\/#organization","name":"GoJute International","alternateName":"GoJute","url":"https:\/\/gojuteinternational.com\/fr\/","logo":{"@type":"ImageObject","inLanguage":"fr-FR","@id":"https:\/\/gojuteinternational.com\/fr\/#\/schema\/logo\/image\/","url":"https:\/\/gojuteinternational.com\/wp-content\/uploads\/2022\/06\/GoJute-Logo-RGB.png","contentUrl":"https:\/\/gojuteinternational.com\/wp-content\/uploads\/2022\/06\/GoJute-Logo-RGB.png","width":2000,"height":1809,"caption":"GoJute International"},"image":{"@id":"https:\/\/gojuteinternational.com\/fr\/#\/schema\/logo\/image\/"},"sameAs":["https:\/\/www.facebook.com\/gojute","https:\/\/www.instagram.com\/gojute\/"]}]}},"_links":{"self":[{"href":"https:\/\/gojuteinternational.com\/fr\/wp-json\/wp\/v2\/pages\/90972","targetHints":{"allow":["GET"]}}],"collection":[{"href":"https:\/\/gojuteinternational.com\/fr\/wp-json\/wp\/v2\/pages"}],"about":[{"href":"https:\/\/gojuteinternational.com\/fr\/wp-json\/wp\/v2\/types\/page"}],"author":[{"embeddable":true,"href":"https:\/\/gojuteinternational.com\/fr\/wp-json\/wp\/v2\/users\/6996"}],"replies":[{"embeddable":true,"href":"https:\/\/gojuteinternational.com\/fr\/wp-json\/wp\/v2\/comments?post=90972"}],"version-history":[{"count":1,"href":"https:\/\/gojuteinternational.com\/fr\/wp-json\/wp\/v2\/pages\/90972\/revisions"}],"predecessor-version":[{"id":90974,"href":"https:\/\/gojuteinternational.com\/fr\/wp-json\/wp\/v2\/pages\/90972\/revisions\/90974"}],"up":[{"embeddable":true,"href":"https:\/\/gojuteinternational.com\/fr\/wp-json\/wp\/v2\/pages\/91102"}],"wp:attachment":[{"href":"https:\/\/gojuteinternational.com\/fr\/wp-json\/wp\/v2\/media?parent=90972"}],"curies":[{"name":"wp","href":"https:\/\/api.w.org\/{rel}","templated":true}]}}