{"id":90988,"date":"2025-09-10T08:55:21","date_gmt":"2025-09-10T07:55:21","guid":{"rendered":"https:\/\/gojuteinternational.com\/white-bags-for-b2b-marketing\/"},"modified":"2025-09-16T12:14:47","modified_gmt":"2025-09-16T11:14:47","slug":"white-bags","status":"publish","type":"page","link":"https:\/\/gojuteinternational.com\/fr\/coloured-tote-bags\/white-bags\/","title":{"rendered":"Sacs blancs pour le marketing B2B"},"content":{"rendered":"\t\t<div data-elementor-type=\"wp-page\" data-elementor-id=\"90988\" class=\"elementor elementor-90988 elementor-90985\" data-elementor-post-type=\"page\">\n\t\t\t\t\t\t\t\t\t<section class=\"elementor-section elementor-top-section elementor-element elementor-element-ebcc942 elementor-section-boxed elementor-section-height-default elementor-section-height-default\" data-id=\"ebcc942\" data-element_type=\"section\">\n\t\t\t\t\t\t<div class=\"elementor-container elementor-column-gap-default\">\n\t\t\t\t\t<div class=\"elementor-column elementor-col-100 elementor-top-column elementor-element elementor-element-213fbbf\" data-id=\"213fbbf\" data-element_type=\"column\">\n\t\t\t<div class=\"elementor-widget-wrap elementor-element-populated\">\n\t\t\t\t\t\t\t\t<div class=\"elementor-element elementor-element-61eef04 elementor-widget elementor-widget-spacer\" data-id=\"61eef04\" data-element_type=\"widget\" data-widget_type=\"spacer.default\">\n\t\t\t\t<div class=\"elementor-widget-container\">\n\t\t\t<style>\/*! elementor - v3.18.0 - 20-12-2023 *\/\n.elementor-column .elementor-spacer-inner{height:var(--spacer-size)}.e-con{--container-widget-width:100%}.e-con-inner>.elementor-widget-spacer,.e-con>.elementor-widget-spacer{width:var(--container-widget-width,var(--spacer-size));--align-self:var(--container-widget-align-self,initial);--flex-shrink:0}.e-con-inner>.elementor-widget-spacer>.elementor-widget-container,.e-con>.elementor-widget-spacer>.elementor-widget-container{height:100%;width:100%}.e-con-inner>.elementor-widget-spacer>.elementor-widget-container>.elementor-spacer,.e-con>.elementor-widget-spacer>.elementor-widget-container>.elementor-spacer{height:100%}.e-con-inner>.elementor-widget-spacer>.elementor-widget-container>.elementor-spacer>.elementor-spacer-inner,.e-con>.elementor-widget-spacer>.elementor-widget-container>.elementor-spacer>.elementor-spacer-inner{height:var(--container-widget-height,var(--spacer-size))}.e-con-inner>.elementor-widget-spacer.elementor-widget-empty,.e-con>.elementor-widget-spacer.elementor-widget-empty{position:relative;min-height:22px;min-width:22px}.e-con-inner>.elementor-widget-spacer.elementor-widget-empty .elementor-widget-empty-icon,.e-con>.elementor-widget-spacer.elementor-widget-empty .elementor-widget-empty-icon{position:absolute;top:0;bottom:0;left:0;right:0;margin:auto;padding:0;width:22px;height:22px}<\/style>\t\t<div class=\"elementor-spacer\">\n\t\t\t<div class=\"elementor-spacer-inner\"><\/div>\n\t\t<\/div>\n\t\t\t\t<\/div>\n\t\t\t\t<\/div>\n\t\t\t\t<div class=\"elementor-element elementor-element-b4cdc08 elementor-widget elementor-widget-heading\" data-id=\"b4cdc08\" data-element_type=\"widget\" data-widget_type=\"heading.default\">\n\t\t\t\t<div class=\"elementor-widget-container\">\n\t\t\t<style>\/*! elementor - v3.18.0 - 20-12-2023 *\/\n.elementor-heading-title{padding:0;margin:0;line-height:1}.elementor-widget-heading .elementor-heading-title[class*=elementor-size-]>a{color:inherit;font-size:inherit;line-height:inherit}.elementor-widget-heading .elementor-heading-title.elementor-size-small{font-size:15px}.elementor-widget-heading .elementor-heading-title.elementor-size-medium{font-size:19px}.elementor-widget-heading .elementor-heading-title.elementor-size-large{font-size:29px}.elementor-widget-heading .elementor-heading-title.elementor-size-xl{font-size:39px}.elementor-widget-heading .elementor-heading-title.elementor-size-xxl{font-size:59px}<\/style><h1 class=\"elementor-heading-title elementor-size-default\">Sacs blancs pour le marketing B2B<\/h1>\t\t<\/div>\n\t\t\t\t<\/div>\n\t\t\t\t<div class=\"elementor-element elementor-element-b63c4a9 elementor-widget elementor-widget-spacer\" data-id=\"b63c4a9\" data-element_type=\"widget\" data-widget_type=\"spacer.default\">\n\t\t\t\t<div class=\"elementor-widget-container\">\n\t\t\t\t\t<div class=\"elementor-spacer\">\n\t\t\t<div class=\"elementor-spacer-inner\"><\/div>\n\t\t<\/div>\n\t\t\t\t<\/div>\n\t\t\t\t<\/div>\n\t\t\t\t<div class=\"elementor-element elementor-element-be01922 elementor-widget elementor-widget-text-editor\" data-id=\"be01922\" data-element_type=\"widget\" data-widget_type=\"text-editor.default\">\n\t\t\t\t<div class=\"elementor-widget-container\">\n\t\t\t<style>\/*! elementor - v3.18.0 - 20-12-2023 *\/\n.elementor-widget-text-editor.elementor-drop-cap-view-stacked .elementor-drop-cap{background-color:#69727d;color:#fff}.elementor-widget-text-editor.elementor-drop-cap-view-framed .elementor-drop-cap{color:#69727d;border:3px solid;background-color:transparent}.elementor-widget-text-editor:not(.elementor-drop-cap-view-default) .elementor-drop-cap{margin-top:8px}.elementor-widget-text-editor:not(.elementor-drop-cap-view-default) .elementor-drop-cap-letter{width:1em;height:1em}.elementor-widget-text-editor .elementor-drop-cap{float:left;text-align:center;line-height:1;font-size:50px}.elementor-widget-text-editor .elementor-drop-cap-letter{display:inline-block}<\/style>\t\t\t\t<p><span style=\"font-weight: 400;\">Les sacs de marque blancs offrent un aspect propre, polyvalent et professionnel aux entreprises qui souhaitent faire forte impression dans le cadre de campagnes de marketing B2B. Ces sacs r\u00e9utilisables en jute et en coton sont id\u00e9aux pour les \u00e9v\u00e9nements d&rsquo;entreprise, les promotions au d\u00e9tail, les programmes de reconnaissance des employ\u00e9s et les cadeaux publicitaires, offrant \u00e0 la fois style et praticit\u00e9 tout en promouvant votre marque. <\/span><\/p>\n<h2>Pourquoi choisir les sacs blancs pour vos campagnes B2B ?<\/h2>\n<p><span style=\"font-weight: 400;\">Les sacs blancs sont synonymes de simplicit\u00e9, de fra\u00eecheur et de professionnalisme. L&rsquo;int\u00e9gration de sacs blancs dans vos initiatives de marketing renforce l&rsquo;image propre et moderne de votre marque tout en soutenant les pratiques durables. <\/span><\/p>\n<h3>Durable et r\u00e9utilisable pour un marquage \u00e0 long terme<\/h3>\n<p><span style=\"font-weight: 400;\">Fabriqu\u00e9s en jute ou en coton de haute qualit\u00e9, les sacs blancs sont con\u00e7us pour durer, garantissant que votre marque reste visible pour les clients, les consommateurs et les employ\u00e9s pendant des ann\u00e9es. Ils constituent une alternative durable aux emballages jetables. <\/span><\/p>\n<h3>Options de personnalisation pour un impact maximal<\/h3>\n<p><span style=\"font-weight: 400;\">Les sacs blancs constituent une toile polyvalente pour la cr\u00e9ation d&rsquo;une marque personnalis\u00e9e. Les entreprises peuvent y imprimer des logos, des slogans ou des motifs sp\u00e9cifiques \u00e0 un \u00e9v\u00e9nement. Les principales applications B2B sont les suivantes  <\/span><\/p>\n<ul>\n<li style=\"font-weight: 400;\" aria-level=\"1\"><span style=\"font-weight: 400;\">\u00c9v\u00e9nements d&rsquo;entreprise et salons professionnels<\/span><span style=\"font-weight: 400;\">\n<p><\/span><\/li>\n<li style=\"font-weight: 400;\" aria-level=\"1\"><span style=\"font-weight: 400;\">Promotions au d\u00e9tail et cadeaux pour les clients<\/span><span style=\"font-weight: 400;\">\n<p><\/span><\/li>\n<li style=\"font-weight: 400;\" aria-level=\"1\"><span style=\"font-weight: 400;\">Programmes de cadeaux pour les employ\u00e9s<\/span><span style=\"font-weight: 400;\">\n<p><\/span><\/li>\n<li style=\"font-weight: 400;\" aria-level=\"1\"><span style=\"font-weight: 400;\">Sacs publicitaires pour les conf\u00e9rences et les \u00e9v\u00e9nements promotionnels<\/span><span style=\"font-weight: 400;\">\n<p><\/span><\/li>\n<\/ul>\n<h3>Applications B2B des sacs de marque blanche<\/h3>\n<ul>\n<li style=\"font-weight: 400;\" aria-level=\"1\"><b>\u00c9v\u00e9nements d&rsquo;entreprise et conf\u00e9rences :<\/b><span style=\"font-weight: 400;\"> Distribuez des sacs blancs lors d&rsquo;\u00e9v\u00e9nements pour une impression professionnelle et soign\u00e9e.<\/span><span style=\"font-weight: 400;\">\n<p><\/span><\/li>\n<li style=\"font-weight: 400;\" aria-level=\"1\"><b>Promotions au d\u00e9tail :<\/b><span style=\"font-weight: 400;\"> Am\u00e9liorez l&rsquo;exp\u00e9rience du client en offrant des sacs blancs de haute qualit\u00e9 qui peuvent \u00eatre r\u00e9utilis\u00e9s et qui permettent \u00e0 votre marque de rester visible.<\/span><span style=\"font-weight: 400;\">\n<p><\/span><\/li>\n<li style=\"font-weight: 400;\" aria-level=\"1\"><b>Cadeaux pour les employ\u00e9s :<\/b><span style=\"font-weight: 400;\"> R\u00e9compensez le personnel avec des sacs blancs \u00e9l\u00e9gants dans le cadre de programmes de reconnaissance ou de kits d&rsquo;accueil.<\/span><span style=\"font-weight: 400;\">\n<p><\/span><\/li>\n<li style=\"font-weight: 400;\" aria-level=\"1\"><b>Sacs publicitaires pour les \u00e9v\u00e9nements :<\/b><span style=\"font-weight: 400;\"> Utilisez des sacs de marque blanche pour les \u00e9v\u00e9nements promotionnels afin d&rsquo;augmenter l&rsquo;engagement et de maintenir l&rsquo;exposition de la marque.<\/span><span style=\"font-weight: 400;\">\n<p><\/span><\/li>\n<\/ul>\n<h2>  Durabilit\u00e9 et avantages \u00e0 long terme<\/h2>\n<p><span style=\"font-weight: 400;\">Les sacs blancs en jute et en coton t\u00e9moignent d&rsquo;un engagement en faveur du d\u00e9veloppement durable tout en offrant des produits promotionnels r\u00e9utilisables et respectueux de l&rsquo;environnement. Leur durabilit\u00e9 garantit que votre marque continue d&rsquo;avoir un impact longtemps apr\u00e8s la distribution initiale. <\/span><\/p>\n<h2>Pr\u00eat \u00e0<b> am\u00e9liorer votre marketing B2B avec les sacs blancs ?<\/b><\/h2>\n<p><span style=\"font-weight: 400;\">Associez-vous \u00e0 GoJute pour personnaliser et commander des sacs blancs pour des \u00e9v\u00e9nements d&rsquo;entreprise, des promotions dans le commerce de d\u00e9tail, des cadeaux pour les employ\u00e9s ou des cadeaux promotionnels. D\u00e9couvrez les commandes en gros, les designs personnalis\u00e9s et les options de tarification flexibles pour les entreprises de toutes tailles. <\/span><\/p>\n<p><a href=\"https:\/\/gojuteinternational.com\/fr\/nous-contacter\/\"><span style=\"font-weight: 400;\">Nous contacter<\/span><\/a><\/p><\/p>\n\t\t\t\t\t\t<\/div>\n\t\t\t\t<\/div>\n\t\t\t\t\t<\/div>\n\t\t<\/div>\n\t\t\t\t\t\t\t<\/div>\n\t\t<\/section>\n\t\t\t\t\t\t\t<\/div>\n\t\t","protected":false},"excerpt":{"rendered":"<p>Sacs blancs pour le marketing B2B Les sacs de marque blancs offrent un aspect propre, polyvalent et professionnel aux entreprises qui souhaitent faire forte impression dans le cadre de campagnes de marketing B2B. Ces sacs r\u00e9utilisables en jute et en coton sont id\u00e9aux pour les \u00e9v\u00e9nements d&rsquo;entreprise, les promotions au d\u00e9tail, les programmes de reconnaissance [&hellip;]<\/p>\n","protected":false},"author":6996,"featured_media":0,"parent":91102,"menu_order":0,"comment_status":"closed","ping_status":"closed","template":"elementor_header_footer","meta":{"content-type":"","_monsterinsights_skip_tracking":false,"_monsterinsights_sitenote_active":false,"_monsterinsights_sitenote_note":"","_monsterinsights_sitenote_category":0,"footnotes":""},"class_list":["post-90988","page","type-page","status-publish","hentry"],"yoast_head":"<!-- This site is optimized with the Yoast SEO plugin v21.7 - https:\/\/yoast.com\/wordpress\/plugins\/seo\/ -->\n<title>Sacs blancs pour le marketing B2B | Sacs en jute et coton personnalis\u00e9s pour les entreprises<\/title>\n<meta name=\"description\" content=\"D\u00e9couvrez les sacs blancs en jute et en coton pour le marketing B2B. Parfaits pour les \u00e9v\u00e9nements d&#039;entreprise, les promotions au d\u00e9tail, les cadeaux aux employ\u00e9s et les cadeaux de marque.\" \/>\n<meta name=\"robots\" content=\"index, follow, max-snippet:-1, max-image-preview:large, max-video-preview:-1\" \/>\n<link rel=\"canonical\" href=\"https:\/\/gojuteinternational.com\/fr\/coloured-tote-bags\/white-bags\/\" \/>\n<meta property=\"og:locale\" content=\"fr_FR\" \/>\n<meta property=\"og:type\" content=\"article\" \/>\n<meta property=\"og:title\" content=\"Sacs blancs pour le marketing B2B | Sacs en jute et coton personnalis\u00e9s pour les entreprises\" \/>\n<meta property=\"og:description\" content=\"D\u00e9couvrez les sacs blancs en jute et en coton pour le marketing B2B. Parfaits pour les \u00e9v\u00e9nements d&#039;entreprise, les promotions au d\u00e9tail, les cadeaux aux employ\u00e9s et les cadeaux de marque.\" \/>\n<meta property=\"og:url\" content=\"https:\/\/gojuteinternational.com\/fr\/coloured-tote-bags\/white-bags\/\" \/>\n<meta property=\"og:site_name\" content=\"GoJute International\" \/>\n<meta property=\"article:publisher\" content=\"https:\/\/www.facebook.com\/gojute\" \/>\n<meta property=\"article:modified_time\" content=\"2025-09-16T11:14:47+00:00\" \/>\n<meta name=\"twitter:card\" content=\"summary_large_image\" \/>\n<meta name=\"twitter:label1\" content=\"Dur\u00e9e de lecture estim\u00e9e\" \/>\n\t<meta name=\"twitter:data1\" content=\"2 minutes\" \/>\n<script type=\"application\/ld+json\" class=\"yoast-schema-graph\">{\"@context\":\"https:\/\/schema.org\",\"@graph\":[{\"@type\":\"WebPage\",\"@id\":\"https:\/\/gojuteinternational.com\/fr\/coloured-tote-bags\/white-bags\/\",\"url\":\"https:\/\/gojuteinternational.com\/fr\/coloured-tote-bags\/white-bags\/\",\"name\":\"Sacs blancs pour le marketing B2B | Sacs en jute et coton personnalis\u00e9s pour les entreprises\",\"isPartOf\":{\"@id\":\"https:\/\/gojuteinternational.com\/fr\/#website\"},\"datePublished\":\"2025-09-10T07:55:21+00:00\",\"dateModified\":\"2025-09-16T11:14:47+00:00\",\"description\":\"D\u00e9couvrez les sacs blancs en jute et en coton pour le marketing B2B. Parfaits pour les \u00e9v\u00e9nements d'entreprise, les promotions au d\u00e9tail, les cadeaux aux employ\u00e9s et les cadeaux de marque.\",\"breadcrumb\":{\"@id\":\"https:\/\/gojuteinternational.com\/fr\/coloured-tote-bags\/white-bags\/#breadcrumb\"},\"inLanguage\":\"fr-FR\",\"potentialAction\":[{\"@type\":\"ReadAction\",\"target\":[\"https:\/\/gojuteinternational.com\/fr\/coloured-tote-bags\/white-bags\/\"]}]},{\"@type\":\"BreadcrumbList\",\"@id\":\"https:\/\/gojuteinternational.com\/fr\/coloured-tote-bags\/white-bags\/#breadcrumb\",\"itemListElement\":[{\"@type\":\"ListItem\",\"position\":1,\"name\":\"Home\",\"item\":\"https:\/\/gojuteinternational.com\/fr\/\"},{\"@type\":\"ListItem\",\"position\":2,\"name\":\"Sacs blancs pour le marketing B2B\"}]},{\"@type\":\"WebSite\",\"@id\":\"https:\/\/gojuteinternational.com\/fr\/#website\",\"url\":\"https:\/\/gojuteinternational.com\/fr\/\",\"name\":\"GoJute International\",\"description\":\"Printed bags for business\",\"publisher\":{\"@id\":\"https:\/\/gojuteinternational.com\/fr\/#organization\"},\"alternateName\":\"GoJute\",\"potentialAction\":[{\"@type\":\"SearchAction\",\"target\":{\"@type\":\"EntryPoint\",\"urlTemplate\":\"https:\/\/gojuteinternational.com\/fr\/?s={search_term_string}\"},\"query-input\":\"required name=search_term_string\"}],\"inLanguage\":\"fr-FR\"},{\"@type\":\"Organization\",\"@id\":\"https:\/\/gojuteinternational.com\/fr\/#organization\",\"name\":\"GoJute International\",\"alternateName\":\"GoJute\",\"url\":\"https:\/\/gojuteinternational.com\/fr\/\",\"logo\":{\"@type\":\"ImageObject\",\"inLanguage\":\"fr-FR\",\"@id\":\"https:\/\/gojuteinternational.com\/fr\/#\/schema\/logo\/image\/\",\"url\":\"https:\/\/gojuteinternational.com\/wp-content\/uploads\/2022\/06\/GoJute-Logo-RGB.png\",\"contentUrl\":\"https:\/\/gojuteinternational.com\/wp-content\/uploads\/2022\/06\/GoJute-Logo-RGB.png\",\"width\":2000,\"height\":1809,\"caption\":\"GoJute International\"},\"image\":{\"@id\":\"https:\/\/gojuteinternational.com\/fr\/#\/schema\/logo\/image\/\"},\"sameAs\":[\"https:\/\/www.facebook.com\/gojute\",\"https:\/\/www.instagram.com\/gojute\/\"]}]}<\/script>\n<!-- \/ Yoast SEO plugin. -->","yoast_head_json":{"title":"Sacs blancs pour le marketing B2B | Sacs en jute et coton personnalis\u00e9s pour les entreprises","description":"D\u00e9couvrez les sacs blancs en jute et en coton pour le marketing B2B. Parfaits pour les \u00e9v\u00e9nements d'entreprise, les promotions au d\u00e9tail, les cadeaux aux employ\u00e9s et les cadeaux de marque.","robots":{"index":"index","follow":"follow","max-snippet":"max-snippet:-1","max-image-preview":"max-image-preview:large","max-video-preview":"max-video-preview:-1"},"canonical":"https:\/\/gojuteinternational.com\/fr\/coloured-tote-bags\/white-bags\/","og_locale":"fr_FR","og_type":"article","og_title":"Sacs blancs pour le marketing B2B | Sacs en jute et coton personnalis\u00e9s pour les entreprises","og_description":"D\u00e9couvrez les sacs blancs en jute et en coton pour le marketing B2B. Parfaits pour les \u00e9v\u00e9nements d'entreprise, les promotions au d\u00e9tail, les cadeaux aux employ\u00e9s et les cadeaux de marque.","og_url":"https:\/\/gojuteinternational.com\/fr\/coloured-tote-bags\/white-bags\/","og_site_name":"GoJute International","article_publisher":"https:\/\/www.facebook.com\/gojute","article_modified_time":"2025-09-16T11:14:47+00:00","twitter_card":"summary_large_image","twitter_misc":{"Dur\u00e9e de lecture estim\u00e9e":"2 minutes"},"schema":{"@context":"https:\/\/schema.org","@graph":[{"@type":"WebPage","@id":"https:\/\/gojuteinternational.com\/fr\/coloured-tote-bags\/white-bags\/","url":"https:\/\/gojuteinternational.com\/fr\/coloured-tote-bags\/white-bags\/","name":"Sacs blancs pour le marketing B2B | Sacs en jute et coton personnalis\u00e9s pour les entreprises","isPartOf":{"@id":"https:\/\/gojuteinternational.com\/fr\/#website"},"datePublished":"2025-09-10T07:55:21+00:00","dateModified":"2025-09-16T11:14:47+00:00","description":"D\u00e9couvrez les sacs blancs en jute et en coton pour le marketing B2B. Parfaits pour les \u00e9v\u00e9nements d'entreprise, les promotions au d\u00e9tail, les cadeaux aux employ\u00e9s et les cadeaux de marque.","breadcrumb":{"@id":"https:\/\/gojuteinternational.com\/fr\/coloured-tote-bags\/white-bags\/#breadcrumb"},"inLanguage":"fr-FR","potentialAction":[{"@type":"ReadAction","target":["https:\/\/gojuteinternational.com\/fr\/coloured-tote-bags\/white-bags\/"]}]},{"@type":"BreadcrumbList","@id":"https:\/\/gojuteinternational.com\/fr\/coloured-tote-bags\/white-bags\/#breadcrumb","itemListElement":[{"@type":"ListItem","position":1,"name":"Home","item":"https:\/\/gojuteinternational.com\/fr\/"},{"@type":"ListItem","position":2,"name":"Sacs blancs pour le marketing B2B"}]},{"@type":"WebSite","@id":"https:\/\/gojuteinternational.com\/fr\/#website","url":"https:\/\/gojuteinternational.com\/fr\/","name":"GoJute International","description":"Printed bags for business","publisher":{"@id":"https:\/\/gojuteinternational.com\/fr\/#organization"},"alternateName":"GoJute","potentialAction":[{"@type":"SearchAction","target":{"@type":"EntryPoint","urlTemplate":"https:\/\/gojuteinternational.com\/fr\/?s={search_term_string}"},"query-input":"required name=search_term_string"}],"inLanguage":"fr-FR"},{"@type":"Organization","@id":"https:\/\/gojuteinternational.com\/fr\/#organization","name":"GoJute International","alternateName":"GoJute","url":"https:\/\/gojuteinternational.com\/fr\/","logo":{"@type":"ImageObject","inLanguage":"fr-FR","@id":"https:\/\/gojuteinternational.com\/fr\/#\/schema\/logo\/image\/","url":"https:\/\/gojuteinternational.com\/wp-content\/uploads\/2022\/06\/GoJute-Logo-RGB.png","contentUrl":"https:\/\/gojuteinternational.com\/wp-content\/uploads\/2022\/06\/GoJute-Logo-RGB.png","width":2000,"height":1809,"caption":"GoJute International"},"image":{"@id":"https:\/\/gojuteinternational.com\/fr\/#\/schema\/logo\/image\/"},"sameAs":["https:\/\/www.facebook.com\/gojute","https:\/\/www.instagram.com\/gojute\/"]}]}},"_links":{"self":[{"href":"https:\/\/gojuteinternational.com\/fr\/wp-json\/wp\/v2\/pages\/90988","targetHints":{"allow":["GET"]}}],"collection":[{"href":"https:\/\/gojuteinternational.com\/fr\/wp-json\/wp\/v2\/pages"}],"about":[{"href":"https:\/\/gojuteinternational.com\/fr\/wp-json\/wp\/v2\/types\/page"}],"author":[{"embeddable":true,"href":"https:\/\/gojuteinternational.com\/fr\/wp-json\/wp\/v2\/users\/6996"}],"replies":[{"embeddable":true,"href":"https:\/\/gojuteinternational.com\/fr\/wp-json\/wp\/v2\/comments?post=90988"}],"version-history":[{"count":2,"href":"https:\/\/gojuteinternational.com\/fr\/wp-json\/wp\/v2\/pages\/90988\/revisions"}],"predecessor-version":[{"id":90996,"href":"https:\/\/gojuteinternational.com\/fr\/wp-json\/wp\/v2\/pages\/90988\/revisions\/90996"}],"up":[{"embeddable":true,"href":"https:\/\/gojuteinternational.com\/fr\/wp-json\/wp\/v2\/pages\/91102"}],"wp:attachment":[{"href":"https:\/\/gojuteinternational.com\/fr\/wp-json\/wp\/v2\/media?parent=90988"}],"curies":[{"name":"wp","href":"https:\/\/api.w.org\/{rel}","templated":true}]}}