{"id":91082,"date":"2025-09-16T09:00:45","date_gmt":"2025-09-16T08:00:45","guid":{"rendered":"https:\/\/gojuteinternational.com\/pink-bags-for-b2b-marketing\/"},"modified":"2025-09-16T12:13:46","modified_gmt":"2025-09-16T11:13:46","slug":"pink-bags","status":"publish","type":"page","link":"https:\/\/gojuteinternational.com\/fr\/coloured-tote-bags\/pink-bags\/","title":{"rendered":"Sacs roses pour le marketing B2B"},"content":{"rendered":"\t\t<div data-elementor-type=\"wp-page\" data-elementor-id=\"91082\" class=\"elementor elementor-91082 elementor-91079\" data-elementor-post-type=\"page\">\n\t\t\t\t\t\t\t\t\t<section class=\"elementor-section elementor-top-section elementor-element elementor-element-0e092da elementor-section-boxed elementor-section-height-default elementor-section-height-default\" data-id=\"0e092da\" data-element_type=\"section\">\n\t\t\t\t\t\t<div class=\"elementor-container elementor-column-gap-default\">\n\t\t\t\t\t<div class=\"elementor-column elementor-col-100 elementor-top-column elementor-element elementor-element-339f43a\" data-id=\"339f43a\" data-element_type=\"column\">\n\t\t\t<div class=\"elementor-widget-wrap elementor-element-populated\">\n\t\t\t\t\t\t\t\t<div class=\"elementor-element elementor-element-10b7c35 elementor-widget elementor-widget-spacer\" data-id=\"10b7c35\" data-element_type=\"widget\" data-widget_type=\"spacer.default\">\n\t\t\t\t<div class=\"elementor-widget-container\">\n\t\t\t<style>\/*! elementor - v3.18.0 - 20-12-2023 *\/\n.elementor-column .elementor-spacer-inner{height:var(--spacer-size)}.e-con{--container-widget-width:100%}.e-con-inner>.elementor-widget-spacer,.e-con>.elementor-widget-spacer{width:var(--container-widget-width,var(--spacer-size));--align-self:var(--container-widget-align-self,initial);--flex-shrink:0}.e-con-inner>.elementor-widget-spacer>.elementor-widget-container,.e-con>.elementor-widget-spacer>.elementor-widget-container{height:100%;width:100%}.e-con-inner>.elementor-widget-spacer>.elementor-widget-container>.elementor-spacer,.e-con>.elementor-widget-spacer>.elementor-widget-container>.elementor-spacer{height:100%}.e-con-inner>.elementor-widget-spacer>.elementor-widget-container>.elementor-spacer>.elementor-spacer-inner,.e-con>.elementor-widget-spacer>.elementor-widget-container>.elementor-spacer>.elementor-spacer-inner{height:var(--container-widget-height,var(--spacer-size))}.e-con-inner>.elementor-widget-spacer.elementor-widget-empty,.e-con>.elementor-widget-spacer.elementor-widget-empty{position:relative;min-height:22px;min-width:22px}.e-con-inner>.elementor-widget-spacer.elementor-widget-empty .elementor-widget-empty-icon,.e-con>.elementor-widget-spacer.elementor-widget-empty .elementor-widget-empty-icon{position:absolute;top:0;bottom:0;left:0;right:0;margin:auto;padding:0;width:22px;height:22px}<\/style>\t\t<div class=\"elementor-spacer\">\n\t\t\t<div class=\"elementor-spacer-inner\"><\/div>\n\t\t<\/div>\n\t\t\t\t<\/div>\n\t\t\t\t<\/div>\n\t\t\t\t<div class=\"elementor-element elementor-element-bf7b0f5 elementor-widget elementor-widget-heading\" data-id=\"bf7b0f5\" data-element_type=\"widget\" data-widget_type=\"heading.default\">\n\t\t\t\t<div class=\"elementor-widget-container\">\n\t\t\t<style>\/*! elementor - v3.18.0 - 20-12-2023 *\/\n.elementor-heading-title{padding:0;margin:0;line-height:1}.elementor-widget-heading .elementor-heading-title[class*=elementor-size-]>a{color:inherit;font-size:inherit;line-height:inherit}.elementor-widget-heading .elementor-heading-title.elementor-size-small{font-size:15px}.elementor-widget-heading .elementor-heading-title.elementor-size-medium{font-size:19px}.elementor-widget-heading .elementor-heading-title.elementor-size-large{font-size:29px}.elementor-widget-heading .elementor-heading-title.elementor-size-xl{font-size:39px}.elementor-widget-heading .elementor-heading-title.elementor-size-xxl{font-size:59px}<\/style><h1 class=\"elementor-heading-title elementor-size-default\">Sacs roses pour le marketing B2B<\/h1>\t\t<\/div>\n\t\t\t\t<\/div>\n\t\t\t\t<div class=\"elementor-element elementor-element-4fa044f elementor-widget elementor-widget-text-editor\" data-id=\"4fa044f\" data-element_type=\"widget\" data-widget_type=\"text-editor.default\">\n\t\t\t\t<div class=\"elementor-widget-container\">\n\t\t\t<style>\/*! elementor - v3.18.0 - 20-12-2023 *\/\n.elementor-widget-text-editor.elementor-drop-cap-view-stacked .elementor-drop-cap{background-color:#69727d;color:#fff}.elementor-widget-text-editor.elementor-drop-cap-view-framed .elementor-drop-cap{color:#69727d;border:3px solid;background-color:transparent}.elementor-widget-text-editor:not(.elementor-drop-cap-view-default) .elementor-drop-cap{margin-top:8px}.elementor-widget-text-editor:not(.elementor-drop-cap-view-default) .elementor-drop-cap-letter{width:1em;height:1em}.elementor-widget-text-editor .elementor-drop-cap{float:left;text-align:center;line-height:1;font-size:50px}.elementor-widget-text-editor .elementor-drop-cap-letter{display:inline-block}<\/style>\t\t\t\t<p><span style=\"font-weight: 400;\">Les sacs de marque roses sont un moyen vibrant et m\u00e9morable pour les entreprises de se d\u00e9marquer dans leurs efforts de marketing B2B. Ces sacs r\u00e9utilisables en jute et en coton allient style, praticit\u00e9 et durabilit\u00e9, ce qui les rend parfaits pour les \u00e9v\u00e9nements d&rsquo;entreprise, les promotions dans le commerce de d\u00e9tail, les cadeaux aux employ\u00e9s et les cadeaux publicitaires. <\/span><\/p>\n<h2>Pourquoi choisir des sacs roses pour vos campagnes B2B ?<\/h2>\n<p><span style=\"font-weight: 400;\">Les sacs roses sont synonymes d&rsquo;\u00e9nergie, de convivialit\u00e9 et d&rsquo;accessibilit\u00e9. Leur couleur audacieuse permet \u00e0 votre marque d&rsquo;\u00eatre remarqu\u00e9e, tandis que leur conception fonctionnelle en fait un choix pratique que les clients, les partenaires et les employ\u00e9s utiliseront de mani\u00e8re r\u00e9p\u00e9t\u00e9e. <\/span><\/p>\n<h3>Durable et r\u00e9utilisable pour un marquage \u00e0 long terme<\/h3>\n<p><span style=\"font-weight: 400;\">Fabriqu\u00e9s en jute ou en coton de haute qualit\u00e9, les sacs roses sont con\u00e7us pour durer. Ils assurent une visibilit\u00e9 permanente de la marque et renforcent les initiatives \u00e9cologiques de votre entreprise.<\/span><\/p>\n<h3>Options de personnalisation pour un impact maximal<\/h3>\n<p><span style=\"font-weight: 400;\">Les sacs roses sont id\u00e9aux pour mettre en valeur votre logo, votre slogan ou des motifs sp\u00e9cifiques \u00e0 un \u00e9v\u00e9nement. Les principales applications B2B sont les suivantes <\/span><\/p>\n<ul>\n<li style=\"font-weight: 400;\" aria-level=\"1\"><span style=\"font-weight: 400;\">\u00c9v\u00e9nements et conf\u00e9rences d&rsquo;entreprise<\/span><span style=\"font-weight: 400;\">\n<p><\/span><\/li>\n<li style=\"font-weight: 400;\" aria-level=\"1\"><span style=\"font-weight: 400;\">Promotions dans le commerce de d\u00e9tail et incitations pour les clients<\/span><span style=\"font-weight: 400;\">\n<p><\/span><\/li>\n<li style=\"font-weight: 400;\" aria-level=\"1\"><span style=\"font-weight: 400;\">Reconnaissance des employ\u00e9s et cadeaux<\/span><span style=\"font-weight: 400;\">\n<p><\/span><\/li>\n<li style=\"font-weight: 400;\" aria-level=\"1\"><span style=\"font-weight: 400;\">Cadeaux pour les \u00e9v\u00e9nements et packs promotionnels<\/span><span style=\"font-weight: 400;\">\n<p><\/span><\/li>\n<\/ul>\n<h3>Applications B2B des sacs de marque rose<\/h3>\n<ul>\n<li style=\"font-weight: 400;\" aria-level=\"1\"><b>\u00c9v\u00e9nements d&rsquo;entreprise et conf\u00e9rences :<\/b><span style=\"font-weight: 400;\"> Distribuez des sacs roses aux participants pour cr\u00e9er une impression durable et renforcer l&rsquo;identit\u00e9 visuelle de votre marque.<\/span><span style=\"font-weight: 400;\">\n<p><\/span><\/li>\n<li style=\"font-weight: 400;\" aria-level=\"1\"><b>Promotions au d\u00e9tail :<\/b><span style=\"font-weight: 400;\"> Offrez aux clients des sacs roses r\u00e9utilisables qui augmentent l&rsquo;engagement et la fid\u00e9lit\u00e9.<\/span><span style=\"font-weight: 400;\">\n<p><\/span><\/li>\n<li style=\"font-weight: 400;\" aria-level=\"1\"><b>Cadeaux pour les employ\u00e9s :<\/b><span style=\"font-weight: 400;\"> Reconnaissez vos employ\u00e9s ou accueillez les nouveaux venus avec des sacs de marque roses, \u00e9l\u00e9gants et respectueux de l&rsquo;environnement.<\/span><span style=\"font-weight: 400;\">\n<p><\/span><\/li>\n<li style=\"font-weight: 400;\" aria-level=\"1\"><b>Sacs cadeaux pour les \u00e9v\u00e9nements :<\/b><span style=\"font-weight: 400;\"> Incluez des sacs roses de marque dans vos kits promotionnels pour stimuler la m\u00e9morisation de la marque et l&rsquo;engagement.<\/span><span style=\"font-weight: 400;\">\n<p><\/span><\/li>\n<\/ul>\n<h2>Durabilit\u00e9 et avantages \u00e0 long terme<\/h2>\n<p><span style=\"font-weight: 400;\">Les sacs en jute et en coton rose soutiennent l&rsquo;engagement de votre marque en faveur du d\u00e9veloppement durable tout en offrant un produit pratique et r\u00e9utilisable qui permet \u00e0 votre message de rester visible longtemps apr\u00e8s la distribution.<\/span><\/p>\n<h2>Pr\u00eat \u00e0 am\u00e9liorer votre marketing B2B avec les sacs roses ?<\/h2>\n<p><span style=\"font-weight: 400;\">Faites \u00e9quipe avec GoJute pour personnaliser et commander des sacs roses pour des \u00e9v\u00e9nements d&rsquo;entreprise, des promotions au d\u00e9tail, des cadeaux pour les employ\u00e9s ou des campagnes promotionnelles. B\u00e9n\u00e9ficiez d&rsquo;une commande group\u00e9e, d&rsquo;une personnalisation compl\u00e8te et d&rsquo;options tarifaires con\u00e7ues pour les entreprises de toutes tailles. <\/span><\/p>\n<p><a href=\"https:\/\/gojuteinternational.com\/fr\/nous-contacter\/\"><span style=\"font-weight: 400;\">Nous contacter<\/span><\/a><\/p>\n\t\t\t\t\t\t<\/div>\n\t\t\t\t<\/div>\n\t\t\t\t\t<\/div>\n\t\t<\/div>\n\t\t\t\t\t\t\t<\/div>\n\t\t<\/section>\n\t\t\t\t\t\t\t<\/div>\n\t\t","protected":false},"excerpt":{"rendered":"<p>Sacs roses pour le marketing B2B Les sacs de marque roses sont un moyen vibrant et m\u00e9morable pour les entreprises de se d\u00e9marquer dans leurs efforts de marketing B2B. Ces sacs r\u00e9utilisables en jute et en coton allient style, praticit\u00e9 et durabilit\u00e9, ce qui les rend parfaits pour les \u00e9v\u00e9nements d&rsquo;entreprise, les promotions dans le [&hellip;]<\/p>\n","protected":false},"author":6996,"featured_media":0,"parent":91102,"menu_order":0,"comment_status":"closed","ping_status":"closed","template":"elementor_header_footer","meta":{"content-type":"","_monsterinsights_skip_tracking":false,"_monsterinsights_sitenote_active":false,"_monsterinsights_sitenote_note":"","_monsterinsights_sitenote_category":0,"footnotes":""},"class_list":["post-91082","page","type-page","status-publish","hentry"],"yoast_head":"<!-- This site is optimized with the Yoast SEO plugin v21.7 - https:\/\/yoast.com\/wordpress\/plugins\/seo\/ -->\n<title>Sacs roses pour le marketing B2B | Sacs en jute et coton personnalis\u00e9s pour les entreprises<\/title>\n<meta name=\"description\" content=\"D\u00e9couvrez les sacs en jute et en coton rose pour les campagnes de marketing B2B. Id\u00e9al pour les \u00e9v\u00e9nements d&#039;entreprise, les promotions au d\u00e9tail, les cadeaux aux employ\u00e9s et les cadeaux de marque.\" \/>\n<meta name=\"robots\" content=\"index, follow, max-snippet:-1, max-image-preview:large, max-video-preview:-1\" \/>\n<link rel=\"canonical\" href=\"https:\/\/gojuteinternational.com\/fr\/coloured-tote-bags\/pink-bags\/\" \/>\n<meta property=\"og:locale\" content=\"fr_FR\" \/>\n<meta property=\"og:type\" content=\"article\" \/>\n<meta property=\"og:title\" content=\"Sacs roses pour le marketing B2B | Sacs en jute et coton personnalis\u00e9s pour les entreprises\" \/>\n<meta property=\"og:description\" content=\"D\u00e9couvrez les sacs en jute et en coton rose pour les campagnes de marketing B2B. Id\u00e9al pour les \u00e9v\u00e9nements d&#039;entreprise, les promotions au d\u00e9tail, les cadeaux aux employ\u00e9s et les cadeaux de marque.\" \/>\n<meta property=\"og:url\" content=\"https:\/\/gojuteinternational.com\/fr\/coloured-tote-bags\/pink-bags\/\" \/>\n<meta property=\"og:site_name\" content=\"GoJute International\" \/>\n<meta property=\"article:publisher\" content=\"https:\/\/www.facebook.com\/gojute\" \/>\n<meta property=\"article:modified_time\" content=\"2025-09-16T11:13:46+00:00\" \/>\n<meta name=\"twitter:card\" content=\"summary_large_image\" \/>\n<meta name=\"twitter:label1\" content=\"Dur\u00e9e de lecture estim\u00e9e\" \/>\n\t<meta name=\"twitter:data1\" content=\"2 minutes\" \/>\n<script type=\"application\/ld+json\" class=\"yoast-schema-graph\">{\"@context\":\"https:\/\/schema.org\",\"@graph\":[{\"@type\":\"WebPage\",\"@id\":\"https:\/\/gojuteinternational.com\/fr\/coloured-tote-bags\/pink-bags\/\",\"url\":\"https:\/\/gojuteinternational.com\/fr\/coloured-tote-bags\/pink-bags\/\",\"name\":\"Sacs roses pour le marketing B2B | Sacs en jute et coton personnalis\u00e9s pour les entreprises\",\"isPartOf\":{\"@id\":\"https:\/\/gojuteinternational.com\/fr\/#website\"},\"datePublished\":\"2025-09-16T08:00:45+00:00\",\"dateModified\":\"2025-09-16T11:13:46+00:00\",\"description\":\"D\u00e9couvrez les sacs en jute et en coton rose pour les campagnes de marketing B2B. Id\u00e9al pour les \u00e9v\u00e9nements d'entreprise, les promotions au d\u00e9tail, les cadeaux aux employ\u00e9s et les cadeaux de marque.\",\"breadcrumb\":{\"@id\":\"https:\/\/gojuteinternational.com\/fr\/coloured-tote-bags\/pink-bags\/#breadcrumb\"},\"inLanguage\":\"fr-FR\",\"potentialAction\":[{\"@type\":\"ReadAction\",\"target\":[\"https:\/\/gojuteinternational.com\/fr\/coloured-tote-bags\/pink-bags\/\"]}]},{\"@type\":\"BreadcrumbList\",\"@id\":\"https:\/\/gojuteinternational.com\/fr\/coloured-tote-bags\/pink-bags\/#breadcrumb\",\"itemListElement\":[{\"@type\":\"ListItem\",\"position\":1,\"name\":\"Home\",\"item\":\"https:\/\/gojuteinternational.com\/fr\/\"},{\"@type\":\"ListItem\",\"position\":2,\"name\":\"Sacs roses pour le marketing B2B\"}]},{\"@type\":\"WebSite\",\"@id\":\"https:\/\/gojuteinternational.com\/fr\/#website\",\"url\":\"https:\/\/gojuteinternational.com\/fr\/\",\"name\":\"GoJute International\",\"description\":\"Printed bags for business\",\"publisher\":{\"@id\":\"https:\/\/gojuteinternational.com\/fr\/#organization\"},\"alternateName\":\"GoJute\",\"potentialAction\":[{\"@type\":\"SearchAction\",\"target\":{\"@type\":\"EntryPoint\",\"urlTemplate\":\"https:\/\/gojuteinternational.com\/fr\/?s={search_term_string}\"},\"query-input\":\"required name=search_term_string\"}],\"inLanguage\":\"fr-FR\"},{\"@type\":\"Organization\",\"@id\":\"https:\/\/gojuteinternational.com\/fr\/#organization\",\"name\":\"GoJute International\",\"alternateName\":\"GoJute\",\"url\":\"https:\/\/gojuteinternational.com\/fr\/\",\"logo\":{\"@type\":\"ImageObject\",\"inLanguage\":\"fr-FR\",\"@id\":\"https:\/\/gojuteinternational.com\/fr\/#\/schema\/logo\/image\/\",\"url\":\"https:\/\/gojuteinternational.com\/wp-content\/uploads\/2022\/06\/GoJute-Logo-RGB.png\",\"contentUrl\":\"https:\/\/gojuteinternational.com\/wp-content\/uploads\/2022\/06\/GoJute-Logo-RGB.png\",\"width\":2000,\"height\":1809,\"caption\":\"GoJute International\"},\"image\":{\"@id\":\"https:\/\/gojuteinternational.com\/fr\/#\/schema\/logo\/image\/\"},\"sameAs\":[\"https:\/\/www.facebook.com\/gojute\",\"https:\/\/www.instagram.com\/gojute\/\"]}]}<\/script>\n<!-- \/ Yoast SEO plugin. -->","yoast_head_json":{"title":"Sacs roses pour le marketing B2B | Sacs en jute et coton personnalis\u00e9s pour les entreprises","description":"D\u00e9couvrez les sacs en jute et en coton rose pour les campagnes de marketing B2B. Id\u00e9al pour les \u00e9v\u00e9nements d'entreprise, les promotions au d\u00e9tail, les cadeaux aux employ\u00e9s et les cadeaux de marque.","robots":{"index":"index","follow":"follow","max-snippet":"max-snippet:-1","max-image-preview":"max-image-preview:large","max-video-preview":"max-video-preview:-1"},"canonical":"https:\/\/gojuteinternational.com\/fr\/coloured-tote-bags\/pink-bags\/","og_locale":"fr_FR","og_type":"article","og_title":"Sacs roses pour le marketing B2B | Sacs en jute et coton personnalis\u00e9s pour les entreprises","og_description":"D\u00e9couvrez les sacs en jute et en coton rose pour les campagnes de marketing B2B. Id\u00e9al pour les \u00e9v\u00e9nements d'entreprise, les promotions au d\u00e9tail, les cadeaux aux employ\u00e9s et les cadeaux de marque.","og_url":"https:\/\/gojuteinternational.com\/fr\/coloured-tote-bags\/pink-bags\/","og_site_name":"GoJute International","article_publisher":"https:\/\/www.facebook.com\/gojute","article_modified_time":"2025-09-16T11:13:46+00:00","twitter_card":"summary_large_image","twitter_misc":{"Dur\u00e9e de lecture estim\u00e9e":"2 minutes"},"schema":{"@context":"https:\/\/schema.org","@graph":[{"@type":"WebPage","@id":"https:\/\/gojuteinternational.com\/fr\/coloured-tote-bags\/pink-bags\/","url":"https:\/\/gojuteinternational.com\/fr\/coloured-tote-bags\/pink-bags\/","name":"Sacs roses pour le marketing B2B | Sacs en jute et coton personnalis\u00e9s pour les entreprises","isPartOf":{"@id":"https:\/\/gojuteinternational.com\/fr\/#website"},"datePublished":"2025-09-16T08:00:45+00:00","dateModified":"2025-09-16T11:13:46+00:00","description":"D\u00e9couvrez les sacs en jute et en coton rose pour les campagnes de marketing B2B. Id\u00e9al pour les \u00e9v\u00e9nements d'entreprise, les promotions au d\u00e9tail, les cadeaux aux employ\u00e9s et les cadeaux de marque.","breadcrumb":{"@id":"https:\/\/gojuteinternational.com\/fr\/coloured-tote-bags\/pink-bags\/#breadcrumb"},"inLanguage":"fr-FR","potentialAction":[{"@type":"ReadAction","target":["https:\/\/gojuteinternational.com\/fr\/coloured-tote-bags\/pink-bags\/"]}]},{"@type":"BreadcrumbList","@id":"https:\/\/gojuteinternational.com\/fr\/coloured-tote-bags\/pink-bags\/#breadcrumb","itemListElement":[{"@type":"ListItem","position":1,"name":"Home","item":"https:\/\/gojuteinternational.com\/fr\/"},{"@type":"ListItem","position":2,"name":"Sacs roses pour le marketing B2B"}]},{"@type":"WebSite","@id":"https:\/\/gojuteinternational.com\/fr\/#website","url":"https:\/\/gojuteinternational.com\/fr\/","name":"GoJute International","description":"Printed bags for business","publisher":{"@id":"https:\/\/gojuteinternational.com\/fr\/#organization"},"alternateName":"GoJute","potentialAction":[{"@type":"SearchAction","target":{"@type":"EntryPoint","urlTemplate":"https:\/\/gojuteinternational.com\/fr\/?s={search_term_string}"},"query-input":"required name=search_term_string"}],"inLanguage":"fr-FR"},{"@type":"Organization","@id":"https:\/\/gojuteinternational.com\/fr\/#organization","name":"GoJute International","alternateName":"GoJute","url":"https:\/\/gojuteinternational.com\/fr\/","logo":{"@type":"ImageObject","inLanguage":"fr-FR","@id":"https:\/\/gojuteinternational.com\/fr\/#\/schema\/logo\/image\/","url":"https:\/\/gojuteinternational.com\/wp-content\/uploads\/2022\/06\/GoJute-Logo-RGB.png","contentUrl":"https:\/\/gojuteinternational.com\/wp-content\/uploads\/2022\/06\/GoJute-Logo-RGB.png","width":2000,"height":1809,"caption":"GoJute International"},"image":{"@id":"https:\/\/gojuteinternational.com\/fr\/#\/schema\/logo\/image\/"},"sameAs":["https:\/\/www.facebook.com\/gojute","https:\/\/www.instagram.com\/gojute\/"]}]}},"_links":{"self":[{"href":"https:\/\/gojuteinternational.com\/fr\/wp-json\/wp\/v2\/pages\/91082","targetHints":{"allow":["GET"]}}],"collection":[{"href":"https:\/\/gojuteinternational.com\/fr\/wp-json\/wp\/v2\/pages"}],"about":[{"href":"https:\/\/gojuteinternational.com\/fr\/wp-json\/wp\/v2\/types\/page"}],"author":[{"embeddable":true,"href":"https:\/\/gojuteinternational.com\/fr\/wp-json\/wp\/v2\/users\/6996"}],"replies":[{"embeddable":true,"href":"https:\/\/gojuteinternational.com\/fr\/wp-json\/wp\/v2\/comments?post=91082"}],"version-history":[{"count":2,"href":"https:\/\/gojuteinternational.com\/fr\/wp-json\/wp\/v2\/pages\/91082\/revisions"}],"predecessor-version":[{"id":91091,"href":"https:\/\/gojuteinternational.com\/fr\/wp-json\/wp\/v2\/pages\/91082\/revisions\/91091"}],"up":[{"embeddable":true,"href":"https:\/\/gojuteinternational.com\/fr\/wp-json\/wp\/v2\/pages\/91102"}],"wp:attachment":[{"href":"https:\/\/gojuteinternational.com\/fr\/wp-json\/wp\/v2\/media?parent=91082"}],"curies":[{"name":"wp","href":"https:\/\/api.w.org\/{rel}","templated":true}]}}