{"id":91102,"date":"2025-09-16T09:12:09","date_gmt":"2025-09-16T08:12:09","guid":{"rendered":"https:\/\/gojuteinternational.com\/custom-colour-bags-for-corporate-branding\/"},"modified":"2025-09-16T11:45:14","modified_gmt":"2025-09-16T10:45:14","slug":"coloured-tote-bags","status":"publish","type":"page","link":"https:\/\/gojuteinternational.com\/fr\/coloured-tote-bags\/","title":{"rendered":"Sacs de couleur personnalis\u00e9s pour l&rsquo;image de marque de l&rsquo;entreprise"},"content":{"rendered":"\t\t<div data-elementor-type=\"wp-page\" data-elementor-id=\"91102\" class=\"elementor elementor-91102 elementor-91092\" data-elementor-post-type=\"page\">\n\t\t\t\t\t\t\t\t\t<section class=\"elementor-section elementor-top-section elementor-element elementor-element-39e62f6 elementor-section-boxed elementor-section-height-default elementor-section-height-default\" data-id=\"39e62f6\" data-element_type=\"section\">\n\t\t\t\t\t\t<div class=\"elementor-container elementor-column-gap-default\">\n\t\t\t\t\t<div class=\"elementor-column elementor-col-100 elementor-top-column elementor-element elementor-element-8a1a32a\" data-id=\"8a1a32a\" data-element_type=\"column\">\n\t\t\t<div class=\"elementor-widget-wrap elementor-element-populated\">\n\t\t\t\t\t\t\t\t<div class=\"elementor-element elementor-element-017c3e3 elementor-widget elementor-widget-spacer\" data-id=\"017c3e3\" data-element_type=\"widget\" data-widget_type=\"spacer.default\">\n\t\t\t\t<div class=\"elementor-widget-container\">\n\t\t\t<style>\/*! elementor - v3.18.0 - 20-12-2023 *\/\n.elementor-column .elementor-spacer-inner{height:var(--spacer-size)}.e-con{--container-widget-width:100%}.e-con-inner>.elementor-widget-spacer,.e-con>.elementor-widget-spacer{width:var(--container-widget-width,var(--spacer-size));--align-self:var(--container-widget-align-self,initial);--flex-shrink:0}.e-con-inner>.elementor-widget-spacer>.elementor-widget-container,.e-con>.elementor-widget-spacer>.elementor-widget-container{height:100%;width:100%}.e-con-inner>.elementor-widget-spacer>.elementor-widget-container>.elementor-spacer,.e-con>.elementor-widget-spacer>.elementor-widget-container>.elementor-spacer{height:100%}.e-con-inner>.elementor-widget-spacer>.elementor-widget-container>.elementor-spacer>.elementor-spacer-inner,.e-con>.elementor-widget-spacer>.elementor-widget-container>.elementor-spacer>.elementor-spacer-inner{height:var(--container-widget-height,var(--spacer-size))}.e-con-inner>.elementor-widget-spacer.elementor-widget-empty,.e-con>.elementor-widget-spacer.elementor-widget-empty{position:relative;min-height:22px;min-width:22px}.e-con-inner>.elementor-widget-spacer.elementor-widget-empty .elementor-widget-empty-icon,.e-con>.elementor-widget-spacer.elementor-widget-empty .elementor-widget-empty-icon{position:absolute;top:0;bottom:0;left:0;right:0;margin:auto;padding:0;width:22px;height:22px}<\/style>\t\t<div class=\"elementor-spacer\">\n\t\t\t<div class=\"elementor-spacer-inner\"><\/div>\n\t\t<\/div>\n\t\t\t\t<\/div>\n\t\t\t\t<\/div>\n\t\t\t\t<div class=\"elementor-element elementor-element-542f062 elementor-widget elementor-widget-heading\" data-id=\"542f062\" data-element_type=\"widget\" data-widget_type=\"heading.default\">\n\t\t\t\t<div class=\"elementor-widget-container\">\n\t\t\t<style>\/*! elementor - v3.18.0 - 20-12-2023 *\/\n.elementor-heading-title{padding:0;margin:0;line-height:1}.elementor-widget-heading .elementor-heading-title[class*=elementor-size-]>a{color:inherit;font-size:inherit;line-height:inherit}.elementor-widget-heading .elementor-heading-title.elementor-size-small{font-size:15px}.elementor-widget-heading .elementor-heading-title.elementor-size-medium{font-size:19px}.elementor-widget-heading .elementor-heading-title.elementor-size-large{font-size:29px}.elementor-widget-heading .elementor-heading-title.elementor-size-xl{font-size:39px}.elementor-widget-heading .elementor-heading-title.elementor-size-xxl{font-size:59px}<\/style><h1 class=\"elementor-heading-title elementor-size-default\">Sacs de couleur personnalis\u00e9s pour l'image de marque de l'entreprise<\/h1>\t\t<\/div>\n\t\t\t\t<\/div>\n\t\t\t\t<div class=\"elementor-element elementor-element-f12cf3a elementor-widget elementor-widget-text-editor\" data-id=\"f12cf3a\" data-element_type=\"widget\" data-widget_type=\"text-editor.default\">\n\t\t\t\t<div class=\"elementor-widget-container\">\n\t\t\t<style>\/*! elementor - v3.18.0 - 20-12-2023 *\/\n.elementor-widget-text-editor.elementor-drop-cap-view-stacked .elementor-drop-cap{background-color:#69727d;color:#fff}.elementor-widget-text-editor.elementor-drop-cap-view-framed .elementor-drop-cap{color:#69727d;border:3px solid;background-color:transparent}.elementor-widget-text-editor:not(.elementor-drop-cap-view-default) .elementor-drop-cap{margin-top:8px}.elementor-widget-text-editor:not(.elementor-drop-cap-view-default) .elementor-drop-cap-letter{width:1em;height:1em}.elementor-widget-text-editor .elementor-drop-cap{float:left;text-align:center;line-height:1;font-size:50px}.elementor-widget-text-editor .elementor-drop-cap-letter{display:inline-block}<\/style>\t\t\t\t<p><span style=\"font-weight: 400;\">Les sacs personnalis\u00e9s aux couleurs de la marque permettent aux entreprises d&rsquo;aligner parfaitement leurs produits promotionnels sur l&rsquo;identit\u00e9 de leur marque. Qu&rsquo;il s&rsquo;agisse de cadeaux d&rsquo;entreprise, d&rsquo;\u00e9v\u00e9nements ou de promotions au d\u00e9tail, ces sacs en jute et en coton constituent un moyen pratique, \u00e9cologique et visuellement percutant d&rsquo;accro\u00eetre la visibilit\u00e9 de votre marque. <\/span><\/p>\n<h2>Pourquoi choisir des sacs de couleur personnalis\u00e9s pour le marketing B2B<\/h2>\n<p><span style=\"font-weight: 400;\">Les sacs de couleur personnalis\u00e9s offrent la possibilit\u00e9 de s&rsquo;adapter aux couleurs de votre entreprise, aux th\u00e8mes de votre campagne ou \u00e0 la marque de votre \u00e9v\u00e9nement. Ces sacs sont r\u00e9utilisables, durables et constituent un outil de marketing \u00e0 long terme, qui permet \u00e0 vos clients, employ\u00e9s et partenaires de garder votre marque \u00e0 l&rsquo;esprit. <\/span><\/p>\n<h3>Commandes group\u00e9es et personnalisation de l&rsquo;entreprise<\/h3>\n<p><span style=\"font-weight: 400;\">Con\u00e7us pour les campagnes B2B \u00e0 grande \u00e9chelle, les sacs de couleur personnalis\u00e9s sont parfaits pour les commandes en gros. Les principales caract\u00e9ristiques sont les suivantes : <\/span><\/p>\n<ul>\n<li style=\"font-weight: 400;\" aria-level=\"1\"><span style=\"font-weight: 400;\">Impression de logos et de marques sur les sacs<\/span><span style=\"font-weight: 400;\">\n<p><\/span><\/li>\n<li style=\"font-weight: 400;\" aria-level=\"1\"><span style=\"font-weight: 400;\">Large gamme de couleurs pour s&rsquo;adapter \u00e0 l&rsquo;identit\u00e9 de l&rsquo;entreprise<\/span><span style=\"font-weight: 400;\">\n<p><\/span><\/li>\n<li style=\"font-weight: 400;\" aria-level=\"1\"><span style=\"font-weight: 400;\">Formats et designs personnalis\u00e9s pour les campagnes sp\u00e9ciales<\/span><\/li>\n<\/ul>\n<h3>Applications B2B des sacs de couleur personnalis\u00e9s<\/h3>\n<ul>\n<li style=\"font-weight: 400;\" aria-level=\"1\"><b>\u00c9v\u00e9nements d&rsquo;entreprise et conf\u00e9rences :<\/b><span style=\"font-weight: 400;\"> Distribuez des sacs de couleur personnalis\u00e9s pour faire une impression durable et vous assurer que votre marque se d\u00e9marque.<\/span><span style=\"font-weight: 400;\">\n<p><\/span><\/li>\n<li style=\"font-weight: 400;\" aria-level=\"1\"><b>Promotions dans le commerce de d\u00e9tail :<\/b><span style=\"font-weight: 400;\"> Offrez aux clients des sacs r\u00e9utilisables qui refl\u00e8tent les couleurs de votre marque et renforcent leur fid\u00e9lit\u00e9.<\/span><span style=\"font-weight: 400;\">\n<p><\/span><\/li>\n<li style=\"font-weight: 400;\" aria-level=\"1\"><b>Cadeaux et reconnaissance pour les employ\u00e9s :<\/b><span style=\"font-weight: 400;\"> Les sacs de couleur personnalis\u00e9s sont id\u00e9aux pour la reconnaissance des employ\u00e9s, les kits d&rsquo;int\u00e9gration ou les \u00e9v\u00e9nements sp\u00e9ciaux de l&rsquo;entreprise.<\/span><span style=\"font-weight: 400;\">\n<p><\/span><\/li>\n<li style=\"font-weight: 400;\" aria-level=\"1\"><b>Cadeaux pour les \u00e9v\u00e9nements :<\/b><span style=\"font-weight: 400;\"> Les sacs de couleur personnalis\u00e9s augmentent la valeur per\u00e7ue des articles promotionnels et laissent une impression m\u00e9morable aux participants.<\/span><\/li>\n<\/ul>\n<h2>Une image de marque durable et \u00e0 long terme<\/h2>\n<p><span style=\"font-weight: 400;\">Les sacs en jute et en coton personnalis\u00e9s sont \u00e9cologiques, r\u00e9utilisables et offrent une visibilit\u00e9 prolong\u00e9e de la marque longtemps apr\u00e8s la distribution initiale. En investissant dans des sacs personnalis\u00e9s de qualit\u00e9, votre entreprise fait preuve de durabilit\u00e9 et de professionnalisme. <\/span><\/p>\n<h2>Lancez d\u00e8s aujourd&rsquo;hui votre campagne de sacs de couleur personnalis\u00e9s<\/h2>\n<p><span style=\"font-weight: 400;\">Associez-vous \u00e0 GoJute pour concevoir, personnaliser et commander vos sacs de couleur en vrac pour des \u00e9v\u00e9nements d&rsquo;entreprise, des promotions au d\u00e9tail, des cadeaux pour les employ\u00e9s ou des campagnes promotionnelles. Nos solutions B2B garantissent la qualit\u00e9, la personnalisation et la livraison dans les d\u00e9lais. <\/span><\/p>\n<p><a href=\"https:\/\/gojuteinternational.com\/fr\/nous-contacter\/\"><span style=\"font-weight: 400;\">Nous contacter<\/span><\/a><\/p><\/p>\n\t\t\t\t\t\t<\/div>\n\t\t\t\t<\/div>\n\t\t\t\t\t<\/div>\n\t\t<\/div>\n\t\t\t\t\t\t\t<\/div>\n\t\t<\/section>\n\t\t\t\t\t\t\t<\/div>\n\t\t","protected":false},"excerpt":{"rendered":"<p>Sacs de couleur personnalis\u00e9s pour l&rsquo;image de marque de l&rsquo;entreprise Les sacs personnalis\u00e9s aux couleurs de la marque permettent aux entreprises d&rsquo;aligner parfaitement leurs produits promotionnels sur l&rsquo;identit\u00e9 de leur marque. Qu&rsquo;il s&rsquo;agisse de cadeaux d&rsquo;entreprise, d&rsquo;\u00e9v\u00e9nements ou de promotions au d\u00e9tail, ces sacs en jute et en coton constituent un moyen pratique, \u00e9cologique et [&hellip;]<\/p>\n","protected":false},"author":6996,"featured_media":0,"parent":0,"menu_order":0,"comment_status":"closed","ping_status":"closed","template":"elementor_header_footer","meta":{"content-type":"","_monsterinsights_skip_tracking":false,"_monsterinsights_sitenote_active":false,"_monsterinsights_sitenote_note":"","_monsterinsights_sitenote_category":0,"footnotes":""},"class_list":["post-91102","page","type-page","status-publish","hentry"],"yoast_head":"<!-- This site is optimized with the Yoast SEO plugin v21.7 - https:\/\/yoast.com\/wordpress\/plugins\/seo\/ -->\n<title>Sacs de couleur personnalis\u00e9s pour la marque de l&#039;entreprise | Sacs en jute et en coton pour le B2B<\/title>\n<meta name=\"description\" content=\"D\u00e9couvrez les sacs en jute et en coton de couleur personnalis\u00e9s pour le marquage B2B. Id\u00e9al pour les commandes en gros, l&#039;impression de logos et les campagnes promotionnelles d&#039;entreprise.\" \/>\n<meta name=\"robots\" content=\"index, follow, max-snippet:-1, max-image-preview:large, max-video-preview:-1\" \/>\n<link rel=\"canonical\" href=\"https:\/\/gojuteinternational.com\/fr\/coloured-tote-bags\/\" \/>\n<meta property=\"og:locale\" content=\"fr_FR\" \/>\n<meta property=\"og:type\" content=\"article\" \/>\n<meta property=\"og:title\" content=\"Sacs de couleur personnalis\u00e9s pour la marque de l&#039;entreprise | Sacs en jute et en coton pour le B2B\" \/>\n<meta property=\"og:description\" content=\"D\u00e9couvrez les sacs en jute et en coton de couleur personnalis\u00e9s pour le marquage B2B. Id\u00e9al pour les commandes en gros, l&#039;impression de logos et les campagnes promotionnelles d&#039;entreprise.\" \/>\n<meta property=\"og:url\" content=\"https:\/\/gojuteinternational.com\/fr\/coloured-tote-bags\/\" \/>\n<meta property=\"og:site_name\" content=\"GoJute International\" \/>\n<meta property=\"article:publisher\" content=\"https:\/\/www.facebook.com\/gojute\" \/>\n<meta property=\"article:modified_time\" content=\"2025-09-16T10:45:14+00:00\" \/>\n<meta name=\"twitter:card\" content=\"summary_large_image\" \/>\n<meta name=\"twitter:label1\" content=\"Dur\u00e9e de lecture estim\u00e9e\" \/>\n\t<meta name=\"twitter:data1\" content=\"2 minutes\" \/>\n<script type=\"application\/ld+json\" class=\"yoast-schema-graph\">{\"@context\":\"https:\/\/schema.org\",\"@graph\":[{\"@type\":\"WebPage\",\"@id\":\"https:\/\/gojuteinternational.com\/fr\/coloured-tote-bags\/\",\"url\":\"https:\/\/gojuteinternational.com\/fr\/coloured-tote-bags\/\",\"name\":\"Sacs de couleur personnalis\u00e9s pour la marque de l'entreprise | Sacs en jute et en coton pour le B2B\",\"isPartOf\":{\"@id\":\"https:\/\/gojuteinternational.com\/fr\/#website\"},\"datePublished\":\"2025-09-16T08:12:09+00:00\",\"dateModified\":\"2025-09-16T10:45:14+00:00\",\"description\":\"D\u00e9couvrez les sacs en jute et en coton de couleur personnalis\u00e9s pour le marquage B2B. Id\u00e9al pour les commandes en gros, l'impression de logos et les campagnes promotionnelles d'entreprise.\",\"breadcrumb\":{\"@id\":\"https:\/\/gojuteinternational.com\/fr\/coloured-tote-bags\/#breadcrumb\"},\"inLanguage\":\"fr-FR\",\"potentialAction\":[{\"@type\":\"ReadAction\",\"target\":[\"https:\/\/gojuteinternational.com\/fr\/coloured-tote-bags\/\"]}]},{\"@type\":\"BreadcrumbList\",\"@id\":\"https:\/\/gojuteinternational.com\/fr\/coloured-tote-bags\/#breadcrumb\",\"itemListElement\":[{\"@type\":\"ListItem\",\"position\":1,\"name\":\"Home\",\"item\":\"https:\/\/gojuteinternational.com\/fr\/\"},{\"@type\":\"ListItem\",\"position\":2,\"name\":\"Sacs de couleur personnalis\u00e9s pour l&#8217;image de marque de l&#8217;entreprise\"}]},{\"@type\":\"WebSite\",\"@id\":\"https:\/\/gojuteinternational.com\/fr\/#website\",\"url\":\"https:\/\/gojuteinternational.com\/fr\/\",\"name\":\"GoJute International\",\"description\":\"Printed bags for business\",\"publisher\":{\"@id\":\"https:\/\/gojuteinternational.com\/fr\/#organization\"},\"alternateName\":\"GoJute\",\"potentialAction\":[{\"@type\":\"SearchAction\",\"target\":{\"@type\":\"EntryPoint\",\"urlTemplate\":\"https:\/\/gojuteinternational.com\/fr\/?s={search_term_string}\"},\"query-input\":\"required name=search_term_string\"}],\"inLanguage\":\"fr-FR\"},{\"@type\":\"Organization\",\"@id\":\"https:\/\/gojuteinternational.com\/fr\/#organization\",\"name\":\"GoJute International\",\"alternateName\":\"GoJute\",\"url\":\"https:\/\/gojuteinternational.com\/fr\/\",\"logo\":{\"@type\":\"ImageObject\",\"inLanguage\":\"fr-FR\",\"@id\":\"https:\/\/gojuteinternational.com\/fr\/#\/schema\/logo\/image\/\",\"url\":\"https:\/\/gojuteinternational.com\/wp-content\/uploads\/2022\/06\/GoJute-Logo-RGB.png\",\"contentUrl\":\"https:\/\/gojuteinternational.com\/wp-content\/uploads\/2022\/06\/GoJute-Logo-RGB.png\",\"width\":2000,\"height\":1809,\"caption\":\"GoJute International\"},\"image\":{\"@id\":\"https:\/\/gojuteinternational.com\/fr\/#\/schema\/logo\/image\/\"},\"sameAs\":[\"https:\/\/www.facebook.com\/gojute\",\"https:\/\/www.instagram.com\/gojute\/\"]}]}<\/script>\n<!-- \/ Yoast SEO plugin. -->","yoast_head_json":{"title":"Sacs de couleur personnalis\u00e9s pour la marque de l'entreprise | Sacs en jute et en coton pour le B2B","description":"D\u00e9couvrez les sacs en jute et en coton de couleur personnalis\u00e9s pour le marquage B2B. Id\u00e9al pour les commandes en gros, l'impression de logos et les campagnes promotionnelles d'entreprise.","robots":{"index":"index","follow":"follow","max-snippet":"max-snippet:-1","max-image-preview":"max-image-preview:large","max-video-preview":"max-video-preview:-1"},"canonical":"https:\/\/gojuteinternational.com\/fr\/coloured-tote-bags\/","og_locale":"fr_FR","og_type":"article","og_title":"Sacs de couleur personnalis\u00e9s pour la marque de l'entreprise | Sacs en jute et en coton pour le B2B","og_description":"D\u00e9couvrez les sacs en jute et en coton de couleur personnalis\u00e9s pour le marquage B2B. Id\u00e9al pour les commandes en gros, l'impression de logos et les campagnes promotionnelles d'entreprise.","og_url":"https:\/\/gojuteinternational.com\/fr\/coloured-tote-bags\/","og_site_name":"GoJute International","article_publisher":"https:\/\/www.facebook.com\/gojute","article_modified_time":"2025-09-16T10:45:14+00:00","twitter_card":"summary_large_image","twitter_misc":{"Dur\u00e9e de lecture estim\u00e9e":"2 minutes"},"schema":{"@context":"https:\/\/schema.org","@graph":[{"@type":"WebPage","@id":"https:\/\/gojuteinternational.com\/fr\/coloured-tote-bags\/","url":"https:\/\/gojuteinternational.com\/fr\/coloured-tote-bags\/","name":"Sacs de couleur personnalis\u00e9s pour la marque de l'entreprise | Sacs en jute et en coton pour le B2B","isPartOf":{"@id":"https:\/\/gojuteinternational.com\/fr\/#website"},"datePublished":"2025-09-16T08:12:09+00:00","dateModified":"2025-09-16T10:45:14+00:00","description":"D\u00e9couvrez les sacs en jute et en coton de couleur personnalis\u00e9s pour le marquage B2B. Id\u00e9al pour les commandes en gros, l'impression de logos et les campagnes promotionnelles d'entreprise.","breadcrumb":{"@id":"https:\/\/gojuteinternational.com\/fr\/coloured-tote-bags\/#breadcrumb"},"inLanguage":"fr-FR","potentialAction":[{"@type":"ReadAction","target":["https:\/\/gojuteinternational.com\/fr\/coloured-tote-bags\/"]}]},{"@type":"BreadcrumbList","@id":"https:\/\/gojuteinternational.com\/fr\/coloured-tote-bags\/#breadcrumb","itemListElement":[{"@type":"ListItem","position":1,"name":"Home","item":"https:\/\/gojuteinternational.com\/fr\/"},{"@type":"ListItem","position":2,"name":"Sacs de couleur personnalis\u00e9s pour l&#8217;image de marque de l&#8217;entreprise"}]},{"@type":"WebSite","@id":"https:\/\/gojuteinternational.com\/fr\/#website","url":"https:\/\/gojuteinternational.com\/fr\/","name":"GoJute International","description":"Printed bags for business","publisher":{"@id":"https:\/\/gojuteinternational.com\/fr\/#organization"},"alternateName":"GoJute","potentialAction":[{"@type":"SearchAction","target":{"@type":"EntryPoint","urlTemplate":"https:\/\/gojuteinternational.com\/fr\/?s={search_term_string}"},"query-input":"required name=search_term_string"}],"inLanguage":"fr-FR"},{"@type":"Organization","@id":"https:\/\/gojuteinternational.com\/fr\/#organization","name":"GoJute International","alternateName":"GoJute","url":"https:\/\/gojuteinternational.com\/fr\/","logo":{"@type":"ImageObject","inLanguage":"fr-FR","@id":"https:\/\/gojuteinternational.com\/fr\/#\/schema\/logo\/image\/","url":"https:\/\/gojuteinternational.com\/wp-content\/uploads\/2022\/06\/GoJute-Logo-RGB.png","contentUrl":"https:\/\/gojuteinternational.com\/wp-content\/uploads\/2022\/06\/GoJute-Logo-RGB.png","width":2000,"height":1809,"caption":"GoJute International"},"image":{"@id":"https:\/\/gojuteinternational.com\/fr\/#\/schema\/logo\/image\/"},"sameAs":["https:\/\/www.facebook.com\/gojute","https:\/\/www.instagram.com\/gojute\/"]}]}},"_links":{"self":[{"href":"https:\/\/gojuteinternational.com\/fr\/wp-json\/wp\/v2\/pages\/91102","targetHints":{"allow":["GET"]}}],"collection":[{"href":"https:\/\/gojuteinternational.com\/fr\/wp-json\/wp\/v2\/pages"}],"about":[{"href":"https:\/\/gojuteinternational.com\/fr\/wp-json\/wp\/v2\/types\/page"}],"author":[{"embeddable":true,"href":"https:\/\/gojuteinternational.com\/fr\/wp-json\/wp\/v2\/users\/6996"}],"replies":[{"embeddable":true,"href":"https:\/\/gojuteinternational.com\/fr\/wp-json\/wp\/v2\/comments?post=91102"}],"version-history":[{"count":3,"href":"https:\/\/gojuteinternational.com\/fr\/wp-json\/wp\/v2\/pages\/91102\/revisions"}],"predecessor-version":[{"id":91172,"href":"https:\/\/gojuteinternational.com\/fr\/wp-json\/wp\/v2\/pages\/91102\/revisions\/91172"}],"wp:attachment":[{"href":"https:\/\/gojuteinternational.com\/fr\/wp-json\/wp\/v2\/media?parent=91102"}],"curies":[{"name":"wp","href":"https:\/\/api.w.org\/{rel}","templated":true}]}}