{"id":91800,"date":"2025-11-11T07:14:14","date_gmt":"2025-11-11T06:14:14","guid":{"rendered":"https:\/\/gojuteinternational.com\/branded-bags-by-size-a-complete-guide\/"},"modified":"2025-11-25T13:05:22","modified_gmt":"2025-11-25T12:05:22","slug":"branded-bags-by-size","status":"publish","type":"page","link":"https:\/\/gojuteinternational.com\/fr\/branded-bags-by-size\/","title":{"rendered":"Sacs de marque par taille : Un guide complet"},"content":{"rendered":"\t\t<div data-elementor-type=\"wp-page\" data-elementor-id=\"91800\" class=\"elementor elementor-91800 elementor-91789\" data-elementor-post-type=\"page\">\n\t\t\t\t\t\t\t\t\t<section class=\"elementor-section elementor-top-section elementor-element elementor-element-ff56a3b elementor-section-boxed elementor-section-height-default elementor-section-height-default\" data-id=\"ff56a3b\" data-element_type=\"section\">\n\t\t\t\t\t\t<div class=\"elementor-container elementor-column-gap-default\">\n\t\t\t\t\t<div class=\"elementor-column elementor-col-100 elementor-top-column elementor-element elementor-element-6023c86\" data-id=\"6023c86\" data-element_type=\"column\">\n\t\t\t<div class=\"elementor-widget-wrap elementor-element-populated\">\n\t\t\t\t\t\t\t\t<div class=\"elementor-element elementor-element-b385fb3 elementor-widget elementor-widget-spacer\" data-id=\"b385fb3\" data-element_type=\"widget\" data-widget_type=\"spacer.default\">\n\t\t\t\t<div class=\"elementor-widget-container\">\n\t\t\t<style>\/*! elementor - v3.18.0 - 20-12-2023 *\/\n.elementor-column .elementor-spacer-inner{height:var(--spacer-size)}.e-con{--container-widget-width:100%}.e-con-inner>.elementor-widget-spacer,.e-con>.elementor-widget-spacer{width:var(--container-widget-width,var(--spacer-size));--align-self:var(--container-widget-align-self,initial);--flex-shrink:0}.e-con-inner>.elementor-widget-spacer>.elementor-widget-container,.e-con>.elementor-widget-spacer>.elementor-widget-container{height:100%;width:100%}.e-con-inner>.elementor-widget-spacer>.elementor-widget-container>.elementor-spacer,.e-con>.elementor-widget-spacer>.elementor-widget-container>.elementor-spacer{height:100%}.e-con-inner>.elementor-widget-spacer>.elementor-widget-container>.elementor-spacer>.elementor-spacer-inner,.e-con>.elementor-widget-spacer>.elementor-widget-container>.elementor-spacer>.elementor-spacer-inner{height:var(--container-widget-height,var(--spacer-size))}.e-con-inner>.elementor-widget-spacer.elementor-widget-empty,.e-con>.elementor-widget-spacer.elementor-widget-empty{position:relative;min-height:22px;min-width:22px}.e-con-inner>.elementor-widget-spacer.elementor-widget-empty .elementor-widget-empty-icon,.e-con>.elementor-widget-spacer.elementor-widget-empty .elementor-widget-empty-icon{position:absolute;top:0;bottom:0;left:0;right:0;margin:auto;padding:0;width:22px;height:22px}<\/style>\t\t<div class=\"elementor-spacer\">\n\t\t\t<div class=\"elementor-spacer-inner\"><\/div>\n\t\t<\/div>\n\t\t\t\t<\/div>\n\t\t\t\t<\/div>\n\t\t\t\t<div class=\"elementor-element elementor-element-90190e8 elementor-widget elementor-widget-heading\" data-id=\"90190e8\" data-element_type=\"widget\" data-widget_type=\"heading.default\">\n\t\t\t\t<div class=\"elementor-widget-container\">\n\t\t\t<style>\/*! elementor - v3.18.0 - 20-12-2023 *\/\n.elementor-heading-title{padding:0;margin:0;line-height:1}.elementor-widget-heading .elementor-heading-title[class*=elementor-size-]>a{color:inherit;font-size:inherit;line-height:inherit}.elementor-widget-heading .elementor-heading-title.elementor-size-small{font-size:15px}.elementor-widget-heading .elementor-heading-title.elementor-size-medium{font-size:19px}.elementor-widget-heading .elementor-heading-title.elementor-size-large{font-size:29px}.elementor-widget-heading .elementor-heading-title.elementor-size-xl{font-size:39px}.elementor-widget-heading .elementor-heading-title.elementor-size-xxl{font-size:59px}<\/style><h1 class=\"elementor-heading-title elementor-size-default\">Sacs de marque par taille : Un guide complet<\/h1>\t\t<\/div>\n\t\t\t\t<\/div>\n\t\t\t\t<div class=\"elementor-element elementor-element-7e65025 elementor-widget elementor-widget-text-editor\" data-id=\"7e65025\" data-element_type=\"widget\" data-widget_type=\"text-editor.default\">\n\t\t\t\t<div class=\"elementor-widget-container\">\n\t\t\t<style>\/*! elementor - v3.18.0 - 20-12-2023 *\/\n.elementor-widget-text-editor.elementor-drop-cap-view-stacked .elementor-drop-cap{background-color:#69727d;color:#fff}.elementor-widget-text-editor.elementor-drop-cap-view-framed .elementor-drop-cap{color:#69727d;border:3px solid;background-color:transparent}.elementor-widget-text-editor:not(.elementor-drop-cap-view-default) .elementor-drop-cap{margin-top:8px}.elementor-widget-text-editor:not(.elementor-drop-cap-view-default) .elementor-drop-cap-letter{width:1em;height:1em}.elementor-widget-text-editor .elementor-drop-cap{float:left;text-align:center;line-height:1;font-size:50px}.elementor-widget-text-editor .elementor-drop-cap-letter{display:inline-block}<\/style>\t\t\t\t<p><span style=\"font-weight: 400;\">Le choix de la taille de votre sac de marque est tout aussi important que le choix du mat\u00e9riau ou de la couleur. Que vous planifiez un cadeau d&rsquo;entreprise \u00e0 grande \u00e9chelle, une promotion au d\u00e9tail ou un salon professionnel, la taille de votre sac en jute ou en coton joue un r\u00f4le essentiel en termes de fonctionnalit\u00e9, de visibilit\u00e9 et de pr\u00e9sentation g\u00e9n\u00e9rale de la marque. <\/span><\/p>\n<p><span style=\"font-weight: 400;\">Ce guide aide les entreprises \u00e0 comprendre comment chaque taille de sac peut servir un objectif distinct dans diff\u00e9rentes applications B2B, depuis les cadeaux compacts pour les \u00e9v\u00e9nements jusqu&rsquo;aux supports spacieux pour la vente au d\u00e9tail.<\/span><\/p>\n<h2>L&rsquo;importance de la taille du sac dans la strat\u00e9gie de marque B2B<\/h2>\n<p><span style=\"font-weight: 400;\">Dans le domaine du marketing B2B, il n&rsquo;y a pas de taille unique. La taille de votre sac d\u00e9termine l&rsquo;efficacit\u00e9 avec laquelle il soutient les objectifs de votre campagne et r\u00e9pond aux besoins de votre public. Les sacs de petite taille sont id\u00e9aux pour un marquage subtil et portable lors d&rsquo;\u00e9v\u00e9nements, tandis que les sacs de grande ou tr\u00e8s grande taille am\u00e9liorent la visibilit\u00e9 et la praticit\u00e9 dans les campagnes de vente au d\u00e9tail ou de cadeaux d&rsquo;entreprise. En choisissant la bonne taille, vous vous assurez que votre marque reste \u00e0 la fois fonctionnelle et m\u00e9morable.   <\/span><\/p>\n<h3>Principaux avantages du choix de la bonne taille<\/h3>\n<p><b>Praticit\u00e9 :<\/b><span style=\"font-weight: 400;\"> Veillez \u00e0 ce que vos clients et partenaires trouvent votre sac utile dans leur vie quotidienne.<\/span><\/p>\n<p><b>Visibilit\u00e9 :<\/b><span style=\"font-weight: 400;\"> Les sacs plus grands offrent plus d&rsquo;espace pour les marques et les logos, am\u00e9liorant ainsi la visibilit\u00e9 de la marque.<\/span><\/p>\n<p><b>Rentabilit\u00e9 :<\/b><span style=\"font-weight: 400;\"> Le choix de la bonne taille permet d&rsquo;\u00e9viter la surproduction ou le gaspillage, ce qui est conforme aux objectifs de d\u00e9veloppement durable.<\/span><\/p>\n<p><b>Pertinence de l&rsquo;\u00e9v\u00e9nement :<\/b><span style=\"font-weight: 400;\"> Diff\u00e9rentes tailles de sacs conviennent \u00e0 des objectifs sp\u00e9cifiques d&rsquo;entreprise ou de vente au d\u00e9tail.<\/span><\/p>\n<h2>D\u00e9couvrez nos tailles de sacs<\/h2>\n<p><span style=\"font-weight: 400;\">Chaque format de sac offre des possibilit\u00e9s uniques pour les campagnes de marketing B2B. Vous trouverez ci-dessous les cat\u00e9gories disponibles, chacune renvoyant \u00e0 une page d\u00e9taill\u00e9e expliquant les cas d&rsquo;utilisation, les options de personnalisation et les avantages commerciaux. <\/span><\/p>\n<h3>Petits sacs<\/h3>\n<p><span style=\"font-weight: 400;\">Compact et pratique, il est id\u00e9al pour l&#8217;emballage des produits, les cadeaux de conf\u00e9rence ou les \u00e9chantillons promotionnels.<\/span><\/p>\n<p><a href=\"https:\/\/gojuteinternational.com\/fr\/branded-bags-by-size\/small-bags\/\">Petits sacs en jute<\/a><\/p>\n<h3>Sacs de taille moyenne<\/h3>\n<p><span style=\"font-weight: 400;\">\u00c9quilibr\u00e9 et polyvalent, il est id\u00e9al pour les promotions au d\u00e9tail, les cadeaux aux employ\u00e9s ou les sacs \u00e0 provisions \u00e9cologiques.<\/span><\/p>\n<p><a href=\"https:\/\/gojuteinternational.com\/fr\/branded-bags-by-size\/medium-bags\/\"><span style=\"font-weight: 400;\">Sacs en coton de taille moyenne<\/span><\/a><\/p>\n<h3>Grands sacs<\/h3>\n<p><span style=\"font-weight: 400;\">Spacieux et durable, il convient aux salons professionnels, aux cadeaux en vrac ou \u00e0 l&rsquo;image de marque d&rsquo;un \u00e9v\u00e9nement d&rsquo;entreprise.<\/span><\/p>\n<p><a href=\"https:\/\/gojuteinternational.com\/fr\/branded-bags-by-size\/large-bags\/\">Grands sacs en jute<\/a><\/p>\n<h3>Sacs extra-larges<\/h3>\n<p><span style=\"font-weight: 400;\">Con\u00e7us pour une utilisation intensive, ils sont parfaits pour les livraisons, les paniers de luxe ou les kits d&rsquo;entreprise haut de gamme.<\/span><\/p>\n<p><a href=\"https:\/\/gojuteinternational.com\/fr\/branded-bags-by-size\/extra-large-bags\/\">Extra-large<\/a><a href=\"https:\/\/gojuteinternational.com\/fr\/branded-bags-by-size\/extra-large-bags\/\"> Coton<\/a><a href=\"https:\/\/gojuteinternational.com\/fr\/branded-bags-by-size\/extra-large-bags\/\"> Sacs<\/a><\/p>\n<h3 dir=\"ltr\">  Sacs sur mesure<\/h3>\n<p dir=\"ltr\">Adapt\u00e9s \u00e0 vos sp\u00e9cifications exactes, ces sacs sont id\u00e9aux pour les marques qui ont besoin de dimensions uniques pour des campagnes sp\u00e9ciales, des emballages sur mesure ou des exp\u00e9riences client de premier ordre.<\/p>\n<p dir=\"ltr\"><a href=\"https:\/\/gojuteinternational.com\/fr\/branded-bags-by-size\/custom-size-bags\/\">Sacs sur mesure<\/a><\/p>\n<h2>Applications B2B de toutes tailles<\/h2>\n<p><b><br \/><\/b><span style=\"font-weight: 400;\">Diff\u00e9rentes tailles de sacs peuvent correspondre \u00e0 plusieurs objectifs de marketing B2B. Par exemple : <\/span><\/p>\n<h3>\u00c9v\u00e9nements et conf\u00e9rences d&rsquo;entreprise<\/h3>\n<p><span style=\"font-weight: 400;\">Sacs de taille moyenne et grande pour les brochures, les cadeaux et les produits d\u00e9riv\u00e9s.<\/span><\/p>\n<h3>Promotions pour le commerce de d\u00e9tail et le commerce \u00e9lectronique<\/h3>\n<p><span style=\"font-weight: 400;\">Des sacs de petite ou moyenne taille pour am\u00e9liorer l&rsquo;exp\u00e9rience du client.<\/span><\/p>\n<h3>Cadeaux d&rsquo;entreprise<\/h3>\n<p><span style=\"font-weight: 400;\">  Sacs de grande et tr\u00e8s grande taille pour les paniers ou les kits d&#8217;embarquement.<\/span><\/p>\n<h3>Campagnes sur la RSE et le d\u00e9veloppement durable<\/h3>\n<p><span style=\"font-weight: 400;\">  Des options \u00e9cologiques dans toutes les tailles pour refl\u00e9ter les valeurs de votre entreprise.<\/span><\/p>\n<h2>Strat\u00e9gie de dimensionnement durable<\/h2>\n<p><span style=\"font-weight: 400;\">Le choix du format appropri\u00e9 n&rsquo;est pas seulement une question de commodit\u00e9, c&rsquo;est aussi une question de durabilit\u00e9. Les entreprises peuvent r\u00e9duire les d\u00e9chets et les co\u00fbts de production en commandant exactement ce dont elles ont besoin pour chaque campagne. Les mat\u00e9riaux en jute et en coton compl\u00e8tent naturellement cette strat\u00e9gie, en offrant des solutions r\u00e9utilisables et biod\u00e9gradables qui soutiennent les initiatives \u00e9cologiques.  <\/span><\/p>\n<h2>Pourquoi choisir GoJute pour vos sacs de format B2B ?<\/h2>\n<p><span style=\"font-weight: 400;\">GoJute est un fournisseur mondial de confiance de sacs en jute et en coton pour les entreprises de toutes tailles. Nos clients B2B b\u00e9n\u00e9ficient de : <\/span><\/p>\n<ul>\n<li style=\"font-weight: 400;\" aria-level=\"1\"><b>Solutions de dimensionnement sur mesure :<\/b><span style=\"font-weight: 400;\"> Choisissez les dimensions exactes qui conviennent \u00e0 votre produit ou \u00e0 votre \u00e9v\u00e9nement.<\/span><\/li>\n<li style=\"font-weight: 400;\" aria-level=\"1\"><b>Personnalisation compl\u00e8te :<\/b><span style=\"font-weight: 400;\"> Ajoutez des logos, des couleurs ou des messages \u00e9cologiques sur n&rsquo;importe quelle taille.<\/span><\/li>\n<li style=\"font-weight: 400;\" aria-level=\"1\"><b>Efficacit\u00e9 des commandes en masse :<\/b><span style=\"font-weight: 400;\"> B\u00e9n\u00e9ficiez de prix comp\u00e9titifs et d&rsquo;une qualit\u00e9 constante pour les campagnes \u00e0 grand volume.<\/span><\/li>\n<li style=\"font-weight: 400;\" aria-level=\"1\"><b>Leadership en mati\u00e8re de d\u00e9veloppement durable :<\/b><span style=\"font-weight: 400;\"> Associez-vous \u00e0 un fabricant qui s&rsquo;engage \u00e0 respecter l&rsquo;\u00e9thique en mati\u00e8re d&rsquo;approvisionnement et \u00e0 utiliser des mat\u00e9riaux biod\u00e9gradables.<\/span><\/li>\n<\/ul>\n<h2>Pr\u00eat \u00e0 choisir le bon format de sac pour votre entreprise ?<\/h2>\n<p><span style=\"font-weight: 400;\">GoJute propose une gamme de sacs en jute et en coton adapt\u00e9s \u00e0 tous les besoins des entreprises, petits, moyens, grands et tr\u00e8s grands, avec des options de personnalisation compl\u00e8tes. Que vous planifiez un \u00e9v\u00e9nement, une promotion ou une campagne d&rsquo;entreprise, notre \u00e9quipe peut vous aider \u00e0 s\u00e9lectionner la taille et le style parfaits pour rehausser la pr\u00e9sence de votre marque. <\/span><\/p>\n<p><span style=\"font-weight: 400;\"> <\/span><a href=\"https:\/\/gojuteinternational.com\/fr\/nous-contacter\/\"><b>Nous contacter<\/b><\/a><\/p>\n\t\t\t\t\t\t<\/div>\n\t\t\t\t<\/div>\n\t\t\t\t\t<\/div>\n\t\t<\/div>\n\t\t\t\t\t\t\t<\/div>\n\t\t<\/section>\n\t\t\t\t\t\t\t<\/div>\n\t\t","protected":false},"excerpt":{"rendered":"<p>Sacs de marque par taille : Un guide complet Le choix de la taille de votre sac de marque est tout aussi important que le choix du mat\u00e9riau ou de la couleur. Que vous planifiez un cadeau d&rsquo;entreprise \u00e0 grande \u00e9chelle, une promotion au d\u00e9tail ou un salon professionnel, la taille de votre sac en [&hellip;]<\/p>\n","protected":false},"author":6996,"featured_media":0,"parent":0,"menu_order":0,"comment_status":"closed","ping_status":"closed","template":"elementor_header_footer","meta":{"content-type":"","_monsterinsights_skip_tracking":false,"_monsterinsights_sitenote_active":false,"_monsterinsights_sitenote_note":"","_monsterinsights_sitenote_category":0,"footnotes":""},"class_list":["post-91800","page","type-page","status-publish","hentry"],"yoast_head":"<!-- This site is optimized with the Yoast SEO plugin v21.7 - https:\/\/yoast.com\/wordpress\/plugins\/seo\/ -->\n<title>Sacs de marque par taille : Guide B2B complet - Options en jute et en coton<\/title>\n<meta name=\"description\" content=\"D\u00e9couvrez les meilleurs sacs en jute et en coton par taille pour les campagnes B2B. Apprenez comment les sacs de petite, moyenne, grande et tr\u00e8s grande taille am\u00e9liorent l&#039;image de marque, les \u00e9v\u00e9nements et les promotions.\" \/>\n<meta name=\"robots\" content=\"index, follow, max-snippet:-1, max-image-preview:large, max-video-preview:-1\" \/>\n<link rel=\"canonical\" href=\"https:\/\/gojuteinternational.com\/fr\/branded-bags-by-size\/\" \/>\n<meta property=\"og:locale\" content=\"fr_FR\" \/>\n<meta property=\"og:type\" content=\"article\" \/>\n<meta property=\"og:title\" content=\"Sacs de marque par taille : Guide B2B complet - Options en jute et en coton\" \/>\n<meta property=\"og:description\" content=\"D\u00e9couvrez les meilleurs sacs en jute et en coton par taille pour les campagnes B2B. Apprenez comment les sacs de petite, moyenne, grande et tr\u00e8s grande taille am\u00e9liorent l&#039;image de marque, les \u00e9v\u00e9nements et les promotions.\" \/>\n<meta property=\"og:url\" content=\"https:\/\/gojuteinternational.com\/fr\/branded-bags-by-size\/\" \/>\n<meta property=\"og:site_name\" content=\"GoJute International\" \/>\n<meta property=\"article:publisher\" content=\"https:\/\/www.facebook.com\/gojute\" \/>\n<meta property=\"article:modified_time\" content=\"2025-11-25T12:05:22+00:00\" \/>\n<meta name=\"twitter:card\" content=\"summary_large_image\" \/>\n<meta name=\"twitter:label1\" content=\"Dur\u00e9e de lecture estim\u00e9e\" \/>\n\t<meta name=\"twitter:data1\" content=\"5 minutes\" \/>\n<script type=\"application\/ld+json\" class=\"yoast-schema-graph\">{\"@context\":\"https:\/\/schema.org\",\"@graph\":[{\"@type\":\"WebPage\",\"@id\":\"https:\/\/gojuteinternational.com\/fr\/branded-bags-by-size\/\",\"url\":\"https:\/\/gojuteinternational.com\/fr\/branded-bags-by-size\/\",\"name\":\"Sacs de marque par taille : Guide B2B complet - Options en jute et en coton\",\"isPartOf\":{\"@id\":\"https:\/\/gojuteinternational.com\/fr\/#website\"},\"datePublished\":\"2025-11-11T06:14:14+00:00\",\"dateModified\":\"2025-11-25T12:05:22+00:00\",\"description\":\"D\u00e9couvrez les meilleurs sacs en jute et en coton par taille pour les campagnes B2B. Apprenez comment les sacs de petite, moyenne, grande et tr\u00e8s grande taille am\u00e9liorent l'image de marque, les \u00e9v\u00e9nements et les promotions.\",\"breadcrumb\":{\"@id\":\"https:\/\/gojuteinternational.com\/fr\/branded-bags-by-size\/#breadcrumb\"},\"inLanguage\":\"fr-FR\",\"potentialAction\":[{\"@type\":\"ReadAction\",\"target\":[\"https:\/\/gojuteinternational.com\/fr\/branded-bags-by-size\/\"]}]},{\"@type\":\"BreadcrumbList\",\"@id\":\"https:\/\/gojuteinternational.com\/fr\/branded-bags-by-size\/#breadcrumb\",\"itemListElement\":[{\"@type\":\"ListItem\",\"position\":1,\"name\":\"Home\",\"item\":\"https:\/\/gojuteinternational.com\/fr\/\"},{\"@type\":\"ListItem\",\"position\":2,\"name\":\"Sacs de marque par taille : Un guide complet\"}]},{\"@type\":\"WebSite\",\"@id\":\"https:\/\/gojuteinternational.com\/fr\/#website\",\"url\":\"https:\/\/gojuteinternational.com\/fr\/\",\"name\":\"GoJute International\",\"description\":\"Printed bags for business\",\"publisher\":{\"@id\":\"https:\/\/gojuteinternational.com\/fr\/#organization\"},\"alternateName\":\"GoJute\",\"potentialAction\":[{\"@type\":\"SearchAction\",\"target\":{\"@type\":\"EntryPoint\",\"urlTemplate\":\"https:\/\/gojuteinternational.com\/fr\/?s={search_term_string}\"},\"query-input\":\"required name=search_term_string\"}],\"inLanguage\":\"fr-FR\"},{\"@type\":\"Organization\",\"@id\":\"https:\/\/gojuteinternational.com\/fr\/#organization\",\"name\":\"GoJute International\",\"alternateName\":\"GoJute\",\"url\":\"https:\/\/gojuteinternational.com\/fr\/\",\"logo\":{\"@type\":\"ImageObject\",\"inLanguage\":\"fr-FR\",\"@id\":\"https:\/\/gojuteinternational.com\/fr\/#\/schema\/logo\/image\/\",\"url\":\"https:\/\/gojuteinternational.com\/wp-content\/uploads\/2022\/06\/GoJute-Logo-RGB.png\",\"contentUrl\":\"https:\/\/gojuteinternational.com\/wp-content\/uploads\/2022\/06\/GoJute-Logo-RGB.png\",\"width\":2000,\"height\":1809,\"caption\":\"GoJute International\"},\"image\":{\"@id\":\"https:\/\/gojuteinternational.com\/fr\/#\/schema\/logo\/image\/\"},\"sameAs\":[\"https:\/\/www.facebook.com\/gojute\",\"https:\/\/www.instagram.com\/gojute\/\"]}]}<\/script>\n<!-- \/ Yoast SEO plugin. -->","yoast_head_json":{"title":"Sacs de marque par taille : Guide B2B complet - Options en jute et en coton","description":"D\u00e9couvrez les meilleurs sacs en jute et en coton par taille pour les campagnes B2B. Apprenez comment les sacs de petite, moyenne, grande et tr\u00e8s grande taille am\u00e9liorent l'image de marque, les \u00e9v\u00e9nements et les promotions.","robots":{"index":"index","follow":"follow","max-snippet":"max-snippet:-1","max-image-preview":"max-image-preview:large","max-video-preview":"max-video-preview:-1"},"canonical":"https:\/\/gojuteinternational.com\/fr\/branded-bags-by-size\/","og_locale":"fr_FR","og_type":"article","og_title":"Sacs de marque par taille : Guide B2B complet - Options en jute et en coton","og_description":"D\u00e9couvrez les meilleurs sacs en jute et en coton par taille pour les campagnes B2B. Apprenez comment les sacs de petite, moyenne, grande et tr\u00e8s grande taille am\u00e9liorent l'image de marque, les \u00e9v\u00e9nements et les promotions.","og_url":"https:\/\/gojuteinternational.com\/fr\/branded-bags-by-size\/","og_site_name":"GoJute International","article_publisher":"https:\/\/www.facebook.com\/gojute","article_modified_time":"2025-11-25T12:05:22+00:00","twitter_card":"summary_large_image","twitter_misc":{"Dur\u00e9e de lecture estim\u00e9e":"5 minutes"},"schema":{"@context":"https:\/\/schema.org","@graph":[{"@type":"WebPage","@id":"https:\/\/gojuteinternational.com\/fr\/branded-bags-by-size\/","url":"https:\/\/gojuteinternational.com\/fr\/branded-bags-by-size\/","name":"Sacs de marque par taille : Guide B2B complet - Options en jute et en coton","isPartOf":{"@id":"https:\/\/gojuteinternational.com\/fr\/#website"},"datePublished":"2025-11-11T06:14:14+00:00","dateModified":"2025-11-25T12:05:22+00:00","description":"D\u00e9couvrez les meilleurs sacs en jute et en coton par taille pour les campagnes B2B. Apprenez comment les sacs de petite, moyenne, grande et tr\u00e8s grande taille am\u00e9liorent l'image de marque, les \u00e9v\u00e9nements et les promotions.","breadcrumb":{"@id":"https:\/\/gojuteinternational.com\/fr\/branded-bags-by-size\/#breadcrumb"},"inLanguage":"fr-FR","potentialAction":[{"@type":"ReadAction","target":["https:\/\/gojuteinternational.com\/fr\/branded-bags-by-size\/"]}]},{"@type":"BreadcrumbList","@id":"https:\/\/gojuteinternational.com\/fr\/branded-bags-by-size\/#breadcrumb","itemListElement":[{"@type":"ListItem","position":1,"name":"Home","item":"https:\/\/gojuteinternational.com\/fr\/"},{"@type":"ListItem","position":2,"name":"Sacs de marque par taille : Un guide complet"}]},{"@type":"WebSite","@id":"https:\/\/gojuteinternational.com\/fr\/#website","url":"https:\/\/gojuteinternational.com\/fr\/","name":"GoJute International","description":"Printed bags for business","publisher":{"@id":"https:\/\/gojuteinternational.com\/fr\/#organization"},"alternateName":"GoJute","potentialAction":[{"@type":"SearchAction","target":{"@type":"EntryPoint","urlTemplate":"https:\/\/gojuteinternational.com\/fr\/?s={search_term_string}"},"query-input":"required name=search_term_string"}],"inLanguage":"fr-FR"},{"@type":"Organization","@id":"https:\/\/gojuteinternational.com\/fr\/#organization","name":"GoJute International","alternateName":"GoJute","url":"https:\/\/gojuteinternational.com\/fr\/","logo":{"@type":"ImageObject","inLanguage":"fr-FR","@id":"https:\/\/gojuteinternational.com\/fr\/#\/schema\/logo\/image\/","url":"https:\/\/gojuteinternational.com\/wp-content\/uploads\/2022\/06\/GoJute-Logo-RGB.png","contentUrl":"https:\/\/gojuteinternational.com\/wp-content\/uploads\/2022\/06\/GoJute-Logo-RGB.png","width":2000,"height":1809,"caption":"GoJute International"},"image":{"@id":"https:\/\/gojuteinternational.com\/fr\/#\/schema\/logo\/image\/"},"sameAs":["https:\/\/www.facebook.com\/gojute","https:\/\/www.instagram.com\/gojute\/"]}]}},"_links":{"self":[{"href":"https:\/\/gojuteinternational.com\/fr\/wp-json\/wp\/v2\/pages\/91800","targetHints":{"allow":["GET"]}}],"collection":[{"href":"https:\/\/gojuteinternational.com\/fr\/wp-json\/wp\/v2\/pages"}],"about":[{"href":"https:\/\/gojuteinternational.com\/fr\/wp-json\/wp\/v2\/types\/page"}],"author":[{"embeddable":true,"href":"https:\/\/gojuteinternational.com\/fr\/wp-json\/wp\/v2\/users\/6996"}],"replies":[{"embeddable":true,"href":"https:\/\/gojuteinternational.com\/fr\/wp-json\/wp\/v2\/comments?post=91800"}],"version-history":[{"count":4,"href":"https:\/\/gojuteinternational.com\/fr\/wp-json\/wp\/v2\/pages\/91800\/revisions"}],"predecessor-version":[{"id":92049,"href":"https:\/\/gojuteinternational.com\/fr\/wp-json\/wp\/v2\/pages\/91800\/revisions\/92049"}],"wp:attachment":[{"href":"https:\/\/gojuteinternational.com\/fr\/wp-json\/wp\/v2\/media?parent=91800"}],"curies":[{"name":"wp","href":"https:\/\/api.w.org\/{rel}","templated":true}]}}