{"id":91806,"date":"2025-11-11T07:28:38","date_gmt":"2025-11-11T06:28:38","guid":{"rendered":"https:\/\/gojuteinternational.com\/small-bags-for-b2b-marketing\/"},"modified":"2025-11-18T07:09:45","modified_gmt":"2025-11-18T06:09:45","slug":"small-bags","status":"publish","type":"page","link":"https:\/\/gojuteinternational.com\/fr\/branded-bags-by-size\/small-bags\/","title":{"rendered":"Petits sacs pour le marketing B2B"},"content":{"rendered":"\t\t<div data-elementor-type=\"wp-page\" data-elementor-id=\"91806\" class=\"elementor elementor-91806 elementor-91803\" data-elementor-post-type=\"page\">\n\t\t\t\t\t\t\t\t\t<section class=\"elementor-section elementor-top-section elementor-element elementor-element-5a7f31e elementor-section-boxed elementor-section-height-default elementor-section-height-default\" data-id=\"5a7f31e\" data-element_type=\"section\">\n\t\t\t\t\t\t<div class=\"elementor-container elementor-column-gap-default\">\n\t\t\t\t\t<div class=\"elementor-column elementor-col-100 elementor-top-column elementor-element elementor-element-c0aba59\" data-id=\"c0aba59\" data-element_type=\"column\">\n\t\t\t<div class=\"elementor-widget-wrap elementor-element-populated\">\n\t\t\t\t\t\t\t\t<div class=\"elementor-element elementor-element-4f1a86e elementor-widget elementor-widget-spacer\" data-id=\"4f1a86e\" data-element_type=\"widget\" data-widget_type=\"spacer.default\">\n\t\t\t\t<div class=\"elementor-widget-container\">\n\t\t\t<style>\/*! elementor - v3.18.0 - 20-12-2023 *\/\n.elementor-column .elementor-spacer-inner{height:var(--spacer-size)}.e-con{--container-widget-width:100%}.e-con-inner>.elementor-widget-spacer,.e-con>.elementor-widget-spacer{width:var(--container-widget-width,var(--spacer-size));--align-self:var(--container-widget-align-self,initial);--flex-shrink:0}.e-con-inner>.elementor-widget-spacer>.elementor-widget-container,.e-con>.elementor-widget-spacer>.elementor-widget-container{height:100%;width:100%}.e-con-inner>.elementor-widget-spacer>.elementor-widget-container>.elementor-spacer,.e-con>.elementor-widget-spacer>.elementor-widget-container>.elementor-spacer{height:100%}.e-con-inner>.elementor-widget-spacer>.elementor-widget-container>.elementor-spacer>.elementor-spacer-inner,.e-con>.elementor-widget-spacer>.elementor-widget-container>.elementor-spacer>.elementor-spacer-inner{height:var(--container-widget-height,var(--spacer-size))}.e-con-inner>.elementor-widget-spacer.elementor-widget-empty,.e-con>.elementor-widget-spacer.elementor-widget-empty{position:relative;min-height:22px;min-width:22px}.e-con-inner>.elementor-widget-spacer.elementor-widget-empty .elementor-widget-empty-icon,.e-con>.elementor-widget-spacer.elementor-widget-empty .elementor-widget-empty-icon{position:absolute;top:0;bottom:0;left:0;right:0;margin:auto;padding:0;width:22px;height:22px}<\/style>\t\t<div class=\"elementor-spacer\">\n\t\t\t<div class=\"elementor-spacer-inner\"><\/div>\n\t\t<\/div>\n\t\t\t\t<\/div>\n\t\t\t\t<\/div>\n\t\t\t\t<div class=\"elementor-element elementor-element-07e7fc7 elementor-widget elementor-widget-heading\" data-id=\"07e7fc7\" data-element_type=\"widget\" data-widget_type=\"heading.default\">\n\t\t\t\t<div class=\"elementor-widget-container\">\n\t\t\t<style>\/*! elementor - v3.18.0 - 20-12-2023 *\/\n.elementor-heading-title{padding:0;margin:0;line-height:1}.elementor-widget-heading .elementor-heading-title[class*=elementor-size-]>a{color:inherit;font-size:inherit;line-height:inherit}.elementor-widget-heading .elementor-heading-title.elementor-size-small{font-size:15px}.elementor-widget-heading .elementor-heading-title.elementor-size-medium{font-size:19px}.elementor-widget-heading .elementor-heading-title.elementor-size-large{font-size:29px}.elementor-widget-heading .elementor-heading-title.elementor-size-xl{font-size:39px}.elementor-widget-heading .elementor-heading-title.elementor-size-xxl{font-size:59px}<\/style><h1 class=\"elementor-heading-title elementor-size-default\">Petits sacs pour le marketing B2B\n<\/h1>\t\t<\/div>\n\t\t\t\t<\/div>\n\t\t\t\t<div class=\"elementor-element elementor-element-4853982 elementor-widget elementor-widget-text-editor\" data-id=\"4853982\" data-element_type=\"widget\" data-widget_type=\"text-editor.default\">\n\t\t\t\t<div class=\"elementor-widget-container\">\n\t\t\t<style>\/*! elementor - v3.18.0 - 20-12-2023 *\/\n.elementor-widget-text-editor.elementor-drop-cap-view-stacked .elementor-drop-cap{background-color:#69727d;color:#fff}.elementor-widget-text-editor.elementor-drop-cap-view-framed .elementor-drop-cap{color:#69727d;border:3px solid;background-color:transparent}.elementor-widget-text-editor:not(.elementor-drop-cap-view-default) .elementor-drop-cap{margin-top:8px}.elementor-widget-text-editor:not(.elementor-drop-cap-view-default) .elementor-drop-cap-letter{width:1em;height:1em}.elementor-widget-text-editor .elementor-drop-cap{float:left;text-align:center;line-height:1;font-size:50px}.elementor-widget-text-editor .elementor-drop-cap-letter{display:inline-block}<\/style>\t\t\t\t<p><span style=\"font-weight: 400;\">Les petits sacs sont peut-\u00eatre de taille r\u00e9duite, mais ils offrent un immense potentiel en mati\u00e8re de strat\u00e9gie de marque. Pour les entreprises B2B, ces sacs pratiques et l\u00e9gers en jute et en coton sont id\u00e9aux pour les \u00e9v\u00e9nements promotionnels, les campagnes de vente au d\u00e9tail et les cadeaux d&rsquo;entreprise bien pens\u00e9s. Gr\u00e2ce aux mat\u00e9riaux respectueux de l&rsquo;environnement et aux options de personnalisation de GoJute, les petits sacs rendent votre marque m\u00e9morable tout en promouvant le d\u00e9veloppement durable.  <\/span><\/p>\n<h2><b><br \/><\/b>Pourquoi les petits sacs sont un puissant outil de marketing B2B<\/h2>\n<p><span style=\"font-weight: 400;\">Sur un march\u00e9 concurrentiel, l&rsquo;attention port\u00e9e aux d\u00e9tails peut permettre \u00e0 votre entreprise de se d\u00e9marquer. Les petits sacs en jute ou en coton offrent un moyen raffin\u00e9 de mettre en valeur votre logo et vos valeurs sans surcharger votre public. Leur portabilit\u00e9 les rend parfaits pour les conf\u00e9rences, les salons professionnels et l&#8217;emballage de produits, aidant votre marque \u00e0 voyager sans effort de main en main.  <\/span><span style=\"font-weight: 400;\"><br \/><\/span><\/p>\n<h2>Applications B2B pour les petits sacs<\/h2>\n<h3>\u00c9v\u00e9nements d&rsquo;entreprise et foires commerciales<\/h3>\n<p><span style=\"font-weight: 400;\">Les petits sacs sont d&rsquo;excellents supports pour les conf\u00e9rences ou les expositions. Qu&rsquo;ils contiennent des brochures, des \u00e9chantillons promotionnels ou de petits cadeaux, ils cr\u00e9ent une impression durable et renforcent subtilement l&rsquo;identit\u00e9 de votre marque. <\/span><\/p>\n<h3>Cadeaux pour les employ\u00e9s et les clients<\/h3>\n<p><span style=\"font-weight: 400;\">Offrez \u00e0 votre \u00e9quipe ou \u00e0 vos clients un article \u00e9cologique et r\u00e9utilisable qui correspond aux valeurs modernes de votre entreprise. Ces petits sacs de marque peuvent \u00eatre personnalis\u00e9s avec votre logo, votre slogan ou des motifs saisonniers, un geste attentionn\u00e9 qui renforce votre marque. <\/span><span style=\"font-weight: 400;\"><br \/><\/span><span style=\"font-weight: 400;\"><\/p>\n<p><\/span><\/p>\n<h3>Promotions des ventes au d\u00e9tail et emballage des produits<\/h3>\n<p><span style=\"font-weight: 400;\">Pour les entreprises de vente au d\u00e9tail et de commerce \u00e9lectronique, les petits sacs constituent des emballages \u00e9l\u00e9gants pour les produits de boutique, les cosm\u00e9tiques et les accessoires. Leur qualit\u00e9, leur aspect et leur caract\u00e8re r\u00e9utilisable en font un \u00e9l\u00e9ment attrayant de l&rsquo;exp\u00e9rience client. <\/span><\/p>\n<h3>Cadeaux d&rsquo;\u00e9v\u00e9nements et sacs \u00e0 surprises<\/h3>\n<p><span style=\"font-weight: 400;\">Distribuez des petits sacs en jute ou en coton portant votre marque lors de campagnes promotionnelles ou d&rsquo;\u00e9v\u00e9nements caritatifs. Gr\u00e2ce \u00e0 leur facilit\u00e9 d&rsquo;utilisation, votre logo reste visible longtemps apr\u00e8s l&rsquo;\u00e9v\u00e9nement. <\/span><\/p>\n<h2>La durabilit\u00e9 au service du style<\/h2>\n<p><b><br \/><\/b><span style=\"font-weight: 400;\">Les petits sacs ne sont pas seulement pratiques : ils incarnent l&rsquo;engagement de votre entreprise en faveur du d\u00e9veloppement durable. Fabriqu\u00e9s \u00e0 partir de jute et de coton biod\u00e9gradables, ils offrent une alternative \u00e9l\u00e9gante et respectueuse de l&rsquo;environnement aux emballages \u00e0 usage unique. Leur durabilit\u00e9 permet de les r\u00e9utiliser souvent, ce qui accro\u00eet la visibilit\u00e9 de votre marque tout en r\u00e9duisant l&rsquo;impact sur l&rsquo;environnement.  <\/span><\/p>\n<h2>Pr\u00eat \u00e0 am\u00e9liorer votre marketing B2B avec des petits sacs ?<\/h2>\n<p><span style=\"font-weight: 400;\">Si vous \u00eates pr\u00eat \u00e0 faire une impression durable, les petits sacs en jute et en coton de GoJute sont le moyen id\u00e9al de mettre en valeur votre marque. Que ce soit pour des \u00e9v\u00e9nements, des lancements de produits ou pour remercier vos employ\u00e9s, ces sacs compacts offrent une visibilit\u00e9 durable tout en refl\u00e9tant les valeurs \u00e9cologiques de votre entreprise. <\/span><\/p>\n<p><span style=\"font-weight: 400;\">Faites \u00e9quipe avec GoJute d\u00e8s aujourd&rsquo;hui pour concevoir votre collection de petits sacs id\u00e9ale, enti\u00e8rement personnalis\u00e9e, fabriqu\u00e9e de mani\u00e8re \u00e9thique et pr\u00eate \u00e0 faire ressortir votre marque.<\/span><\/p>\n<p><span style=\"font-weight: 400;\"> <\/span><a href=\"https:\/\/gojuteinternational.com\/fr\/nous-contacter\/\"><b>Nous contacter<\/b><\/a><\/p>\n\t\t\t\t\t\t<\/div>\n\t\t\t\t<\/div>\n\t\t\t\t\t<\/div>\n\t\t<\/div>\n\t\t\t\t\t\t\t<\/div>\n\t\t<\/section>\n\t\t\t\t\t\t\t<\/div>\n\t\t","protected":false},"excerpt":{"rendered":"<p>Petits sacs pour le marketing B2B Les petits sacs sont peut-\u00eatre de taille r\u00e9duite, mais ils offrent un immense potentiel en mati\u00e8re de strat\u00e9gie de marque. Pour les entreprises B2B, ces sacs pratiques et l\u00e9gers en jute et en coton sont id\u00e9aux pour les \u00e9v\u00e9nements promotionnels, les campagnes de vente au d\u00e9tail et les cadeaux [&hellip;]<\/p>\n","protected":false},"author":6996,"featured_media":0,"parent":91800,"menu_order":0,"comment_status":"closed","ping_status":"closed","template":"elementor_header_footer","meta":{"content-type":"","_monsterinsights_skip_tracking":false,"_monsterinsights_sitenote_active":false,"_monsterinsights_sitenote_note":"","_monsterinsights_sitenote_category":0,"footnotes":""},"class_list":["post-91806","page","type-page","status-publish","hentry"],"yoast_head":"<!-- This site is optimized with the Yoast SEO plugin v21.7 - https:\/\/yoast.com\/wordpress\/plugins\/seo\/ -->\n<title>Petits sacs pour le marketing B2B | Solutions promotionnelles compactes en jute et coton<\/title>\n<meta name=\"description\" content=\"D\u00e9couvrez comment les petits sacs en jute et en coton am\u00e9liorent le marketing B2B. Parfaits pour les \u00e9v\u00e9nements d&#039;entreprise, les cadeaux et les promotions au d\u00e9tail avec des options de marquage compl\u00e8tes.\" \/>\n<meta name=\"robots\" content=\"index, follow, max-snippet:-1, max-image-preview:large, max-video-preview:-1\" \/>\n<link rel=\"canonical\" href=\"https:\/\/gojuteinternational.com\/fr\/branded-bags-by-size\/small-bags\/\" \/>\n<meta property=\"og:locale\" content=\"fr_FR\" \/>\n<meta property=\"og:type\" content=\"article\" \/>\n<meta property=\"og:title\" content=\"Petits sacs pour le marketing B2B | Solutions promotionnelles compactes en jute et coton\" \/>\n<meta property=\"og:description\" content=\"D\u00e9couvrez comment les petits sacs en jute et en coton am\u00e9liorent le marketing B2B. Parfaits pour les \u00e9v\u00e9nements d&#039;entreprise, les cadeaux et les promotions au d\u00e9tail avec des options de marquage compl\u00e8tes.\" \/>\n<meta property=\"og:url\" content=\"https:\/\/gojuteinternational.com\/fr\/branded-bags-by-size\/small-bags\/\" \/>\n<meta property=\"og:site_name\" content=\"GoJute International\" \/>\n<meta property=\"article:publisher\" content=\"https:\/\/www.facebook.com\/gojute\" \/>\n<meta property=\"article:modified_time\" content=\"2025-11-18T06:09:45+00:00\" \/>\n<meta name=\"twitter:card\" content=\"summary_large_image\" \/>\n<meta name=\"twitter:label1\" content=\"Dur\u00e9e de lecture estim\u00e9e\" \/>\n\t<meta name=\"twitter:data1\" content=\"3 minutes\" \/>\n<script type=\"application\/ld+json\" class=\"yoast-schema-graph\">{\"@context\":\"https:\/\/schema.org\",\"@graph\":[{\"@type\":\"WebPage\",\"@id\":\"https:\/\/gojuteinternational.com\/fr\/branded-bags-by-size\/small-bags\/\",\"url\":\"https:\/\/gojuteinternational.com\/fr\/branded-bags-by-size\/small-bags\/\",\"name\":\"Petits sacs pour le marketing B2B | Solutions promotionnelles compactes en jute et coton\",\"isPartOf\":{\"@id\":\"https:\/\/gojuteinternational.com\/fr\/#website\"},\"datePublished\":\"2025-11-11T06:28:38+00:00\",\"dateModified\":\"2025-11-18T06:09:45+00:00\",\"description\":\"D\u00e9couvrez comment les petits sacs en jute et en coton am\u00e9liorent le marketing B2B. Parfaits pour les \u00e9v\u00e9nements d'entreprise, les cadeaux et les promotions au d\u00e9tail avec des options de marquage compl\u00e8tes.\",\"breadcrumb\":{\"@id\":\"https:\/\/gojuteinternational.com\/fr\/branded-bags-by-size\/small-bags\/#breadcrumb\"},\"inLanguage\":\"fr-FR\",\"potentialAction\":[{\"@type\":\"ReadAction\",\"target\":[\"https:\/\/gojuteinternational.com\/fr\/branded-bags-by-size\/small-bags\/\"]}]},{\"@type\":\"BreadcrumbList\",\"@id\":\"https:\/\/gojuteinternational.com\/fr\/branded-bags-by-size\/small-bags\/#breadcrumb\",\"itemListElement\":[{\"@type\":\"ListItem\",\"position\":1,\"name\":\"Home\",\"item\":\"https:\/\/gojuteinternational.com\/fr\/\"},{\"@type\":\"ListItem\",\"position\":2,\"name\":\"Petits sacs pour le marketing B2B\"}]},{\"@type\":\"WebSite\",\"@id\":\"https:\/\/gojuteinternational.com\/fr\/#website\",\"url\":\"https:\/\/gojuteinternational.com\/fr\/\",\"name\":\"GoJute International\",\"description\":\"Printed bags for business\",\"publisher\":{\"@id\":\"https:\/\/gojuteinternational.com\/fr\/#organization\"},\"alternateName\":\"GoJute\",\"potentialAction\":[{\"@type\":\"SearchAction\",\"target\":{\"@type\":\"EntryPoint\",\"urlTemplate\":\"https:\/\/gojuteinternational.com\/fr\/?s={search_term_string}\"},\"query-input\":\"required name=search_term_string\"}],\"inLanguage\":\"fr-FR\"},{\"@type\":\"Organization\",\"@id\":\"https:\/\/gojuteinternational.com\/fr\/#organization\",\"name\":\"GoJute International\",\"alternateName\":\"GoJute\",\"url\":\"https:\/\/gojuteinternational.com\/fr\/\",\"logo\":{\"@type\":\"ImageObject\",\"inLanguage\":\"fr-FR\",\"@id\":\"https:\/\/gojuteinternational.com\/fr\/#\/schema\/logo\/image\/\",\"url\":\"https:\/\/gojuteinternational.com\/wp-content\/uploads\/2022\/06\/GoJute-Logo-RGB.png\",\"contentUrl\":\"https:\/\/gojuteinternational.com\/wp-content\/uploads\/2022\/06\/GoJute-Logo-RGB.png\",\"width\":2000,\"height\":1809,\"caption\":\"GoJute International\"},\"image\":{\"@id\":\"https:\/\/gojuteinternational.com\/fr\/#\/schema\/logo\/image\/\"},\"sameAs\":[\"https:\/\/www.facebook.com\/gojute\",\"https:\/\/www.instagram.com\/gojute\/\"]}]}<\/script>\n<!-- \/ Yoast SEO plugin. -->","yoast_head_json":{"title":"Petits sacs pour le marketing B2B | Solutions promotionnelles compactes en jute et coton","description":"D\u00e9couvrez comment les petits sacs en jute et en coton am\u00e9liorent le marketing B2B. Parfaits pour les \u00e9v\u00e9nements d'entreprise, les cadeaux et les promotions au d\u00e9tail avec des options de marquage compl\u00e8tes.","robots":{"index":"index","follow":"follow","max-snippet":"max-snippet:-1","max-image-preview":"max-image-preview:large","max-video-preview":"max-video-preview:-1"},"canonical":"https:\/\/gojuteinternational.com\/fr\/branded-bags-by-size\/small-bags\/","og_locale":"fr_FR","og_type":"article","og_title":"Petits sacs pour le marketing B2B | Solutions promotionnelles compactes en jute et coton","og_description":"D\u00e9couvrez comment les petits sacs en jute et en coton am\u00e9liorent le marketing B2B. Parfaits pour les \u00e9v\u00e9nements d'entreprise, les cadeaux et les promotions au d\u00e9tail avec des options de marquage compl\u00e8tes.","og_url":"https:\/\/gojuteinternational.com\/fr\/branded-bags-by-size\/small-bags\/","og_site_name":"GoJute International","article_publisher":"https:\/\/www.facebook.com\/gojute","article_modified_time":"2025-11-18T06:09:45+00:00","twitter_card":"summary_large_image","twitter_misc":{"Dur\u00e9e de lecture estim\u00e9e":"3 minutes"},"schema":{"@context":"https:\/\/schema.org","@graph":[{"@type":"WebPage","@id":"https:\/\/gojuteinternational.com\/fr\/branded-bags-by-size\/small-bags\/","url":"https:\/\/gojuteinternational.com\/fr\/branded-bags-by-size\/small-bags\/","name":"Petits sacs pour le marketing B2B | Solutions promotionnelles compactes en jute et coton","isPartOf":{"@id":"https:\/\/gojuteinternational.com\/fr\/#website"},"datePublished":"2025-11-11T06:28:38+00:00","dateModified":"2025-11-18T06:09:45+00:00","description":"D\u00e9couvrez comment les petits sacs en jute et en coton am\u00e9liorent le marketing B2B. Parfaits pour les \u00e9v\u00e9nements d'entreprise, les cadeaux et les promotions au d\u00e9tail avec des options de marquage compl\u00e8tes.","breadcrumb":{"@id":"https:\/\/gojuteinternational.com\/fr\/branded-bags-by-size\/small-bags\/#breadcrumb"},"inLanguage":"fr-FR","potentialAction":[{"@type":"ReadAction","target":["https:\/\/gojuteinternational.com\/fr\/branded-bags-by-size\/small-bags\/"]}]},{"@type":"BreadcrumbList","@id":"https:\/\/gojuteinternational.com\/fr\/branded-bags-by-size\/small-bags\/#breadcrumb","itemListElement":[{"@type":"ListItem","position":1,"name":"Home","item":"https:\/\/gojuteinternational.com\/fr\/"},{"@type":"ListItem","position":2,"name":"Petits sacs pour le marketing B2B"}]},{"@type":"WebSite","@id":"https:\/\/gojuteinternational.com\/fr\/#website","url":"https:\/\/gojuteinternational.com\/fr\/","name":"GoJute International","description":"Printed bags for business","publisher":{"@id":"https:\/\/gojuteinternational.com\/fr\/#organization"},"alternateName":"GoJute","potentialAction":[{"@type":"SearchAction","target":{"@type":"EntryPoint","urlTemplate":"https:\/\/gojuteinternational.com\/fr\/?s={search_term_string}"},"query-input":"required name=search_term_string"}],"inLanguage":"fr-FR"},{"@type":"Organization","@id":"https:\/\/gojuteinternational.com\/fr\/#organization","name":"GoJute International","alternateName":"GoJute","url":"https:\/\/gojuteinternational.com\/fr\/","logo":{"@type":"ImageObject","inLanguage":"fr-FR","@id":"https:\/\/gojuteinternational.com\/fr\/#\/schema\/logo\/image\/","url":"https:\/\/gojuteinternational.com\/wp-content\/uploads\/2022\/06\/GoJute-Logo-RGB.png","contentUrl":"https:\/\/gojuteinternational.com\/wp-content\/uploads\/2022\/06\/GoJute-Logo-RGB.png","width":2000,"height":1809,"caption":"GoJute International"},"image":{"@id":"https:\/\/gojuteinternational.com\/fr\/#\/schema\/logo\/image\/"},"sameAs":["https:\/\/www.facebook.com\/gojute","https:\/\/www.instagram.com\/gojute\/"]}]}},"_links":{"self":[{"href":"https:\/\/gojuteinternational.com\/fr\/wp-json\/wp\/v2\/pages\/91806","targetHints":{"allow":["GET"]}}],"collection":[{"href":"https:\/\/gojuteinternational.com\/fr\/wp-json\/wp\/v2\/pages"}],"about":[{"href":"https:\/\/gojuteinternational.com\/fr\/wp-json\/wp\/v2\/types\/page"}],"author":[{"embeddable":true,"href":"https:\/\/gojuteinternational.com\/fr\/wp-json\/wp\/v2\/users\/6996"}],"replies":[{"embeddable":true,"href":"https:\/\/gojuteinternational.com\/fr\/wp-json\/wp\/v2\/comments?post=91806"}],"version-history":[{"count":8,"href":"https:\/\/gojuteinternational.com\/fr\/wp-json\/wp\/v2\/pages\/91806\/revisions"}],"predecessor-version":[{"id":91941,"href":"https:\/\/gojuteinternational.com\/fr\/wp-json\/wp\/v2\/pages\/91806\/revisions\/91941"}],"up":[{"embeddable":true,"href":"https:\/\/gojuteinternational.com\/fr\/wp-json\/wp\/v2\/pages\/91800"}],"wp:attachment":[{"href":"https:\/\/gojuteinternational.com\/fr\/wp-json\/wp\/v2\/media?parent=91806"}],"curies":[{"name":"wp","href":"https:\/\/api.w.org\/{rel}","templated":true}]}}