{"id":91822,"date":"2025-11-11T07:39:01","date_gmt":"2025-11-11T06:39:01","guid":{"rendered":"https:\/\/gojuteinternational.com\/medium-bags-for-b2b-marketing\/"},"modified":"2025-11-18T07:21:26","modified_gmt":"2025-11-18T06:21:26","slug":"medium-bags","status":"publish","type":"page","link":"https:\/\/gojuteinternational.com\/fr\/branded-bags-by-size\/medium-bags\/","title":{"rendered":"Sacs de taille moyenne pour le marketing B2B"},"content":{"rendered":"\t\t<div data-elementor-type=\"wp-page\" data-elementor-id=\"91822\" class=\"elementor elementor-91822 elementor-91815\" data-elementor-post-type=\"page\">\n\t\t\t\t\t\t\t\t\t<section class=\"elementor-section elementor-top-section elementor-element elementor-element-ca64500 elementor-section-boxed elementor-section-height-default elementor-section-height-default\" data-id=\"ca64500\" data-element_type=\"section\">\n\t\t\t\t\t\t<div class=\"elementor-container elementor-column-gap-default\">\n\t\t\t\t\t<div class=\"elementor-column elementor-col-100 elementor-top-column elementor-element elementor-element-319b171\" data-id=\"319b171\" data-element_type=\"column\">\n\t\t\t<div class=\"elementor-widget-wrap elementor-element-populated\">\n\t\t\t\t\t\t\t\t<div class=\"elementor-element elementor-element-0c24800 elementor-widget elementor-widget-spacer\" data-id=\"0c24800\" data-element_type=\"widget\" data-widget_type=\"spacer.default\">\n\t\t\t\t<div class=\"elementor-widget-container\">\n\t\t\t<style>\/*! elementor - v3.18.0 - 20-12-2023 *\/\n.elementor-column .elementor-spacer-inner{height:var(--spacer-size)}.e-con{--container-widget-width:100%}.e-con-inner>.elementor-widget-spacer,.e-con>.elementor-widget-spacer{width:var(--container-widget-width,var(--spacer-size));--align-self:var(--container-widget-align-self,initial);--flex-shrink:0}.e-con-inner>.elementor-widget-spacer>.elementor-widget-container,.e-con>.elementor-widget-spacer>.elementor-widget-container{height:100%;width:100%}.e-con-inner>.elementor-widget-spacer>.elementor-widget-container>.elementor-spacer,.e-con>.elementor-widget-spacer>.elementor-widget-container>.elementor-spacer{height:100%}.e-con-inner>.elementor-widget-spacer>.elementor-widget-container>.elementor-spacer>.elementor-spacer-inner,.e-con>.elementor-widget-spacer>.elementor-widget-container>.elementor-spacer>.elementor-spacer-inner{height:var(--container-widget-height,var(--spacer-size))}.e-con-inner>.elementor-widget-spacer.elementor-widget-empty,.e-con>.elementor-widget-spacer.elementor-widget-empty{position:relative;min-height:22px;min-width:22px}.e-con-inner>.elementor-widget-spacer.elementor-widget-empty .elementor-widget-empty-icon,.e-con>.elementor-widget-spacer.elementor-widget-empty .elementor-widget-empty-icon{position:absolute;top:0;bottom:0;left:0;right:0;margin:auto;padding:0;width:22px;height:22px}<\/style>\t\t<div class=\"elementor-spacer\">\n\t\t\t<div class=\"elementor-spacer-inner\"><\/div>\n\t\t<\/div>\n\t\t\t\t<\/div>\n\t\t\t\t<\/div>\n\t\t\t\t<div class=\"elementor-element elementor-element-fed2136 elementor-widget elementor-widget-heading\" data-id=\"fed2136\" data-element_type=\"widget\" data-widget_type=\"heading.default\">\n\t\t\t\t<div class=\"elementor-widget-container\">\n\t\t\t<style>\/*! elementor - v3.18.0 - 20-12-2023 *\/\n.elementor-heading-title{padding:0;margin:0;line-height:1}.elementor-widget-heading .elementor-heading-title[class*=elementor-size-]>a{color:inherit;font-size:inherit;line-height:inherit}.elementor-widget-heading .elementor-heading-title.elementor-size-small{font-size:15px}.elementor-widget-heading .elementor-heading-title.elementor-size-medium{font-size:19px}.elementor-widget-heading .elementor-heading-title.elementor-size-large{font-size:29px}.elementor-widget-heading .elementor-heading-title.elementor-size-xl{font-size:39px}.elementor-widget-heading .elementor-heading-title.elementor-size-xxl{font-size:59px}<\/style><h1 class=\"elementor-heading-title elementor-size-default\">Sacs de taille moyenne pour le marketing B2B\n<\/h1>\t\t<\/div>\n\t\t\t\t<\/div>\n\t\t\t\t<div class=\"elementor-element elementor-element-7db0781 elementor-widget elementor-widget-text-editor\" data-id=\"7db0781\" data-element_type=\"widget\" data-widget_type=\"text-editor.default\">\n\t\t\t\t<div class=\"elementor-widget-container\">\n\t\t\t<style>\/*! elementor - v3.18.0 - 20-12-2023 *\/\n.elementor-widget-text-editor.elementor-drop-cap-view-stacked .elementor-drop-cap{background-color:#69727d;color:#fff}.elementor-widget-text-editor.elementor-drop-cap-view-framed .elementor-drop-cap{color:#69727d;border:3px solid;background-color:transparent}.elementor-widget-text-editor:not(.elementor-drop-cap-view-default) .elementor-drop-cap{margin-top:8px}.elementor-widget-text-editor:not(.elementor-drop-cap-view-default) .elementor-drop-cap-letter{width:1em;height:1em}.elementor-widget-text-editor .elementor-drop-cap{float:left;text-align:center;line-height:1;font-size:50px}.elementor-widget-text-editor .elementor-drop-cap-letter{display:inline-block}<\/style>\t\t\t\t<p><span style=\"font-weight: 400;\">Les sacs de taille moyenne repr\u00e9sentent l&rsquo;\u00e9quilibre parfait entre fonctionnalit\u00e9 et impact sur la marque. Pour les entreprises, ces sacs polyvalents en jute et en coton offrent suffisamment d&rsquo;espace pour le mat\u00e9riel promotionnel, les cadeaux ou les marchandises, ce qui les rend id\u00e9aux pour les salons professionnels, les conf\u00e9rences et les promotions au d\u00e9tail. Con\u00e7us pour \u00eatre durables et enti\u00e8rement personnalisables, les sacs de taille moyenne de GoJute permettent \u00e0 votre marque de faire une impression audacieuse mais pratique.  <\/span><\/p>\n<h2>Pourquoi les sacs de taille moyenne sont parfaits pour les promotions B2B<\/h2>\n<p><span style=\"font-weight: 400;\">Les sacs de jute et de coton de taille moyenne allient la commodit\u00e9 des sacs de transport compacts \u00e0 la capacit\u00e9 de stockage des grands sacs fourre-tout. Ils constituent un choix id\u00e9al pour les \u00e9v\u00e9nements d&rsquo;entreprise, les cadeaux aux employ\u00e9s ou la vente au d\u00e9tail, permettant aux marques d&rsquo;offrir \u00e0 leurs clients et partenaires un produit r\u00e9utilisable de grande valeur qui refl\u00e8te leur engagement en faveur du d\u00e9veloppement durable et de la qualit\u00e9. <\/span><span style=\"font-weight: 400;\"><br \/><\/span><\/p>\n<h2>Applications B2B pour les sacs de taille moyenne<\/h2>\n<h3>\u00c9v\u00e9nements d&rsquo;entreprise et foires commerciales<\/h3>\n<p><span style=\"font-weight: 400;\">Les sacs de taille moyenne sont les plus pratiques pour les foires commerciales, les conf\u00e9rences ou les expositions. Ils peuvent facilement contenir des documents, des \u00e9chantillons et des cadeaux promotionnels, tout en veillant \u00e0 ce que votre marque reste au premier plan pendant toute la dur\u00e9e de l&rsquo;\u00e9v\u00e9nement. <\/span><\/p>\n<h3>Cadeaux pour les employ\u00e9s et les clients<\/h3>\n<p><span style=\"font-weight: 400;\">Montrez votre reconnaissance avec un sac moyen en jute ou en coton qui est \u00e0 la fois \u00e9l\u00e9gant et \u00e9cologique. Parfaits pour les paquets cadeaux ou les kits de bienvenue, ces sacs offrent \u00e0 vos destinataires un souvenir durable et r\u00e9utilisable de votre marque. <\/span><\/p>\n<\/p>\n<h3>Marchandises de d\u00e9tail et promotions<\/h3>\n<p><span style=\"font-weight: 400;\">Pour les magasins de d\u00e9tail, les sacs de taille moyenne constituent une alternative de choix aux emballages en plastique. Ils sont suffisamment solides pour contenir plusieurs articles et suffisamment \u00e9l\u00e9gants pour compl\u00e9ter l&rsquo;image de votre marque, ce qui encourage les clients \u00e0 les r\u00e9utiliser longtemps apr\u00e8s l&rsquo;achat. <\/span><\/p>\n<h3>Swag et cadeaux durables<\/h3>\n<p><span style=\"font-weight: 400;\">Les sacs moyens en jute et en coton sont parfaits pour les campagnes promotionnelles. Qu&rsquo;ils soient utilis\u00e9s dans le cadre d&rsquo;une campagne de d\u00e9veloppement durable ou comme cadeaux de marque, ils \u00e9largissent la port\u00e9e de votre marketing \u00e0 chaque fois qu&rsquo;ils sont r\u00e9utilis\u00e9s. <\/span><\/p>\n<h2>  Un d\u00e9veloppement durable qui renforce la valeur de la marque<\/h2>\n<p><b><br \/><\/b><span style=\"font-weight: 400;\">Chaque sac de taille moyenne produit par GoJute est fabriqu\u00e9 \u00e0 partir de jute ou de coton naturel, offrant ainsi une alternative \u00e9cologique aux mat\u00e9riaux synth\u00e9tiques. Leur caract\u00e8re r\u00e9utilisable r\u00e9duit les d\u00e9chets et renforce les valeurs de durabilit\u00e9 de votre entreprise. En choisissant ces sacs, votre entreprise contribue \u00e0 une responsabilit\u00e9 environnementale \u00e0 long terme tout en b\u00e9n\u00e9ficiant d&rsquo;une exposition continue de votre marque.  <\/span><\/p>\n<h2>Pr\u00eat \u00e0 am\u00e9liorer votre marketing B2B avec des sacs de taille moyenne ?<\/h2>\n<p><span style=\"font-weight: 400;\">Pr\u00eat \u00e0 am\u00e9liorer la visibilit\u00e9 de votre entreprise tout en promouvant le d\u00e9veloppement durable ? Les sacs moyens en jute et en coton offrent un m\u00e9lange id\u00e9al de taille, de solidit\u00e9 et d&rsquo;attrait \u00e9cologique. Parfaits pour les conf\u00e9rences, les promotions au d\u00e9tail ou les cadeaux, ils refl\u00e8tent l&rsquo;engagement de votre marque en mati\u00e8re de style et de responsabilit\u00e9.  <\/span><\/p>\n<p><span style=\"font-weight: 400;\">Faites \u00e9quipe avec GoJute d\u00e8s aujourd&rsquo;hui pour concevoir des sacs de taille moyenne personnalis\u00e9s qui v\u00e9hiculeront votre marque de mani\u00e8re \u00e9l\u00e9gante, \u00e9thique et efficace.<\/span><\/p>\n<p><span style=\"font-weight: 400;\"> <\/span><a href=\"https:\/\/gojuteinternational.com\/fr\/nous-contacter\/\"><b>Nous contacter<\/b><\/a><\/p>\n\t\t\t\t\t\t<\/div>\n\t\t\t\t<\/div>\n\t\t\t\t\t<\/div>\n\t\t<\/div>\n\t\t\t\t\t\t\t<\/div>\n\t\t<\/section>\n\t\t\t\t\t\t\t<\/div>\n\t\t","protected":false},"excerpt":{"rendered":"<p>Sacs de taille moyenne pour le marketing B2B Les sacs de taille moyenne repr\u00e9sentent l&rsquo;\u00e9quilibre parfait entre fonctionnalit\u00e9 et impact sur la marque. Pour les entreprises, ces sacs polyvalents en jute et en coton offrent suffisamment d&rsquo;espace pour le mat\u00e9riel promotionnel, les cadeaux ou les marchandises, ce qui les rend id\u00e9aux pour les salons professionnels, [&hellip;]<\/p>\n","protected":false},"author":6996,"featured_media":0,"parent":91800,"menu_order":0,"comment_status":"closed","ping_status":"closed","template":"elementor_header_footer","meta":{"content-type":"","_monsterinsights_skip_tracking":false,"_monsterinsights_sitenote_active":false,"_monsterinsights_sitenote_note":"","_monsterinsights_sitenote_category":0,"footnotes":""},"class_list":["post-91822","page","type-page","status-publish","hentry"],"yoast_head":"<!-- This site is optimized with the Yoast SEO plugin v21.7 - https:\/\/yoast.com\/wordpress\/plugins\/seo\/ -->\n<title>Sacs de taille moyenne pour le marketing B2B | Solutions de marquage polyvalentes en jute et en coton<\/title>\n<meta name=\"description\" content=\"D\u00e9couvrez comment les sacs en jute et en coton de taille moyenne trouvent l&#039;\u00e9quilibre parfait entre style et praticit\u00e9 pour les \u00e9v\u00e9nements B2B, les cadeaux et les promotions.\" \/>\n<meta name=\"robots\" content=\"index, follow, max-snippet:-1, max-image-preview:large, max-video-preview:-1\" \/>\n<link rel=\"canonical\" href=\"https:\/\/gojuteinternational.com\/fr\/branded-bags-by-size\/medium-bags\/\" \/>\n<meta property=\"og:locale\" content=\"fr_FR\" \/>\n<meta property=\"og:type\" content=\"article\" \/>\n<meta property=\"og:title\" content=\"Sacs de taille moyenne pour le marketing B2B | Solutions de marquage polyvalentes en jute et en coton\" \/>\n<meta property=\"og:description\" content=\"D\u00e9couvrez comment les sacs en jute et en coton de taille moyenne trouvent l&#039;\u00e9quilibre parfait entre style et praticit\u00e9 pour les \u00e9v\u00e9nements B2B, les cadeaux et les promotions.\" \/>\n<meta property=\"og:url\" content=\"https:\/\/gojuteinternational.com\/fr\/branded-bags-by-size\/medium-bags\/\" \/>\n<meta property=\"og:site_name\" content=\"GoJute International\" \/>\n<meta property=\"article:publisher\" content=\"https:\/\/www.facebook.com\/gojute\" \/>\n<meta property=\"article:modified_time\" content=\"2025-11-18T06:21:26+00:00\" \/>\n<meta name=\"twitter:card\" content=\"summary_large_image\" \/>\n<meta name=\"twitter:label1\" content=\"Dur\u00e9e de lecture estim\u00e9e\" \/>\n\t<meta name=\"twitter:data1\" content=\"3 minutes\" \/>\n<script type=\"application\/ld+json\" class=\"yoast-schema-graph\">{\"@context\":\"https:\/\/schema.org\",\"@graph\":[{\"@type\":\"WebPage\",\"@id\":\"https:\/\/gojuteinternational.com\/fr\/branded-bags-by-size\/medium-bags\/\",\"url\":\"https:\/\/gojuteinternational.com\/fr\/branded-bags-by-size\/medium-bags\/\",\"name\":\"Sacs de taille moyenne pour le marketing B2B | Solutions de marquage polyvalentes en jute et en coton\",\"isPartOf\":{\"@id\":\"https:\/\/gojuteinternational.com\/fr\/#website\"},\"datePublished\":\"2025-11-11T06:39:01+00:00\",\"dateModified\":\"2025-11-18T06:21:26+00:00\",\"description\":\"D\u00e9couvrez comment les sacs en jute et en coton de taille moyenne trouvent l'\u00e9quilibre parfait entre style et praticit\u00e9 pour les \u00e9v\u00e9nements B2B, les cadeaux et les promotions.\",\"breadcrumb\":{\"@id\":\"https:\/\/gojuteinternational.com\/fr\/branded-bags-by-size\/medium-bags\/#breadcrumb\"},\"inLanguage\":\"fr-FR\",\"potentialAction\":[{\"@type\":\"ReadAction\",\"target\":[\"https:\/\/gojuteinternational.com\/fr\/branded-bags-by-size\/medium-bags\/\"]}]},{\"@type\":\"BreadcrumbList\",\"@id\":\"https:\/\/gojuteinternational.com\/fr\/branded-bags-by-size\/medium-bags\/#breadcrumb\",\"itemListElement\":[{\"@type\":\"ListItem\",\"position\":1,\"name\":\"Home\",\"item\":\"https:\/\/gojuteinternational.com\/fr\/\"},{\"@type\":\"ListItem\",\"position\":2,\"name\":\"Sacs de taille moyenne pour le marketing B2B\"}]},{\"@type\":\"WebSite\",\"@id\":\"https:\/\/gojuteinternational.com\/fr\/#website\",\"url\":\"https:\/\/gojuteinternational.com\/fr\/\",\"name\":\"GoJute International\",\"description\":\"Printed bags for business\",\"publisher\":{\"@id\":\"https:\/\/gojuteinternational.com\/fr\/#organization\"},\"alternateName\":\"GoJute\",\"potentialAction\":[{\"@type\":\"SearchAction\",\"target\":{\"@type\":\"EntryPoint\",\"urlTemplate\":\"https:\/\/gojuteinternational.com\/fr\/?s={search_term_string}\"},\"query-input\":\"required name=search_term_string\"}],\"inLanguage\":\"fr-FR\"},{\"@type\":\"Organization\",\"@id\":\"https:\/\/gojuteinternational.com\/fr\/#organization\",\"name\":\"GoJute International\",\"alternateName\":\"GoJute\",\"url\":\"https:\/\/gojuteinternational.com\/fr\/\",\"logo\":{\"@type\":\"ImageObject\",\"inLanguage\":\"fr-FR\",\"@id\":\"https:\/\/gojuteinternational.com\/fr\/#\/schema\/logo\/image\/\",\"url\":\"https:\/\/gojuteinternational.com\/wp-content\/uploads\/2022\/06\/GoJute-Logo-RGB.png\",\"contentUrl\":\"https:\/\/gojuteinternational.com\/wp-content\/uploads\/2022\/06\/GoJute-Logo-RGB.png\",\"width\":2000,\"height\":1809,\"caption\":\"GoJute International\"},\"image\":{\"@id\":\"https:\/\/gojuteinternational.com\/fr\/#\/schema\/logo\/image\/\"},\"sameAs\":[\"https:\/\/www.facebook.com\/gojute\",\"https:\/\/www.instagram.com\/gojute\/\"]}]}<\/script>\n<!-- \/ Yoast SEO plugin. -->","yoast_head_json":{"title":"Sacs de taille moyenne pour le marketing B2B | Solutions de marquage polyvalentes en jute et en coton","description":"D\u00e9couvrez comment les sacs en jute et en coton de taille moyenne trouvent l'\u00e9quilibre parfait entre style et praticit\u00e9 pour les \u00e9v\u00e9nements B2B, les cadeaux et les promotions.","robots":{"index":"index","follow":"follow","max-snippet":"max-snippet:-1","max-image-preview":"max-image-preview:large","max-video-preview":"max-video-preview:-1"},"canonical":"https:\/\/gojuteinternational.com\/fr\/branded-bags-by-size\/medium-bags\/","og_locale":"fr_FR","og_type":"article","og_title":"Sacs de taille moyenne pour le marketing B2B | Solutions de marquage polyvalentes en jute et en coton","og_description":"D\u00e9couvrez comment les sacs en jute et en coton de taille moyenne trouvent l'\u00e9quilibre parfait entre style et praticit\u00e9 pour les \u00e9v\u00e9nements B2B, les cadeaux et les promotions.","og_url":"https:\/\/gojuteinternational.com\/fr\/branded-bags-by-size\/medium-bags\/","og_site_name":"GoJute International","article_publisher":"https:\/\/www.facebook.com\/gojute","article_modified_time":"2025-11-18T06:21:26+00:00","twitter_card":"summary_large_image","twitter_misc":{"Dur\u00e9e de lecture estim\u00e9e":"3 minutes"},"schema":{"@context":"https:\/\/schema.org","@graph":[{"@type":"WebPage","@id":"https:\/\/gojuteinternational.com\/fr\/branded-bags-by-size\/medium-bags\/","url":"https:\/\/gojuteinternational.com\/fr\/branded-bags-by-size\/medium-bags\/","name":"Sacs de taille moyenne pour le marketing B2B | Solutions de marquage polyvalentes en jute et en coton","isPartOf":{"@id":"https:\/\/gojuteinternational.com\/fr\/#website"},"datePublished":"2025-11-11T06:39:01+00:00","dateModified":"2025-11-18T06:21:26+00:00","description":"D\u00e9couvrez comment les sacs en jute et en coton de taille moyenne trouvent l'\u00e9quilibre parfait entre style et praticit\u00e9 pour les \u00e9v\u00e9nements B2B, les cadeaux et les promotions.","breadcrumb":{"@id":"https:\/\/gojuteinternational.com\/fr\/branded-bags-by-size\/medium-bags\/#breadcrumb"},"inLanguage":"fr-FR","potentialAction":[{"@type":"ReadAction","target":["https:\/\/gojuteinternational.com\/fr\/branded-bags-by-size\/medium-bags\/"]}]},{"@type":"BreadcrumbList","@id":"https:\/\/gojuteinternational.com\/fr\/branded-bags-by-size\/medium-bags\/#breadcrumb","itemListElement":[{"@type":"ListItem","position":1,"name":"Home","item":"https:\/\/gojuteinternational.com\/fr\/"},{"@type":"ListItem","position":2,"name":"Sacs de taille moyenne pour le marketing B2B"}]},{"@type":"WebSite","@id":"https:\/\/gojuteinternational.com\/fr\/#website","url":"https:\/\/gojuteinternational.com\/fr\/","name":"GoJute International","description":"Printed bags for business","publisher":{"@id":"https:\/\/gojuteinternational.com\/fr\/#organization"},"alternateName":"GoJute","potentialAction":[{"@type":"SearchAction","target":{"@type":"EntryPoint","urlTemplate":"https:\/\/gojuteinternational.com\/fr\/?s={search_term_string}"},"query-input":"required name=search_term_string"}],"inLanguage":"fr-FR"},{"@type":"Organization","@id":"https:\/\/gojuteinternational.com\/fr\/#organization","name":"GoJute International","alternateName":"GoJute","url":"https:\/\/gojuteinternational.com\/fr\/","logo":{"@type":"ImageObject","inLanguage":"fr-FR","@id":"https:\/\/gojuteinternational.com\/fr\/#\/schema\/logo\/image\/","url":"https:\/\/gojuteinternational.com\/wp-content\/uploads\/2022\/06\/GoJute-Logo-RGB.png","contentUrl":"https:\/\/gojuteinternational.com\/wp-content\/uploads\/2022\/06\/GoJute-Logo-RGB.png","width":2000,"height":1809,"caption":"GoJute International"},"image":{"@id":"https:\/\/gojuteinternational.com\/fr\/#\/schema\/logo\/image\/"},"sameAs":["https:\/\/www.facebook.com\/gojute","https:\/\/www.instagram.com\/gojute\/"]}]}},"_links":{"self":[{"href":"https:\/\/gojuteinternational.com\/fr\/wp-json\/wp\/v2\/pages\/91822","targetHints":{"allow":["GET"]}}],"collection":[{"href":"https:\/\/gojuteinternational.com\/fr\/wp-json\/wp\/v2\/pages"}],"about":[{"href":"https:\/\/gojuteinternational.com\/fr\/wp-json\/wp\/v2\/types\/page"}],"author":[{"embeddable":true,"href":"https:\/\/gojuteinternational.com\/fr\/wp-json\/wp\/v2\/users\/6996"}],"replies":[{"embeddable":true,"href":"https:\/\/gojuteinternational.com\/fr\/wp-json\/wp\/v2\/comments?post=91822"}],"version-history":[{"count":1,"href":"https:\/\/gojuteinternational.com\/fr\/wp-json\/wp\/v2\/pages\/91822\/revisions"}],"predecessor-version":[{"id":91824,"href":"https:\/\/gojuteinternational.com\/fr\/wp-json\/wp\/v2\/pages\/91822\/revisions\/91824"}],"up":[{"embeddable":true,"href":"https:\/\/gojuteinternational.com\/fr\/wp-json\/wp\/v2\/pages\/91800"}],"wp:attachment":[{"href":"https:\/\/gojuteinternational.com\/fr\/wp-json\/wp\/v2\/media?parent=91822"}],"curies":[{"name":"wp","href":"https:\/\/api.w.org\/{rel}","templated":true}]}}