{"id":91829,"date":"2025-11-11T07:51:09","date_gmt":"2025-11-11T06:51:09","guid":{"rendered":"https:\/\/gojuteinternational.com\/large-bags-for-b2b-marketing\/"},"modified":"2025-11-18T07:26:25","modified_gmt":"2025-11-18T06:26:25","slug":"large-bags","status":"publish","type":"page","link":"https:\/\/gojuteinternational.com\/fr\/branded-bags-by-size\/large-bags\/","title":{"rendered":"Grands sacs pour le marketing B2B"},"content":{"rendered":"\t\t<div data-elementor-type=\"wp-page\" data-elementor-id=\"91829\" class=\"elementor elementor-91829 elementor-91825\" data-elementor-post-type=\"page\">\n\t\t\t\t\t\t\t\t\t<section class=\"elementor-section elementor-top-section elementor-element elementor-element-e2b382a elementor-section-boxed elementor-section-height-default elementor-section-height-default\" data-id=\"e2b382a\" data-element_type=\"section\">\n\t\t\t\t\t\t<div class=\"elementor-container elementor-column-gap-default\">\n\t\t\t\t\t<div class=\"elementor-column elementor-col-100 elementor-top-column elementor-element elementor-element-0547ad7\" data-id=\"0547ad7\" data-element_type=\"column\">\n\t\t\t<div class=\"elementor-widget-wrap elementor-element-populated\">\n\t\t\t\t\t\t\t\t<div class=\"elementor-element elementor-element-8dc71db elementor-widget elementor-widget-spacer\" data-id=\"8dc71db\" data-element_type=\"widget\" data-widget_type=\"spacer.default\">\n\t\t\t\t<div class=\"elementor-widget-container\">\n\t\t\t<style>\/*! elementor - v3.18.0 - 20-12-2023 *\/\n.elementor-column .elementor-spacer-inner{height:var(--spacer-size)}.e-con{--container-widget-width:100%}.e-con-inner>.elementor-widget-spacer,.e-con>.elementor-widget-spacer{width:var(--container-widget-width,var(--spacer-size));--align-self:var(--container-widget-align-self,initial);--flex-shrink:0}.e-con-inner>.elementor-widget-spacer>.elementor-widget-container,.e-con>.elementor-widget-spacer>.elementor-widget-container{height:100%;width:100%}.e-con-inner>.elementor-widget-spacer>.elementor-widget-container>.elementor-spacer,.e-con>.elementor-widget-spacer>.elementor-widget-container>.elementor-spacer{height:100%}.e-con-inner>.elementor-widget-spacer>.elementor-widget-container>.elementor-spacer>.elementor-spacer-inner,.e-con>.elementor-widget-spacer>.elementor-widget-container>.elementor-spacer>.elementor-spacer-inner{height:var(--container-widget-height,var(--spacer-size))}.e-con-inner>.elementor-widget-spacer.elementor-widget-empty,.e-con>.elementor-widget-spacer.elementor-widget-empty{position:relative;min-height:22px;min-width:22px}.e-con-inner>.elementor-widget-spacer.elementor-widget-empty .elementor-widget-empty-icon,.e-con>.elementor-widget-spacer.elementor-widget-empty .elementor-widget-empty-icon{position:absolute;top:0;bottom:0;left:0;right:0;margin:auto;padding:0;width:22px;height:22px}<\/style>\t\t<div class=\"elementor-spacer\">\n\t\t\t<div class=\"elementor-spacer-inner\"><\/div>\n\t\t<\/div>\n\t\t\t\t<\/div>\n\t\t\t\t<\/div>\n\t\t\t\t<div class=\"elementor-element elementor-element-ade9fcc elementor-widget elementor-widget-heading\" data-id=\"ade9fcc\" data-element_type=\"widget\" data-widget_type=\"heading.default\">\n\t\t\t\t<div class=\"elementor-widget-container\">\n\t\t\t<style>\/*! elementor - v3.18.0 - 20-12-2023 *\/\n.elementor-heading-title{padding:0;margin:0;line-height:1}.elementor-widget-heading .elementor-heading-title[class*=elementor-size-]>a{color:inherit;font-size:inherit;line-height:inherit}.elementor-widget-heading .elementor-heading-title.elementor-size-small{font-size:15px}.elementor-widget-heading .elementor-heading-title.elementor-size-medium{font-size:19px}.elementor-widget-heading .elementor-heading-title.elementor-size-large{font-size:29px}.elementor-widget-heading .elementor-heading-title.elementor-size-xl{font-size:39px}.elementor-widget-heading .elementor-heading-title.elementor-size-xxl{font-size:59px}<\/style><h1 class=\"elementor-heading-title elementor-size-default\">Grands sacs pour le marketing B2B<\/h1>\t\t<\/div>\n\t\t\t\t<\/div>\n\t\t\t\t<div class=\"elementor-element elementor-element-06d1b72 elementor-widget elementor-widget-text-editor\" data-id=\"06d1b72\" data-element_type=\"widget\" data-widget_type=\"text-editor.default\">\n\t\t\t\t<div class=\"elementor-widget-container\">\n\t\t\t<style>\/*! elementor - v3.18.0 - 20-12-2023 *\/\n.elementor-widget-text-editor.elementor-drop-cap-view-stacked .elementor-drop-cap{background-color:#69727d;color:#fff}.elementor-widget-text-editor.elementor-drop-cap-view-framed .elementor-drop-cap{color:#69727d;border:3px solid;background-color:transparent}.elementor-widget-text-editor:not(.elementor-drop-cap-view-default) .elementor-drop-cap{margin-top:8px}.elementor-widget-text-editor:not(.elementor-drop-cap-view-default) .elementor-drop-cap-letter{width:1em;height:1em}.elementor-widget-text-editor .elementor-drop-cap{float:left;text-align:center;line-height:1;font-size:50px}.elementor-widget-text-editor .elementor-drop-cap-letter{display:inline-block}<\/style>\t\t\t\t<p><span style=\"font-weight: 400;\">Les grands sacs offrent une pr\u00e9sence et une praticit\u00e9 in\u00e9gal\u00e9es aux entreprises qui souhaitent se d\u00e9marquer. Con\u00e7us \u00e0 partir de jute et de coton de premi\u00e8re qualit\u00e9, ces sacs spacieux sont parfaits pour les promotions au d\u00e9tail, les cadeaux respectueux de l&rsquo;environnement et les \u00e9v\u00e9nements d&rsquo;entreprise \u00e0 grande \u00e9chelle. Combinant une capacit\u00e9 g\u00e9n\u00e9reuse et des mat\u00e9riaux durables, les grands sacs de GoJute sont des supports durables et accrocheurs qui amplifient la visibilit\u00e9 de votre marque.  <\/span><\/p>\n<h2><b><br \/><\/b>Pourquoi les grands sacs sont essentiels pour le marketing B2B<\/h2>\n<p><span style=\"font-weight: 400;\">Les grands sacs en jute et en coton sont \u00e0 la fois utiles et efficaces sur le plan promotionnel. Ils contiennent plus, durent plus longtemps et attirent l&rsquo;attention o\u00f9 qu&rsquo;ils aillent, ce qui en fait un choix exceptionnel pour les entreprises qui accordent de l&rsquo;importance \u00e0 la visibilit\u00e9 de leur marque et aux pratiques respectueuses de l&rsquo;environnement. Leur conception robuste garantit une utilisation \u00e0 long terme, offrant \u00e0 votre logo une visibilit\u00e9 continue tout en renfor\u00e7ant l&rsquo;identit\u00e9 durable de votre entreprise.  <\/span><span style=\"font-weight: 400;\"><br \/><\/span><\/p>\n<h2>Applications B2B pour les grands sacs<\/h2>\n<h3>\u00c9v\u00e9nements et conf\u00e9rences d&rsquo;entreprise<\/h3>\n<p><span style=\"font-weight: 400;\">Faites une impression durable lors des salons professionnels et des r\u00e9unions d&rsquo;entreprise avec de grands sacs de marque qui transportent tout ce dont les participants ont besoin, qu&rsquo;il s&rsquo;agisse de brochures, de cadeaux ou de produits. Leur taille permet \u00e0 votre logo de se d\u00e9marquer, m\u00eame dans les espaces \u00e9v\u00e9nementiels bond\u00e9s. <\/span><\/p>\n<h3>Promotions pour le commerce de d\u00e9tail et le commerce \u00e9lectronique<\/h3>\n<p><span style=\"font-weight: 400;\">Les grands sacs constituent un excellent compl\u00e9ment aux strat\u00e9gies d&#8217;emballage des d\u00e9taillants, en particulier pour les supermarch\u00e9s, les grands magasins ou les commandes en ligne. Ils peuvent contenir plusieurs articles et offrent aux clients une alternative r\u00e9utilisable de qualit\u00e9 sup\u00e9rieure qui promeut votre marque au-del\u00e0 du point de vente. <\/span><span style=\"font-weight: 400;\"><br \/><\/span><span style=\"font-weight: 400;\"><br \/><\/span><span style=\"font-weight: 400;\"><\/p>\n<p><\/span><\/p>\n<h3>Cadeaux \u00e9cologiques pour les employ\u00e9s<\/h3>\n<p><span style=\"font-weight: 400;\">R\u00e9compensez vos employ\u00e9s ou vos partenaires en leur offrant de grands sacs r\u00e9utilisables en jute ou en coton dans le cadre de votre initiative en faveur du d\u00e9veloppement durable. Parfaits pour les cadeaux de fin d&rsquo;ann\u00e9e, les \u00e9v\u00e9nements d&rsquo;\u00e9quipe ou les paquets d&rsquo;appr\u00e9ciation, ces sacs de marque montrent que vous accordez de l&rsquo;importance aux personnes et \u00e0 la plan\u00e8te. <\/span><\/p>\n<h3>Campagnes en faveur de l&rsquo;entreprise durable<\/h3>\n<p><span style=\"font-weight: 400;\">Dans le cadre des programmes de RSE et des efforts de marketing vert, les grands sacs \u00e9cologiques sont de puissants symboles de votre engagement en faveur de l&rsquo;environnement. Leur long cycle de vie garantit une visibilit\u00e9 permanente de votre marque tout en contribuant \u00e0 un changement positif. <\/span><\/p>\n<h2>Durabilit\u00e9 et exposition \u00e0 long terme de la marque<\/h2>\n<p><b><br \/><\/b><span style=\"font-weight: 400;\">Chaque grand sac fabriqu\u00e9 par GoJute allie style, solidit\u00e9 et durabilit\u00e9. Fabriqu\u00e9s \u00e0 partir de fibres naturelles comme le jute et le coton, ces sacs remplacent le plastique par une alternative biod\u00e9gradable et respectueuse de l&rsquo;environnement. Leur taille encourage leur r\u00e9utilisation, que ce soit pour le shopping, le travail ou les voyages, mettant continuellement en valeur votre marque et votre message aupr\u00e8s d&rsquo;un public plus large.  <\/span><\/p>\n<h2>Pr\u00eat \u00e0 am\u00e9liorer votre marketing B2B avec les grands sacs ?<\/h2>\n<p><span style=\"font-weight: 400;\">Faites une d\u00e9claration qui dure, tant sur le plan visuel que sur le plan environnemental. Les grands sacs en jute et en coton de GoJute sont con\u00e7us pour maximiser l&rsquo;exposition de la marque, la solidit\u00e9 et la durabilit\u00e9. Parfaits pour les promotions au d\u00e9tail, les cadeaux d&rsquo;entreprise ou les campagnes ax\u00e9es sur l&rsquo;environnement, ils garantissent que votre marque est vue, m\u00e9moris\u00e9e et respect\u00e9e.  <\/span><\/p>\n<p><span style=\"font-weight: 400;\">Commencez d\u00e8s aujourd&rsquo;hui votre voyage vers une image de marque durable et percutante gr\u00e2ce \u00e0 des grands sacs con\u00e7us sur mesure pour votre entreprise.<\/span><\/p>\n<p><span style=\"font-weight: 400;\"> <\/span><a href=\"https:\/\/gojuteinternational.com\/fr\/nous-contacter\/\"><b>Nous contacter<\/b><\/a><\/p>\n\t\t\t\t\t\t<\/div>\n\t\t\t\t<\/div>\n\t\t\t\t\t<\/div>\n\t\t<\/div>\n\t\t\t\t\t\t\t<\/div>\n\t\t<\/section>\n\t\t\t\t\t\t\t<\/div>\n\t\t","protected":false},"excerpt":{"rendered":"<p>Grands sacs pour le marketing B2B Les grands sacs offrent une pr\u00e9sence et une praticit\u00e9 in\u00e9gal\u00e9es aux entreprises qui souhaitent se d\u00e9marquer. Con\u00e7us \u00e0 partir de jute et de coton de premi\u00e8re qualit\u00e9, ces sacs spacieux sont parfaits pour les promotions au d\u00e9tail, les cadeaux respectueux de l&rsquo;environnement et les \u00e9v\u00e9nements d&rsquo;entreprise \u00e0 grande \u00e9chelle. [&hellip;]<\/p>\n","protected":false},"author":6996,"featured_media":0,"parent":91800,"menu_order":0,"comment_status":"closed","ping_status":"closed","template":"elementor_header_footer","meta":{"content-type":"","_monsterinsights_skip_tracking":false,"_monsterinsights_sitenote_active":false,"_monsterinsights_sitenote_note":"","_monsterinsights_sitenote_category":0,"footnotes":""},"class_list":["post-91829","page","type-page","status-publish","hentry"],"yoast_head":"<!-- This site is optimized with the Yoast SEO plugin v21.7 - https:\/\/yoast.com\/wordpress\/plugins\/seo\/ -->\n<title>Grands sacs pour le marketing B2B - Marquage en jute et coton \u00e0 impact maximal<\/title>\n<meta name=\"description\" content=\"D\u00e9couvrez comment les grands sacs en jute et en coton am\u00e9liorent le marketing B2B gr\u00e2ce \u00e0 leur grande visibilit\u00e9, leur durabilit\u00e9 et leur p\u00e9rennit\u00e9 pour la vente au d\u00e9tail, les entreprises et les promotions \u00e9v\u00e9nementielles.\" \/>\n<meta name=\"robots\" content=\"index, follow, max-snippet:-1, max-image-preview:large, max-video-preview:-1\" \/>\n<link rel=\"canonical\" href=\"https:\/\/gojuteinternational.com\/fr\/branded-bags-by-size\/large-bags\/\" \/>\n<meta property=\"og:locale\" content=\"fr_FR\" \/>\n<meta property=\"og:type\" content=\"article\" \/>\n<meta property=\"og:title\" content=\"Grands sacs pour le marketing B2B - Marquage en jute et coton \u00e0 impact maximal\" \/>\n<meta property=\"og:description\" content=\"D\u00e9couvrez comment les grands sacs en jute et en coton am\u00e9liorent le marketing B2B gr\u00e2ce \u00e0 leur grande visibilit\u00e9, leur durabilit\u00e9 et leur p\u00e9rennit\u00e9 pour la vente au d\u00e9tail, les entreprises et les promotions \u00e9v\u00e9nementielles.\" \/>\n<meta property=\"og:url\" content=\"https:\/\/gojuteinternational.com\/fr\/branded-bags-by-size\/large-bags\/\" \/>\n<meta property=\"og:site_name\" content=\"GoJute International\" \/>\n<meta property=\"article:publisher\" content=\"https:\/\/www.facebook.com\/gojute\" \/>\n<meta property=\"article:modified_time\" content=\"2025-11-18T06:26:25+00:00\" \/>\n<meta name=\"twitter:card\" content=\"summary_large_image\" \/>\n<meta name=\"twitter:label1\" content=\"Dur\u00e9e de lecture estim\u00e9e\" \/>\n\t<meta name=\"twitter:data1\" content=\"3 minutes\" \/>\n<script type=\"application\/ld+json\" class=\"yoast-schema-graph\">{\"@context\":\"https:\/\/schema.org\",\"@graph\":[{\"@type\":\"WebPage\",\"@id\":\"https:\/\/gojuteinternational.com\/fr\/branded-bags-by-size\/large-bags\/\",\"url\":\"https:\/\/gojuteinternational.com\/fr\/branded-bags-by-size\/large-bags\/\",\"name\":\"Grands sacs pour le marketing B2B - Marquage en jute et coton \u00e0 impact maximal\",\"isPartOf\":{\"@id\":\"https:\/\/gojuteinternational.com\/fr\/#website\"},\"datePublished\":\"2025-11-11T06:51:09+00:00\",\"dateModified\":\"2025-11-18T06:26:25+00:00\",\"description\":\"D\u00e9couvrez comment les grands sacs en jute et en coton am\u00e9liorent le marketing B2B gr\u00e2ce \u00e0 leur grande visibilit\u00e9, leur durabilit\u00e9 et leur p\u00e9rennit\u00e9 pour la vente au d\u00e9tail, les entreprises et les promotions \u00e9v\u00e9nementielles.\",\"breadcrumb\":{\"@id\":\"https:\/\/gojuteinternational.com\/fr\/branded-bags-by-size\/large-bags\/#breadcrumb\"},\"inLanguage\":\"fr-FR\",\"potentialAction\":[{\"@type\":\"ReadAction\",\"target\":[\"https:\/\/gojuteinternational.com\/fr\/branded-bags-by-size\/large-bags\/\"]}]},{\"@type\":\"BreadcrumbList\",\"@id\":\"https:\/\/gojuteinternational.com\/fr\/branded-bags-by-size\/large-bags\/#breadcrumb\",\"itemListElement\":[{\"@type\":\"ListItem\",\"position\":1,\"name\":\"Home\",\"item\":\"https:\/\/gojuteinternational.com\/fr\/\"},{\"@type\":\"ListItem\",\"position\":2,\"name\":\"Sacs de marque par taille : Un guide complet\",\"item\":\"https:\/\/gojuteinternational.com\/fr\/branded-bags-by-size\/\"},{\"@type\":\"ListItem\",\"position\":3,\"name\":\"Grands sacs pour le marketing B2B\"}]},{\"@type\":\"WebSite\",\"@id\":\"https:\/\/gojuteinternational.com\/fr\/#website\",\"url\":\"https:\/\/gojuteinternational.com\/fr\/\",\"name\":\"GoJute International\",\"description\":\"Printed bags for business\",\"publisher\":{\"@id\":\"https:\/\/gojuteinternational.com\/fr\/#organization\"},\"alternateName\":\"GoJute\",\"potentialAction\":[{\"@type\":\"SearchAction\",\"target\":{\"@type\":\"EntryPoint\",\"urlTemplate\":\"https:\/\/gojuteinternational.com\/fr\/?s={search_term_string}\"},\"query-input\":\"required name=search_term_string\"}],\"inLanguage\":\"fr-FR\"},{\"@type\":\"Organization\",\"@id\":\"https:\/\/gojuteinternational.com\/fr\/#organization\",\"name\":\"GoJute International\",\"alternateName\":\"GoJute\",\"url\":\"https:\/\/gojuteinternational.com\/fr\/\",\"logo\":{\"@type\":\"ImageObject\",\"inLanguage\":\"fr-FR\",\"@id\":\"https:\/\/gojuteinternational.com\/fr\/#\/schema\/logo\/image\/\",\"url\":\"https:\/\/gojuteinternational.com\/wp-content\/uploads\/2022\/06\/GoJute-Logo-RGB.png\",\"contentUrl\":\"https:\/\/gojuteinternational.com\/wp-content\/uploads\/2022\/06\/GoJute-Logo-RGB.png\",\"width\":2000,\"height\":1809,\"caption\":\"GoJute International\"},\"image\":{\"@id\":\"https:\/\/gojuteinternational.com\/fr\/#\/schema\/logo\/image\/\"},\"sameAs\":[\"https:\/\/www.facebook.com\/gojute\",\"https:\/\/www.instagram.com\/gojute\/\"]}]}<\/script>\n<!-- \/ Yoast SEO plugin. -->","yoast_head_json":{"title":"Grands sacs pour le marketing B2B - Marquage en jute et coton \u00e0 impact maximal","description":"D\u00e9couvrez comment les grands sacs en jute et en coton am\u00e9liorent le marketing B2B gr\u00e2ce \u00e0 leur grande visibilit\u00e9, leur durabilit\u00e9 et leur p\u00e9rennit\u00e9 pour la vente au d\u00e9tail, les entreprises et les promotions \u00e9v\u00e9nementielles.","robots":{"index":"index","follow":"follow","max-snippet":"max-snippet:-1","max-image-preview":"max-image-preview:large","max-video-preview":"max-video-preview:-1"},"canonical":"https:\/\/gojuteinternational.com\/fr\/branded-bags-by-size\/large-bags\/","og_locale":"fr_FR","og_type":"article","og_title":"Grands sacs pour le marketing B2B - Marquage en jute et coton \u00e0 impact maximal","og_description":"D\u00e9couvrez comment les grands sacs en jute et en coton am\u00e9liorent le marketing B2B gr\u00e2ce \u00e0 leur grande visibilit\u00e9, leur durabilit\u00e9 et leur p\u00e9rennit\u00e9 pour la vente au d\u00e9tail, les entreprises et les promotions \u00e9v\u00e9nementielles.","og_url":"https:\/\/gojuteinternational.com\/fr\/branded-bags-by-size\/large-bags\/","og_site_name":"GoJute International","article_publisher":"https:\/\/www.facebook.com\/gojute","article_modified_time":"2025-11-18T06:26:25+00:00","twitter_card":"summary_large_image","twitter_misc":{"Dur\u00e9e de lecture estim\u00e9e":"3 minutes"},"schema":{"@context":"https:\/\/schema.org","@graph":[{"@type":"WebPage","@id":"https:\/\/gojuteinternational.com\/fr\/branded-bags-by-size\/large-bags\/","url":"https:\/\/gojuteinternational.com\/fr\/branded-bags-by-size\/large-bags\/","name":"Grands sacs pour le marketing B2B - Marquage en jute et coton \u00e0 impact maximal","isPartOf":{"@id":"https:\/\/gojuteinternational.com\/fr\/#website"},"datePublished":"2025-11-11T06:51:09+00:00","dateModified":"2025-11-18T06:26:25+00:00","description":"D\u00e9couvrez comment les grands sacs en jute et en coton am\u00e9liorent le marketing B2B gr\u00e2ce \u00e0 leur grande visibilit\u00e9, leur durabilit\u00e9 et leur p\u00e9rennit\u00e9 pour la vente au d\u00e9tail, les entreprises et les promotions \u00e9v\u00e9nementielles.","breadcrumb":{"@id":"https:\/\/gojuteinternational.com\/fr\/branded-bags-by-size\/large-bags\/#breadcrumb"},"inLanguage":"fr-FR","potentialAction":[{"@type":"ReadAction","target":["https:\/\/gojuteinternational.com\/fr\/branded-bags-by-size\/large-bags\/"]}]},{"@type":"BreadcrumbList","@id":"https:\/\/gojuteinternational.com\/fr\/branded-bags-by-size\/large-bags\/#breadcrumb","itemListElement":[{"@type":"ListItem","position":1,"name":"Home","item":"https:\/\/gojuteinternational.com\/fr\/"},{"@type":"ListItem","position":2,"name":"Sacs de marque par taille : Un guide complet","item":"https:\/\/gojuteinternational.com\/fr\/branded-bags-by-size\/"},{"@type":"ListItem","position":3,"name":"Grands sacs pour le marketing B2B"}]},{"@type":"WebSite","@id":"https:\/\/gojuteinternational.com\/fr\/#website","url":"https:\/\/gojuteinternational.com\/fr\/","name":"GoJute International","description":"Printed bags for business","publisher":{"@id":"https:\/\/gojuteinternational.com\/fr\/#organization"},"alternateName":"GoJute","potentialAction":[{"@type":"SearchAction","target":{"@type":"EntryPoint","urlTemplate":"https:\/\/gojuteinternational.com\/fr\/?s={search_term_string}"},"query-input":"required name=search_term_string"}],"inLanguage":"fr-FR"},{"@type":"Organization","@id":"https:\/\/gojuteinternational.com\/fr\/#organization","name":"GoJute International","alternateName":"GoJute","url":"https:\/\/gojuteinternational.com\/fr\/","logo":{"@type":"ImageObject","inLanguage":"fr-FR","@id":"https:\/\/gojuteinternational.com\/fr\/#\/schema\/logo\/image\/","url":"https:\/\/gojuteinternational.com\/wp-content\/uploads\/2022\/06\/GoJute-Logo-RGB.png","contentUrl":"https:\/\/gojuteinternational.com\/wp-content\/uploads\/2022\/06\/GoJute-Logo-RGB.png","width":2000,"height":1809,"caption":"GoJute International"},"image":{"@id":"https:\/\/gojuteinternational.com\/fr\/#\/schema\/logo\/image\/"},"sameAs":["https:\/\/www.facebook.com\/gojute","https:\/\/www.instagram.com\/gojute\/"]}]}},"_links":{"self":[{"href":"https:\/\/gojuteinternational.com\/fr\/wp-json\/wp\/v2\/pages\/91829","targetHints":{"allow":["GET"]}}],"collection":[{"href":"https:\/\/gojuteinternational.com\/fr\/wp-json\/wp\/v2\/pages"}],"about":[{"href":"https:\/\/gojuteinternational.com\/fr\/wp-json\/wp\/v2\/types\/page"}],"author":[{"embeddable":true,"href":"https:\/\/gojuteinternational.com\/fr\/wp-json\/wp\/v2\/users\/6996"}],"replies":[{"embeddable":true,"href":"https:\/\/gojuteinternational.com\/fr\/wp-json\/wp\/v2\/comments?post=91829"}],"version-history":[{"count":2,"href":"https:\/\/gojuteinternational.com\/fr\/wp-json\/wp\/v2\/pages\/91829\/revisions"}],"predecessor-version":[{"id":91837,"href":"https:\/\/gojuteinternational.com\/fr\/wp-json\/wp\/v2\/pages\/91829\/revisions\/91837"}],"up":[{"embeddable":true,"href":"https:\/\/gojuteinternational.com\/fr\/wp-json\/wp\/v2\/pages\/91800"}],"wp:attachment":[{"href":"https:\/\/gojuteinternational.com\/fr\/wp-json\/wp\/v2\/media?parent=91829"}],"curies":[{"name":"wp","href":"https:\/\/api.w.org\/{rel}","templated":true}]}}