{"id":91850,"date":"2025-11-13T12:02:31","date_gmt":"2025-11-13T11:02:31","guid":{"rendered":"https:\/\/gojuteinternational.com\/extra-large-bags-for-b2b-marketing\/"},"modified":"2025-11-18T07:18:28","modified_gmt":"2025-11-18T06:18:28","slug":"extra-large-bags","status":"publish","type":"page","link":"https:\/\/gojuteinternational.com\/fr\/branded-bags-by-size\/extra-large-bags\/","title":{"rendered":"Des sacs extra-larges pour le marketing B2B"},"content":{"rendered":"\t\t<div data-elementor-type=\"wp-page\" data-elementor-id=\"91850\" class=\"elementor elementor-91850 elementor-91841\" data-elementor-post-type=\"page\">\n\t\t\t\t\t\t\t\t\t<section class=\"elementor-section elementor-top-section elementor-element elementor-element-f3f3305 elementor-section-boxed elementor-section-height-default elementor-section-height-default\" data-id=\"f3f3305\" data-element_type=\"section\">\n\t\t\t\t\t\t<div class=\"elementor-container elementor-column-gap-default\">\n\t\t\t\t\t<div class=\"elementor-column elementor-col-100 elementor-top-column elementor-element elementor-element-26f02eb\" data-id=\"26f02eb\" data-element_type=\"column\">\n\t\t\t<div class=\"elementor-widget-wrap elementor-element-populated\">\n\t\t\t\t\t\t\t\t<div class=\"elementor-element elementor-element-e6e7bae elementor-widget elementor-widget-spacer\" data-id=\"e6e7bae\" data-element_type=\"widget\" data-widget_type=\"spacer.default\">\n\t\t\t\t<div class=\"elementor-widget-container\">\n\t\t\t<style>\/*! elementor - v3.18.0 - 20-12-2023 *\/\n.elementor-column .elementor-spacer-inner{height:var(--spacer-size)}.e-con{--container-widget-width:100%}.e-con-inner>.elementor-widget-spacer,.e-con>.elementor-widget-spacer{width:var(--container-widget-width,var(--spacer-size));--align-self:var(--container-widget-align-self,initial);--flex-shrink:0}.e-con-inner>.elementor-widget-spacer>.elementor-widget-container,.e-con>.elementor-widget-spacer>.elementor-widget-container{height:100%;width:100%}.e-con-inner>.elementor-widget-spacer>.elementor-widget-container>.elementor-spacer,.e-con>.elementor-widget-spacer>.elementor-widget-container>.elementor-spacer{height:100%}.e-con-inner>.elementor-widget-spacer>.elementor-widget-container>.elementor-spacer>.elementor-spacer-inner,.e-con>.elementor-widget-spacer>.elementor-widget-container>.elementor-spacer>.elementor-spacer-inner{height:var(--container-widget-height,var(--spacer-size))}.e-con-inner>.elementor-widget-spacer.elementor-widget-empty,.e-con>.elementor-widget-spacer.elementor-widget-empty{position:relative;min-height:22px;min-width:22px}.e-con-inner>.elementor-widget-spacer.elementor-widget-empty .elementor-widget-empty-icon,.e-con>.elementor-widget-spacer.elementor-widget-empty .elementor-widget-empty-icon{position:absolute;top:0;bottom:0;left:0;right:0;margin:auto;padding:0;width:22px;height:22px}<\/style>\t\t<div class=\"elementor-spacer\">\n\t\t\t<div class=\"elementor-spacer-inner\"><\/div>\n\t\t<\/div>\n\t\t\t\t<\/div>\n\t\t\t\t<\/div>\n\t\t\t\t<div class=\"elementor-element elementor-element-3b2f438 elementor-widget elementor-widget-heading\" data-id=\"3b2f438\" data-element_type=\"widget\" data-widget_type=\"heading.default\">\n\t\t\t\t<div class=\"elementor-widget-container\">\n\t\t\t<style>\/*! elementor - v3.18.0 - 20-12-2023 *\/\n.elementor-heading-title{padding:0;margin:0;line-height:1}.elementor-widget-heading .elementor-heading-title[class*=elementor-size-]>a{color:inherit;font-size:inherit;line-height:inherit}.elementor-widget-heading .elementor-heading-title.elementor-size-small{font-size:15px}.elementor-widget-heading .elementor-heading-title.elementor-size-medium{font-size:19px}.elementor-widget-heading .elementor-heading-title.elementor-size-large{font-size:29px}.elementor-widget-heading .elementor-heading-title.elementor-size-xl{font-size:39px}.elementor-widget-heading .elementor-heading-title.elementor-size-xxl{font-size:59px}<\/style><h1 class=\"elementor-heading-title elementor-size-default\">Des sacs extra-larges pour le marketing B2B<\/h1>\t\t<\/div>\n\t\t\t\t<\/div>\n\t\t\t\t<div class=\"elementor-element elementor-element-f68fa03 elementor-widget elementor-widget-text-editor\" data-id=\"f68fa03\" data-element_type=\"widget\" data-widget_type=\"text-editor.default\">\n\t\t\t\t<div class=\"elementor-widget-container\">\n\t\t\t<style>\/*! elementor - v3.18.0 - 20-12-2023 *\/\n.elementor-widget-text-editor.elementor-drop-cap-view-stacked .elementor-drop-cap{background-color:#69727d;color:#fff}.elementor-widget-text-editor.elementor-drop-cap-view-framed .elementor-drop-cap{color:#69727d;border:3px solid;background-color:transparent}.elementor-widget-text-editor:not(.elementor-drop-cap-view-default) .elementor-drop-cap{margin-top:8px}.elementor-widget-text-editor:not(.elementor-drop-cap-view-default) .elementor-drop-cap-letter{width:1em;height:1em}.elementor-widget-text-editor .elementor-drop-cap{float:left;text-align:center;line-height:1;font-size:50px}.elementor-widget-text-editor .elementor-drop-cap-letter{display:inline-block}<\/style>\t\t\t\t<p><span style=\"font-weight: 400;\">Lorsque votre entreprise doit faire grande impression, les sacs extra-larges offrent une pr\u00e9sence et une praticit\u00e9 in\u00e9gal\u00e9es. Fabriqu\u00e9s \u00e0 partir de jute et de coton de premi\u00e8re qualit\u00e9, ces sacs surdimensionn\u00e9s sont id\u00e9aux pour les paniers d&rsquo;entreprise, les kits d&rsquo;\u00e9v\u00e9nements et les cadeaux en vrac respectueux de l&rsquo;environnement. Con\u00e7us pour accueillir des charges plus importantes tout en conservant un aspect soign\u00e9, les sacs extra-larges de GoJute sont le choix ultime pour les marques qui recherchent une visibilit\u00e9 \u00e0 fort impact et une utilisation durable.  <\/span><\/p>\n<h2>Pourquoi les sacs extra-larges sont-ils id\u00e9aux pour les promotions B2B ?<\/h2>\n<p><span style=\"font-weight: 400;\">Dans le marketing B2B, la pr\u00e9sentation et la fonctionnalit\u00e9 vont de pair. Les sacs extra-larges en jute et en coton vous offrent les deux, en offrant un grand espace pour les produits, les marchandises ou le mat\u00e9riel promotionnel, tout en projetant une image de marque forte et durable. Leur taille impressionnante et leur conception robuste en font des produits id\u00e9aux pour les entreprises qui cherchent \u00e0 apporter de la valeur et du professionnalisme \u00e0 chaque interaction.  <\/span><span style=\"font-weight: 400;\"><br \/><\/span><\/p>\n<h2>Applications B2B pour les sacs extra-larges<\/h2>\n<h3>Cadeaux en vrac et campagnes promotionnelles<\/h3>\n<p><span style=\"font-weight: 400;\">Pour les \u00e9v\u00e9nements \u00e0 grande \u00e9chelle ou les campagnes de marketing, les sacs de marque extra-larges facilitent la distribution. Ils sont parfaits pour contenir plusieurs articles et permettent aux destinataires d&rsquo;associer votre marque \u00e0 la praticit\u00e9 et \u00e0 la qualit\u00e9. <\/span><\/p>\n<h3>Paniers et cadeaux d&rsquo;entreprise<\/h3>\n<p><span style=\"font-weight: 400;\">Cr\u00e9ez des paniers d&rsquo;entreprise de qualit\u00e9 sup\u00e9rieure ou des cadeaux festifs en utilisant des sacs de jute ou de coton extra-larges. Leur taille g\u00e9n\u00e9reuse permet d&rsquo;accueillir une grande vari\u00e9t\u00e9 de produits, tandis que la nature r\u00e9utilisable du sac garantit que votre marque continue \u00e0 faire impression longtemps apr\u00e8s la r\u00e9ception du cadeau initial. <\/span><\/p>\n<h3>Kits d&rsquo;\u00e9v\u00e9nements et mat\u00e9riel de conf\u00e9rence<\/h3>\n<p><span style=\"font-weight: 400;\">Lors des foires commerciales et des \u00e9v\u00e9nements d&rsquo;entreprise, les sacs extra-larges sont parfaits pour les d\u00e9l\u00e9gu\u00e9s, car ils leur permettent de transporter facilement des catalogues, des \u00e9chantillons et d&rsquo;autres objets essentiels. Gr\u00e2ce \u00e0 leur grande visibilit\u00e9, votre logo est mis en \u00e9vidence tout au long de l&rsquo;\u00e9v\u00e9nement. <\/span><\/p>\n<h3>Eco-emballages pour les entreprises<\/h3>\n<p><span style=\"font-weight: 400;\">Remplacez les emballages traditionnels par des sacs r\u00e9utilisables en jute ou en coton de tr\u00e8s grande taille pour une alternative respectueuse de l&rsquo;environnement. Cette approche soutient les initiatives \u00e9cologiques de votre entreprise tout en offrant aux clients un produit pratique et \u00e9l\u00e9gant qu&rsquo;ils continueront \u00e0 utiliser. <\/span><\/p>\n<h2>La durabilit\u00e9 \u00e0 l&rsquo;\u00e9chelle<\/h2>\n<p><b><br \/><\/b><span style=\"font-weight: 400;\">Chaque sac extra-large de GoJute allie responsabilit\u00e9 environnementale et fonctionnalit\u00e9 sup\u00e9rieure. Fabriqu\u00e9s en jute biod\u00e9gradable et en coton naturel, ces sacs sont des alternatives durables et r\u00e9utilisables aux emballages en plastique. Leur long\u00e9vit\u00e9 permet \u00e0 votre marque de rester visible pendant des ann\u00e9es, tout en contribuant \u00e0 r\u00e9duire les d\u00e9chets et \u00e0 soutenir des pratiques commerciales durables.  <\/span><\/p>\n<h2>Pr\u00eat \u00e0 am\u00e9liorer votre marketing B2B avec des sacs extra-larges ?<\/h2>\n<p><span style=\"font-weight: 400;\">Si vous souhaitez faire une impression durable \u00e0 grande \u00e9chelle, les sacs extra-larges en jute et en coton de GoJute sont la solution id\u00e9ale. Parfaits pour les paniers d&rsquo;entreprise, les salons professionnels ou les emballages durables, ils permettent \u00e0 votre marque de se d\u00e9marquer, \u00e0 la fois en termes de visibilit\u00e9 et de responsabilit\u00e9 environnementale. <\/span><\/p>\n<p><span style=\"font-weight: 400;\">Contactez notre \u00e9quipe d\u00e8s aujourd&rsquo;hui pour concevoir vos sacs extra-larges personnalis\u00e9s qui refl\u00e8tent les valeurs de votre marque et qui ont un impact l\u00e0 o\u00f9 c&rsquo;est le plus important.<\/span><\/p>\n<p><span style=\"font-weight: 400;\"> <\/span><a href=\"https:\/\/gojuteinternational.com\/fr\/nous-contacter\/\"><b>Nous contacter<\/b><\/a><\/p>\n\t\t\t\t\t\t<\/div>\n\t\t\t\t<\/div>\n\t\t\t\t\t<\/div>\n\t\t<\/div>\n\t\t\t\t\t\t\t<\/div>\n\t\t<\/section>\n\t\t\t\t\t\t\t<\/div>\n\t\t","protected":false},"excerpt":{"rendered":"<p>Des sacs extra-larges pour le marketing B2B Lorsque votre entreprise doit faire grande impression, les sacs extra-larges offrent une pr\u00e9sence et une praticit\u00e9 in\u00e9gal\u00e9es. Fabriqu\u00e9s \u00e0 partir de jute et de coton de premi\u00e8re qualit\u00e9, ces sacs surdimensionn\u00e9s sont id\u00e9aux pour les paniers d&rsquo;entreprise, les kits d&rsquo;\u00e9v\u00e9nements et les cadeaux en vrac respectueux de l&rsquo;environnement. [&hellip;]<\/p>\n","protected":false},"author":6996,"featured_media":0,"parent":91800,"menu_order":0,"comment_status":"closed","ping_status":"closed","template":"elementor_header_footer","meta":{"content-type":"","_monsterinsights_skip_tracking":false,"_monsterinsights_sitenote_active":false,"_monsterinsights_sitenote_note":"","_monsterinsights_sitenote_category":0,"footnotes":""},"class_list":["post-91850","page","type-page","status-publish","hentry"],"yoast_head":"<!-- This site is optimized with the Yoast SEO plugin v21.7 - https:\/\/yoast.com\/wordpress\/plugins\/seo\/ -->\n<title>Sacs extra-larges pour le marketing B2B | Solutions de marquage en jute et coton surdimensionn\u00e9s<\/title>\n<meta name=\"description\" content=\"D\u00e9couvrez comment les sacs extra-larges en jute et en coton am\u00e9liorent le marketing B2B gr\u00e2ce aux paniers d&#039;entreprise, aux kits \u00e9v\u00e9nementiels et \u00e0 l&#039;\u00e9co-emballage. Ils sont parfaits pour les cadeaux en vrac et la promotion de la marque.\" \/>\n<meta name=\"robots\" content=\"index, follow, max-snippet:-1, max-image-preview:large, max-video-preview:-1\" \/>\n<link rel=\"canonical\" href=\"https:\/\/gojuteinternational.com\/fr\/branded-bags-by-size\/extra-large-bags\/\" \/>\n<meta property=\"og:locale\" content=\"fr_FR\" \/>\n<meta property=\"og:type\" content=\"article\" \/>\n<meta property=\"og:title\" content=\"Sacs extra-larges pour le marketing B2B | Solutions de marquage en jute et coton surdimensionn\u00e9s\" \/>\n<meta property=\"og:description\" content=\"D\u00e9couvrez comment les sacs extra-larges en jute et en coton am\u00e9liorent le marketing B2B gr\u00e2ce aux paniers d&#039;entreprise, aux kits \u00e9v\u00e9nementiels et \u00e0 l&#039;\u00e9co-emballage. Ils sont parfaits pour les cadeaux en vrac et la promotion de la marque.\" \/>\n<meta property=\"og:url\" content=\"https:\/\/gojuteinternational.com\/fr\/branded-bags-by-size\/extra-large-bags\/\" \/>\n<meta property=\"og:site_name\" content=\"GoJute International\" \/>\n<meta property=\"article:publisher\" content=\"https:\/\/www.facebook.com\/gojute\" \/>\n<meta property=\"article:modified_time\" content=\"2025-11-18T06:18:28+00:00\" \/>\n<meta name=\"twitter:card\" content=\"summary_large_image\" \/>\n<meta name=\"twitter:label1\" content=\"Dur\u00e9e de lecture estim\u00e9e\" \/>\n\t<meta name=\"twitter:data1\" content=\"3 minutes\" \/>\n<script type=\"application\/ld+json\" class=\"yoast-schema-graph\">{\"@context\":\"https:\/\/schema.org\",\"@graph\":[{\"@type\":\"WebPage\",\"@id\":\"https:\/\/gojuteinternational.com\/fr\/branded-bags-by-size\/extra-large-bags\/\",\"url\":\"https:\/\/gojuteinternational.com\/fr\/branded-bags-by-size\/extra-large-bags\/\",\"name\":\"Sacs extra-larges pour le marketing B2B | Solutions de marquage en jute et coton surdimensionn\u00e9s\",\"isPartOf\":{\"@id\":\"https:\/\/gojuteinternational.com\/fr\/#website\"},\"datePublished\":\"2025-11-13T11:02:31+00:00\",\"dateModified\":\"2025-11-18T06:18:28+00:00\",\"description\":\"D\u00e9couvrez comment les sacs extra-larges en jute et en coton am\u00e9liorent le marketing B2B gr\u00e2ce aux paniers d'entreprise, aux kits \u00e9v\u00e9nementiels et \u00e0 l'\u00e9co-emballage. Ils sont parfaits pour les cadeaux en vrac et la promotion de la marque.\",\"breadcrumb\":{\"@id\":\"https:\/\/gojuteinternational.com\/fr\/branded-bags-by-size\/extra-large-bags\/#breadcrumb\"},\"inLanguage\":\"fr-FR\",\"potentialAction\":[{\"@type\":\"ReadAction\",\"target\":[\"https:\/\/gojuteinternational.com\/fr\/branded-bags-by-size\/extra-large-bags\/\"]}]},{\"@type\":\"BreadcrumbList\",\"@id\":\"https:\/\/gojuteinternational.com\/fr\/branded-bags-by-size\/extra-large-bags\/#breadcrumb\",\"itemListElement\":[{\"@type\":\"ListItem\",\"position\":1,\"name\":\"Home\",\"item\":\"https:\/\/gojuteinternational.com\/fr\/\"},{\"@type\":\"ListItem\",\"position\":2,\"name\":\"Des sacs extra-larges pour le marketing B2B\"}]},{\"@type\":\"WebSite\",\"@id\":\"https:\/\/gojuteinternational.com\/fr\/#website\",\"url\":\"https:\/\/gojuteinternational.com\/fr\/\",\"name\":\"GoJute International\",\"description\":\"Printed bags for business\",\"publisher\":{\"@id\":\"https:\/\/gojuteinternational.com\/fr\/#organization\"},\"alternateName\":\"GoJute\",\"potentialAction\":[{\"@type\":\"SearchAction\",\"target\":{\"@type\":\"EntryPoint\",\"urlTemplate\":\"https:\/\/gojuteinternational.com\/fr\/?s={search_term_string}\"},\"query-input\":\"required name=search_term_string\"}],\"inLanguage\":\"fr-FR\"},{\"@type\":\"Organization\",\"@id\":\"https:\/\/gojuteinternational.com\/fr\/#organization\",\"name\":\"GoJute International\",\"alternateName\":\"GoJute\",\"url\":\"https:\/\/gojuteinternational.com\/fr\/\",\"logo\":{\"@type\":\"ImageObject\",\"inLanguage\":\"fr-FR\",\"@id\":\"https:\/\/gojuteinternational.com\/fr\/#\/schema\/logo\/image\/\",\"url\":\"https:\/\/gojuteinternational.com\/wp-content\/uploads\/2022\/06\/GoJute-Logo-RGB.png\",\"contentUrl\":\"https:\/\/gojuteinternational.com\/wp-content\/uploads\/2022\/06\/GoJute-Logo-RGB.png\",\"width\":2000,\"height\":1809,\"caption\":\"GoJute International\"},\"image\":{\"@id\":\"https:\/\/gojuteinternational.com\/fr\/#\/schema\/logo\/image\/\"},\"sameAs\":[\"https:\/\/www.facebook.com\/gojute\",\"https:\/\/www.instagram.com\/gojute\/\"]}]}<\/script>\n<!-- \/ Yoast SEO plugin. -->","yoast_head_json":{"title":"Sacs extra-larges pour le marketing B2B | Solutions de marquage en jute et coton surdimensionn\u00e9s","description":"D\u00e9couvrez comment les sacs extra-larges en jute et en coton am\u00e9liorent le marketing B2B gr\u00e2ce aux paniers d'entreprise, aux kits \u00e9v\u00e9nementiels et \u00e0 l'\u00e9co-emballage. Ils sont parfaits pour les cadeaux en vrac et la promotion de la marque.","robots":{"index":"index","follow":"follow","max-snippet":"max-snippet:-1","max-image-preview":"max-image-preview:large","max-video-preview":"max-video-preview:-1"},"canonical":"https:\/\/gojuteinternational.com\/fr\/branded-bags-by-size\/extra-large-bags\/","og_locale":"fr_FR","og_type":"article","og_title":"Sacs extra-larges pour le marketing B2B | Solutions de marquage en jute et coton surdimensionn\u00e9s","og_description":"D\u00e9couvrez comment les sacs extra-larges en jute et en coton am\u00e9liorent le marketing B2B gr\u00e2ce aux paniers d'entreprise, aux kits \u00e9v\u00e9nementiels et \u00e0 l'\u00e9co-emballage. Ils sont parfaits pour les cadeaux en vrac et la promotion de la marque.","og_url":"https:\/\/gojuteinternational.com\/fr\/branded-bags-by-size\/extra-large-bags\/","og_site_name":"GoJute International","article_publisher":"https:\/\/www.facebook.com\/gojute","article_modified_time":"2025-11-18T06:18:28+00:00","twitter_card":"summary_large_image","twitter_misc":{"Dur\u00e9e de lecture estim\u00e9e":"3 minutes"},"schema":{"@context":"https:\/\/schema.org","@graph":[{"@type":"WebPage","@id":"https:\/\/gojuteinternational.com\/fr\/branded-bags-by-size\/extra-large-bags\/","url":"https:\/\/gojuteinternational.com\/fr\/branded-bags-by-size\/extra-large-bags\/","name":"Sacs extra-larges pour le marketing B2B | Solutions de marquage en jute et coton surdimensionn\u00e9s","isPartOf":{"@id":"https:\/\/gojuteinternational.com\/fr\/#website"},"datePublished":"2025-11-13T11:02:31+00:00","dateModified":"2025-11-18T06:18:28+00:00","description":"D\u00e9couvrez comment les sacs extra-larges en jute et en coton am\u00e9liorent le marketing B2B gr\u00e2ce aux paniers d'entreprise, aux kits \u00e9v\u00e9nementiels et \u00e0 l'\u00e9co-emballage. Ils sont parfaits pour les cadeaux en vrac et la promotion de la marque.","breadcrumb":{"@id":"https:\/\/gojuteinternational.com\/fr\/branded-bags-by-size\/extra-large-bags\/#breadcrumb"},"inLanguage":"fr-FR","potentialAction":[{"@type":"ReadAction","target":["https:\/\/gojuteinternational.com\/fr\/branded-bags-by-size\/extra-large-bags\/"]}]},{"@type":"BreadcrumbList","@id":"https:\/\/gojuteinternational.com\/fr\/branded-bags-by-size\/extra-large-bags\/#breadcrumb","itemListElement":[{"@type":"ListItem","position":1,"name":"Home","item":"https:\/\/gojuteinternational.com\/fr\/"},{"@type":"ListItem","position":2,"name":"Des sacs extra-larges pour le marketing B2B"}]},{"@type":"WebSite","@id":"https:\/\/gojuteinternational.com\/fr\/#website","url":"https:\/\/gojuteinternational.com\/fr\/","name":"GoJute International","description":"Printed bags for business","publisher":{"@id":"https:\/\/gojuteinternational.com\/fr\/#organization"},"alternateName":"GoJute","potentialAction":[{"@type":"SearchAction","target":{"@type":"EntryPoint","urlTemplate":"https:\/\/gojuteinternational.com\/fr\/?s={search_term_string}"},"query-input":"required name=search_term_string"}],"inLanguage":"fr-FR"},{"@type":"Organization","@id":"https:\/\/gojuteinternational.com\/fr\/#organization","name":"GoJute International","alternateName":"GoJute","url":"https:\/\/gojuteinternational.com\/fr\/","logo":{"@type":"ImageObject","inLanguage":"fr-FR","@id":"https:\/\/gojuteinternational.com\/fr\/#\/schema\/logo\/image\/","url":"https:\/\/gojuteinternational.com\/wp-content\/uploads\/2022\/06\/GoJute-Logo-RGB.png","contentUrl":"https:\/\/gojuteinternational.com\/wp-content\/uploads\/2022\/06\/GoJute-Logo-RGB.png","width":2000,"height":1809,"caption":"GoJute International"},"image":{"@id":"https:\/\/gojuteinternational.com\/fr\/#\/schema\/logo\/image\/"},"sameAs":["https:\/\/www.facebook.com\/gojute","https:\/\/www.instagram.com\/gojute\/"]}]}},"_links":{"self":[{"href":"https:\/\/gojuteinternational.com\/fr\/wp-json\/wp\/v2\/pages\/91850","targetHints":{"allow":["GET"]}}],"collection":[{"href":"https:\/\/gojuteinternational.com\/fr\/wp-json\/wp\/v2\/pages"}],"about":[{"href":"https:\/\/gojuteinternational.com\/fr\/wp-json\/wp\/v2\/types\/page"}],"author":[{"embeddable":true,"href":"https:\/\/gojuteinternational.com\/fr\/wp-json\/wp\/v2\/users\/6996"}],"replies":[{"embeddable":true,"href":"https:\/\/gojuteinternational.com\/fr\/wp-json\/wp\/v2\/comments?post=91850"}],"version-history":[{"count":1,"href":"https:\/\/gojuteinternational.com\/fr\/wp-json\/wp\/v2\/pages\/91850\/revisions"}],"predecessor-version":[{"id":91852,"href":"https:\/\/gojuteinternational.com\/fr\/wp-json\/wp\/v2\/pages\/91850\/revisions\/91852"}],"up":[{"embeddable":true,"href":"https:\/\/gojuteinternational.com\/fr\/wp-json\/wp\/v2\/pages\/91800"}],"wp:attachment":[{"href":"https:\/\/gojuteinternational.com\/fr\/wp-json\/wp\/v2\/media?parent=91850"}],"curies":[{"name":"wp","href":"https:\/\/api.w.org\/{rel}","templated":true}]}}