{"id":91856,"date":"2025-11-13T12:19:12","date_gmt":"2025-11-13T11:19:12","guid":{"rendered":"https:\/\/gojuteinternational.com\/custom-size-bags-for-corporate-branding\/"},"modified":"2025-11-18T07:14:20","modified_gmt":"2025-11-18T06:14:20","slug":"custom-size-bags","status":"publish","type":"page","link":"https:\/\/gojuteinternational.com\/fr\/branded-bags-by-size\/custom-size-bags\/","title":{"rendered":"Sacs sur mesure pour la marque de l&rsquo;entreprise"},"content":{"rendered":"\t\t<div data-elementor-type=\"wp-page\" data-elementor-id=\"91856\" class=\"elementor elementor-91856 elementor-91847\" data-elementor-post-type=\"page\">\n\t\t\t\t\t\t\t\t\t<section class=\"elementor-section elementor-top-section elementor-element elementor-element-b0dd237 elementor-section-boxed elementor-section-height-default elementor-section-height-default\" data-id=\"b0dd237\" data-element_type=\"section\">\n\t\t\t\t\t\t<div class=\"elementor-container elementor-column-gap-default\">\n\t\t\t\t\t<div class=\"elementor-column elementor-col-100 elementor-top-column elementor-element elementor-element-7b4dc52\" data-id=\"7b4dc52\" data-element_type=\"column\">\n\t\t\t<div class=\"elementor-widget-wrap elementor-element-populated\">\n\t\t\t\t\t\t\t\t<div class=\"elementor-element elementor-element-2088e1e elementor-widget elementor-widget-spacer\" data-id=\"2088e1e\" data-element_type=\"widget\" data-widget_type=\"spacer.default\">\n\t\t\t\t<div class=\"elementor-widget-container\">\n\t\t\t<style>\/*! elementor - v3.18.0 - 20-12-2023 *\/\n.elementor-column .elementor-spacer-inner{height:var(--spacer-size)}.e-con{--container-widget-width:100%}.e-con-inner>.elementor-widget-spacer,.e-con>.elementor-widget-spacer{width:var(--container-widget-width,var(--spacer-size));--align-self:var(--container-widget-align-self,initial);--flex-shrink:0}.e-con-inner>.elementor-widget-spacer>.elementor-widget-container,.e-con>.elementor-widget-spacer>.elementor-widget-container{height:100%;width:100%}.e-con-inner>.elementor-widget-spacer>.elementor-widget-container>.elementor-spacer,.e-con>.elementor-widget-spacer>.elementor-widget-container>.elementor-spacer{height:100%}.e-con-inner>.elementor-widget-spacer>.elementor-widget-container>.elementor-spacer>.elementor-spacer-inner,.e-con>.elementor-widget-spacer>.elementor-widget-container>.elementor-spacer>.elementor-spacer-inner{height:var(--container-widget-height,var(--spacer-size))}.e-con-inner>.elementor-widget-spacer.elementor-widget-empty,.e-con>.elementor-widget-spacer.elementor-widget-empty{position:relative;min-height:22px;min-width:22px}.e-con-inner>.elementor-widget-spacer.elementor-widget-empty .elementor-widget-empty-icon,.e-con>.elementor-widget-spacer.elementor-widget-empty .elementor-widget-empty-icon{position:absolute;top:0;bottom:0;left:0;right:0;margin:auto;padding:0;width:22px;height:22px}<\/style>\t\t<div class=\"elementor-spacer\">\n\t\t\t<div class=\"elementor-spacer-inner\"><\/div>\n\t\t<\/div>\n\t\t\t\t<\/div>\n\t\t\t\t<\/div>\n\t\t\t\t<div class=\"elementor-element elementor-element-38f8f0a elementor-widget elementor-widget-heading\" data-id=\"38f8f0a\" data-element_type=\"widget\" data-widget_type=\"heading.default\">\n\t\t\t\t<div class=\"elementor-widget-container\">\n\t\t\t<style>\/*! elementor - v3.18.0 - 20-12-2023 *\/\n.elementor-heading-title{padding:0;margin:0;line-height:1}.elementor-widget-heading .elementor-heading-title[class*=elementor-size-]>a{color:inherit;font-size:inherit;line-height:inherit}.elementor-widget-heading .elementor-heading-title.elementor-size-small{font-size:15px}.elementor-widget-heading .elementor-heading-title.elementor-size-medium{font-size:19px}.elementor-widget-heading .elementor-heading-title.elementor-size-large{font-size:29px}.elementor-widget-heading .elementor-heading-title.elementor-size-xl{font-size:39px}.elementor-widget-heading .elementor-heading-title.elementor-size-xxl{font-size:59px}<\/style><h1 class=\"elementor-heading-title elementor-size-default\">Sacs sur mesure pour la marque de l'entreprise\n<\/h1>\t\t<\/div>\n\t\t\t\t<\/div>\n\t\t\t\t<div class=\"elementor-element elementor-element-e6eb8e7 elementor-widget elementor-widget-text-editor\" data-id=\"e6eb8e7\" data-element_type=\"widget\" data-widget_type=\"text-editor.default\">\n\t\t\t\t<div class=\"elementor-widget-container\">\n\t\t\t<style>\/*! elementor - v3.18.0 - 20-12-2023 *\/\n.elementor-widget-text-editor.elementor-drop-cap-view-stacked .elementor-drop-cap{background-color:#69727d;color:#fff}.elementor-widget-text-editor.elementor-drop-cap-view-framed .elementor-drop-cap{color:#69727d;border:3px solid;background-color:transparent}.elementor-widget-text-editor:not(.elementor-drop-cap-view-default) .elementor-drop-cap{margin-top:8px}.elementor-widget-text-editor:not(.elementor-drop-cap-view-default) .elementor-drop-cap-letter{width:1em;height:1em}.elementor-widget-text-editor .elementor-drop-cap{float:left;text-align:center;line-height:1;font-size:50px}.elementor-widget-text-editor .elementor-drop-cap-letter{display:inline-block}<\/style>\t\t\t\t<p><span style=\"font-weight: 400;\">Chaque marque a des besoins uniques, et les sacs sur mesure de GoJute sont con\u00e7us pour les satisfaire. Que vous ayez besoin de pochettes compactes pour l&#8217;emballage de d\u00e9tail ou de sacs surdimensionn\u00e9s pour les \u00e9v\u00e9nements d&rsquo;entreprise, nos sacs de jute et de coton personnalis\u00e9s peuvent \u00eatre adapt\u00e9s en termes de forme, de taille et de finition pour s&rsquo;aligner parfaitement sur l&rsquo;identit\u00e9 de votre marque. Pour les clients B2B, cette flexibilit\u00e9 permet \u00e0 vos produits promotionnels de se d\u00e9marquer tout en servant un objectif pratique et durable.  <\/span><\/p>\n<h2>Pourquoi les sacs sur mesure sont-ils un choix judicieux pour l&rsquo;image de marque B2B ?<\/h2>\n<p><span style=\"font-weight: 400;\">Dans le paysage concurrentiel du B2B, les solutions \u00e0 taille unique ont rarement un impact. Les sacs sur mesure permettent aux entreprises de cr\u00e9er des solutions promotionnelles et d&#8217;emballage qui correspondent \u00e0 des objectifs marketing sp\u00e9cifiques, aux dimensions du produit et aux exigences de l&rsquo;\u00e9v\u00e9nement. En combinant des dimensions sur mesure avec des mat\u00e9riaux durables et une image de marque audacieuse, GoJute aide votre entreprise \u00e0 se pr\u00e9senter avec pr\u00e9cision et professionnalisme.  <\/span><span style=\"font-weight: 400;\"><br \/><\/span><\/p>\n<h2>Applications B2B pour les sacs sur mesure<\/h2>\n<h3>Sur mesure pour les \u00e9v\u00e9nements d&rsquo;entreprise et les conf\u00e9rences<\/h3>\n<p><span style=\"font-weight: 400;\">Faites ressortir votre marque avec des sacs de taille personnalis\u00e9e con\u00e7us sp\u00e9cialement pour les documents de conf\u00e9rence, les brochures ou les cadeaux d&rsquo;\u00e9v\u00e9nement. Qu&rsquo;ils soient petits et \u00e9l\u00e9gants ou grands et spacieux, ces sacs cr\u00e9ent une impression durable tout en offrant une fonctionnalit\u00e9 aux participants. <\/span><\/p>\n<h3>Emballage pour la vente au d\u00e9tail et le commerce \u00e9lectronique<\/h3>\n<p><span style=\"font-weight: 400;\">Les sacs de jute et de coton sur mesure peuvent remplacer les emballages conventionnels par une alternative \u00e9l\u00e9gante et respectueuse de l&rsquo;environnement. Parfaitement adapt\u00e9s \u00e0 vos produits, ils am\u00e9liorent la pr\u00e9sentation, r\u00e9duisent les d\u00e9chets et prolongent la visibilit\u00e9 de votre marque au-del\u00e0 de la vente initiale. <\/span><span style=\"font-weight: 400;\"><br \/><\/span><span style=\"font-weight: 400;\"><br \/><\/span><\/p>\n<h3>Cadeaux pour les employ\u00e9s et les clients<\/h3>\n<p><span style=\"font-weight: 400;\">Les sacs personnalis\u00e9s constituent des supports id\u00e9aux pour les cadeaux d&rsquo;entreprise, les packs de bienvenue ou les paniers de produits. Chaque sac peut \u00eatre personnalis\u00e9 avec votre logo et vos couleurs pour renforcer la reconnaissance de la marque tout en offrant praticit\u00e9 et durabilit\u00e9. <\/span><\/p>\n<h3>Commandes en gros pour les campagnes promotionnelles<\/h3>\n<p><span style=\"font-weight: 400;\">Vous avez besoin de milliers de sacs pour le lancement d&rsquo;un produit, une foire commerciale ou une campagne nationale ? Le service de fabrication sur mesure de GoJute vous permet de commander en gros avec des sp\u00e9cifications pr\u00e9cises, garantissant ainsi la coh\u00e9rence de la marque sur tous les sacs. <\/span><\/p>\n<p>  Durabilit\u00e9 et flexibilit\u00e9 combin\u00e9es<b><br \/><\/b><span style=\"font-weight: 400;\">Les sacs sur mesure de GoJute sont fabriqu\u00e9s \u00e0 partir de jute et de coton provenant de sources \u00e9thiques, ce qui garantit que chaque pi\u00e8ce est aussi durable que fonctionnelle. En offrant des alternatives r\u00e9utilisables aux emballages en plastique, ces sacs aident les entreprises \u00e0 r\u00e9duire leur empreinte \u00e9cologique tout en renfor\u00e7ant la r\u00e9putation de leur marque. Gr\u00e2ce \u00e0 leur adaptabilit\u00e9, vous pouvez choisir toutes les dimensions, le type de poign\u00e9e, la couleur et la m\u00e9thode d&rsquo;impression.  <\/span><\/p>\n<h2>Pr\u00eat \u00e0 am\u00e9liorer votre marketing B2B avec des sacs sur mesure ?<\/h2>\n<p><span style=\"font-weight: 400;\">Si votre entreprise a besoin de sacs parfaitement adapt\u00e9s \u00e0 vos produits, \u00e0 vos campagnes et \u00e0 votre vision, les sacs en jute et en coton sur mesure de GoJute sont la solution. Con\u00e7us pour \u00eatre flexibles, durables et avoir un impact maximal sur la marque, ils permettent \u00e0 votre entreprise de se d\u00e9marquer dans tous les contextes, qu&rsquo;il s&rsquo;agisse de salons professionnels ou de cadeaux d&rsquo;entreprise. <\/span><\/p>\n<p><span style=\"font-weight: 400;\">Donnons vie \u00e0 votre id\u00e9e. Contactez notre \u00e9quipe d\u00e8s aujourd&rsquo;hui pour cr\u00e9er le sac parfait, adapt\u00e9 \u00e0 votre marque. <\/span><\/p>\n<p><span style=\"font-weight: 400;\"> <\/span><a href=\"https:\/\/gojuteinternational.com\/fr\/nous-contacter\/\"><b>Nous contacter<\/b><\/a><\/p>\n\t\t\t\t\t\t<\/div>\n\t\t\t\t<\/div>\n\t\t\t\t\t<\/div>\n\t\t<\/div>\n\t\t\t\t\t\t\t<\/div>\n\t\t<\/section>\n\t\t\t\t\t\t\t<\/div>\n\t\t","protected":false},"excerpt":{"rendered":"<p>Sacs sur mesure pour la marque de l&rsquo;entreprise Chaque marque a des besoins uniques, et les sacs sur mesure de GoJute sont con\u00e7us pour les satisfaire. Que vous ayez besoin de pochettes compactes pour l&#8217;emballage de d\u00e9tail ou de sacs surdimensionn\u00e9s pour les \u00e9v\u00e9nements d&rsquo;entreprise, nos sacs de jute et de coton personnalis\u00e9s peuvent \u00eatre [&hellip;]<\/p>\n","protected":false},"author":6996,"featured_media":0,"parent":91800,"menu_order":0,"comment_status":"closed","ping_status":"closed","template":"elementor_header_footer","meta":{"content-type":"","_monsterinsights_skip_tracking":false,"_monsterinsights_sitenote_active":false,"_monsterinsights_sitenote_note":"","_monsterinsights_sitenote_category":0,"footnotes":""},"class_list":["post-91856","page","type-page","status-publish","hentry"],"yoast_head":"<!-- This site is optimized with the Yoast SEO plugin v21.7 - https:\/\/yoast.com\/wordpress\/plugins\/seo\/ -->\n<title>Sacs sur mesure pour la marque de l&#039;entreprise | Solutions sur mesure en jute et coton<\/title>\n<meta name=\"description\" content=\"D\u00e9couvrez les sacs de jute et de coton personnalis\u00e9s de GoJute pour le marquage B2B. Parfaits pour les commandes en gros, les designs flexibles et l&#039;impression de logo pour r\u00e9pondre aux besoins de votre entreprise.\" \/>\n<meta name=\"robots\" content=\"index, follow, max-snippet:-1, max-image-preview:large, max-video-preview:-1\" \/>\n<link rel=\"canonical\" href=\"https:\/\/gojuteinternational.com\/fr\/branded-bags-by-size\/custom-size-bags\/\" \/>\n<meta property=\"og:locale\" content=\"fr_FR\" \/>\n<meta property=\"og:type\" content=\"article\" \/>\n<meta property=\"og:title\" content=\"Sacs sur mesure pour la marque de l&#039;entreprise | Solutions sur mesure en jute et coton\" \/>\n<meta property=\"og:description\" content=\"D\u00e9couvrez les sacs de jute et de coton personnalis\u00e9s de GoJute pour le marquage B2B. Parfaits pour les commandes en gros, les designs flexibles et l&#039;impression de logo pour r\u00e9pondre aux besoins de votre entreprise.\" \/>\n<meta property=\"og:url\" content=\"https:\/\/gojuteinternational.com\/fr\/branded-bags-by-size\/custom-size-bags\/\" \/>\n<meta property=\"og:site_name\" content=\"GoJute International\" \/>\n<meta property=\"article:publisher\" content=\"https:\/\/www.facebook.com\/gojute\" \/>\n<meta property=\"article:modified_time\" content=\"2025-11-18T06:14:20+00:00\" \/>\n<meta name=\"twitter:card\" content=\"summary_large_image\" \/>\n<meta name=\"twitter:label1\" content=\"Dur\u00e9e de lecture estim\u00e9e\" \/>\n\t<meta name=\"twitter:data1\" content=\"3 minutes\" \/>\n<script type=\"application\/ld+json\" class=\"yoast-schema-graph\">{\"@context\":\"https:\/\/schema.org\",\"@graph\":[{\"@type\":\"WebPage\",\"@id\":\"https:\/\/gojuteinternational.com\/fr\/branded-bags-by-size\/custom-size-bags\/\",\"url\":\"https:\/\/gojuteinternational.com\/fr\/branded-bags-by-size\/custom-size-bags\/\",\"name\":\"Sacs sur mesure pour la marque de l'entreprise | Solutions sur mesure en jute et coton\",\"isPartOf\":{\"@id\":\"https:\/\/gojuteinternational.com\/fr\/#website\"},\"datePublished\":\"2025-11-13T11:19:12+00:00\",\"dateModified\":\"2025-11-18T06:14:20+00:00\",\"description\":\"D\u00e9couvrez les sacs de jute et de coton personnalis\u00e9s de GoJute pour le marquage B2B. Parfaits pour les commandes en gros, les designs flexibles et l'impression de logo pour r\u00e9pondre aux besoins de votre entreprise.\",\"breadcrumb\":{\"@id\":\"https:\/\/gojuteinternational.com\/fr\/branded-bags-by-size\/custom-size-bags\/#breadcrumb\"},\"inLanguage\":\"fr-FR\",\"potentialAction\":[{\"@type\":\"ReadAction\",\"target\":[\"https:\/\/gojuteinternational.com\/fr\/branded-bags-by-size\/custom-size-bags\/\"]}]},{\"@type\":\"BreadcrumbList\",\"@id\":\"https:\/\/gojuteinternational.com\/fr\/branded-bags-by-size\/custom-size-bags\/#breadcrumb\",\"itemListElement\":[{\"@type\":\"ListItem\",\"position\":1,\"name\":\"Home\",\"item\":\"https:\/\/gojuteinternational.com\/fr\/\"},{\"@type\":\"ListItem\",\"position\":2,\"name\":\"Sacs sur mesure pour la marque de l&#8217;entreprise\"}]},{\"@type\":\"WebSite\",\"@id\":\"https:\/\/gojuteinternational.com\/fr\/#website\",\"url\":\"https:\/\/gojuteinternational.com\/fr\/\",\"name\":\"GoJute International\",\"description\":\"Printed bags for business\",\"publisher\":{\"@id\":\"https:\/\/gojuteinternational.com\/fr\/#organization\"},\"alternateName\":\"GoJute\",\"potentialAction\":[{\"@type\":\"SearchAction\",\"target\":{\"@type\":\"EntryPoint\",\"urlTemplate\":\"https:\/\/gojuteinternational.com\/fr\/?s={search_term_string}\"},\"query-input\":\"required name=search_term_string\"}],\"inLanguage\":\"fr-FR\"},{\"@type\":\"Organization\",\"@id\":\"https:\/\/gojuteinternational.com\/fr\/#organization\",\"name\":\"GoJute International\",\"alternateName\":\"GoJute\",\"url\":\"https:\/\/gojuteinternational.com\/fr\/\",\"logo\":{\"@type\":\"ImageObject\",\"inLanguage\":\"fr-FR\",\"@id\":\"https:\/\/gojuteinternational.com\/fr\/#\/schema\/logo\/image\/\",\"url\":\"https:\/\/gojuteinternational.com\/wp-content\/uploads\/2022\/06\/GoJute-Logo-RGB.png\",\"contentUrl\":\"https:\/\/gojuteinternational.com\/wp-content\/uploads\/2022\/06\/GoJute-Logo-RGB.png\",\"width\":2000,\"height\":1809,\"caption\":\"GoJute International\"},\"image\":{\"@id\":\"https:\/\/gojuteinternational.com\/fr\/#\/schema\/logo\/image\/\"},\"sameAs\":[\"https:\/\/www.facebook.com\/gojute\",\"https:\/\/www.instagram.com\/gojute\/\"]}]}<\/script>\n<!-- \/ Yoast SEO plugin. -->","yoast_head_json":{"title":"Sacs sur mesure pour la marque de l'entreprise | Solutions sur mesure en jute et coton","description":"D\u00e9couvrez les sacs de jute et de coton personnalis\u00e9s de GoJute pour le marquage B2B. Parfaits pour les commandes en gros, les designs flexibles et l'impression de logo pour r\u00e9pondre aux besoins de votre entreprise.","robots":{"index":"index","follow":"follow","max-snippet":"max-snippet:-1","max-image-preview":"max-image-preview:large","max-video-preview":"max-video-preview:-1"},"canonical":"https:\/\/gojuteinternational.com\/fr\/branded-bags-by-size\/custom-size-bags\/","og_locale":"fr_FR","og_type":"article","og_title":"Sacs sur mesure pour la marque de l'entreprise | Solutions sur mesure en jute et coton","og_description":"D\u00e9couvrez les sacs de jute et de coton personnalis\u00e9s de GoJute pour le marquage B2B. Parfaits pour les commandes en gros, les designs flexibles et l'impression de logo pour r\u00e9pondre aux besoins de votre entreprise.","og_url":"https:\/\/gojuteinternational.com\/fr\/branded-bags-by-size\/custom-size-bags\/","og_site_name":"GoJute International","article_publisher":"https:\/\/www.facebook.com\/gojute","article_modified_time":"2025-11-18T06:14:20+00:00","twitter_card":"summary_large_image","twitter_misc":{"Dur\u00e9e de lecture estim\u00e9e":"3 minutes"},"schema":{"@context":"https:\/\/schema.org","@graph":[{"@type":"WebPage","@id":"https:\/\/gojuteinternational.com\/fr\/branded-bags-by-size\/custom-size-bags\/","url":"https:\/\/gojuteinternational.com\/fr\/branded-bags-by-size\/custom-size-bags\/","name":"Sacs sur mesure pour la marque de l'entreprise | Solutions sur mesure en jute et coton","isPartOf":{"@id":"https:\/\/gojuteinternational.com\/fr\/#website"},"datePublished":"2025-11-13T11:19:12+00:00","dateModified":"2025-11-18T06:14:20+00:00","description":"D\u00e9couvrez les sacs de jute et de coton personnalis\u00e9s de GoJute pour le marquage B2B. Parfaits pour les commandes en gros, les designs flexibles et l'impression de logo pour r\u00e9pondre aux besoins de votre entreprise.","breadcrumb":{"@id":"https:\/\/gojuteinternational.com\/fr\/branded-bags-by-size\/custom-size-bags\/#breadcrumb"},"inLanguage":"fr-FR","potentialAction":[{"@type":"ReadAction","target":["https:\/\/gojuteinternational.com\/fr\/branded-bags-by-size\/custom-size-bags\/"]}]},{"@type":"BreadcrumbList","@id":"https:\/\/gojuteinternational.com\/fr\/branded-bags-by-size\/custom-size-bags\/#breadcrumb","itemListElement":[{"@type":"ListItem","position":1,"name":"Home","item":"https:\/\/gojuteinternational.com\/fr\/"},{"@type":"ListItem","position":2,"name":"Sacs sur mesure pour la marque de l&#8217;entreprise"}]},{"@type":"WebSite","@id":"https:\/\/gojuteinternational.com\/fr\/#website","url":"https:\/\/gojuteinternational.com\/fr\/","name":"GoJute International","description":"Printed bags for business","publisher":{"@id":"https:\/\/gojuteinternational.com\/fr\/#organization"},"alternateName":"GoJute","potentialAction":[{"@type":"SearchAction","target":{"@type":"EntryPoint","urlTemplate":"https:\/\/gojuteinternational.com\/fr\/?s={search_term_string}"},"query-input":"required name=search_term_string"}],"inLanguage":"fr-FR"},{"@type":"Organization","@id":"https:\/\/gojuteinternational.com\/fr\/#organization","name":"GoJute International","alternateName":"GoJute","url":"https:\/\/gojuteinternational.com\/fr\/","logo":{"@type":"ImageObject","inLanguage":"fr-FR","@id":"https:\/\/gojuteinternational.com\/fr\/#\/schema\/logo\/image\/","url":"https:\/\/gojuteinternational.com\/wp-content\/uploads\/2022\/06\/GoJute-Logo-RGB.png","contentUrl":"https:\/\/gojuteinternational.com\/wp-content\/uploads\/2022\/06\/GoJute-Logo-RGB.png","width":2000,"height":1809,"caption":"GoJute International"},"image":{"@id":"https:\/\/gojuteinternational.com\/fr\/#\/schema\/logo\/image\/"},"sameAs":["https:\/\/www.facebook.com\/gojute","https:\/\/www.instagram.com\/gojute\/"]}]}},"_links":{"self":[{"href":"https:\/\/gojuteinternational.com\/fr\/wp-json\/wp\/v2\/pages\/91856","targetHints":{"allow":["GET"]}}],"collection":[{"href":"https:\/\/gojuteinternational.com\/fr\/wp-json\/wp\/v2\/pages"}],"about":[{"href":"https:\/\/gojuteinternational.com\/fr\/wp-json\/wp\/v2\/types\/page"}],"author":[{"embeddable":true,"href":"https:\/\/gojuteinternational.com\/fr\/wp-json\/wp\/v2\/users\/6996"}],"replies":[{"embeddable":true,"href":"https:\/\/gojuteinternational.com\/fr\/wp-json\/wp\/v2\/comments?post=91856"}],"version-history":[{"count":2,"href":"https:\/\/gojuteinternational.com\/fr\/wp-json\/wp\/v2\/pages\/91856\/revisions"}],"predecessor-version":[{"id":91865,"href":"https:\/\/gojuteinternational.com\/fr\/wp-json\/wp\/v2\/pages\/91856\/revisions\/91865"}],"up":[{"embeddable":true,"href":"https:\/\/gojuteinternational.com\/fr\/wp-json\/wp\/v2\/pages\/91800"}],"wp:attachment":[{"href":"https:\/\/gojuteinternational.com\/fr\/wp-json\/wp\/v2\/media?parent=91856"}],"curies":[{"name":"wp","href":"https:\/\/api.w.org\/{rel}","templated":true}]}}